{"id":5418,"date":"2025-05-05T12:38:12","date_gmt":"2025-05-05T09:38:12","guid":{"rendered":"https:\/\/qubtiva.com\/?post_type=product&#038;p=5418"},"modified":"2026-02-19T14:29:29","modified_gmt":"2026-02-19T11:29:29","slug":"%d9%85%d8%b3%d8%aa%d8%ae%d9%84%d8%b5-%d8%a7%d9%84%d9%85%d9%83%d8%a7-%d9%88%d8%a8%d9%8a%d8%a8%d9%8a%d8%b1%d9%8a%d9%86","status":"publish","type":"product","link":"https:\/\/qubtiva.com\/ar\/product\/%d9%85%d8%b3%d8%aa%d8%ae%d9%84%d8%b5-%d8%a7%d9%84%d9%85%d9%83%d8%a7-%d9%88%d8%a8%d9%8a%d8%a8%d9%8a%d8%b1%d9%8a%d9%86\/","title":{"rendered":"\u0645\u0633\u062a\u062e\u0644\u0635 \u0627\u0644\u0645\u0627\u0643\u0627 \u0648\u0628\u064a\u0628\u064a\u0631\u064a\u0646"},"content":{"rendered":"<div data-elementor-type=\"wp-post\" data-elementor-id=\"5418\" class=\"elementor elementor-5418\">\n\t\t\t\t\t\t<section class=\"elementor-section elementor-top-section elementor-element elementor-element-4f9f50a4 elementor-section-boxed elementor-section-height-default elementor-section-height-default\" data-id=\"4f9f50a4\" data-element_type=\"section\">\n\t\t\t\t\t\t<div class=\"elementor-container elementor-column-gap-default\">\n\t\t\t\t\t<div class=\"elementor-column elementor-col-100 elementor-top-column elementor-element elementor-element-21537c9e\" data-id=\"21537c9e\" data-element_type=\"column\">\n\t\t\t<div class=\"elementor-widget-wrap elementor-element-populated\">\n\t\t\t\t\t\t<div class=\"elementor-element elementor-element-38e5aabf elementor-widget elementor-widget-text-editor\" data-id=\"38e5aabf\" data-element_type=\"widget\" data-widget_type=\"text-editor.default\">\n\t\t\t\t<div class=\"elementor-widget-container\">\n\t\t\t\t\t\t\t\t\t<p>\u062a\u062c\u0645\u0639 \u0647\u0630\u0647 \u0627\u0644\u062a\u0631\u0643\u064a\u0628\u0629 \u0627\u0644\u062e\u0627\u0635\u0629 \u0628\u064a\u0646 \u062c\u0630\u0631 \u0627\u0644\u0645\u0627\u0643\u0627\u060c \u0627\u0644\u0645\u0639\u0631\u0648\u0641 \u0645\u0646\u0630 \u0645\u0626\u0627\u062a \u0627\u0644\u0633\u0646\u064a\u0646 \u0645\u0646 \u0627\u0644\u0627\u0633\u062a\u062e\u062f\u0627\u0645 \u0627\u0644\u062a\u0642\u0644\u064a\u062f\u064a\u060c \u0645\u0639 \u0627\u0644\u0628\u064a\u0628\u064a\u0631\u064a\u0646\u060c \u0627\u0644\u0645\u0643\u0648\u0646 \u0627\u0644\u0641\u0639\u0627\u0644 \u0644\u0644\u0641\u0644\u0641\u0644 \u0627\u0644\u0623\u0633\u0648\u062f\u060c \u0644\u0644\u062d\u0635\u0648\u0644 \u0639\u0644\u0649 \u0645\u0643\u0648\u0646 \u0628\u0633\u064a\u0637 \u0648\u063a\u064a\u0631 \u0645\u063a\u0634\u0648\u0634 \u0645\u0633\u062a\u0648\u062d\u0649 \u0645\u0646 \u0627\u0644\u0637\u0628\u064a\u0639\u0629. \u062a\u0646\u0645\u0648 \u0627\u0644\u0645\u0627\u0643\u0627 \u0627\u0644\u063a\u0646\u064a\u0629 \u0628\u0627\u0644\u0628\u0648\u0644\u064a\u0641\u064a\u0646\u0648\u0644 \u0648\u0627\u0644\u0623\u0646\u062b\u0648\u0633\u064a\u0627\u0646\u064a\u0646 \u0648\u0627\u0644\u0645\u0631\u0643\u0628\u0627\u062a \u0627\u0644\u0641\u064a\u0646\u0648\u0644\u064a\u0629 \u0648\u0627\u0644\u0642\u0644\u0648\u064a\u0627\u062a\u060c \u0639\u0644\u0649 \u0627\u0631\u062a\u0641\u0627\u0639\u0627\u062a \u0639\u0627\u0644\u064a\u0629 \u0641\u064a \u0623\u0645\u0631\u064a\u0643\u0627 \u0627\u0644\u062c\u0646\u0648\u0628\u064a\u0629. \u0627\u0644\u0628\u064a\u0628\u064a\u0631\u064a\u0646 \u0647\u0648 \u0627\u0644\u0639\u0646\u0635\u0631 \u0627\u0644\u0646\u0634\u0637 \u0627\u0644\u0645\u0648\u062c\u0648\u062f \u0628\u0634\u0643\u0644 \u0637\u0628\u064a\u0639\u064a \u0641\u064a \u0627\u0644\u0641\u0644\u0641\u0644 \u0627\u0644\u0623\u0633\u0648\u062f \u0648\u064a\u0645\u0646\u062d \u0627\u0644\u0646\u0628\u0627\u062a \u0646\u0643\u0647\u062a\u0647 \u0627\u0644\u0644\u0627\u0630\u0639\u0629 \u0627\u0644\u0645\u0645\u064a\u0632\u0629. \u062a\u0645 \u062a\u0631\u0643\u064a\u0628 \u0647\u0630\u0627 \u0627\u0644\u0645\u0646\u062a\u062c \u0645\u0646 \u062e\u0644\u0627\u0644 \u0627\u0644\u062c\u0645\u0639 \u0628\u064a\u0646 \u0643\u0644\u0627 \u0627\u0644\u0645\u0643\u0648\u0646\u064a\u0646 \u0628\u0646\u0633\u0628 \u0645\u062a\u0648\u0627\u0632\u0646\u0629.<\/p><ul><li>G\u00fcnl\u00fck ya\u015famda enerji ihtiyac\u0131n\u0131n artt\u0131\u011f\u0131 ve performans\u0131n desteklenmek istendi\u011fi<br \/>d\u00f6nemlerde kullan\u0131lmak \u00fczere form\u00fcle edilmi\u015ftir.<\/li><li>G\u00fcnl\u00fck ya\u015famda enerji ihtiyac\u0131n\u0131n ve fiziksel dayan\u0131kl\u0131l\u0131\u011f\u0131n desteklenmesine katk\u0131<br \/>sa\u011flamak amac\u0131yla beslenmeye ek olarak tercih edilebilir.<\/li><\/ul><p><strong>\u062c\u062f\u0648\u0644 \u0627\u0644\u0645\u063a\u0630\u064a\u0627\u062a:<\/strong><\/p><table><tbody><tr><td width=\"170\"><strong>\u0627\u0644\u0645\u0643\u0648\u0646 \u0627\u0644\u0646\u0634\u0637<\/strong><\/td><td width=\"94\"><strong>1 \u0642\u0631\u0635<\/strong><\/td><\/tr><tr><td width=\"170\"><strong>\u0645\u0633\u062a\u062e\u0644\u0635 \u062c\u0630\u0631 \u0627\u0644\u0644\u0628\u064a\u062f\u064a\u0648\u0645<\/strong><\/td><td width=\"94\"><strong>500 \u0645\u062c\u0645<\/strong><\/td><\/tr><tr><td width=\"170\"><strong>\u0628\u0627\u064a\u0628\u064a\u0631\u064a\u0646<\/strong><\/td><td width=\"94\"><strong>1 \u0645\u062c\u0645<\/strong><\/td><\/tr><\/tbody><\/table><p><strong>\u0627\u0644\u0645\u062d\u062a\u0648\u064a\u0627\u062a:<\/strong><\/p><ul><li>\u0645\u0633\u062a\u062e\u0644\u0635 \u062c\u0630\u0631 \u0627\u0644\u0644\u0628\u064a\u062f\u064a\u0648\u0645 (\u0645\u0627\u0643\u0627)\u060c \u0643\u0628\u0633\u0648\u0644\u0629 \u0646\u0628\u0627\u062a\u064a\u0629\u060c (\u0647\u064a\u062f\u0631\u0648\u0643\u0633\u064a \u0628\u0631\u0648\u0628\u064a\u0644 \u0627\u0644\u0633\u0644\u064a\u0644\u0648\u0632)\u060c \u0627\u0644\u0633\u0644\u064a\u0644\u0648\u0632 \u0627\u0644\u062c\u0631\u064a\u0632\u0648\u0641\u0648\u0644\u0641\u064a\u0646\u060c \u0623\u0645\u0644\u0627\u062d \u0627\u0644\u0645\u063a\u0646\u064a\u0633\u064a\u0648\u0645 \u0645\u0646 \u0627\u0644\u0623\u062d\u0645\u0627\u0636 \u0627\u0644\u062f\u0647\u0646\u064a\u0629\u060c \u062b\u0627\u0646\u064a \u0623\u0643\u0633\u064a\u062f \u0627\u0644\u0633\u064a\u0644\u064a\u0643\u0648\u0646\u060c \u0628\u064a\u0628\u064a\u0631\u064a\u0646<\/li><\/ul><p><strong>\u062a\u0639\u0644\u064a\u0645\u0627\u062a \u0627\u0644\u0627\u0633\u062a\u062e\u062f\u0627\u0645:<\/strong><\/p><ul><li>\u064a\u0648\u0635\u0649 \u0628\u062a\u0646\u0627\u0648\u0644 \u0643\u0628\u0633\u0648\u0644\u0629 \u0648\u0627\u062d\u062f\u0629 \u064a\u0648\u0645\u064a\u0627\u064b.<\/li><li>\u0645\u0646\u0627\u0633\u0628 \u0644\u0644\u0627\u0633\u062a\u062e\u062f\u0627\u0645 \u0645\u0646 \u0642\u0628\u0644 \u0627\u0644\u0628\u0627\u0644\u063a\u064a\u0646 \u0645\u0646 \u0639\u0645\u0631 11 \u0639\u0627\u0645\u0627\u064b \u0641\u0623\u0643\u062b\u0631.<\/li><li>\u0645\u0646\u0627\u0633\u0628 \u0644\u0644\u0646\u0628\u0627\u062a\u064a\u064a\u0646\/\u0627\u0644\u0646\u0628\u0627\u062a\u064a\u064a\u0646.<\/li><li><p>\u0627\u0633\u062a\u0634\u064a\u0631\u064a \u0637\u0628\u064a\u0628\u0643 \u0623\u062b\u0646\u0627\u0621 \u0627\u0644\u062d\u0645\u0644 \u0648\u0627\u0644\u0631\u0636\u0627\u0639\u0629 \u0627\u0644\u0637\u0628\u064a\u0639\u064a\u0629 \u0648\u0641\u064a \u062d\u0627\u0644\u0629 \u0627\u0644\u0645\u0631\u0636 \u0623\u0648 \u062a\u0646\u0627\u0648\u0644 \u0627\u0644\u0623\u062f\u0648\u064a\u0629.<\/p><\/li><\/ul><p><strong>\u0638\u0631\u0648\u0641 \u0627\u0644\u062a\u062e\u0632\u064a\u0646:<\/strong><\/p><ul><li>\u064a\u064f\u062d\u0641\u0638 \u0641\u064a \u0623\u0645\u0627\u0643\u0646 \u0628\u0627\u0631\u062f\u0629 \u0648\u062c\u0627\u0641\u0629 \u0628\u062f\u0631\u062c\u0629 \u062d\u0631\u0627\u0631\u0629 \u0623\u0642\u0644 \u0645\u0646 25 \u062f\u0631\u062c\u0629 \u0645\u0626\u0648\u064a\u0629.<\/li><\/ul>\t\t\t\t\t\t\t\t<\/div>\n\t\t\t\t<\/div>\n\t\t\t\t\t<\/div>\n\t\t<\/div>\n\t\t\t\t\t<\/div>\n\t\t<\/section>\n\t\t\t\t<section class=\"elementor-section elementor-top-section elementor-element elementor-element-87b664f elementor-section-full_width elementor-section-stretched elementor-section-height-default elementor-section-height-default\" data-id=\"87b664f\" data-element_type=\"section\" data-settings=\"{&quot;stretch_section&quot;:&quot;section-stretched&quot;}\">\n\t\t\t\t\t\t<div class=\"elementor-container elementor-column-gap-default\">\n\t\t\t\t\t<div class=\"elementor-column elementor-col-100 elementor-top-column elementor-element elementor-element-86a8f93\" data-id=\"86a8f93\" data-element_type=\"column\">\n\t\t\t<div class=\"elementor-widget-wrap elementor-element-populated\">\n\t\t\t\t\t\t<div class=\"elementor-element elementor-element-2528b84 elementor-widget elementor-widget-ube-divider\" data-id=\"2528b84\" data-element_type=\"widget\" data-widget_type=\"ube-divider.default\">\n\t\t\t\t<div class=\"elementor-widget-container\">\n\t\t\t\t\t<div class=\"ube-divider ube-divider-style-solid\">\n\t<div class=\"ube-divider-separator\">\n\t\t\t<\/div>\n<\/div>\n\t\t\t\t<\/div>\n\t\t\t\t<\/div>\n\t\t\t\t<div class=\"elementor-element elementor-element-8907fa5 elementor-widget elementor-widget-spacer\" data-id=\"8907fa5\" data-element_type=\"widget\" data-widget_type=\"spacer.default\">\n\t\t\t\t<div class=\"elementor-widget-container\">\n\t\t\t\t\t\t\t<div class=\"elementor-spacer\">\n\t\t\t<div class=\"elementor-spacer-inner\"><\/div>\n\t\t<\/div>\n\t\t\t\t\t\t<\/div>\n\t\t\t\t<\/div>\n\t\t\t\t\t<\/div>\n\t\t<\/div>\n\t\t\t\t\t<\/div>\n\t\t<\/section>\n\t\t\t\t<section class=\"elementor-section elementor-top-section elementor-element elementor-element-8e4941d elementor-section-boxed elementor-section-height-default elementor-section-height-default\" data-id=\"8e4941d\" data-element_type=\"section\">\n\t\t\t\t\t\t<div class=\"elementor-container elementor-column-gap-default\">\n\t\t\t\t\t<div class=\"elementor-column elementor-col-100 elementor-top-column elementor-element elementor-element-69ddc61\" data-id=\"69ddc61\" data-element_type=\"column\">\n\t\t\t<div class=\"elementor-widget-wrap elementor-element-populated\">\n\t\t\t\t\t\t<div class=\"elementor-element elementor-element-4226f74 elementor-widget elementor-widget-heading\" data-id=\"4226f74\" data-element_type=\"widget\" data-widget_type=\"heading.default\">\n\t\t\t\t<div class=\"elementor-widget-container\">\n\t\t\t\t\t<h2 class=\"elementor-heading-title elementor-size-default\">\u0645\u0646\u0634\u0648\u0631\u0627\u062a \u0630\u0627\u062a \u0635\u0644\u0629<\/h2>\t\t\t\t<\/div>\n\t\t\t\t<\/div>\n\t\t\t\t<div class=\"elementor-element elementor-element-a339cd1 elementor-widget elementor-widget-ube-post-grid\" data-id=\"a339cd1\" data-element_type=\"widget\" data-widget_type=\"ube-post-grid.default\">\n\t\t\t\t<div class=\"elementor-widget-container\">\n\t\t\t\t\t\n\n<div id=\"ube-post-list-a339cd1\" class=\"ube-posts ube-post-grid ube-post-appender row\">\n\t<div class=\"ube-post-grid-item col-auto col-md-auto col-lg-4\">\n    <article class=\"card ube-post-item ube-post-grid-layout-01\">\n\t\t            <a class=\"ube-entry-post-thumb card-img-top\" href=\"https:\/\/qubtiva.com\/ar\/%d9%84%d9%8a%d8%a8%d9%8a%d8%af%d9%8a%d9%88%d9%85-%d9%85%d8%a7%d9%83%d8%a7-%d8%a7%d9%84%d8%b1%d8%a7%d8%a6%d8%ad%d8%a9-lepidum-maca-lepidium-meyenii-walp-%d9%85%d8%b1%d8%a7%d8%ac%d8%b9%d8%a9-%d8%b9\/\"\n               style=\"background-image: url('https:\/\/qubtiva.com\/wp-content\/uploads\/2025\/06\/maca-koku-tozu-kullanimi.webp');--ube-post-grid-ratio:75%;\">\n            <\/a>\n\t\t        <div class=\"card-body\">\n\t\t\t            <header class=\"ube-entry-header\">\n\t\t\t\t                    <h2 class=\"ube-entry-title card-title\">\n                        <a class=\"ube-post-link\" href=\"https:\/\/qubtiva.com\/ar\/%d9%84%d9%8a%d8%a8%d9%8a%d8%af%d9%8a%d9%88%d9%85-%d9%85%d8%a7%d9%83%d8%a7-%d8%a7%d9%84%d8%b1%d8%a7%d8%a6%d8%ad%d8%a9-lepidum-maca-lepidium-meyenii-walp-%d9%85%d8%b1%d8%a7%d8%ac%d8%b9%d8%a9-%d8%b9\/\"\n                           title=\"\u062c\u0630\u0631 \u0627\u0644\u0644\u0628\u064a\u062f\u0648\u0645 (\u0645\u0627\u0643\u0627 - \u0644\u064a\u0628\u064a\u062f\u064a\u0648\u0645 \u0645\u0627\u064a\u064a\u0646\u064a \u0648\u0648\u0644\u0628): \u0645\u0631\u0627\u062c\u0639\u0629 \u0639\u0644\u0645\u064a\u0629 \u0634\u0627\u0645\u0644\u0629\">\n\t\t\t\t\t\t\t\u062c\u0630\u0631 \u0627\u0644\u0644\u0628\u064a\u062f\u0648\u0645 (\u0645\u0627\u0643\u0627 - \u0644\u064a\u0628\u064a\u062f\u064a\u0648\u0645 \u0645\u0627\u064a\u064a\u0646\u064a \u0648\u0648\u0644\u0628): \u0645\u0631\u0627\u062c\u0639\u0629 \u0639\u0644\u0645\u064a\u0629 \u0634\u0627\u0645\u0644\u0629                        <\/a>\n                    <\/h2>\n\t\t\t\t\t\t\t\t            <\/header>\n\t\t\t        <\/div>\n    <\/article>\n<\/div>\n\n\t\t\t<div class=\"ube-post-grid-item col-auto col-md-auto col-lg-4\">\n    <article class=\"card ube-post-item ube-post-grid-layout-01\">\n\t\t            <a class=\"ube-entry-post-thumb card-img-top\" href=\"https:\/\/qubtiva.com\/ar\/%d9%83%d9%8a%d9%81-%d8%aa%d8%ba%d9%8a%d8%b1-%d8%a7%d9%84%d9%85%d8%a7%d9%83%d8%a7-%d9%85%d9%86-%d8%ac%d8%b3%d9%85%d9%83\/\"\n               style=\"background-image: url('https:\/\/qubtiva.com\/wp-content\/uploads\/2025\/05\/Maca.jpg');--ube-post-grid-ratio:75%;\">\n            <\/a>\n\t\t        <div class=\"card-body\">\n\t\t\t            <header class=\"ube-entry-header\">\n\t\t\t\t                    <h2 class=\"ube-entry-title card-title\">\n                        <a class=\"ube-post-link\" href=\"https:\/\/qubtiva.com\/ar\/%d9%83%d9%8a%d9%81-%d8%aa%d8%ba%d9%8a%d8%b1-%d8%a7%d9%84%d9%85%d8%a7%d9%83%d8%a7-%d9%85%d9%86-%d8%ac%d8%b3%d9%85%d9%83\/\"\n                           title=\"\u0643\u064a\u0641 \u062a\u063a\u064a\u0631 \u0627\u0644\u0645\u0627\u0643\u0627 \u062c\u0633\u0645\u0643\u061f\">\n\t\t\t\t\t\t\t\u0643\u064a\u0641 \u062a\u063a\u064a\u0631 \u0627\u0644\u0645\u0627\u0643\u0627 \u062c\u0633\u0645\u0643\u061f                        <\/a>\n                    <\/h2>\n\t\t\t\t\t\t\t\t            <\/header>\n\t\t\t        <\/div>\n    <\/article>\n<\/div>\n\n\t\t\t<\/div>\n\n<div class=\"ube-post-list-paging\">\n\t<\/div>\n\t\t\t\t<\/div>\n\t\t\t\t<\/div>\n\t\t\t\t\t<\/div>\n\t\t<\/div>\n\t\t\t\t\t<\/div>\n\t\t<\/section>\n\t\t\t\t<\/div>","protected":false},"excerpt":{"rendered":"<p>\u062a\u062c\u0645\u0639 \u0647\u0630\u0647 \u0627\u0644\u062a\u0631\u0643\u064a\u0628\u0629 \u0627\u0644\u062a\u064a \u062a\u062d\u062a\u0648\u064a \u0639\u0644\u0649 \u062c\u0630\u0631 \u0627\u0644\u0645\u0627\u0643\u0627 \u0648\u0627\u0644\u0628\u064a\u0628\u064a\u0631\u064a\u0646 \u0628\u064a\u0646 \u0645\u0631\u0643\u0628\u064a\u0646 \u0642\u0648\u064a\u064a\u0646 \u0645\u0646 \u0627\u0644\u0637\u0628\u064a\u0639\u0629 \u0641\u064a \u0634\u0643\u0644 \u0646\u0642\u064a \u0648\u063a\u064a\u0631 \u0645\u063a\u0634\u0648\u0634\u060c \u0645\u0645\u0627 \u064a\u062c\u0639\u0644\u0647\u0627 \u0645\u062a\u0639\u062f\u062f\u0629 \u0627\u0644\u0627\u0633\u062a\u062e\u062f\u0627\u0645\u0627\u062a.<\/p>","protected":false},"featured_media":9037,"comment_status":"open","ping_status":"closed","template":"","meta":[],"product_brand":[],"product_cat":[100],"product_tag":[],"class_list":{"0":"post-5418","1":"product","2":"type-product","3":"status-publish","4":"has-post-thumbnail","6":"product_cat-bitkisel-destekler","8":"first","9":"instock","10":"shipping-taxable","11":"purchasable","12":"product-type-simple"},"_links":{"self":[{"href":"https:\/\/qubtiva.com\/ar\/wp-json\/wp\/v2\/product\/5418","targetHints":{"allow":["GET"]}}],"collection":[{"href":"https:\/\/qubtiva.com\/ar\/wp-json\/wp\/v2\/product"}],"about":[{"href":"https:\/\/qubtiva.com\/ar\/wp-json\/wp\/v2\/types\/product"}],"replies":[{"embeddable":true,"href":"https:\/\/qubtiva.com\/ar\/wp-json\/wp\/v2\/comments?post=5418"}],"version-history":[{"count":16,"href":"https:\/\/qubtiva.com\/ar\/wp-json\/wp\/v2\/product\/5418\/revisions"}],"predecessor-version":[{"id":9305,"href":"https:\/\/qubtiva.com\/ar\/wp-json\/wp\/v2\/product\/5418\/revisions\/9305"}],"wp:featuredmedia":[{"embeddable":true,"href":"https:\/\/qubtiva.com\/ar\/wp-json\/wp\/v2\/media\/9037"}],"wp:attachment":[{"href":"https:\/\/qubtiva.com\/ar\/wp-json\/wp\/v2\/media?parent=5418"}],"wp:term":[{"taxonomy":"product_brand","embeddable":true,"href":"https:\/\/qubtiva.com\/ar\/wp-json\/wp\/v2\/product_brand?post=5418"},{"taxonomy":"product_cat","embeddable":true,"href":"https:\/\/qubtiva.com\/ar\/wp-json\/wp\/v2\/product_cat?post=5418"},{"taxonomy":"product_tag","embeddable":true,"href":"https:\/\/qubtiva.com\/ar\/wp-json\/wp\/v2\/product_tag?post=5418"}],"curies":[{"name":"wp","href":"https:\/\/api.w.org\/{rel}","templated":true}]}}