{"id":5422,"date":"2025-05-05T12:48:19","date_gmt":"2025-05-05T09:48:19","guid":{"rendered":"https:\/\/qubtiva.com\/?post_type=product&#038;p=5422"},"modified":"2026-02-19T14:44:37","modified_gmt":"2026-02-19T11:44:37","slug":"%d9%85%d8%b3%d8%aa%d8%ae%d9%84%d8%b5-%d8%a7%d9%84%d8%ab%d9%88%d9%85-%d8%a7%d9%84%d8%a3%d8%b3%d9%88%d8%af","status":"publish","type":"product","link":"https:\/\/qubtiva.com\/ar\/product\/%d9%85%d8%b3%d8%aa%d8%ae%d9%84%d8%b5-%d8%a7%d9%84%d8%ab%d9%88%d9%85-%d8%a7%d9%84%d8%a3%d8%b3%d9%88%d8%af\/","title":{"rendered":"\u0645\u0633\u062a\u062e\u0644\u0635 \u0627\u0644\u062b\u0648\u0645 \u0627\u0644\u0623\u0633\u0648\u062f"},"content":{"rendered":"<div data-elementor-type=\"wp-post\" data-elementor-id=\"5422\" class=\"elementor elementor-5422\">\n\t\t\t\t\t\t<section class=\"elementor-section elementor-top-section elementor-element elementor-element-4642d19b elementor-section-boxed elementor-section-height-default elementor-section-height-default\" data-id=\"4642d19b\" data-element_type=\"section\">\n\t\t\t\t\t\t<div class=\"elementor-container elementor-column-gap-default\">\n\t\t\t\t\t<div class=\"elementor-column elementor-col-100 elementor-top-column elementor-element elementor-element-5d41eec1\" data-id=\"5d41eec1\" data-element_type=\"column\">\n\t\t\t<div class=\"elementor-widget-wrap elementor-element-populated\">\n\t\t\t\t\t\t<div class=\"elementor-element elementor-element-4ceed42 elementor-widget elementor-widget-text-editor\" data-id=\"4ceed42\" data-element_type=\"widget\" data-widget_type=\"text-editor.default\">\n\t\t\t\t<div class=\"elementor-widget-container\">\n\t\t\t\t\t\t\t\t\t<p>\u0645\u0633\u062d\u0648\u0642 \u0627\u0644\u062b\u0648\u0645 \u0627\u0644\u0623\u0633\u0648\u062f\u060c \u0627\u0644\u0630\u064a \u064a\u0642\u0639 \u0641\u064a \u0627\u0644\u0646\u0642\u0637\u0629 \u0627\u0644\u062a\u064a \u062a\u0644\u062a\u0642\u064a \u0641\u064a\u0647\u0627 \u0622\u0644\u0627\u0641 \u0627\u0644\u0633\u0646\u064a\u0646 \u0645\u0646 \u0627\u0644\u062d\u0643\u0645\u0629 \u0627\u0644\u062a\u0642\u0644\u064a\u062f\u064a\u0629 \u0645\u0639 \u062a\u0642\u0646\u064a\u0627\u062a \u0627\u0644\u0625\u0646\u062a\u0627\u062c \u0627\u0644\u062d\u062f\u064a\u062b\u0629\u060c \u0647\u0648 \u0645\u0646\u062a\u062c \u062e\u0627\u0635 \u064a\u062a\u0645\u064a\u0632 \u0628\u0637\u0628\u064a\u0639\u062a\u0647 \u0627\u0644\u0637\u0628\u064a\u0639\u064a\u0629 \u0648\u0646\u0643\u0647\u062a\u0647 \u0627\u0644\u0645\u0645\u064a\u0632\u0629. \u0647\u0630\u0627 \u0627\u0644\u0645\u0646\u062a\u062c\u060c \u0627\u0644\u0630\u064a \u064a\u062a\u0645 \u0627\u0644\u062d\u0635\u0648\u0644 \u0639\u0644\u064a\u0647 \u0639\u0646 \u0637\u0631\u064a\u0642 \u062a\u062e\u0645\u064a\u0631 \u0627\u0644\u062b\u0648\u0645 \u0641\u064a \u0638\u0631\u0648\u0641 \u062e\u0627\u0636\u0639\u0629 \u0644\u0644\u0631\u0642\u0627\u0628\u0629\u060c \u064a\u0623\u062e\u0630 \u0634\u0643\u0644\u0627\u064b \u0645\u062e\u062a\u0644\u0641\u0627\u064b \u0645\u0646 \u062d\u064a\u062b \u0627\u0644\u0645\u0643\u0648\u0646\u0627\u062a \u0627\u0644\u062a\u064a \u064a\u062d\u062a\u0648\u064a \u0639\u0644\u064a\u0647\u0627\u060c \u0648\u064a\u0642\u062f\u0645 \u0645\u062d\u062a\u0648\u0649 \u063a\u0646\u064a \u062e\u0627\u0635\u0629\u064b \u0645\u0646 \u062d\u064a\u062b \u0625\u0633-\u0623\u0644\u064a\u0644 \u0633\u064a\u0633\u062a\u064a\u0646 (S-ALIl Cysteine).<\/p><p>\u064a\u062a\u0645 \u0627\u0644\u062d\u0635\u0648\u0644 \u0639\u0644\u0649 \u0627\u0644\u062b\u0648\u0645 \u0627\u0644\u0623\u0633\u0648\u062f \u0645\u0646 \u062e\u0644\u0627\u0644 \u062a\u0639\u0631\u064a\u0636 \u0627\u0644\u062b\u0648\u0645 \u0627\u0644\u0643\u0644\u0627\u0633\u064a\u0643\u064a \u0644\u0639\u0645\u0644\u064a\u0629 \u062a\u062e\u0645\u064a\u0631 \u0637\u0628\u064a\u0639\u064a\u0629 \u062a\u0633\u062a\u0645\u0631 \u0644\u0623\u0633\u0627\u0628\u064a\u0639 \u0641\u064a \u062f\u0631\u062c\u0627\u062a \u062d\u0631\u0627\u0631\u0629 \u0648\u0645\u0633\u062a\u0648\u064a\u0627\u062a \u0631\u0637\u0648\u0628\u0629 \u0645\u0639\u064a\u0646\u0629. \u062a\u0639\u0645\u0644 \u0647\u0630\u0647 \u0627\u0644\u0639\u0645\u0644\u064a\u0629 \u0639\u0644\u0649 \u062a\u062e\u0641\u064a\u0641 \u0631\u0627\u0626\u062d\u0629 \u0627\u0644\u062b\u0648\u0645 \u0648\u062a\u062d\u0648\u064a\u0644 \u0628\u0639\u0636 \u0645\u0631\u0643\u0628\u0627\u062a\u0647. \u0648\u0646\u062a\u064a\u062c\u0629 \u0644\u0647\u0630\u0627 \u0627\u0644\u062a\u062d\u0648\u0644\u060c \u064a\u0628\u0631\u0632 \u0633\u064a\u0633\u062a\u064a\u0646 \u0625\u0633-\u0623\u0644\u064a\u0644 \u0633\u064a\u0633\u062a\u064a\u0646 \u0643\u0623\u062d\u062f \u0627\u0644\u0645\u0643\u0648\u0646\u0627\u062a \u0627\u0644\u0645\u0645\u064a\u0632\u0629 \u0644\u0647\u0630\u0627 \u0627\u0644\u0645\u0646\u062a\u062c.<\/p><p>\u0628\u0639\u062f \u0627\u0644\u062a\u062e\u0645\u064a\u0631\u060c \u064a\u062a\u0645 \u062a\u062c\u0641\u064a\u0641 \u0627\u0644\u062b\u0648\u0645 \u0627\u0644\u0623\u0633\u0648\u062f \u0641\u064a \u062f\u0631\u062c\u0629 \u062d\u0631\u0627\u0631\u0629 \u0645\u0646\u062e\u0641\u0636\u0629 \u062b\u0645 \u064a\u062a\u0645 \u062a\u062c\u0641\u064a\u0641\u0647 \u0645\u0633\u062d\u0648\u0642\u0627\u064b \u0628\u062f\u0648\u0646 \u0623\u064a \u0625\u0636\u0627\u0641\u0627\u062a. \u0648\u0628\u0641\u0636\u0644 \u0647\u0630\u0647 \u0627\u0644\u0637\u0631\u064a\u0642\u0629\u060c \u064a\u0648\u0641\u0631 \u0647\u0630\u0627 \u0627\u0644\u0645\u0646\u062a\u062c \u0633\u0647\u0648\u0644\u0629 \u0627\u0644\u0627\u0633\u062a\u062e\u062f\u0627\u0645 \u0627\u0644\u0639\u0645\u0644\u064a \u0648\u064a\u062a\u064a\u062d \u0645\u062c\u0627\u0644\u0627\u062a \u0627\u0633\u062a\u062e\u062f\u0627\u0645 \u0645\u062e\u062a\u0644\u0641\u0629 \u0628\u0631\u0627\u0626\u062d\u062a\u0647 \u0627\u0644\u0642\u0648\u064a\u0629 \u0648\u0644\u0648\u0646\u0647.<\/p><ul><li>Antioksidan ihtiyac\u0131n\u0131n artt\u0131\u011f\u0131 d\u00f6nemlerde h\u00fccreleri oksidatif strese kar\u015f\u0131 korumaya<br \/>yard\u0131mc\u0131 olmak amac\u0131yla tercih edilebilir.<\/li><li>Antioksidan i\u00e7eri\u011fiyle h\u00fccresel d\u00fczeyde oksidatif stresle ba\u015fa \u00e7\u0131kmaya yard\u0131mc\u0131 olmak<br \/>amac\u0131yla g\u00fcnl\u00fck kullan\u0131ma uygundur.<\/li><\/ul><p><strong>\u062c\u062f\u0648\u0644 \u0627\u0644\u0645\u063a\u0630\u064a\u0627\u062a:<\/strong><\/p><table><tbody><tr><td width=\"170\"><strong>\u0627\u0644\u0645\u0643\u0648\u0646 \u0627\u0644\u0646\u0634\u0637<\/strong><\/td><td width=\"95\"><strong>1 \u0643\u0628\u0633\u0648\u0644\u0629<\/strong><\/td><\/tr><tr><td width=\"170\"><strong>\u0645\u0633\u062a\u062e\u0644\u0635 \u0627\u0644\u062b\u0648\u0645 \u0627\u0644\u0623\u0633\u0648\u062f<\/strong><\/td><td width=\"95\"><strong>200 \u0645\u062c\u0645<\/strong><\/td><\/tr><tr><td width=\"170\"><strong>\u0632\u064a\u062a \u0627\u0644\u0646\u0639\u0646\u0627\u0639 \u0627\u0644\u0637\u0628\u064a<\/strong><\/td><td width=\"95\"><strong>8 \u0645\u062c\u0645<\/strong><\/td><\/tr><\/tbody><\/table><p><strong>\u0627\u0644\u0645\u062d\u062a\u0648\u064a\u0627\u062a:<\/strong><\/p><ul><li>\u0645\u0633\u062a\u062e\u0644\u0635 \u0627\u0644\u062b\u0648\u0645 \u0627\u0644\u0623\u0633\u0648\u062f\u060c \u0643\u0628\u0633\u0648\u0644\u0629 \u0639\u0634\u0628\u064a\u0629\u060c \u0628\u0648\u0644\u064a \u0641\u064a\u0646\u064a\u0644 \u0628\u064a\u0631\u0648\u0644\u064a\u062f\u0648\u0646- \u0641\u064a\u0646\u064a\u0644 \u0623\u0633\u064a\u062a\u0627\u062a \u0643\u0648\u0628\u0648\u0644\u064a\u0645\u0631\u060c \u0633\u0644\u064a\u0644\u0648\u0632 \u062c\u0631\u064a\u0632\u0648\u0641\u0648\u0644\u0641\u0648\u0644\u0641\u064a\u0646\u060c \u0632\u064a\u062a \u0627\u0644\u0646\u0639\u0646\u0627\u0639\u060c \u062b\u0627\u0646\u064a \u0623\u0643\u0633\u064a\u062f \u0627\u0644\u0633\u064a\u0644\u064a\u0643\u0648\u0646.<\/li><\/ul><p><strong>\u062a\u0639\u0644\u064a\u0645\u0627\u062a \u0627\u0644\u0627\u0633\u062a\u062e\u062f\u0627\u0645:<\/strong><\/p><ul><li>\u0627\u0644\u0628\u0627\u0644\u063a\u064a\u0646 \u0627\u0644\u0630\u064a\u0646 \u062a\u0628\u0644\u063a \u0623\u0639\u0645\u0627\u0631\u0647\u0645 11 \u0633\u0646\u0629 \u0641\u0623\u0643\u062b\u0631\u060c \u064a\u0648\u0635\u0649 \u0628\u062a\u0646\u0627\u0648\u0644 \u0643\u0628\u0633\u0648\u0644\u0629 \u0648\u0627\u062d\u062f\u0629.<\/li><li>\u0645\u0646\u0627\u0633\u0628 \u0644\u0644\u0646\u0628\u0627\u062a\u064a\u064a\u0646\/\u0627\u0644\u0646\u0628\u0627\u062a\u064a\u064a\u0646.<\/li><li><p>\u0627\u0633\u062a\u0634\u064a\u0631\u064a \u0637\u0628\u064a\u0628\u0643 \u0623\u062b\u0646\u0627\u0621 \u0627\u0644\u062d\u0645\u0644 \u0648\u0627\u0644\u0631\u0636\u0627\u0639\u0629 \u0627\u0644\u0637\u0628\u064a\u0639\u064a\u0629 \u0648\u0641\u064a \u062d\u0627\u0644\u0629 \u0627\u0644\u0645\u0631\u0636 \u0623\u0648 \u062a\u0646\u0627\u0648\u0644 \u0627\u0644\u0623\u062f\u0648\u064a\u0629.<\/p><\/li><\/ul><p><strong>\u0638\u0631\u0648\u0641 \u0627\u0644\u062a\u062e\u0632\u064a\u0646:<\/strong><\/p><ul><li>\u064a\u064f\u062d\u0641\u0638 \u0641\u064a \u0623\u0645\u0627\u0643\u0646 \u0628\u0627\u0631\u062f\u0629 \u0648\u062c\u0627\u0641\u0629 \u0628\u062f\u0631\u062c\u0629 \u062d\u0631\u0627\u0631\u0629 \u0623\u0642\u0644 \u0645\u0646 25 \u062f\u0631\u062c\u0629 \u0645\u0626\u0648\u064a\u0629.<\/li><\/ul>\t\t\t\t\t\t\t\t<\/div>\n\t\t\t\t<\/div>\n\t\t\t\t\t<\/div>\n\t\t<\/div>\n\t\t\t\t\t<\/div>\n\t\t<\/section>\n\t\t\t\t<section class=\"elementor-section elementor-top-section elementor-element elementor-element-8762abc elementor-section-boxed elementor-section-height-default elementor-section-height-default\" data-id=\"8762abc\" data-element_type=\"section\">\n\t\t\t\t\t\t<div class=\"elementor-container elementor-column-gap-default\">\n\t\t\t\t\t<div class=\"elementor-column elementor-col-100 elementor-top-column elementor-element elementor-element-af4a95b\" data-id=\"af4a95b\" data-element_type=\"column\">\n\t\t\t<div class=\"elementor-widget-wrap elementor-element-populated\">\n\t\t\t\t\t\t<div class=\"elementor-element elementor-element-8bf2d34 elementor-widget elementor-widget-heading\" data-id=\"8bf2d34\" data-element_type=\"widget\" data-widget_type=\"heading.default\">\n\t\t\t\t<div class=\"elementor-widget-container\">\n\t\t\t\t\t<h2 class=\"elementor-heading-title elementor-size-default\">\u0645\u0646\u0634\u0648\u0631\u0627\u062a \u0630\u0627\u062a \u0635\u0644\u0629<\/h2>\t\t\t\t<\/div>\n\t\t\t\t<\/div>\n\t\t\t\t<div class=\"elementor-element elementor-element-3fe4203 elementor-widget elementor-widget-ube-post-grid\" data-id=\"3fe4203\" data-element_type=\"widget\" data-widget_type=\"ube-post-grid.default\">\n\t\t\t\t<div class=\"elementor-widget-container\">\n\t\t\t\t\t\n\n<div id=\"ube-post-list-3fe4203\" class=\"ube-posts ube-post-grid ube-post-appender row\">\n\t<div class=\"ube-post-grid-item col-auto col-md-auto col-lg-4\">\n    <article class=\"card ube-post-item ube-post-grid-layout-01\">\n\t\t            <a class=\"ube-entry-post-thumb card-img-top\" href=\"https:\/\/qubtiva.com\/ar\/%d9%85%d8%b1%d8%a7%d8%ac%d8%b9%d8%a9-%d8%b9%d9%84%d9%85%d9%8a%d8%a9-%d8%b4%d8%a7%d9%85%d9%84%d8%a9-%d9%84%d9%84%d8%ab%d9%88%d9%85-%d8%a7%d9%84%d8%a3%d8%b3%d9%88%d8%af\/\"\n               style=\"background-image: url('https:\/\/qubtiva.com\/wp-content\/uploads\/2025\/07\/siyah-sarimsak-nasil-yapilir-18ad.webp');--ube-post-grid-ratio:75%;\">\n            <\/a>\n\t\t        <div class=\"card-body\">\n\t\t\t            <header class=\"ube-entry-header\">\n\t\t\t\t                    <h2 class=\"ube-entry-title card-title\">\n                        <a class=\"ube-post-link\" href=\"https:\/\/qubtiva.com\/ar\/%d9%85%d8%b1%d8%a7%d8%ac%d8%b9%d8%a9-%d8%b9%d9%84%d9%85%d9%8a%d8%a9-%d8%b4%d8%a7%d9%85%d9%84%d8%a9-%d9%84%d9%84%d8%ab%d9%88%d9%85-%d8%a7%d9%84%d8%a3%d8%b3%d9%88%d8%af\/\"\n                           title=\"\u0627\u0644\u062b\u0648\u0645 \u0627\u0644\u0623\u0633\u0648\u062f: \u0645\u0631\u0627\u062c\u0639\u0629 \u0639\u0644\u0645\u064a\u0629 \u0634\u0627\u0645\u0644\u0629\">\n\t\t\t\t\t\t\t\u0627\u0644\u062b\u0648\u0645 \u0627\u0644\u0623\u0633\u0648\u062f: \u0645\u0631\u0627\u062c\u0639\u0629 \u0639\u0644\u0645\u064a\u0629 \u0634\u0627\u0645\u0644\u0629                        <\/a>\n                    <\/h2>\n\t\t\t\t\t\t\t\t            <\/header>\n\t\t\t        <\/div>\n    <\/article>\n<\/div>\n\n\t\t\t<\/div>\n\n<div class=\"ube-post-list-paging\">\n\t<\/div>\n\t\t\t\t<\/div>\n\t\t\t\t<\/div>\n\t\t\t\t\t<\/div>\n\t\t<\/div>\n\t\t\t\t\t<\/div>\n\t\t<\/section>\n\t\t\t\t<\/div>","protected":false},"excerpt":{"rendered":"<p>\u064a\u062a\u0645\u064a\u0632 \u0647\u0630\u0627 \u0627\u0644\u0645\u0646\u062a\u062c \u0627\u0644\u0637\u0628\u064a\u0639\u064a \u0627\u0644\u0645\u0633\u062a\u062e\u0644\u0635 \u0645\u0646 \u0627\u0644\u062b\u0648\u0645 \u0627\u0644\u0623\u0633\u0648\u062f \u0627\u0644\u0645\u062e\u0645\u0631 \u0628\u0645\u062d\u062a\u0648\u0627\u0647 \u0645\u0646 \u0625\u0633-\u0623\u0644\u064a\u0644 \u0633\u064a\u0633\u062a\u064a\u0646 \u0648\u0631\u0627\u0626\u062d\u062a\u0647 \u0627\u0644\u0642\u0648\u064a\u0629.<\/p>","protected":false},"featured_media":9034,"comment_status":"open","ping_status":"closed","template":"","meta":[],"product_brand":[],"product_cat":[100],"product_tag":[],"class_list":{"0":"post-5422","1":"product","2":"type-product","3":"status-publish","4":"has-post-thumbnail","6":"product_cat-bitkisel-destekler","8":"first","9":"instock","10":"shipping-taxable","11":"purchasable","12":"product-type-simple"},"_links":{"self":[{"href":"https:\/\/qubtiva.com\/ar\/wp-json\/wp\/v2\/product\/5422","targetHints":{"allow":["GET"]}}],"collection":[{"href":"https:\/\/qubtiva.com\/ar\/wp-json\/wp\/v2\/product"}],"about":[{"href":"https:\/\/qubtiva.com\/ar\/wp-json\/wp\/v2\/types\/product"}],"replies":[{"embeddable":true,"href":"https:\/\/qubtiva.com\/ar\/wp-json\/wp\/v2\/comments?post=5422"}],"version-history":[{"count":18,"href":"https:\/\/qubtiva.com\/ar\/wp-json\/wp\/v2\/product\/5422\/revisions"}],"predecessor-version":[{"id":9314,"href":"https:\/\/qubtiva.com\/ar\/wp-json\/wp\/v2\/product\/5422\/revisions\/9314"}],"wp:featuredmedia":[{"embeddable":true,"href":"https:\/\/qubtiva.com\/ar\/wp-json\/wp\/v2\/media\/9034"}],"wp:attachment":[{"href":"https:\/\/qubtiva.com\/ar\/wp-json\/wp\/v2\/media?parent=5422"}],"wp:term":[{"taxonomy":"product_brand","embeddable":true,"href":"https:\/\/qubtiva.com\/ar\/wp-json\/wp\/v2\/product_brand?post=5422"},{"taxonomy":"product_cat","embeddable":true,"href":"https:\/\/qubtiva.com\/ar\/wp-json\/wp\/v2\/product_cat?post=5422"},{"taxonomy":"product_tag","embeddable":true,"href":"https:\/\/qubtiva.com\/ar\/wp-json\/wp\/v2\/product_tag?post=5422"}],"curies":[{"name":"wp","href":"https:\/\/api.w.org\/{rel}","templated":true}]}}