{"id":5424,"date":"2025-05-05T13:06:26","date_gmt":"2025-05-05T10:06:26","guid":{"rendered":"https:\/\/qubtiva.com\/?post_type=product&#038;p=5424"},"modified":"2026-02-19T14:52:29","modified_gmt":"2026-02-19T11:52:29","slug":"%d8%ab%d9%86%d8%a7%d8%a6%d9%8a-%d8%ac%d9%84%d9%8a%d8%b3%d9%8a%d9%86%d8%a7%d8%aa-%d8%a7%d9%84%d9%85%d8%ba%d9%86%d9%8a%d8%b3%d9%8a%d9%88%d9%85","status":"publish","type":"product","link":"https:\/\/qubtiva.com\/ar\/product\/%d8%ab%d9%86%d8%a7%d8%a6%d9%8a-%d8%ac%d9%84%d9%8a%d8%b3%d9%8a%d9%86%d8%a7%d8%aa-%d8%a7%d9%84%d9%85%d8%ba%d9%86%d9%8a%d8%b3%d9%8a%d9%88%d9%85\/","title":{"rendered":"\u0628\u064a\u0633\u062c\u0644\u064a\u0633\u064a\u0646\u0627\u062a \u0627\u0644\u0645\u063a\u0646\u064a\u0633\u064a\u0648\u0645 \u0628\u064a\u0633\u062c\u0644\u064a\u0633\u064a\u0646\u0627\u062a"},"content":{"rendered":"<div data-elementor-type=\"wp-post\" data-elementor-id=\"5424\" class=\"elementor elementor-5424\">\n\t\t\t\t\t\t<section class=\"elementor-section elementor-top-section elementor-element elementor-element-7e38a4a9 elementor-section-boxed elementor-section-height-default elementor-section-height-default\" data-id=\"7e38a4a9\" data-element_type=\"section\">\n\t\t\t\t\t\t<div class=\"elementor-container elementor-column-gap-default\">\n\t\t\t\t\t<div class=\"elementor-column elementor-col-100 elementor-top-column elementor-element elementor-element-444a899\" data-id=\"444a899\" data-element_type=\"column\">\n\t\t\t<div class=\"elementor-widget-wrap elementor-element-populated\">\n\t\t\t\t\t\t<div class=\"elementor-element elementor-element-4c127380 elementor-widget elementor-widget-text-editor\" data-id=\"4c127380\" data-element_type=\"widget\" data-widget_type=\"text-editor.default\">\n\t\t\t\t<div class=\"elementor-widget-container\">\n\t\t\t\t\t\t\t\t\t<p>\u062b\u0646\u0627\u0626\u064a \u062c\u0644\u064a\u0633\u064a\u0646\u0627\u062a \u0627\u0644\u0645\u063a\u0646\u064a\u0633\u064a\u0648\u0645 \u0647\u0648 \u0634\u0643\u0644 \u0633\u0647\u0644 \u0627\u0644\u0627\u0645\u062a\u0635\u0627\u0635 \u064a\u062a\u0643\u0648\u0646 \u0645\u0646 \u0645\u0632\u064a\u062c \u0645\u0646 \u0627\u0644\u0645\u063a\u0646\u064a\u0633\u064a\u0648\u0645 \u0627\u0644\u0645\u0639\u062f\u0646\u064a \u0645\u0639 \u0627\u0644\u062d\u0645\u0636 \u0627\u0644\u0623\u0645\u064a\u0646\u064a \u062c\u0644\u0627\u064a\u0633\u064a\u0646. \u064a\u062f\u0639\u0645 \u0627\u0644\u0645\u063a\u0646\u064a\u0633\u064a\u0648\u0645 \u0627\u0644\u062d\u062f \u0645\u0646 \u0627\u0644\u062a\u0639\u0628 \u0648\u0627\u0644\u0625\u0631\u0647\u0627\u0642.  \u0648\u0647\u0648 \u064a\u0648\u0641\u0631 \u0628\u062f\u064a\u0644\u0627\u064b \u064a\u0633\u0627\u0639\u062f \u0639\u0644\u0649 \u062a\u0644\u0628\u064a\u0629 \u0627\u062d\u062a\u064a\u0627\u062c\u0627\u062a \u0627\u0644\u062c\u0633\u0645 \u0645\u0646 \u0627\u0644\u0645\u063a\u0646\u064a\u0633\u064a\u0648\u0645 \u0628\u0637\u0631\u064a\u0642\u0629 \u0645\u062a\u0648\u0627\u0632\u0646\u0629 \u0648\u0641\u0639\u0627\u0644\u0629.<\/p><ul><li>G\u00fcnl\u00fck ya\u015famda stres, kas gerginli\u011fi ve yorgunluk hissinin artt\u0131\u011f\u0131 d\u00f6nemlerde kas ve<br \/>sinir sistemi fonksiyonlar\u0131n\u0131n korunmas\u0131na destek olmak amac\u0131yla geli\u015ftirilmi\u015ftir.<\/li><li>Stresli ya\u015fam ko\u015fullar\u0131 ve yo\u011fun tempo alt\u0131nda kas ve sinir sistemi fonksiyonlar\u0131n\u0131n<br \/>dengeli \u015fekilde s\u00fcrd\u00fcr\u00fclmesine destek olmak amac\u0131yla tercih edilebilir.<\/li><\/ul><p><strong>\u062c\u062f\u0648\u0644 \u0627\u0644\u0645\u063a\u0630\u064a\u0627\u062a:<\/strong><\/p><table><tbody><tr><td width=\"102\"><strong>\u0627\u0644\u0645\u0643\u0648\u0646 \u0627\u0644\u0646\u0634\u0637<\/strong><\/td><td width=\"74\"><strong>2 \u0643\u0628\u0633\u0648\u0644\u0629<\/strong><\/td><td width=\"74\"><strong>BRD %<\/strong><\/td><\/tr><tr><td width=\"102\"><strong>\u0627\u0644\u0645\u063a\u0646\u064a\u0633\u064a\u0648\u0645*<\/strong><\/td><td width=\"74\"><strong>250 \u0645\u062c\u0645<\/strong><\/td><td width=\"74\"><strong>66,7<\/strong><\/td><\/tr><\/tbody><\/table><p><em>*125 \u0645\u062c\u0645 \u0645\u063a\u0646\u064a\u0633\u064a\u0648\u0645 \u0639\u0646\u0635\u0631\u064a \u0645\u0646 625 \u0645\u062c\u0645 \u0645\u063a\u0646\u064a\u0633\u064a\u0648\u0645 \u0628\u064a\u0633\u062c\u0644\u064a\u0633\u064a\u0646\u0627\u062a \u0627\u0644\u0645\u063a\u0646\u064a\u0633\u064a\u0648\u0645 \u0641\u064a 1 \u0643\u0628\u0633\u0648\u0644\u0629<\/em><br \/><em>\u0627\u0644\u0642\u064a\u0645\u0629 \u0627\u0644\u0645\u0631\u062c\u0639\u064a\u0629 \u0627\u0644\u063a\u0630\u0627\u0626\u064a\u0629 \u0627\u0644\u0642\u064a\u0645\u0629 \u0627\u0644\u0645\u0631\u062c\u0639\u064a\u0629 \u0644\u0644\u062a\u063a\u0630\u064a\u0629<\/em><\/p><p><strong>\u0627\u0644\u0645\u062d\u062a\u0648\u064a\u0627\u062a:<\/strong><\/p><ul><li>\u0628\u064a\u0633\u063a\u0644\u064a\u0633\u064a\u0646\u0627\u062a \u0627\u0644\u0645\u063a\u0646\u064a\u0633\u064a\u0648\u0645\u060c \u0643\u0628\u0633\u0648\u0644\u0629 \u0646\u0628\u0627\u062a\u064a\u0629\u060c \u0633\u0644\u064a\u0644\u0648\u0632 \u062c\u0631\u064a\u0632\u0648\u0641\u0648\u0644\u0641\u064a\u0646\u060c \u0623\u0645\u0644\u0627\u062d \u0627\u0644\u0645\u063a\u0646\u064a\u0633\u064a\u0648\u0645 \u0645\u0646 \u0627\u0644\u0623\u062d\u0645\u0627\u0636 \u0627\u0644\u062f\u0647\u0646\u064a\u0629<\/li><\/ul><p><strong>\u062a\u0639\u0644\u064a\u0645\u0627\u062a \u0627\u0644\u0627\u0633\u062a\u062e\u062f\u0627\u0645:<\/strong><\/p><ul><li>\u064a\u0648\u0635\u0649 \u0628\u062a\u0646\u0627\u0648\u0644 \u0643\u0628\u0633\u0648\u0644\u062a\u064a\u0646 \u0641\u064a \u0627\u0644\u064a\u0648\u0645.<\/li><li>\u0645\u0646\u0627\u0633\u0628 \u0644\u0644\u0627\u0633\u062a\u062e\u062f\u0627\u0645 \u0645\u0646 \u0642\u0628\u0644 \u0627\u0644\u0628\u0627\u0644\u063a\u064a\u0646 \u0645\u0646 \u0639\u0645\u0631 11 \u0639\u0627\u0645\u0627\u064b \u0641\u0623\u0643\u062b\u0631.<\/li><li><p>\u0627\u0633\u062a\u0634\u064a\u0631\u064a \u0637\u0628\u064a\u0628\u0643 \u0623\u062b\u0646\u0627\u0621 \u0627\u0644\u062d\u0645\u0644 \u0648\u0627\u0644\u0631\u0636\u0627\u0639\u0629 \u0627\u0644\u0637\u0628\u064a\u0639\u064a\u0629 \u0648\u0641\u064a \u062d\u0627\u0644\u0629 \u0627\u0644\u0645\u0631\u0636 \u0623\u0648 \u062a\u0646\u0627\u0648\u0644 \u0627\u0644\u0623\u062f\u0648\u064a\u0629.<\/p><\/li><li><p>\u0645\u0646\u0627\u0633\u0628 \u0644\u0644\u0646\u0628\u0627\u062a\u064a\u064a\u0646\/\u0627\u0644\u0646\u0628\u0627\u062a\u064a\u064a\u0646.<\/p><\/li><\/ul><p><strong>\u0638\u0631\u0648\u0641 \u0627\u0644\u062a\u062e\u0632\u064a\u0646:<\/strong><\/p><ul><li>\u064a\u064f\u062d\u0641\u0638 \u0641\u064a \u0623\u0645\u0627\u0643\u0646 \u0628\u0627\u0631\u062f\u0629 \u0648\u062c\u0627\u0641\u0629 \u0628\u062f\u0631\u062c\u0629 \u062d\u0631\u0627\u0631\u0629 \u0623\u0642\u0644 \u0645\u0646 25 \u062f\u0631\u062c\u0629 \u0645\u0626\u0648\u064a\u0629.<\/li><\/ul><p><strong>\u0627\u0644\u0625\u0639\u0644\u0627\u0646\u0627\u062a \u0627\u0644\u0635\u062d\u064a\u0629:<\/strong><\/p><ul><li data-start=\"151\" data-end=\"219\"><p data-start=\"153\" data-end=\"219\">\u064a\u0633\u0627\u0647\u0645 \u0627\u0644\u0645\u063a\u0646\u064a\u0633\u064a\u0648\u0645 \u0641\u064a \u0627\u0644\u062d\u062f \u0645\u0646 \u0627\u0644\u062a\u0639\u0628 \u0648\u0627\u0644\u0625\u0631\u0647\u0627\u0642.<\/p><\/li><li data-start=\"220\" data-end=\"271\"><p data-start=\"222\" data-end=\"271\">\u064a\u0633\u0627\u0647\u0645 \u0627\u0644\u0645\u063a\u0646\u064a\u0633\u064a\u0648\u0645 \u0641\u064a \u062a\u0648\u0627\u0632\u0646 \u0627\u0644\u0643\u0647\u0627\u0631\u0644.<\/p><\/li><li data-start=\"272\" data-end=\"339\"><p data-start=\"274\" data-end=\"339\">\u064a\u0633\u0627\u0647\u0645 \u0627\u0644\u0645\u063a\u0646\u064a\u0633\u064a\u0648\u0645 \u0641\u064a \u0627\u0644\u062a\u0645\u062b\u064a\u0644 \u0627\u0644\u063a\u0630\u0627\u0626\u064a \u0627\u0644\u0637\u0628\u064a\u0639\u064a \u0644\u062a\u0643\u0648\u064a\u0646 \u0627\u0644\u0637\u0627\u0642\u0629.<\/p><\/li><li data-start=\"340\" data-end=\"405\"><p data-start=\"342\" data-end=\"405\">\u064a\u0633\u0627\u0647\u0645 \u0627\u0644\u0645\u063a\u0646\u064a\u0633\u064a\u0648\u0645 \u0641\u064a \u0627\u0644\u0623\u062f\u0627\u0621 \u0627\u0644\u0637\u0628\u064a\u0639\u064a \u0644\u0644\u062c\u0647\u0627\u0632 \u0627\u0644\u0639\u0635\u0628\u064a.<\/p><\/li><li data-start=\"406\" data-end=\"460\"><p data-start=\"408\" data-end=\"460\">\u064a\u0633\u0627\u0647\u0645 \u0627\u0644\u0645\u063a\u0646\u064a\u0633\u064a\u0648\u0645 \u0641\u064a \u0648\u0638\u064a\u0641\u0629 \u0627\u0644\u0639\u0636\u0644\u0627\u062a \u0627\u0644\u0637\u0628\u064a\u0639\u064a\u0629.<\/p><\/li><li data-start=\"461\" data-end=\"516\"><p data-start=\"463\" data-end=\"516\">\u064a\u0633\u0627\u0647\u0645 \u0627\u0644\u0645\u063a\u0646\u064a\u0633\u064a\u0648\u0645 \u0641\u064a \u0627\u0644\u062a\u062e\u0644\u064a\u0642 \u0627\u0644\u0637\u0628\u064a\u0639\u064a \u0644\u0644\u0628\u0631\u0648\u062a\u064a\u0646.<\/p><\/li><li data-start=\"517\" data-end=\"577\"><p data-start=\"519\" data-end=\"577\">\u064a\u0633\u0627\u0647\u0645 \u0627\u0644\u0645\u063a\u0646\u064a\u0633\u064a\u0648\u0645 \u0641\u064a \u0627\u0644\u062d\u0641\u0627\u0638 \u0639\u0644\u0649 \u0627\u0644\u0639\u0638\u0627\u0645 \u0627\u0644\u0637\u0628\u064a\u0639\u064a\u0629.<\/p><\/li><li data-start=\"578\" data-end=\"636\"><p data-start=\"580\" data-end=\"636\">\u064a\u0633\u0627\u0647\u0645 \u0627\u0644\u0645\u063a\u0646\u064a\u0633\u064a\u0648\u0645 \u0641\u064a \u0627\u0644\u062d\u0641\u0627\u0638 \u0639\u0644\u0649 \u0627\u0644\u0623\u0633\u0646\u0627\u0646 \u0627\u0644\u0637\u0628\u064a\u0639\u064a\u0629.<\/p><\/li><li data-start=\"637\" data-end=\"684\"><p data-start=\"639\" data-end=\"684\">\u0644\u0644\u0645\u063a\u0646\u064a\u0633\u064a\u0648\u0645 \u062f\u0648\u0631 \u0641\u064a \u0627\u0646\u0642\u0633\u0627\u0645 \u0627\u0644\u062e\u0644\u0627\u064a\u0627.<\/p><\/li><li>\u00a0<\/li><\/ul><p>* \u0644\u0627\u0626\u062d\u0629 \u0627\u0633\u062a\u062e\u062f\u0627\u0645 \u0627\u0644\u0625\u0639\u0644\u0627\u0646 \u0627\u0644\u0635\u062d\u064a \u0641\u064a \u0627\u0644\u0623\u063a\u0630\u064a\u0629 \u0648\u0627\u0644\u0645\u0643\u0645\u0644\u0627\u062a \u0627\u0644\u063a\u0630\u0627\u0626\u064a\u0629 (\u0627\u0644\u062c\u0631\u064a\u062f\u0629 \u0627\u0644\u0631\u0633\u0645\u064a\u0629 \u0631\u0642\u0645 32169 \/ \u0628\u062a\u0627\u0631\u064a\u062e 20.04.2023)<\/p>\t\t\t\t\t\t\t\t<\/div>\n\t\t\t\t<\/div>\n\t\t\t\t\t<\/div>\n\t\t<\/div>\n\t\t\t\t\t<\/div>\n\t\t<\/section>\n\t\t\t\t<section class=\"elementor-section elementor-top-section elementor-element elementor-element-36f8f82 elementor-section-full_width elementor-section-stretched elementor-section-height-default elementor-section-height-default\" data-id=\"36f8f82\" data-element_type=\"section\" data-settings=\"{&quot;stretch_section&quot;:&quot;section-stretched&quot;}\">\n\t\t\t\t\t\t<div class=\"elementor-container elementor-column-gap-default\">\n\t\t\t\t\t<div class=\"elementor-column elementor-col-100 elementor-top-column elementor-element elementor-element-a48e610\" data-id=\"a48e610\" data-element_type=\"column\">\n\t\t\t<div class=\"elementor-widget-wrap elementor-element-populated\">\n\t\t\t\t\t\t<div class=\"elementor-element elementor-element-e1cb98e elementor-widget elementor-widget-ube-divider\" data-id=\"e1cb98e\" data-element_type=\"widget\" data-widget_type=\"ube-divider.default\">\n\t\t\t\t<div class=\"elementor-widget-container\">\n\t\t\t\t\t<div class=\"ube-divider ube-divider-style-solid\">\n\t<div class=\"ube-divider-separator\">\n\t\t\t<\/div>\n<\/div>\n\t\t\t\t<\/div>\n\t\t\t\t<\/div>\n\t\t\t\t<div class=\"elementor-element elementor-element-90915ba elementor-widget elementor-widget-spacer\" data-id=\"90915ba\" data-element_type=\"widget\" data-widget_type=\"spacer.default\">\n\t\t\t\t<div class=\"elementor-widget-container\">\n\t\t\t\t\t\t\t<div class=\"elementor-spacer\">\n\t\t\t<div class=\"elementor-spacer-inner\"><\/div>\n\t\t<\/div>\n\t\t\t\t\t\t<\/div>\n\t\t\t\t<\/div>\n\t\t\t\t\t<\/div>\n\t\t<\/div>\n\t\t\t\t\t<\/div>\n\t\t<\/section>\n\t\t\t\t<section class=\"elementor-section elementor-top-section elementor-element elementor-element-60b81ed elementor-section-boxed elementor-section-height-default elementor-section-height-default\" data-id=\"60b81ed\" data-element_type=\"section\">\n\t\t\t\t\t\t<div class=\"elementor-container elementor-column-gap-default\">\n\t\t\t\t\t<div class=\"elementor-column elementor-col-100 elementor-top-column elementor-element elementor-element-431a597\" data-id=\"431a597\" data-element_type=\"column\">\n\t\t\t<div class=\"elementor-widget-wrap elementor-element-populated\">\n\t\t\t\t\t\t<div class=\"elementor-element elementor-element-263b7e0 elementor-widget elementor-widget-heading\" data-id=\"263b7e0\" data-element_type=\"widget\" data-widget_type=\"heading.default\">\n\t\t\t\t<div class=\"elementor-widget-container\">\n\t\t\t\t\t<h2 class=\"elementor-heading-title elementor-size-default\">\u0645\u0646\u0634\u0648\u0631\u0627\u062a \u0630\u0627\u062a \u0635\u0644\u0629<\/h2>\t\t\t\t<\/div>\n\t\t\t\t<\/div>\n\t\t\t\t<div class=\"elementor-element elementor-element-f750792 elementor-widget elementor-widget-ube-post-grid\" data-id=\"f750792\" data-element_type=\"widget\" data-widget_type=\"ube-post-grid.default\">\n\t\t\t\t<div class=\"elementor-widget-container\">\n\t\t\t\t\t\n\n<div id=\"ube-post-list-f750792\" class=\"ube-posts ube-post-grid ube-post-appender row\">\n\t<div class=\"ube-post-grid-item col-auto col-md-auto col-lg-4\">\n    <article class=\"card ube-post-item ube-post-grid-layout-01\">\n\t\t            <a class=\"ube-entry-post-thumb card-img-top\" href=\"https:\/\/qubtiva.com\/ar\/%d9%85%d8%b1%d8%a7%d8%ac%d8%b9%d8%a9-%d8%b9%d9%84%d9%85%d9%8a%d8%a9-%d8%b4%d8%a7%d9%85%d9%84%d8%a9-%d9%84%d8%a3%d9%85%d9%84%d8%a7%d8%ad-%d8%a7%d9%84%d9%85%d8%ba%d9%86%d9%8a%d8%b3%d9%8a%d9%88%d9%85\/\"\n               style=\"background-image: url('https:\/\/qubtiva.com\/wp-content\/uploads\/2025\/07\/Magnezyum-Ilaci.webp');--ube-post-grid-ratio:75%;\">\n            <\/a>\n\t\t        <div class=\"card-body\">\n\t\t\t            <header class=\"ube-entry-header\">\n\t\t\t\t                    <h2 class=\"ube-entry-title card-title\">\n                        <a class=\"ube-post-link\" href=\"https:\/\/qubtiva.com\/ar\/%d9%85%d8%b1%d8%a7%d8%ac%d8%b9%d8%a9-%d8%b9%d9%84%d9%85%d9%8a%d8%a9-%d8%b4%d8%a7%d9%85%d9%84%d8%a9-%d9%84%d8%a3%d9%85%d9%84%d8%a7%d8%ad-%d8%a7%d9%84%d9%85%d8%ba%d9%86%d9%8a%d8%b3%d9%8a%d9%88%d9%85\/\"\n                           title=\"\u0623\u0645\u0644\u0627\u062d \u0627\u0644\u0645\u063a\u0646\u064a\u0633\u064a\u0648\u0645: \u0645\u0631\u0627\u062c\u0639\u0629 \u0639\u0644\u0645\u064a\u0629 \u0634\u0627\u0645\u0644\u0629\">\n\t\t\t\t\t\t\t\u0623\u0645\u0644\u0627\u062d \u0627\u0644\u0645\u063a\u0646\u064a\u0633\u064a\u0648\u0645: \u0645\u0631\u0627\u062c\u0639\u0629 \u0639\u0644\u0645\u064a\u0629 \u0634\u0627\u0645\u0644\u0629                        <\/a>\n                    <\/h2>\n\t\t\t\t\t\t\t\t            <\/header>\n\t\t\t        <\/div>\n    <\/article>\n<\/div>\n\n\t\t\t<div class=\"ube-post-grid-item col-auto col-md-auto col-lg-4\">\n    <article class=\"card ube-post-item ube-post-grid-layout-01\">\n\t\t            <a class=\"ube-entry-post-thumb card-img-top\" href=\"https:\/\/qubtiva.com\/ar\/%d9%83%d9%8a%d9%81-%d9%8a%d8%ba%d9%8a%d8%b1-%d8%a7%d9%84%d9%85%d8%ba%d9%86%d9%8a%d8%b3%d9%8a%d9%88%d9%85-%d9%85%d9%86-%d8%ac%d8%b3%d9%85%d9%83\/\"\n               style=\"background-image: url('https:\/\/qubtiva.com\/wp-content\/uploads\/2025\/05\/mg.jpg');--ube-post-grid-ratio:75%;\">\n            <\/a>\n\t\t        <div class=\"card-body\">\n\t\t\t            <header class=\"ube-entry-header\">\n\t\t\t\t                    <h2 class=\"ube-entry-title card-title\">\n                        <a class=\"ube-post-link\" href=\"https:\/\/qubtiva.com\/ar\/%d9%83%d9%8a%d9%81-%d9%8a%d8%ba%d9%8a%d8%b1-%d8%a7%d9%84%d9%85%d8%ba%d9%86%d9%8a%d8%b3%d9%8a%d9%88%d9%85-%d9%85%d9%86-%d8%ac%d8%b3%d9%85%d9%83\/\"\n                           title=\"\u0643\u064a\u0641 \u064a\u063a\u064a\u0631 \u0627\u0644\u0645\u063a\u0646\u064a\u0633\u064a\u0648\u0645 \u062c\u0633\u0645\u0643\">\n\t\t\t\t\t\t\t\u0643\u064a\u0641 \u064a\u063a\u064a\u0631 \u0627\u0644\u0645\u063a\u0646\u064a\u0633\u064a\u0648\u0645 \u062c\u0633\u0645\u0643                        <\/a>\n                    <\/h2>\n\t\t\t\t\t\t\t\t            <\/header>\n\t\t\t        <\/div>\n    <\/article>\n<\/div>\n\n\t\t\t<\/div>\n\n<div class=\"ube-post-list-paging\">\n\t<\/div>\n\t\t\t\t<\/div>\n\t\t\t\t<\/div>\n\t\t\t\t\t<\/div>\n\t\t<\/div>\n\t\t\t\t\t<\/div>\n\t\t<\/section>\n\t\t\t\t<\/div>","protected":false},"excerpt":{"rendered":"<p>\u062b\u0646\u0627\u0626\u064a \u062c\u0644\u064a\u0633\u064a\u0646\u0627\u062a \u0627\u0644\u0645\u063a\u0646\u064a\u0633\u064a\u0648\u0645 \u0647\u0648 \u0634\u0643\u0644 \u0627\u0644\u0645\u063a\u0646\u064a\u0633\u064a\u0648\u0645 \u0627\u0644\u0630\u064a \u064a\u062a\u0645 \u0627\u0644\u062d\u0635\u0648\u0644 \u0639\u0644\u064a\u0647 \u0639\u0646 \u0637\u0631\u064a\u0642 \u0627\u0644\u0627\u0631\u062a\u0628\u0627\u0637 \u0645\u0639 \u0627\u0644\u062d\u0645\u0636 \u0627\u0644\u0623\u0645\u064a\u0646\u064a \u062c\u0644\u0627\u064a\u0633\u064a\u0646\u061b \u0648\u0647\u0648 \u064a\u062a\u0645\u064a\u0632 \u0628\u062a\u0648\u0627\u0641\u0631\u0647 \u0627\u0644\u062d\u064a\u0648\u064a \u0627\u0644\u0639\u0627\u0644\u064a.<\/p>","protected":false},"featured_media":9032,"comment_status":"open","ping_status":"closed","template":"","meta":[],"product_brand":[],"product_cat":[158],"product_tag":[],"class_list":{"0":"post-5424","1":"product","2":"type-product","3":"status-publish","4":"has-post-thumbnail","6":"product_cat-mineraller","8":"first","9":"instock","10":"shipping-taxable","11":"purchasable","12":"product-type-simple"},"_links":{"self":[{"href":"https:\/\/qubtiva.com\/ar\/wp-json\/wp\/v2\/product\/5424","targetHints":{"allow":["GET"]}}],"collection":[{"href":"https:\/\/qubtiva.com\/ar\/wp-json\/wp\/v2\/product"}],"about":[{"href":"https:\/\/qubtiva.com\/ar\/wp-json\/wp\/v2\/types\/product"}],"replies":[{"embeddable":true,"href":"https:\/\/qubtiva.com\/ar\/wp-json\/wp\/v2\/comments?post=5424"}],"version-history":[{"count":15,"href":"https:\/\/qubtiva.com\/ar\/wp-json\/wp\/v2\/product\/5424\/revisions"}],"predecessor-version":[{"id":9341,"href":"https:\/\/qubtiva.com\/ar\/wp-json\/wp\/v2\/product\/5424\/revisions\/9341"}],"wp:featuredmedia":[{"embeddable":true,"href":"https:\/\/qubtiva.com\/ar\/wp-json\/wp\/v2\/media\/9032"}],"wp:attachment":[{"href":"https:\/\/qubtiva.com\/ar\/wp-json\/wp\/v2\/media?parent=5424"}],"wp:term":[{"taxonomy":"product_brand","embeddable":true,"href":"https:\/\/qubtiva.com\/ar\/wp-json\/wp\/v2\/product_brand?post=5424"},{"taxonomy":"product_cat","embeddable":true,"href":"https:\/\/qubtiva.com\/ar\/wp-json\/wp\/v2\/product_cat?post=5424"},{"taxonomy":"product_tag","embeddable":true,"href":"https:\/\/qubtiva.com\/ar\/wp-json\/wp\/v2\/product_tag?post=5424"}],"curies":[{"name":"wp","href":"https:\/\/api.w.org\/{rel}","templated":true}]}}