{"id":5428,"date":"2025-05-05T13:12:41","date_gmt":"2025-05-05T10:12:41","guid":{"rendered":"https:\/\/qubtiva.com\/?post_type=product&#038;p=5428"},"modified":"2026-02-19T14:46:14","modified_gmt":"2026-02-19T11:46:14","slug":"%d8%a3%d8%a8%d9%8a%d9%84%d8%a7%d8%b1%d9%86%d9%8a%d9%84-%d9%85%d8%ac%d9%81%d9%81-%d8%a8%d8%a7%d9%84%d8%aa%d8%ac%d9%85%d9%8a%d8%af","status":"publish","type":"product","link":"https:\/\/qubtiva.com\/ar\/product\/%d8%a3%d8%a8%d9%8a%d9%84%d8%a7%d8%b1%d9%86%d9%8a%d9%84-%d9%85%d8%ac%d9%81%d9%81-%d8%a8%d8%a7%d9%84%d8%aa%d8%ac%d9%85%d9%8a%d8%af\/","title":{"rendered":"\u0623\u0628\u064a\u0644\u0627\u0631\u0646\u064a\u0644 \u0627\u0644\u0645\u062c\u0641\u0641 \u0628\u0627\u0644\u062a\u0628\u0631\u064a\u062f"},"content":{"rendered":"<div data-elementor-type=\"wp-post\" data-elementor-id=\"5428\" class=\"elementor elementor-5428\">\n\t\t\t\t\t\t<section class=\"elementor-section elementor-top-section elementor-element elementor-element-3fa2571b elementor-section-boxed elementor-section-height-default elementor-section-height-default\" data-id=\"3fa2571b\" data-element_type=\"section\">\n\t\t\t\t\t\t<div class=\"elementor-container elementor-column-gap-default\">\n\t\t\t\t\t<div class=\"elementor-column elementor-col-100 elementor-top-column elementor-element elementor-element-8257e7f\" data-id=\"8257e7f\" data-element_type=\"column\">\n\t\t\t<div class=\"elementor-widget-wrap elementor-element-populated\">\n\t\t\t\t\t\t<div class=\"elementor-element elementor-element-3f407dc elementor-widget elementor-widget-text-editor\" data-id=\"3f407dc\" data-element_type=\"widget\" data-widget_type=\"text-editor.default\">\n\t\t\t\t<div class=\"elementor-widget-container\">\n\t\t\t\t\t\t\t\t\t<p>Apilarnil\u060c \u0627\u0644\u0630\u064a \u064a\u062d\u062a\u0644 \u0645\u0643\u0627\u0646\u0629 \u062e\u0627\u0635\u0629 \u0628\u064a\u0646 \u0645\u0646\u062a\u062c\u0627\u062a \u0627\u0644\u0646\u062d\u0644 \u0627\u0644\u0637\u0628\u064a\u0639\u064a\u0629\u060c \u0647\u0648 \u0645\u0643\u0648\u0646 \u063a\u0646\u064a \u0648\u062a\u0642\u0644\u064a\u062f\u064a \u064a\u062a\u0645 \u0627\u0644\u062d\u0635\u0648\u0644 \u0639\u0644\u064a\u0647 \u0645\u0646 \u062d\u0636\u0646\u0629 \u0627\u0644\u0646\u062d\u0644 \u0628\u062f\u0648\u0646 \u0637\u064a\u0627\u0631. \u0648\u064a\u062a\u0645\u064a\u0632 \u0647\u0630\u0627 \u0627\u0644\u0645\u0643\u0648\u0646\u060c \u0627\u0644\u0630\u064a \u064a\u062a\u0645 \u062c\u0645\u0639\u0647 \u0641\u064a \u0638\u0631\u0648\u0641 \u062e\u0627\u0636\u0639\u0629 \u0644\u0644\u0631\u0642\u0627\u0628\u0629 \u062e\u0644\u0627\u0644 \u0641\u062a\u0631\u0629 \u0645\u0639\u064a\u0646\u0629 \u0645\u0646 \u0645\u0633\u062a\u0639\u0645\u0631\u0627\u062a \u0627\u0644\u0646\u062d\u0644\u060c \u0628\u0628\u0646\u064a\u0629 \u0645\u0645\u064a\u0632\u0629 \u0645\u0646 \u062d\u064a\u062b \u0627\u0644\u0628\u0631\u0648\u062a\u064a\u0646 \u0648\u0627\u0644\u062f\u0647\u0648\u0646 \u0648\u0627\u0644\u0625\u0646\u0632\u064a\u0645\u0627\u062a \u0627\u0644\u0637\u0628\u064a\u0639\u064a\u0629 \u0648\u0627\u0644\u0645\u0648\u0627\u062f \u0627\u0644\u0646\u0634\u0637\u0629 \u0628\u064a\u0648\u0644\u0648\u062c\u064a\u064b\u0627.<\/p><p>\u064a\u0633\u0627\u0647\u0645 Apilarnil\u060c \u0627\u0644\u0630\u064a \u064a\u062a\u0645\u064a\u0632 \u0628\u0645\u062d\u062a\u0648\u0627\u0647 \u0645\u0646 \u0627\u0644\u0628\u0631\u0648\u062a\u064a\u0646\u060c \u0641\u064a \u0627\u0644\u062d\u0641\u0627\u0638 \u0639\u0644\u0649 \u0643\u062a\u0644\u0629 \u0627\u0644\u0639\u0636\u0644\u0627\u062a \u0648\u0632\u064a\u0627\u062f\u062a\u0647\u0627. \u064a\u0638\u0647\u0631 \u0647\u0630\u0627 \u0627\u0644\u062a\u0623\u062b\u064a\u0631 \u0645\u0639 \u062a\u0646\u0627\u0648\u0644 \u0643\u0645\u064a\u0629 \u0643\u0627\u0641\u064a\u0629 \u0645\u0646 \u0627\u0644\u0628\u0631\u0648\u062a\u064a\u0646 \u0643\u062c\u0632\u0621 \u0645\u0646 \u0646\u0638\u0627\u0645 \u063a\u0630\u0627\u0626\u064a \u0645\u062a\u0646\u0648\u0639 \u0648\u0645\u062a\u0648\u0627\u0632\u0646 \u0648\u0646\u0645\u0637 \u062d\u064a\u0627\u0629 \u0635\u062d\u064a.<\/p><p>\u064a\u062a\u0645 \u0625\u0646\u062a\u0627\u062c \u0623\u0628\u064a\u0644\u0627\u0631\u0646\u064a\u0644 \u0628\u0637\u0631\u0642 \u0645\u0633\u062a\u062f\u0627\u0645\u0629 \u0641\u064a \u0645\u0646\u0627\u0637\u0642 \u062a\u0631\u0628\u064a\u0629 \u0627\u0644\u0646\u062d\u0644. \u064a\u062a\u0645 \u062a\u062c\u0641\u064a\u0641 \u0627\u0644\u0645\u0646\u062a\u062c \u0628\u0627\u0644\u062a\u062c\u0645\u064a\u062f \u0641\u064a \u0634\u0643\u0644\u0647 \u0627\u0644\u0646\u0642\u064a. \u064a\u0645\u0643\u0646 \u0627\u0633\u062a\u062e\u062f\u0627\u0645 \u0647\u0630\u0627 \u0627\u0644\u0645\u0643\u0648\u0646 \u0627\u0644\u0637\u0628\u064a\u0639\u064a\u060c \u0627\u0644\u0630\u064a \u064a\u0639\u0648\u062f \u0627\u0633\u062a\u062e\u062f\u0627\u0645\u0647 \u0627\u0644\u062a\u0642\u0644\u064a\u062f\u064a \u0625\u0644\u0649 \u0642\u0631\u0648\u0646 \u0645\u0636\u062a\u060c \u0628\u0634\u0643\u0644 \u0645\u0628\u0627\u0634\u0631 \u0623\u0648 \u0628\u0623\u0634\u0643\u0627\u0644 \u0645\u062e\u062a\u0644\u0641\u0629 \u0641\u064a \u0639\u0645\u0644\u064a\u0627\u062a \u062a\u0637\u0648\u064a\u0631 \u0627\u0644\u0645\u0646\u062a\u062c\u0627\u062a.<\/p><ul><li>Protein ve do\u011fal besin \u00f6\u011feleri i\u00e7eri\u011fiyle artan besin ihtiyac\u0131n\u0131n kar\u015f\u0131lanmas\u0131na ve<br \/>genel v\u00fccut fonksiyonlar\u0131n\u0131n desteklenmesine katk\u0131 sa\u011flar.<\/li><li>Do\u011fal protein ve besin \u00f6\u011feleri i\u00e7eri\u011fiyle yo\u011fun ya\u015fam temposunda beslenmenin<br \/>desteklenmesine katk\u0131 sa\u011flamak amac\u0131yla tercih edilebilir.<\/li><\/ul><p><strong>\u062c\u062f\u0648\u0644 \u0627\u0644\u0645\u063a\u0630\u064a\u0627\u062a:<\/strong><\/p><table width=\"205\"><tbody><tr><td><strong>\u0627\u0644\u0645\u0643\u0648\u0646 \u0627\u0644\u0646\u0634\u0637<\/strong><\/td><td><strong>\u0627\u0644\u0643\u0645\u064a\u0629 (1 \u0642\u0631\u0635)<\/strong><\/td><\/tr><tr><td><strong>\u0623\u0628\u064a\u0644\u0627\u0631\u0646\u064a\u0644<\/strong><\/td><td><strong>50 \u0645\u062c\u0645<\/strong><\/td><\/tr><\/tbody><\/table><p><strong>\u0627\u0644\u0645\u062d\u062a\u0648\u064a\u0627\u062a:<\/strong><\/p><ul><li>\u0645\u0627\u0646\u064a\u062a\u0648\u0644\u060c \u0623\u0628\u064a\u0644\u0627\u0631\u0646\u064a\u0644 \u0645\u062c\u0641\u0641 \u0628\u0627\u0644\u062a\u0628\u0631\u064a\u062f\u060c \u0633\u0644\u064a\u0644\u0648\u0632 \u062f\u0642\u064a\u0642 \u0627\u0644\u062a\u0628\u0644\u0648\u0631\u060c \u0646\u0634\u0627 \u0627\u0644\u0623\u0631\u0632\u060c \u0646\u0643\u0647\u0629 \u0627\u0644\u0628\u0631\u062a\u0642\u0627\u0644 \u0648\u0627\u0644\u0644\u064a\u0645\u0648\u0646\u060c \u0623\u0645\u0644\u0627\u062d \u0627\u0644\u0645\u063a\u0646\u064a\u0633\u064a\u0648\u0645 \u0645\u0646 \u0627\u0644\u0623\u062d\u0645\u0627\u0636 \u0627\u0644\u062f\u0647\u0646\u064a\u0629<\/li><\/ul><p><strong>\u062a\u0639\u0644\u064a\u0645\u0627\u062a \u0627\u0644\u0627\u0633\u062a\u062e\u062f\u0627\u0645:<\/strong><\/p><ul><li>\u064a\u0648\u0635\u0649 \u0628\u062a\u0646\u0627\u0648\u0644 \u0642\u0631\u0635 \u0648\u0627\u062d\u062f \u064a\u0648\u0645\u064a\u0627\u064b.<\/li><li>\u0645\u0646\u0627\u0633\u0628 \u0644\u0644\u0627\u0633\u062a\u062e\u062f\u0627\u0645 \u0645\u0646 \u0642\u0628\u0644 \u0627\u0644\u0628\u0627\u0644\u063a\u064a\u0646 \u0645\u0646 \u0639\u0645\u0631 11 \u0633\u0646\u0629 \u0641\u0623\u0643\u062b\u0631.  \u064a\u062c\u0628 \u0623\u0644\u0627 \u064a\u0633\u062a\u062e\u062f\u0645\u0647 \u0627\u0644\u0623\u0634\u062e\u0627\u0635 \u0627\u0644\u0630\u064a\u0646 \u0644\u062f\u064a\u0647\u0645 \u062d\u0633\u0627\u0633\u064a\u0629 \u0645\u0646 \u0645\u0646\u062a\u062c\u0627\u062a \u0627\u0644\u0646\u062d\u0644.<\/li><\/ul><p><strong>\u0638\u0631\u0648\u0641 \u0627\u0644\u062a\u062e\u0632\u064a\u0646:<\/strong><\/p><ul><li>\u064a\u064f\u062d\u0641\u0638 \u0641\u064a \u0623\u0645\u0627\u0643\u0646 \u0628\u0627\u0631\u062f\u0629 \u0648\u062c\u0627\u0641\u0629 \u0628\u062f\u0631\u062c\u0629 \u062d\u0631\u0627\u0631\u0629 \u0623\u0642\u0644 \u0645\u0646 25 \u062f\u0631\u062c\u0629 \u0645\u0626\u0648\u064a\u0629.<\/li><\/ul>\t\t\t\t\t\t\t\t<\/div>\n\t\t\t\t<\/div>\n\t\t\t\t\t<\/div>\n\t\t<\/div>\n\t\t\t\t\t<\/div>\n\t\t<\/section>\n\t\t\t\t<section class=\"elementor-section elementor-top-section elementor-element elementor-element-9f29d18 elementor-section-full_width elementor-section-stretched elementor-section-height-default elementor-section-height-default\" data-id=\"9f29d18\" data-element_type=\"section\" data-settings=\"{&quot;stretch_section&quot;:&quot;section-stretched&quot;}\">\n\t\t\t\t\t\t<div class=\"elementor-container elementor-column-gap-default\">\n\t\t\t\t\t<div class=\"elementor-column elementor-col-100 elementor-top-column elementor-element elementor-element-d3b36f8\" data-id=\"d3b36f8\" data-element_type=\"column\">\n\t\t\t<div class=\"elementor-widget-wrap elementor-element-populated\">\n\t\t\t\t\t\t<div class=\"elementor-element elementor-element-c1c0d11 elementor-widget elementor-widget-ube-divider\" data-id=\"c1c0d11\" data-element_type=\"widget\" data-widget_type=\"ube-divider.default\">\n\t\t\t\t<div class=\"elementor-widget-container\">\n\t\t\t\t\t<div class=\"ube-divider ube-divider-style-solid\">\n\t<div class=\"ube-divider-separator\">\n\t\t\t<\/div>\n<\/div>\n\t\t\t\t<\/div>\n\t\t\t\t<\/div>\n\t\t\t\t<div class=\"elementor-element elementor-element-8ea7bf3 elementor-widget elementor-widget-spacer\" data-id=\"8ea7bf3\" data-element_type=\"widget\" data-widget_type=\"spacer.default\">\n\t\t\t\t<div class=\"elementor-widget-container\">\n\t\t\t\t\t\t\t<div class=\"elementor-spacer\">\n\t\t\t<div class=\"elementor-spacer-inner\"><\/div>\n\t\t<\/div>\n\t\t\t\t\t\t<\/div>\n\t\t\t\t<\/div>\n\t\t\t\t\t<\/div>\n\t\t<\/div>\n\t\t\t\t\t<\/div>\n\t\t<\/section>\n\t\t\t\t<section class=\"elementor-section elementor-top-section elementor-element elementor-element-947f29f elementor-section-boxed elementor-section-height-default elementor-section-height-default\" data-id=\"947f29f\" data-element_type=\"section\">\n\t\t\t\t\t\t<div class=\"elementor-container elementor-column-gap-default\">\n\t\t\t\t\t<div class=\"elementor-column elementor-col-100 elementor-top-column elementor-element elementor-element-61a4c82\" data-id=\"61a4c82\" data-element_type=\"column\">\n\t\t\t<div class=\"elementor-widget-wrap elementor-element-populated\">\n\t\t\t\t\t\t<div class=\"elementor-element elementor-element-a41332a elementor-widget elementor-widget-heading\" data-id=\"a41332a\" data-element_type=\"widget\" data-widget_type=\"heading.default\">\n\t\t\t\t<div class=\"elementor-widget-container\">\n\t\t\t\t\t<h2 class=\"elementor-heading-title elementor-size-default\">\u0645\u0646\u0634\u0648\u0631\u0627\u062a \u0630\u0627\u062a \u0635\u0644\u0629<\/h2>\t\t\t\t<\/div>\n\t\t\t\t<\/div>\n\t\t\t\t<div class=\"elementor-element elementor-element-060dc18 elementor-widget elementor-widget-ube-post-grid\" data-id=\"060dc18\" data-element_type=\"widget\" data-widget_type=\"ube-post-grid.default\">\n\t\t\t\t<div class=\"elementor-widget-container\">\n\t\t\t\t\t\n\n<div id=\"ube-post-list-060dc18\" class=\"ube-posts ube-post-grid ube-post-appender row\">\n\t<div class=\"ube-post-grid-item col-auto col-md-auto col-lg-4\">\n    <article class=\"card ube-post-item ube-post-grid-layout-01\">\n\t\t            <a class=\"ube-entry-post-thumb card-img-top\" href=\"https:\/\/qubtiva.com\/ar\/%d9%85%d8%b1%d8%a7%d8%ac%d8%b9%d8%a9-%d8%b9%d9%84%d9%85%d9%8a%d8%a9-%d8%b4%d8%a7%d9%85%d9%84%d8%a9-%d9%84%d9%86%d8%b4%d8%a7-%d8%a7%d9%84%d8%a3%d8%b1%d8%b2\/\"\n               style=\"background-image: url('https:\/\/qubtiva.com\/wp-content\/uploads\/2025\/07\/Exploring-the-Versatility-and-Value-of-Rice-Starch-in-Various-Industries.jpg');--ube-post-grid-ratio:75%;\">\n            <\/a>\n\t\t        <div class=\"card-body\">\n\t\t\t            <header class=\"ube-entry-header\">\n\t\t\t\t                    <h2 class=\"ube-entry-title card-title\">\n                        <a class=\"ube-post-link\" href=\"https:\/\/qubtiva.com\/ar\/%d9%85%d8%b1%d8%a7%d8%ac%d8%b9%d8%a9-%d8%b9%d9%84%d9%85%d9%8a%d8%a9-%d8%b4%d8%a7%d9%85%d9%84%d8%a9-%d9%84%d9%86%d8%b4%d8%a7-%d8%a7%d9%84%d8%a3%d8%b1%d8%b2\/\"\n                           title=\"\u0646\u0634\u0627 \u0627\u0644\u0623\u0631\u0632: \u0645\u0631\u0627\u062c\u0639\u0629 \u0639\u0644\u0645\u064a\u0629 \u0634\u0627\u0645\u0644\u0629\">\n\t\t\t\t\t\t\t\u0646\u0634\u0627 \u0627\u0644\u0623\u0631\u0632: \u0645\u0631\u0627\u062c\u0639\u0629 \u0639\u0644\u0645\u064a\u0629 \u0634\u0627\u0645\u0644\u0629                        <\/a>\n                    <\/h2>\n\t\t\t\t\t\t\t\t            <\/header>\n\t\t\t        <\/div>\n    <\/article>\n<\/div>\n\n\t\t\t<div class=\"ube-post-grid-item col-auto col-md-auto col-lg-4\">\n    <article class=\"card ube-post-item ube-post-grid-layout-01\">\n\t\t            <a class=\"ube-entry-post-thumb card-img-top\" href=\"https:\/\/qubtiva.com\/ar\/%d9%83%d9%8a%d9%81-%d9%8a%d8%ba%d9%8a%d8%b1-%d8%a3%d8%a8%d9%8a%d9%84%d8%a7%d8%b1%d9%86%d9%8a%d9%84-%d8%ac%d8%b3%d9%85%d9%83\/\"\n               style=\"background-image: url('https:\/\/qubtiva.com\/wp-content\/uploads\/2025\/05\/apilarnil.jpg');--ube-post-grid-ratio:75%;\">\n            <\/a>\n\t\t        <div class=\"card-body\">\n\t\t\t            <header class=\"ube-entry-header\">\n\t\t\t\t                    <h2 class=\"ube-entry-title card-title\">\n                        <a class=\"ube-post-link\" href=\"https:\/\/qubtiva.com\/ar\/%d9%83%d9%8a%d9%81-%d9%8a%d8%ba%d9%8a%d8%b1-%d8%a3%d8%a8%d9%8a%d9%84%d8%a7%d8%b1%d9%86%d9%8a%d9%84-%d8%ac%d8%b3%d9%85%d9%83\/\"\n                           title=\"\u0643\u064a\u0641 \u064a\u063a\u064a\u0631 \u0623\u0628\u064a\u0644\u0627\u0631\u0646\u064a\u0644 \u0645\u0646 \u062c\u0633\u0645\u0643\u061f\">\n\t\t\t\t\t\t\t\u0643\u064a\u0641 \u064a\u063a\u064a\u0631 \u0623\u0628\u064a\u0644\u0627\u0631\u0646\u064a\u0644 \u0645\u0646 \u062c\u0633\u0645\u0643\u061f                        <\/a>\n                    <\/h2>\n\t\t\t\t\t\t\t\t            <\/header>\n\t\t\t        <\/div>\n    <\/article>\n<\/div>\n\n\t\t\t<\/div>\n\n<div class=\"ube-post-list-paging\">\n\t<\/div>\n\t\t\t\t<\/div>\n\t\t\t\t<\/div>\n\t\t\t\t\t<\/div>\n\t\t<\/div>\n\t\t\t\t\t<\/div>\n\t\t<\/section>\n\t\t\t\t<\/div>","protected":false},"excerpt":{"rendered":"<p>\u064a\u0633\u062a\u062e\u0631\u062c \u0623\u0628\u064a\u0644\u0627\u0631\u0646\u064a\u0644 \u0627\u0644\u063a\u0646\u064a \u0628\u0627\u0644\u0645\u0643\u0648\u0646\u0627\u062a \u0627\u0644\u0646\u0634\u0637\u0629 \u0628\u064a\u0648\u0644\u0648\u062c\u064a\u064b\u0627 \u0645\u0646 \u0646\u0633\u0644 \u0630\u0643\u0648\u0631 \u0627\u0644\u0646\u062d\u0644 \u0648\u064a\u0628\u0642\u0649 \u062b\u0627\u0628\u062a\u064b\u0627 \u0644\u0641\u062a\u0631\u0629 \u0637\u0648\u064a\u0644\u0629 \u0628\u0641\u0636\u0644 \u0634\u0643\u0644\u0647 \u0627\u0644\u0645\u062c\u0641\u0641 \u0628\u0627\u0644\u062a\u062c\u0645\u064a\u062f. \u0628\u0641\u0636\u0644 \u0645\u062d\u062a\u0648\u0627\u0647 \u0645\u0646 \u0627\u0644\u0628\u0631\u0648\u062a\u064a\u0646\u060c \u064a\u0633\u0627\u0647\u0645 \u0641\u064a \u0627\u0644\u062d\u0641\u0627\u0638 \u0639\u0644\u0649 \u0643\u062a\u0644\u0629 \u0627\u0644\u0639\u0636\u0644\u0627\u062a \u0648\u0632\u064a\u0627\u062f\u062a\u0647\u0627.<\/p>\n<p>&nbsp;<\/p>","protected":false},"featured_media":9026,"comment_status":"open","ping_status":"closed","template":"","meta":[],"product_brand":[],"product_cat":[159],"product_tag":[],"class_list":{"0":"post-5428","1":"product","2":"type-product","3":"status-publish","4":"has-post-thumbnail","6":"product_cat-apiterapi-ari-urunleri","8":"first","9":"instock","10":"shipping-taxable","11":"purchasable","12":"product-type-simple"},"_links":{"self":[{"href":"https:\/\/qubtiva.com\/ar\/wp-json\/wp\/v2\/product\/5428","targetHints":{"allow":["GET"]}}],"collection":[{"href":"https:\/\/qubtiva.com\/ar\/wp-json\/wp\/v2\/product"}],"about":[{"href":"https:\/\/qubtiva.com\/ar\/wp-json\/wp\/v2\/types\/product"}],"replies":[{"embeddable":true,"href":"https:\/\/qubtiva.com\/ar\/wp-json\/wp\/v2\/comments?post=5428"}],"version-history":[{"count":21,"href":"https:\/\/qubtiva.com\/ar\/wp-json\/wp\/v2\/product\/5428\/revisions"}],"predecessor-version":[{"id":9320,"href":"https:\/\/qubtiva.com\/ar\/wp-json\/wp\/v2\/product\/5428\/revisions\/9320"}],"wp:featuredmedia":[{"embeddable":true,"href":"https:\/\/qubtiva.com\/ar\/wp-json\/wp\/v2\/media\/9026"}],"wp:attachment":[{"href":"https:\/\/qubtiva.com\/ar\/wp-json\/wp\/v2\/media?parent=5428"}],"wp:term":[{"taxonomy":"product_brand","embeddable":true,"href":"https:\/\/qubtiva.com\/ar\/wp-json\/wp\/v2\/product_brand?post=5428"},{"taxonomy":"product_cat","embeddable":true,"href":"https:\/\/qubtiva.com\/ar\/wp-json\/wp\/v2\/product_cat?post=5428"},{"taxonomy":"product_tag","embeddable":true,"href":"https:\/\/qubtiva.com\/ar\/wp-json\/wp\/v2\/product_tag?post=5428"}],"curies":[{"name":"wp","href":"https:\/\/api.w.org\/{rel}","templated":true}]}}