{"id":5434,"date":"2025-05-05T13:21:01","date_gmt":"2025-05-05T10:21:01","guid":{"rendered":"https:\/\/qubtiva.com\/?post_type=product&#038;p=5434"},"modified":"2026-02-19T14:48:23","modified_gmt":"2026-02-19T11:48:23","slug":"%d9%81%d9%8a%d8%aa%d8%a7%d9%85%d9%8a%d9%86-%d8%af3%d9%832","status":"publish","type":"product","link":"https:\/\/qubtiva.com\/ar\/product\/%d9%81%d9%8a%d8%aa%d8%a7%d9%85%d9%8a%d9%86-%d8%af3%d9%832\/","title":{"rendered":"\u0641\u064a\u062a\u0627\u0645\u064a\u0646 D3K2"},"content":{"rendered":"<div data-elementor-type=\"wp-post\" data-elementor-id=\"5434\" class=\"elementor elementor-5434\">\n\t\t\t\t\t\t<section class=\"elementor-section elementor-top-section elementor-element elementor-element-16c09dea elementor-section-boxed elementor-section-height-default elementor-section-height-default\" data-id=\"16c09dea\" data-element_type=\"section\">\n\t\t\t\t\t\t<div class=\"elementor-container elementor-column-gap-default\">\n\t\t\t\t\t<div class=\"elementor-column elementor-col-100 elementor-top-column elementor-element elementor-element-31c3ee4c\" data-id=\"31c3ee4c\" data-element_type=\"column\">\n\t\t\t<div class=\"elementor-widget-wrap elementor-element-populated\">\n\t\t\t\t\t\t<div class=\"elementor-element elementor-element-3bcc0baf elementor-widget elementor-widget-text-editor\" data-id=\"3bcc0baf\" data-element_type=\"widget\" data-widget_type=\"text-editor.default\">\n\t\t\t\t<div class=\"elementor-widget-container\">\n\t\t\t\t\t\t\t\t\t<p>\u064a\u0648\u0641\u0631 \u0627\u0644\u0645\u0632\u064a\u062c \u0645\u0646 \u0641\u064a\u062a\u0627\u0645\u064a\u0646 D3 (\u0643\u0648\u0644\u064a\u0643\u0627\u0644\u0633\u064a\u0641\u064a\u0631\u0648\u0644) \u0648\u0641\u064a\u062a\u0627\u0645\u064a\u0646 K2 (\u0627\u0644\u0645\u064a\u0646\u0627\u0643\u0648\u064a\u0646\u0648\u0646) \u0643\u0645\u064a\u0629 \u0641\u0639\u0627\u0644\u0629 \u0645\u0646 \u0647\u0630\u064a\u0646 \u0627\u0644\u0641\u064a\u062a\u0627\u0645\u064a\u0646\u064a\u0646 \u0627\u0644\u0645\u0647\u0645\u064a\u0646 \u0627\u0644\u0644\u0630\u064a\u0646 \u064a\u062d\u062a\u0627\u062c\u0647\u0645\u0627 \u0627\u0644\u062c\u0633\u0645. \u064a\u062a\u0645 \u0625\u0646\u062a\u0627\u062c \u0641\u064a\u062a\u0627\u0645\u064a\u0646 D3 \u0628\u0634\u0643\u0644 \u0637\u0628\u064a\u0639\u064a \u0645\u0646 \u0623\u0634\u0639\u0629 \u0627\u0644\u0634\u0645\u0633 \u0648\u064a\u0633\u0627\u0639\u062f \u0639\u0644\u0649 \u062f\u0639\u0645 \u0635\u062d\u0629 \u0627\u0644\u0639\u0638\u0627\u0645 \u0648\u0627\u0644\u062c\u0647\u0627\u0632 \u0627\u0644\u0645\u0646\u0627\u0639\u064a \u0648\u0627\u0644\u0635\u062d\u0629 \u0627\u0644\u0639\u0627\u0645\u0629. \u064a\u0639\u062a\u0628\u0631 \u0641\u064a\u062a\u0627\u0645\u064a\u0646 K2 \u0639\u0646\u0635\u0631\u0627\u064b \u0645\u0647\u0645\u0627\u064b\u060c \u062e\u0627\u0635\u0629\u064b \u0644\u0627\u0633\u062a\u0642\u0644\u0627\u0628 \u0627\u0644\u0643\u0627\u0644\u0633\u064a\u0648\u0645 \u0648\u062a\u0642\u0648\u064a\u0629 \u0628\u0646\u064a\u0629 \u0627\u0644\u0639\u0638\u0627\u0645.<\/p><p>\u0642\u0648\u0628\u062a\u064a\u0641\u0627 D3K2 \u062e\u0627\u0644\u064d \u0645\u0646 \u0627\u0644\u0645\u0648\u0627\u062f \u0627\u0644\u0645\u0636\u0627\u0641\u0629 \u0648\u0627\u0644\u0645\u0648\u0627\u062f \u0627\u0644\u062d\u0627\u0641\u0638\u0629 \u0648\u0627\u0644\u0645\u0644\u0648\u0646\u0627\u062a\u060c \u0648\u0628\u0627\u0644\u062a\u0627\u0644\u064a \u064a\u0648\u0641\u0631 \u062e\u064a\u0627\u0631\u064b\u0627 \u0646\u0642\u064a\u064b\u0627 \u0648\u0641\u0639\u0627\u0644\u064b\u0627. \u064a\u0639\u062a\u0628\u0631 \u0645\u0632\u064a\u062c \u0641\u064a\u062a\u0627\u0645\u064a\u0646 D3 \u0648 K2 \u0628\u062f\u064a\u0644\u0627\u064b \u0645\u062b\u0627\u0644\u064a\u064b\u0627 \u0644\u0623\u0648\u0644\u0626\u0643 \u0627\u0644\u0630\u064a\u0646 \u064a\u0628\u062d\u062b\u0648\u0646 \u0639\u0646 \u062f\u0639\u0645 \u0627\u0644\u0635\u062d\u0629 \u0627\u0644\u0639\u0627\u0645\u0629 \u0644\u0644\u062c\u0633\u0645.<\/p><ul><li>\u0634\u0643\u0644 \u0642\u0637\u0627\u0631\u0629 \u0633\u0639\u0629 30 \u0645\u0644 \u0644\u062c\u0631\u0639\u0627\u062a \u0633\u0647\u0644\u0629 \u0648\u0645\u0631\u0646\u0629<\/li><li>G\u00fcne\u015ften yeterinde faydalanmayan d\u00f6nemlerde kemik, kas ve ba\u011f\u0131\u015f\u0131kl\u0131k sisteminin<br \/>normal fonksiyonlar\u0131n\u0131n korunmas\u0131na katk\u0131 sa\u011flamak amac\u0131yla kullan\u0131labilir.<\/li><li>Yeterli g\u00fcne\u015f \u0131\u015f\u0131\u011f\u0131 al\u0131namayan d\u00f6nemlerde kemik ve kas fonksiyonlar\u0131n\u0131n normal<br \/>i\u015fleyi\u015finin desteklenmesine yard\u0131mc\u0131 olur.<\/li><\/ul><p><strong>\u062c\u062f\u0648\u0644 \u0627\u0644\u0645\u063a\u0630\u064a\u0627\u062a:<\/strong><\/p><table><tbody><tr><td width=\"141\"><strong>\u0627\u0644\u0645\u0643\u0648\u0646 \u0627\u0644\u0646\u0634\u0637<\/strong><\/td><td width=\"123\"><strong>1 \u0642\u0637\u0631\u0629<\/strong><\/td><td width=\"123\"><strong>BRD %<\/strong><\/td><\/tr><tr><td width=\"141\"><strong>\u0641\u064a\u062a\u0627\u0645\u064a\u0646 D3<\/strong><\/td><td width=\"123\"><strong>25 \u0645\u064a\u0643\u0631\u0648\u063a\u0631\u0627\u0645 (1000 \u0648\u062d\u062f\u0629 \u062f\u0648\u0644\u064a\u0629)<\/strong><\/td><td width=\"123\"><strong>500<\/strong><\/td><\/tr><tr><td width=\"141\"><strong>\u0641\u064a\u062a\u0627\u0645\u064a\u0646 K2<\/strong><\/td><td width=\"123\"><strong>25 \u0645\u064a\u0643\u0631\u0648\u063a\u0631\u0627\u0645<\/strong><\/td><td width=\"123\"><strong>33,3<\/strong><\/td><\/tr><\/tbody><\/table><p><em>\u0627\u0644\u0642\u064a\u0645\u0629 \u0627\u0644\u0645\u0631\u062c\u0639\u064a\u0629 \u0627\u0644\u063a\u0630\u0627\u0626\u064a\u0629 \u0627\u0644\u0642\u064a\u0645\u0629 \u0627\u0644\u0645\u0631\u062c\u0639\u064a\u0629 \u0644\u0644\u062a\u063a\u0630\u064a\u0629<\/em><\/p><p><strong>\u0627\u0644\u0645\u062d\u062a\u0648\u064a\u0627\u062a:<\/strong><\/p><ul><li>\u0632\u064a\u062a \u0627\u0644\u0632\u064a\u062a\u0648\u0646\u060c \u0648\u0641\u064a\u062a\u0627\u0645\u064a\u0646 D3 (\u0643\u0648\u0644\u064a\u0643\u0627\u0644\u0633\u064a\u0641\u064a\u0631\u0648\u0644)\u060c \u0648\u0641\u064a\u062a\u0627\u0645\u064a\u0646 K2 (\u0645\u064a\u0646\u0627\u0643\u0648\u064a\u0646\u0648\u0646-7)<\/li><\/ul><p><strong>\u062a\u0639\u0644\u064a\u0645\u0627\u062a \u0627\u0644\u0627\u0633\u062a\u062e\u062f\u0627\u0645:<\/strong><\/p><ul><li>\u064a\u0648\u0635\u0649 \u0628\u062a\u0646\u0627\u0648\u0644 \u0642\u0637\u0631\u0629 \u0648\u0627\u062d\u062f\u0629 \u064a\u0648\u0645\u064a\u0627\u064b.<\/li><li>\u0645\u0646\u0627\u0633\u0628 \u0644\u0644\u0627\u0633\u062a\u062e\u062f\u0627\u0645 \u0645\u0646 \u0642\u0628\u0644 \u0627\u0644\u0628\u0627\u0644\u063a\u064a\u0646 \u0645\u0646 \u0639\u0645\u0631 11 \u0639\u0627\u0645\u0627\u064b \u0641\u0623\u0643\u062b\u0631.<\/li><li><p>\u0627\u0633\u062a\u0634\u064a\u0631\u064a \u0637\u0628\u064a\u0628\u0643 \u0623\u062b\u0646\u0627\u0621 \u0627\u0644\u062d\u0645\u0644 \u0648\u0627\u0644\u0631\u0636\u0627\u0639\u0629 \u0627\u0644\u0637\u0628\u064a\u0639\u064a\u0629 \u0648\u0641\u064a \u062d\u0627\u0644\u0629 \u0627\u0644\u0645\u0631\u0636 \u0623\u0648 \u062a\u0646\u0627\u0648\u0644 \u0627\u0644\u0623\u062f\u0648\u064a\u0629.<\/p><\/li><\/ul><p><strong>\u0638\u0631\u0648\u0641 \u0627\u0644\u062a\u062e\u0632\u064a\u0646:<\/strong><\/p><ul><li>\u064a\u064f\u062d\u0641\u0638 \u0641\u064a \u0623\u0645\u0627\u0643\u0646 \u0628\u0627\u0631\u062f\u0629 \u0648\u062c\u0627\u0641\u0629 \u0628\u062f\u0631\u062c\u0629 \u062d\u0631\u0627\u0631\u0629 \u0623\u0642\u0644 \u0645\u0646 25 \u062f\u0631\u062c\u0629 \u0645\u0626\u0648\u064a\u0629.<\/li><\/ul><p><strong>\u0627\u0644\u0625\u0639\u0644\u0627\u0646\u0627\u062a \u0627\u0644\u0635\u062d\u064a\u0629:<\/strong><\/p><ul><li>\u064a\u0633\u0627\u0647\u0645 \u0641\u064a\u062a\u0627\u0645\u064a\u0646 \u062f \u0641\u064a \u0627\u0644\u0623\u062f\u0627\u0621 \u0627\u0644\u0637\u0628\u064a\u0639\u064a \u0644\u0644\u062c\u0647\u0627\u0632 \u0627\u0644\u0645\u0646\u0627\u0639\u064a \u0644\u062f\u0649 \u0627\u0644\u0623\u0637\u0641\u0627\u0644.<\/li><li>\u0641\u064a\u062a\u0627\u0645\u064a\u0646 \u062f \u0636\u0631\u0648\u0631\u064a \u0644\u0644\u0646\u0645\u0648 \u0627\u0644\u0637\u0628\u064a\u0639\u064a \u0648\u062a\u0637\u0648\u0631 \u0627\u0644\u0639\u0638\u0627\u0645 \u0644\u062f\u0649 \u0627\u0644\u0623\u0637\u0641\u0627\u0644.<\/li><li>\u064a\u0633\u0627\u0647\u0645 \u0641\u064a\u062a\u0627\u0645\u064a\u0646 \u062f \u0641\u064a \u0627\u0644\u0627\u0645\u062a\u0635\u0627\u0635\/\u0627\u0644\u0627\u0633\u062a\u062e\u062f\u0627\u0645 \u0627\u0644\u0637\u0628\u064a\u0639\u064a \u0644\u0644\u0643\u0627\u0644\u0633\u064a\u0648\u0645 \u0648\u0627\u0644\u0641\u0648\u0633\u0641\u0648\u0631.<\/li><li>\u064a\u0633\u0627\u0647\u0645 \u0641\u064a\u062a\u0627\u0645\u064a\u0646 (\u062f) \u0641\u064a \u0645\u0633\u062a\u0648\u064a\u0627\u062a \u0627\u0644\u0643\u0627\u0644\u0633\u064a\u0648\u0645 \u0627\u0644\u0637\u0628\u064a\u0639\u064a\u0629 \u0641\u064a \u0627\u0644\u062f\u0645.<\/li><li>\u064a\u0633\u0627\u0647\u0645 \u0641\u064a\u062a\u0627\u0645\u064a\u0646 \u062f \u0641\u064a \u0627\u0644\u062d\u0641\u0627\u0638 \u0639\u0644\u0649 \u0627\u0644\u0639\u0638\u0627\u0645 \u0627\u0644\u0637\u0628\u064a\u0639\u064a\u0629.<\/li><li>\u064a\u0633\u0627\u0647\u0645 \u0641\u064a\u062a\u0627\u0645\u064a\u0646 \u062f \u0641\u064a \u0627\u0644\u062d\u0641\u0627\u0638 \u0639\u0644\u0649 \u0648\u0638\u064a\u0641\u0629 \u0627\u0644\u0639\u0636\u0644\u0627\u062a \u0627\u0644\u0637\u0628\u064a\u0639\u064a\u0629.<\/li><li>\u064a\u0633\u0627\u0647\u0645 \u0641\u064a\u062a\u0627\u0645\u064a\u0646 \u062f \u0641\u064a \u0627\u0644\u062d\u0641\u0627\u0638 \u0639\u0644\u0649 \u0627\u0644\u0623\u0633\u0646\u0627\u0646 \u0627\u0644\u0637\u0628\u064a\u0639\u064a\u0629.<\/li><li>\u064a\u0633\u0627\u0647\u0645 \u0641\u064a\u062a\u0627\u0645\u064a\u0646 \u062f \u0641\u064a \u0627\u0644\u0648\u0638\u064a\u0641\u0629 \u0627\u0644\u0637\u0628\u064a\u0639\u064a\u0629 \u0644\u0644\u062c\u0647\u0627\u0632 \u0627\u0644\u0645\u0646\u0627\u0639\u064a.<\/li><li>\u064a\u0634\u0627\u0631\u0643 \u0641\u064a\u062a\u0627\u0645\u064a\u0646 (\u062f) \u0641\u064a \u0627\u0646\u0642\u0633\u0627\u0645 \u0627\u0644\u062e\u0644\u0627\u064a\u0627.<\/li><li>\u064a\u0633\u0627\u0647\u0645 \u0641\u064a\u062a\u0627\u0645\u064a\u0646 K \u0641\u064a \u062a\u062e\u062b\u0631 \u0627\u0644\u062f\u0645 \u0627\u0644\u0637\u0628\u064a\u0639\u064a.<\/li><li>\u064a\u0633\u0627\u0647\u0645 \u0641\u064a\u062a\u0627\u0645\u064a\u0646 K \u0641\u064a \u0627\u0644\u062d\u0641\u0627\u0638 \u0639\u0644\u0649 \u0627\u0644\u0639\u0638\u0627\u0645 \u0627\u0644\u0637\u0628\u064a\u0639\u064a\u0629.<\/li><\/ul><p>* \u0644\u0627\u0626\u062d\u0629 \u0627\u0633\u062a\u062e\u062f\u0627\u0645 \u0627\u0644\u0625\u0639\u0644\u0627\u0646 \u0627\u0644\u0635\u062d\u064a \u0641\u064a \u0627\u0644\u0623\u063a\u0630\u064a\u0629 \u0648\u0627\u0644\u0645\u0643\u0645\u0644\u0627\u062a \u0627\u0644\u063a\u0630\u0627\u0626\u064a\u0629 (\u0627\u0644\u062c\u0631\u064a\u062f\u0629 \u0627\u0644\u0631\u0633\u0645\u064a\u0629 \u0631\u0642\u0645 32169 \/ \u0628\u062a\u0627\u0631\u064a\u062e 20.04.2023)<\/p>\t\t\t\t\t\t\t\t<\/div>\n\t\t\t\t<\/div>\n\t\t\t\t\t<\/div>\n\t\t<\/div>\n\t\t\t\t\t<\/div>\n\t\t<\/section>\n\t\t\t\t<section class=\"elementor-section elementor-top-section elementor-element elementor-element-5db631f elementor-section-full_width elementor-section-stretched elementor-section-height-default elementor-section-height-default\" data-id=\"5db631f\" data-element_type=\"section\" data-settings=\"{&quot;stretch_section&quot;:&quot;section-stretched&quot;}\">\n\t\t\t\t\t\t<div class=\"elementor-container elementor-column-gap-default\">\n\t\t\t\t\t<div class=\"elementor-column elementor-col-100 elementor-top-column elementor-element elementor-element-eeb2122\" data-id=\"eeb2122\" data-element_type=\"column\">\n\t\t\t<div class=\"elementor-widget-wrap elementor-element-populated\">\n\t\t\t\t\t\t<div class=\"elementor-element elementor-element-edfbb6b elementor-widget elementor-widget-ube-divider\" data-id=\"edfbb6b\" data-element_type=\"widget\" data-widget_type=\"ube-divider.default\">\n\t\t\t\t<div class=\"elementor-widget-container\">\n\t\t\t\t\t<div class=\"ube-divider ube-divider-style-solid\">\n\t<div class=\"ube-divider-separator\">\n\t\t\t<\/div>\n<\/div>\n\t\t\t\t<\/div>\n\t\t\t\t<\/div>\n\t\t\t\t<div class=\"elementor-element elementor-element-699e30d elementor-widget elementor-widget-spacer\" data-id=\"699e30d\" data-element_type=\"widget\" data-widget_type=\"spacer.default\">\n\t\t\t\t<div class=\"elementor-widget-container\">\n\t\t\t\t\t\t\t<div class=\"elementor-spacer\">\n\t\t\t<div class=\"elementor-spacer-inner\"><\/div>\n\t\t<\/div>\n\t\t\t\t\t\t<\/div>\n\t\t\t\t<\/div>\n\t\t\t\t\t<\/div>\n\t\t<\/div>\n\t\t\t\t\t<\/div>\n\t\t<\/section>\n\t\t\t\t<section class=\"elementor-section elementor-top-section elementor-element elementor-element-3be3eac elementor-section-boxed elementor-section-height-default elementor-section-height-default\" data-id=\"3be3eac\" data-element_type=\"section\">\n\t\t\t\t\t\t<div class=\"elementor-container elementor-column-gap-default\">\n\t\t\t\t\t<div class=\"elementor-column elementor-col-100 elementor-top-column elementor-element elementor-element-441e4e9\" data-id=\"441e4e9\" data-element_type=\"column\">\n\t\t\t<div class=\"elementor-widget-wrap elementor-element-populated\">\n\t\t\t\t\t\t<div class=\"elementor-element elementor-element-699f682 elementor-widget elementor-widget-heading\" data-id=\"699f682\" data-element_type=\"widget\" data-widget_type=\"heading.default\">\n\t\t\t\t<div class=\"elementor-widget-container\">\n\t\t\t\t\t<h2 class=\"elementor-heading-title elementor-size-default\">\u0645\u0646\u0634\u0648\u0631\u0627\u062a \u0630\u0627\u062a \u0635\u0644\u0629<\/h2>\t\t\t\t<\/div>\n\t\t\t\t<\/div>\n\t\t\t\t<div class=\"elementor-element elementor-element-09e1de4 elementor-widget elementor-widget-ube-post-grid\" data-id=\"09e1de4\" data-element_type=\"widget\" data-widget_type=\"ube-post-grid.default\">\n\t\t\t\t<div class=\"elementor-widget-container\">\n\t\t\t\t\t\n\n<div id=\"ube-post-list-09e1de4\" class=\"ube-posts ube-post-grid ube-post-appender row\">\n\t<div class=\"ube-post-grid-item col-auto col-md-auto col-lg-4\">\n    <article class=\"card ube-post-item ube-post-grid-layout-01\">\n\t\t            <a class=\"ube-entry-post-thumb card-img-top\" href=\"https:\/\/qubtiva.com\/ar\/%d9%83%d9%8a%d9%81-%d9%8a%d8%ba%d9%8a%d8%b1-%d9%81%d9%8a%d8%aa%d8%a7%d9%85%d9%8a%d9%86-%d8%af-%d8%ac%d8%b3%d9%85%d9%83-2\/\"\n               style=\"background-image: url('https:\/\/qubtiva.com\/wp-content\/uploads\/2025\/05\/vitamin-k2.jpg');--ube-post-grid-ratio:75%;\">\n            <\/a>\n\t\t        <div class=\"card-body\">\n\t\t\t            <header class=\"ube-entry-header\">\n\t\t\t\t                    <h2 class=\"ube-entry-title card-title\">\n                        <a class=\"ube-post-link\" href=\"https:\/\/qubtiva.com\/ar\/%d9%83%d9%8a%d9%81-%d9%8a%d8%ba%d9%8a%d8%b1-%d9%81%d9%8a%d8%aa%d8%a7%d9%85%d9%8a%d9%86-%d8%af-%d8%ac%d8%b3%d9%85%d9%83-2\/\"\n                           title=\"\u0643\u064a\u0641 \u064a\u063a\u064a\u0631 \u0641\u064a\u062a\u0627\u0645\u064a\u0646 K2 \u0645\u0646 \u062c\u0633\u0645\u0643\">\n\t\t\t\t\t\t\t\u0643\u064a\u0641 \u064a\u063a\u064a\u0631 \u0641\u064a\u062a\u0627\u0645\u064a\u0646 K2 \u0645\u0646 \u062c\u0633\u0645\u0643                        <\/a>\n                    <\/h2>\n\t\t\t\t\t\t\t\t            <\/header>\n\t\t\t        <\/div>\n    <\/article>\n<\/div>\n\n\t\t\t<div class=\"ube-post-grid-item col-auto col-md-auto col-lg-4\">\n    <article class=\"card ube-post-item ube-post-grid-layout-01\">\n\t\t            <a class=\"ube-entry-post-thumb card-img-top\" href=\"https:\/\/qubtiva.com\/ar\/%d9%83%d9%8a%d9%81-%d9%8a%d8%ba%d9%8a%d8%b1-%d9%81%d9%8a%d8%aa%d8%a7%d9%85%d9%8a%d9%86-%d8%af-%d8%ac%d8%b3%d9%85%d9%83\/\"\n               style=\"background-image: url('https:\/\/qubtiva.com\/wp-content\/uploads\/2025\/05\/vitamin-d.jpg');--ube-post-grid-ratio:75%;\">\n            <\/a>\n\t\t        <div class=\"card-body\">\n\t\t\t            <header class=\"ube-entry-header\">\n\t\t\t\t                    <h2 class=\"ube-entry-title card-title\">\n                        <a class=\"ube-post-link\" href=\"https:\/\/qubtiva.com\/ar\/%d9%83%d9%8a%d9%81-%d9%8a%d8%ba%d9%8a%d8%b1-%d9%81%d9%8a%d8%aa%d8%a7%d9%85%d9%8a%d9%86-%d8%af-%d8%ac%d8%b3%d9%85%d9%83\/\"\n                           title=\"\u0643\u064a\u0641 \u064a\u063a\u064a\u0631 \u0641\u064a\u062a\u0627\u0645\u064a\u0646 (\u062f) \u062c\u0633\u0645\u0643\">\n\t\t\t\t\t\t\t\u0643\u064a\u0641 \u064a\u063a\u064a\u0631 \u0641\u064a\u062a\u0627\u0645\u064a\u0646 (\u062f) \u062c\u0633\u0645\u0643                        <\/a>\n                    <\/h2>\n\t\t\t\t\t\t\t\t            <\/header>\n\t\t\t        <\/div>\n    <\/article>\n<\/div>\n\n\t\t\t<\/div>\n\n<div class=\"ube-post-list-paging\">\n\t<\/div>\n\t\t\t\t<\/div>\n\t\t\t\t<\/div>\n\t\t\t\t\t<\/div>\n\t\t<\/div>\n\t\t\t\t\t<\/div>\n\t\t<\/section>\n\t\t\t\t<\/div>","protected":false},"excerpt":{"rendered":"<p>\u064a\u062d\u062a\u0648\u064a \u0642\u0648\u0628\u062a\u064a\u0641\u0627 \u0641\u064a\u062a\u0627\u0645\u064a\u0646 D3K2 \u0639\u0644\u0649 \u0641\u064a\u062a\u0627\u0645\u064a\u0646 D3 \u0627\u0644\u0630\u064a \u064a\u062f\u0639\u0645 \u0627\u0644\u0627\u0645\u062a\u0635\u0627\u0635\/\u0627\u0644\u0627\u0633\u062a\u062e\u062f\u0627\u0645 \u0627\u0644\u0637\u0628\u064a\u0639\u064a \u0644\u0644\u0643\u0627\u0644\u0633\u064a\u0648\u0645 \u0648\u0627\u0644\u0641\u0648\u0633\u0641\u0648\u0631 \u0648\u0627\u0644\u0648\u0638\u064a\u0641\u0629 \u0627\u0644\u0637\u0628\u064a\u0639\u064a\u0629 \u0644\u0644\u062c\u0647\u0627\u0632 \u0627\u0644\u0645\u0646\u0627\u0639\u064a \u0648\u0627\u0644\u062d\u0641\u0627\u0638 \u0639\u0644\u0649 \u0627\u0644\u0639\u0638\u0627\u0645 \u0627\u0644\u0637\u0628\u064a\u0639\u064a\u0629. \u064a\u0642\u062f\u0645 \u0647\u0630\u0627 \u0627\u0644\u0645\u0646\u062a\u062c \u0645\u062d\u062a\u0648\u0649 \u0646\u0642\u064a \u0648\u063a\u064a\u0631 \u0645\u063a\u0634\u0648\u0634.<\/p>","protected":false},"featured_media":9016,"comment_status":"open","ping_status":"closed","template":"","meta":[],"product_brand":[],"product_cat":[157],"product_tag":[],"class_list":{"0":"post-5434","1":"product","2":"type-product","3":"status-publish","4":"has-post-thumbnail","6":"product_cat-vitaminler","8":"first","9":"instock","10":"shipping-taxable","11":"purchasable","12":"product-type-simple"},"_links":{"self":[{"href":"https:\/\/qubtiva.com\/ar\/wp-json\/wp\/v2\/product\/5434","targetHints":{"allow":["GET"]}}],"collection":[{"href":"https:\/\/qubtiva.com\/ar\/wp-json\/wp\/v2\/product"}],"about":[{"href":"https:\/\/qubtiva.com\/ar\/wp-json\/wp\/v2\/types\/product"}],"replies":[{"embeddable":true,"href":"https:\/\/qubtiva.com\/ar\/wp-json\/wp\/v2\/comments?post=5434"}],"version-history":[{"count":24,"href":"https:\/\/qubtiva.com\/ar\/wp-json\/wp\/v2\/product\/5434\/revisions"}],"predecessor-version":[{"id":9329,"href":"https:\/\/qubtiva.com\/ar\/wp-json\/wp\/v2\/product\/5434\/revisions\/9329"}],"wp:featuredmedia":[{"embeddable":true,"href":"https:\/\/qubtiva.com\/ar\/wp-json\/wp\/v2\/media\/9016"}],"wp:attachment":[{"href":"https:\/\/qubtiva.com\/ar\/wp-json\/wp\/v2\/media?parent=5434"}],"wp:term":[{"taxonomy":"product_brand","embeddable":true,"href":"https:\/\/qubtiva.com\/ar\/wp-json\/wp\/v2\/product_brand?post=5434"},{"taxonomy":"product_cat","embeddable":true,"href":"https:\/\/qubtiva.com\/ar\/wp-json\/wp\/v2\/product_cat?post=5434"},{"taxonomy":"product_tag","embeddable":true,"href":"https:\/\/qubtiva.com\/ar\/wp-json\/wp\/v2\/product_tag?post=5434"}],"curies":[{"name":"wp","href":"https:\/\/api.w.org\/{rel}","templated":true}]}}