{"id":5436,"date":"2025-05-05T13:23:16","date_gmt":"2025-05-05T10:23:16","guid":{"rendered":"https:\/\/qubtiva.com\/?post_type=product&#038;p=5436"},"modified":"2026-05-09T11:50:35","modified_gmt":"2026-05-09T08:50:35","slug":"%d8%a7%d9%84%d8%a8%d8%b1%d8%a8%d8%b1-%d8%a7%d9%84%d8%b4%d8%a7%d8%a6%d8%b9","status":"publish","type":"product","link":"https:\/\/qubtiva.com\/ar\/product\/%d8%a7%d9%84%d8%a8%d8%b1%d8%a8%d8%b1-%d8%a7%d9%84%d8%b4%d8%a7%d8%a6%d8%b9\/","title":{"rendered":"\u0628\u064a\u0631\u0628\u064a\u0631\u064a\u0633 \u0641\u0648\u0644\u063a\u0627\u0631\u064a\u0633"},"content":{"rendered":"<div data-elementor-type=\"wp-post\" data-elementor-id=\"5436\" class=\"elementor elementor-5436\">\n\t\t\t\t\t\t<section class=\"elementor-section elementor-top-section elementor-element elementor-element-3d092090 elementor-section-boxed elementor-section-height-default elementor-section-height-default\" data-id=\"3d092090\" data-element_type=\"section\">\n\t\t\t\t\t\t<div class=\"elementor-container elementor-column-gap-default\">\n\t\t\t\t\t<div class=\"elementor-column elementor-col-100 elementor-top-column elementor-element elementor-element-698adb42\" data-id=\"698adb42\" data-element_type=\"column\">\n\t\t\t<div class=\"elementor-widget-wrap elementor-element-populated\">\n\t\t\t\t\t\t<div class=\"elementor-element elementor-element-355c5dce elementor-widget elementor-widget-text-editor\" data-id=\"355c5dce\" data-element_type=\"widget\" data-widget_type=\"text-editor.default\">\n\t\t\t\t<div class=\"elementor-widget-container\">\n\t\t\t\t\t\t\t\t\t<p data-start=\"1290\" data-end=\"1344\"><strong data-start=\"1290\" data-end=\"1344\">\u0645\u0633\u062a\u062e\u0644\u0635 \u0628\u064a\u0631\u0628\u064a\u0631\u064a\u0633 \u0641\u0648\u0644\u063a\u0627\u0631\u064a\u0633 (\u0623\u0646\u062b\u0649 \u0641\u0627\u0643\u0647\u0629 \u0627\u0644\u0645\u0644\u062d \u0627\u0644\u0635\u062e\u0631\u064a)<\/strong><\/p><p>\u0628\u064a\u0631\u0628\u064a\u0631\u064a\u0633 \u0641\u0648\u0644\u063a\u0627\u0631\u064a\u0633 \u0647\u0648 \u0646\u0628\u0627\u062a \u064a\u0633\u062a\u062e\u062f\u0645 \u0641\u064a \u0627\u0644\u062a\u0642\u0627\u0644\u064a\u062f \u0627\u0644\u0639\u0634\u0628\u064a\u0629 \u0645\u0646\u0630 \u0642\u0631\u0648\u0646. \u062a\u062d\u062a\u0648\u064a \u062b\u0645\u0627\u0631\u0647\u0627 \u0648\u062c\u0630\u0648\u0631\u0647\u0627 \u0639\u0644\u0649 \u0645\u0643\u0648\u0646\u0627\u062a \u0637\u0628\u064a\u0639\u064a\u0629. \u064a\u062d\u062a\u0648\u064a \u0645\u0646\u062a\u062c\u0646\u0627 \u0641\u064a \u0634\u0643\u0644 \u0643\u0628\u0633\u0648\u0644\u0627\u062a \u0639\u0634\u0628\u064a\u0629 \u0639\u0644\u0649 \u0645\u0633\u062a\u062e\u0644\u0635 \u0641\u0627\u0643\u0647\u0629 \u0627\u0644\u0628\u0631\u0628\u0631 \u0627\u0644\u0634\u0627\u0626\u0639.<\/p><ul><li>Metabolik dengenin korunmas\u0131na ve normal kan \u015fekeri metabolizmas\u0131n\u0131n<br \/>desteklenmesine yard\u0131mc\u0131 olmak amac\u0131yla kullan\u0131labilir.<\/li><li>Metabolik dengeyi desteklemek ve besinlerden al\u0131nan enerjinin kullan\u0131m\u0131na katk\u0131<br \/>sa\u011flamak amac\u0131yla geli\u015ftirilmi\u015ftir.<\/li><\/ul><p><strong>\u062c\u062f\u0648\u0644 \u0627\u0644\u0645\u063a\u0630\u064a\u0627\u062a:<\/strong><\/p><table><tbody><tr><td width=\"170\"><strong>\u0627\u0644\u0645\u0643\u0648\u0646 \u0627\u0644\u0646\u0634\u0637<\/strong><\/td><td width=\"94\"><strong>2 \u0643\u0628\u0633\u0648\u0644\u0629<\/strong><\/td><\/tr><tr><td width=\"170\"><strong>\u0641\u0627\u0643\u0647\u0629 \u0627\u0644\u0645\u0644\u062d \u0627\u0644\u0645\u0627\u0644\u062d \u0644\u0644\u0646\u0633\u0627\u0621<\/strong><\/td><td width=\"94\"><strong>500 \u0645\u062c\u0645<\/strong><\/td><\/tr><\/tbody><\/table><p><strong>\u0627\u0644\u0645\u062d\u062a\u0648\u064a\u0627\u062a:<\/strong><\/p><ul><li>\u0645\u0633\u062a\u062e\u0644\u0635 \u0627\u0644\u0641\u0627\u0643\u0647\u0629 (\u0628\u064a\u0631\u0628\u064a\u0631\u064a\u0633 \u0641\u0648\u0644\u063a\u0627\u0631\u064a\u0633)\u060c \u0643\u0628\u0633\u0648\u0644\u0629 \u0639\u0634\u0628\u064a\u0629\u060c \u0633\u0644\u064a\u0644\u0648\u0632 \u062c\u0631\u064a\u0632\u0648\u0641\u0648\u0644\u0641\u064a\u0646\u060c \u0623\u0645\u0644\u0627\u062d \u0627\u0644\u0645\u063a\u0646\u064a\u0633\u064a\u0648\u0645 \u0645\u0646 \u0627\u0644\u0623\u062d\u0645\u0627\u0636 \u0627\u0644\u062f\u0647\u0646\u064a\u0629<\/li><\/ul><p><strong>\u062a\u0648\u0635\u064a\u0629 \u0644\u0644\u0627\u0633\u062a\u062e\u062f\u0627\u0645:<\/strong><\/p><ul><li>\u064a\u0648\u0635\u0649 \u0628\u062a\u0646\u0627\u0648\u0644 \u0643\u0628\u0633\u0648\u0644\u062a\u064a\u0646 \u0641\u064a \u0627\u0644\u064a\u0648\u0645.<\/li><li>\u0645\u0646\u0627\u0633\u0628 \u0644\u0644\u0627\u0633\u062a\u062e\u062f\u0627\u0645 \u0645\u0646 \u0642\u0628\u0644 \u0627\u0644\u0628\u0627\u0644\u063a\u064a\u0646 \u0645\u0646 \u0639\u0645\u0631 11 \u0639\u0627\u0645\u0627\u064b \u0641\u0623\u0643\u062b\u0631.<\/li><li>\u0645\u0646\u0627\u0633\u0628 \u0644\u0644\u0646\u0628\u0627\u062a\u064a\u064a\u0646\/\u0627\u0644\u0646\u0628\u0627\u062a\u064a\u064a\u0646.<\/li><li><p>\u0627\u0633\u062a\u0634\u064a\u0631\u064a \u0637\u0628\u064a\u0628\u0643 \u0623\u062b\u0646\u0627\u0621 \u0627\u0644\u062d\u0645\u0644 \u0648\u0627\u0644\u0631\u0636\u0627\u0639\u0629 \u0627\u0644\u0637\u0628\u064a\u0639\u064a\u0629 \u0648\u0641\u064a \u062d\u0627\u0644\u0629 \u0627\u0644\u0645\u0631\u0636 \u0623\u0648 \u062a\u0646\u0627\u0648\u0644 \u0627\u0644\u0623\u062f\u0648\u064a\u0629.<\/p><\/li><\/ul><p><strong>\u0638\u0631\u0648\u0641 \u0627\u0644\u062a\u062e\u0632\u064a\u0646:<\/strong><\/p><ul><li>\u064a\u064f\u062d\u0641\u0638 \u0641\u064a \u0623\u0645\u0627\u0643\u0646 \u0628\u0627\u0631\u062f\u0629 \u0648\u062c\u0627\u0641\u0629 \u0628\u062f\u0631\u062c\u0629 \u062d\u0631\u0627\u0631\u0629 \u0623\u0642\u0644 \u0645\u0646 25 \u062f\u0631\u062c\u0629 \u0645\u0626\u0648\u064a\u0629.<\/li><\/ul>\t\t\t\t\t\t\t\t<\/div>\n\t\t\t\t<\/div>\n\t\t\t\t\t<\/div>\n\t\t<\/div>\n\t\t\t\t\t<\/div>\n\t\t<\/section>\n\t\t\t\t<section class=\"elementor-section elementor-top-section elementor-element elementor-element-e16ae81 elementor-section-full_width elementor-section-stretched elementor-section-height-default elementor-section-height-default\" data-id=\"e16ae81\" data-element_type=\"section\" data-settings=\"{&quot;stretch_section&quot;:&quot;section-stretched&quot;}\">\n\t\t\t\t\t\t<div class=\"elementor-container elementor-column-gap-default\">\n\t\t\t\t\t<div class=\"elementor-column elementor-col-100 elementor-top-column elementor-element elementor-element-90eb02b\" data-id=\"90eb02b\" data-element_type=\"column\">\n\t\t\t<div class=\"elementor-widget-wrap elementor-element-populated\">\n\t\t\t\t\t\t<div class=\"elementor-element elementor-element-dd5bf35 elementor-widget elementor-widget-ube-divider\" data-id=\"dd5bf35\" data-element_type=\"widget\" data-widget_type=\"ube-divider.default\">\n\t\t\t\t<div class=\"elementor-widget-container\">\n\t\t\t\t\t<div class=\"ube-divider ube-divider-style-solid\">\n\t<div class=\"ube-divider-separator\">\n\t\t\t<\/div>\n<\/div>\n\t\t\t\t<\/div>\n\t\t\t\t<\/div>\n\t\t\t\t<div class=\"elementor-element elementor-element-55f7363 elementor-widget elementor-widget-spacer\" data-id=\"55f7363\" data-element_type=\"widget\" data-widget_type=\"spacer.default\">\n\t\t\t\t<div class=\"elementor-widget-container\">\n\t\t\t\t\t\t\t<div class=\"elementor-spacer\">\n\t\t\t<div class=\"elementor-spacer-inner\"><\/div>\n\t\t<\/div>\n\t\t\t\t\t\t<\/div>\n\t\t\t\t<\/div>\n\t\t\t\t\t<\/div>\n\t\t<\/div>\n\t\t\t\t\t<\/div>\n\t\t<\/section>\n\t\t\t\t<section class=\"elementor-section elementor-top-section elementor-element elementor-element-806185f elementor-section-boxed elementor-section-height-default elementor-section-height-default\" data-id=\"806185f\" data-element_type=\"section\">\n\t\t\t\t\t\t<div class=\"elementor-container elementor-column-gap-default\">\n\t\t\t\t\t<div class=\"elementor-column elementor-col-100 elementor-top-column elementor-element elementor-element-90e2727\" data-id=\"90e2727\" data-element_type=\"column\">\n\t\t\t<div class=\"elementor-widget-wrap elementor-element-populated\">\n\t\t\t\t\t\t<div class=\"elementor-element elementor-element-697b64f elementor-widget elementor-widget-heading\" data-id=\"697b64f\" data-element_type=\"widget\" data-widget_type=\"heading.default\">\n\t\t\t\t<div class=\"elementor-widget-container\">\n\t\t\t\t\t<h2 class=\"elementor-heading-title elementor-size-default\">\u0645\u0646\u0634\u0648\u0631\u0627\u062a \u0630\u0627\u062a \u0635\u0644\u0629<\/h2>\t\t\t\t<\/div>\n\t\t\t\t<\/div>\n\t\t\t\t<div class=\"elementor-element elementor-element-fcd7860 elementor-widget elementor-widget-ube-post-grid\" data-id=\"fcd7860\" data-element_type=\"widget\" data-widget_type=\"ube-post-grid.default\">\n\t\t\t\t<div class=\"elementor-widget-container\">\n\t\t\t\t\t\n\n<div id=\"ube-post-list-fcd7860\" class=\"ube-posts ube-post-grid ube-post-appender row\">\n\t<div class=\"ube-post-grid-item col-auto col-md-auto col-lg-4\">\n    <article class=\"card ube-post-item ube-post-grid-layout-01\">\n\t\t            <a class=\"ube-entry-post-thumb card-img-top\" href=\"https:\/\/qubtiva.com\/ar\/%d9%85%d8%b1%d8%a7%d8%ac%d8%b9%d8%a9-%d8%b9%d9%84%d9%85%d9%8a%d8%a9-%d8%b4%d8%a7%d9%85%d9%84%d8%a9-%d9%84%d8%a3%d9%86%d8%ab%d9%89-%d9%81%d8%a7%d9%83%d9%87%d8%a9-%d8%a7%d9%84%d8%a8%d8%b1%d8%a8%d8%b1\/\"\n               style=\"background-image: url('https:\/\/qubtiva.com\/wp-content\/uploads\/2025\/06\/kadin-tuzlugu.webp');--ube-post-grid-ratio:75%;\">\n            <\/a>\n\t\t        <div class=\"card-body\">\n\t\t\t            <header class=\"ube-entry-header\">\n\t\t\t\t                    <h2 class=\"ube-entry-title card-title\">\n                        <a class=\"ube-post-link\" href=\"https:\/\/qubtiva.com\/ar\/%d9%85%d8%b1%d8%a7%d8%ac%d8%b9%d8%a9-%d8%b9%d9%84%d9%85%d9%8a%d8%a9-%d8%b4%d8%a7%d9%85%d9%84%d8%a9-%d9%84%d8%a3%d9%86%d8%ab%d9%89-%d9%81%d8%a7%d9%83%d9%87%d8%a9-%d8%a7%d9%84%d8%a8%d8%b1%d8%a8%d8%b1\/\"\n                           title=\"\u0623\u0646\u062b\u0649 \u0641\u0627\u0643\u0647\u0629 \u0627\u0644\u0645\u0644\u062d \u0627\u0644\u0635\u062e\u0631\u064a (Berberis Vulgaris): \u0645\u0631\u0627\u062c\u0639\u0629 \u0639\u0644\u0645\u064a\u0629 \u0634\u0627\u0645\u0644\u0629\">\n\t\t\t\t\t\t\t\u0623\u0646\u062b\u0649 \u0641\u0627\u0643\u0647\u0629 \u0627\u0644\u0645\u0644\u062d \u0627\u0644\u0635\u062e\u0631\u064a (Berberis Vulgaris): \u0645\u0631\u0627\u062c\u0639\u0629 \u0639\u0644\u0645\u064a\u0629 \u0634\u0627\u0645\u0644\u0629                        <\/a>\n                    <\/h2>\n\t\t\t\t\t\t\t\t            <\/header>\n\t\t\t        <\/div>\n    <\/article>\n<\/div>\n\n\t\t\t<div class=\"ube-post-grid-item col-auto col-md-auto col-lg-4\">\n    <article class=\"card ube-post-item ube-post-grid-layout-01\">\n\t\t            <a class=\"ube-entry-post-thumb card-img-top\" href=\"https:\/\/qubtiva.com\/ar\/%d9%83%d9%8a%d9%81-%d9%8a%d8%ba%d9%8a%d8%b1-%d8%a7%d9%84%d8%ad%d9%84%d8%a7%d9%82-%d8%ac%d8%b3%d9%85%d9%83\/\"\n               style=\"background-image: url('https:\/\/qubtiva.com\/wp-content\/uploads\/2025\/05\/Berberin.jpg');--ube-post-grid-ratio:75%;\">\n            <\/a>\n\t\t        <div class=\"card-body\">\n\t\t\t            <header class=\"ube-entry-header\">\n\t\t\t\t                    <h2 class=\"ube-entry-title card-title\">\n                        <a class=\"ube-post-link\" href=\"https:\/\/qubtiva.com\/ar\/%d9%83%d9%8a%d9%81-%d9%8a%d8%ba%d9%8a%d8%b1-%d8%a7%d9%84%d8%ad%d9%84%d8%a7%d9%82-%d8%ac%d8%b3%d9%85%d9%83\/\"\n                           title=\"\u0643\u064a\u0641 \u062a\u063a\u064a\u0651\u0631 \u0627\u0644\u062d\u0644\u0627\u0642\u0629 \u062c\u0633\u0645\u0643\u061f\">\n\t\t\t\t\t\t\t\u0643\u064a\u0641 \u062a\u063a\u064a\u0651\u0631 \u0627\u0644\u062d\u0644\u0627\u0642\u0629 \u062c\u0633\u0645\u0643\u061f                        <\/a>\n                    <\/h2>\n\t\t\t\t\t\t\t\t            <\/header>\n\t\t\t        <\/div>\n    <\/article>\n<\/div>\n\n\t\t\t<\/div>\n\n<div class=\"ube-post-list-paging\">\n\t<\/div>\n\t\t\t\t<\/div>\n\t\t\t\t<\/div>\n\t\t\t\t\t<\/div>\n\t\t<\/div>\n\t\t\t\t\t<\/div>\n\t\t<\/section>\n\t\t\t\t<\/div>","protected":false},"excerpt":{"rendered":"<p>\u0628\u064a\u0631\u0628\u064a\u0631\u064a\u0633 \u0641\u0648\u0644\u063a\u0627\u0631\u064a\u0633 (\u0623\u0646\u062b\u0649 \u0627\u0644\u0645\u0644\u062d \u0627\u0644\u0634\u0627\u0626\u0639) \u0647\u0648 \u0645\u0633\u062a\u062e\u0644\u0635 \u0646\u0628\u0627\u062a\u064a \u0637\u0628\u064a\u0639\u064a \u0644\u0647 \u062a\u0627\u0631\u064a\u062e \u0637\u0648\u064a\u0644 \u0645\u0646 \u0627\u0644\u0627\u0633\u062a\u062e\u062f\u0627\u0645. \u064a\u0648\u0641\u0631 \u062a\u0631\u0643\u064a\u0628\u0647 \u0641\u064a \u0634\u0643\u0644 \u0643\u0628\u0633\u0648\u0644\u0629\u060c \u0625\u0644\u0649 \u062c\u0627\u0646\u0628 \u0627\u0644\u0645\u0643\u0648\u0646\u0627\u062a \u0627\u0644\u0646\u0634\u0637\u0629 \u0641\u064a \u0645\u062d\u062a\u0648\u0627\u0647\u060c \u0627\u0633\u062a\u062e\u062f\u0627\u0645\u0627\u064b \u0645\u0646\u062a\u0638\u0645\u0627\u064b \u0648\u0633\u0647\u0644\u0627\u064b.<\/p>","protected":false},"featured_media":9013,"comment_status":"open","ping_status":"closed","template":"","meta":[],"product_brand":[],"product_cat":[100],"product_tag":[],"class_list":{"0":"post-5436","1":"product","2":"type-product","3":"status-publish","4":"has-post-thumbnail","6":"product_cat-bitkisel-destekler","8":"first","9":"instock","10":"shipping-taxable","11":"purchasable","12":"product-type-simple"},"_links":{"self":[{"href":"https:\/\/qubtiva.com\/ar\/wp-json\/wp\/v2\/product\/5436","targetHints":{"allow":["GET"]}}],"collection":[{"href":"https:\/\/qubtiva.com\/ar\/wp-json\/wp\/v2\/product"}],"about":[{"href":"https:\/\/qubtiva.com\/ar\/wp-json\/wp\/v2\/types\/product"}],"replies":[{"embeddable":true,"href":"https:\/\/qubtiva.com\/ar\/wp-json\/wp\/v2\/comments?post=5436"}],"version-history":[{"count":19,"href":"https:\/\/qubtiva.com\/ar\/wp-json\/wp\/v2\/product\/5436\/revisions"}],"predecessor-version":[{"id":9311,"href":"https:\/\/qubtiva.com\/ar\/wp-json\/wp\/v2\/product\/5436\/revisions\/9311"}],"wp:featuredmedia":[{"embeddable":true,"href":"https:\/\/qubtiva.com\/ar\/wp-json\/wp\/v2\/media\/9013"}],"wp:attachment":[{"href":"https:\/\/qubtiva.com\/ar\/wp-json\/wp\/v2\/media?parent=5436"}],"wp:term":[{"taxonomy":"product_brand","embeddable":true,"href":"https:\/\/qubtiva.com\/ar\/wp-json\/wp\/v2\/product_brand?post=5436"},{"taxonomy":"product_cat","embeddable":true,"href":"https:\/\/qubtiva.com\/ar\/wp-json\/wp\/v2\/product_cat?post=5436"},{"taxonomy":"product_tag","embeddable":true,"href":"https:\/\/qubtiva.com\/ar\/wp-json\/wp\/v2\/product_tag?post=5436"}],"curies":[{"name":"wp","href":"https:\/\/api.w.org\/{rel}","templated":true}]}}