{"id":5444,"date":"2021-10-01T13:55:08","date_gmt":"2021-10-01T10:55:08","guid":{"rendered":"https:\/\/qubtiva.com\/?post_type=product&#038;p=5444"},"modified":"2026-02-19T14:50:07","modified_gmt":"2026-02-19T11:50:07","slug":"%d9%81%d9%8a%d8%aa%d8%a7%d9%85%d9%8a%d9%86-%d8%ac-%d9%83%d8%a7%d9%84%d8%b3%d9%8a%d9%88%d9%85-%d8%a7%d9%84%d9%83%d8%a7%d9%84%d8%b3%d9%8a%d9%88%d9%85-%d9%84-%d8%a3%d8%b3%d9%83%d9%88%d8%b1%d8%a8%d8%a7","status":"publish","type":"product","link":"https:\/\/qubtiva.com\/ar\/product\/%d9%81%d9%8a%d8%aa%d8%a7%d9%85%d9%8a%d9%86-%d8%ac-%d9%83%d8%a7%d9%84%d8%b3%d9%8a%d9%88%d9%85-%d8%a7%d9%84%d9%83%d8%a7%d9%84%d8%b3%d9%8a%d9%88%d9%85-%d9%84-%d8%a3%d8%b3%d9%83%d9%88%d8%b1%d8%a8%d8%a7\/","title":{"rendered":"\u0641\u064a\u062a\u0627\u0645\u064a\u0646 \u0633\u064a - \u0643\u0627\u0644\u0633\u064a\u0648\u0645 \u0625\u0644-\u0623\u0633\u0643\u0648\u0631\u0628\u0627\u062a \u0648\u062d\u0645\u0636\u064a\u0627\u062a \u0628\u064a\u0648\u0641\u0644\u0627"},"content":{"rendered":"<div data-elementor-type=\"wp-post\" data-elementor-id=\"5444\" class=\"elementor elementor-5444\">\n\t\t\t\t\t\t<section class=\"elementor-section elementor-top-section elementor-element elementor-element-292542ca elementor-section-boxed elementor-section-height-default elementor-section-height-default\" data-id=\"292542ca\" data-element_type=\"section\">\n\t\t\t\t\t\t<div class=\"elementor-container elementor-column-gap-default\">\n\t\t\t\t\t<div class=\"elementor-column elementor-col-100 elementor-top-column elementor-element elementor-element-22046fad\" data-id=\"22046fad\" data-element_type=\"column\">\n\t\t\t<div class=\"elementor-widget-wrap elementor-element-populated\">\n\t\t\t\t\t\t<div class=\"elementor-element elementor-element-57264941 elementor-widget elementor-widget-text-editor\" data-id=\"57264941\" data-element_type=\"widget\" data-widget_type=\"text-editor.default\">\n\t\t\t\t<div class=\"elementor-widget-container\">\n\t\t\t\t\t\t\t\t\t<p>\u062a\u062c\u0645\u0639 \u0647\u0630\u0647 \u0627\u0644\u062a\u0631\u0643\u064a\u0628\u0629 \u0627\u0644\u062e\u0627\u0635\u0629 \u0628\u064a\u0646 \u0641\u064a\u062a\u0627\u0645\u064a\u0646 C \u0639\u0644\u0649 \u0634\u0643\u0644 \u0627\u0644\u0643\u0627\u0644\u0633\u064a\u0648\u0645 \u0625\u0644-\u0623\u0633\u0643\u0648\u0631\u0628\u0627\u062a \u0645\u0639 \u0628\u064a\u0648\u0641\u0644\u0627\u0641\u0648\u0646\u0648\u064a\u062f\u0627\u062a \u0627\u0644\u062d\u0645\u0636\u064a\u0627\u062a \u0648\u0627\u0644\u0631\u0648\u062a\u064a\u0646 \u0648\u0645\u0633\u062a\u062e\u0644\u0635 \u0623\u0646\u0641 \u0627\u0644\u0637\u0627\u0626\u0631 \u0644\u062e\u0644\u0642 \u062a\u0623\u062b\u064a\u0631 \u062a\u0622\u0632\u0631\u064a. \u064a\u0639\u0632\u0632 \u0643\u0644 \u0645\u0643\u0648\u0646 \u062a\u0623\u062b\u064a\u0631 \u0627\u0644\u0645\u0643\u0648\u0646 \u0627\u0644\u0622\u062e\u0631\u060c \u0645\u0645\u0627 \u064a\u0648\u0641\u0631 \u0627\u0644\u062f\u0639\u0645 \u0627\u0644\u0630\u064a \u064a\u062d\u062a\u0627\u062c\u0647 \u0627\u0644\u062c\u0633\u0645. \u064a\u062a\u0645 \u0627\u0645\u062a\u0635\u0627\u0635 \u0627\u0644\u0643\u0627\u0644\u0633\u064a\u0648\u0645 \u0625\u0644-\u0623\u0633\u0643\u0648\u0631\u0628\u0627\u062a \u0628\u0633\u0647\u0648\u0644\u0629 \u0641\u064a \u0627\u0644\u062c\u0633\u0645 \u0628\u0641\u0636\u0644 \u062a\u0648\u0627\u0641\u0631\u0647 \u0627\u0644\u062d\u064a\u0648\u064a \u0627\u0644\u0639\u0627\u0644\u064a \u0648\u064a\u0648\u0641\u0631 \u0641\u0639\u0627\u0644\u064a\u0629 \u062f\u0648\u0646 \u062a\u0647\u064a\u062c \u0627\u0644\u0645\u0639\u062f\u0629. \u062a\u0639\u0645\u0644 \u0628\u064a\u0648\u0641\u0644\u0627\u0641\u0648\u0646\u0648\u064a\u062f\u0627\u062a \u0627\u0644\u062d\u0645\u0636\u064a\u0627\u062a \u0648\u0627\u0644\u0631\u0648\u062a\u064a\u0646 \u0639\u0644\u0649 \u062a\u0639\u0632\u064a\u0632 \u0627\u0645\u062a\u0635\u0627\u0635 \u0641\u064a\u062a\u0627\u0645\u064a\u0646 C \u0648\u062a\u0648\u0641\u0631 \u0644\u0644\u062c\u0633\u0645 \u062f\u0639\u0645\u0627\u064b \u0625\u0636\u0627\u0641\u064a\u0627\u064b \u0645\u0636\u0627\u062f\u0627\u064b \u0644\u0644\u0623\u0643\u0633\u062f\u0629. \u064a\u0643\u0645\u0644 \u0645\u0633\u062a\u062e\u0644\u0635 \u062b\u0645\u0631 \u0627\u0644\u0648\u0631\u062f \u0647\u0630\u0627 \u0627\u0644\u0645\u0632\u064a\u062c \u0627\u0644\u062a\u0622\u0632\u0631\u064a \u0648\u064a\u062b\u0631\u064a \u0627\u0644\u0645\u0643\u0645\u0644 \u0627\u0644\u063a\u0630\u0627\u0626\u064a.<\/p><ul><li>Oksidatif Stresin artt\u0131\u011f\u0131 d\u00f6nemlerde ba\u011f\u0131\u015f\u0131kl\u0131k sisteminin normal fonksiyonlar\u0131n\u0131<br \/>desteklemek ve g\u00fcnl\u00fck C vitamini ihtiyac\u0131n\u0131n kar\u015f\u0131lamaya yard\u0131mc\u0131 olmak amac\u0131yla<br \/>tercih edilebilir.<\/li><li>G\u00fcnl\u00fck ya\u015famda artan \u00e7evresel fakt\u00f6rlere kar\u015f\u0131 antioksidan deste\u011fin sa\u011flanmas\u0131na ve<br \/>ba\u011f\u0131\u015f\u0131kl\u0131k sisteminin normal fonksiyonlar\u0131n\u0131n korunmas\u0131na katk\u0131 sa\u011flar.<\/li><\/ul><p><strong>\u062c\u062f\u0648\u0644 \u0627\u0644\u0645\u063a\u0630\u064a\u0627\u062a:<\/strong><\/p><table><tbody><tr><td width=\"141\"><strong>\u0627\u0644\u0645\u0643\u0648\u0646 \u0627\u0644\u0646\u0634\u0637<\/strong><\/td><td width=\"123\"><strong>1 \u0642\u0631\u0635<\/strong><\/td><td width=\"123\"><strong>BRD %<\/strong><\/td><\/tr><tr><td width=\"141\"><strong>\u0641\u064a\u062a\u0627\u0645\u064a\u0646 \u062c*<\/strong><\/td><td width=\"123\"><strong>1000 \u0645\u062c\u0645<\/strong><\/td><td width=\"123\"><strong>1250<\/strong><\/td><\/tr><tr><td width=\"141\"><strong>\u0628\u064a\u0648\u0641\u0644\u0627\u0641\u0648\u0646\u0648\u064a\u062f\u0627\u062a \u0627\u0644\u062d\u0645\u0636\u064a\u0627\u062a<\/strong><\/td><td width=\"123\"><strong>200 \u0645\u062c\u0645 <\/strong><\/td><td width=\"123\"><strong>&#8211;<\/strong><\/td><\/tr><tr><td width=\"141\"><strong>\u0627\u0644\u0631\u0648\u062a\u064a\u0646 <\/strong><\/td><td width=\"123\"><strong>25 \u0645\u062c\u0645<\/strong><\/td><td width=\"123\"><strong>&#8211;<\/strong><\/td><\/tr><tr><td width=\"141\"><strong>\u0645\u0633\u062a\u062e\u0644\u0635 \u062b\u0645\u0631 \u0627\u0644\u0648\u0631\u062f<\/strong><\/td><td width=\"123\"><strong>25 \u0645\u062c\u0645<\/strong><\/td><td width=\"123\"><strong>&#8211;<\/strong><\/td><\/tr><\/tbody><\/table><p><em>\u00a0\u0627\u0644\u0642\u064a\u0645\u0629 \u0627\u0644\u0645\u0631\u062c\u0639\u064a\u0629 \u0627\u0644\u063a\u0630\u0627\u0626\u064a\u0629 \u0627\u0644\u0642\u064a\u0645\u0629 \u0627\u0644\u0645\u0631\u062c\u0639\u064a\u0629 \u0644\u0644\u062a\u063a\u0630\u064a\u0629<\/em><br \/><em>*\u0641\u064a\u062a\u0627\u0645\u064a\u0646 C \u0645\u0646 \u0627\u0644\u0643\u0627\u0644\u0633\u064a\u0648\u0645 \u0625\u0644-\u0623\u0633\u0643\u0648\u0631\u0628\u0627\u062a 1109.9 \u0645\u0644\u063a\u0645<\/em><\/p><p><strong>\u0627\u0644\u0645\u062d\u062a\u0648\u064a\u0627\u062a:<\/strong><\/p><ul><li>\u0623\u0633\u0643\u0648\u0631\u0628\u0627\u062a\u060c \u0627\u0644\u0643\u0627\u0644\u0633\u064a\u0648\u0645 \u0644- \u0623\u0633\u0643\u0648\u0631\u0628\u0627\u062a\u060c \u0627\u0644\u0633\u0644\u064a\u0644\u0648\u0632 \u0627\u0644\u062c\u0631\u064a\u0632\u0648\u0641\u0648\u0644\u0641\u0648\u0644\u0641\u064a\u0646\u060c \u0628\u064a\u0648\u0641\u0644\u0627\u0641\u0648\u0646\u0648\u064a\u062f\u0627\u062a \u0627\u0644\u062d\u0645\u0636\u064a\u0627\u062a)\u060c \u0628\u0648\u0644\u064a \u0641\u064a\u0646\u064a\u0644 \u0628\u064a\u0631\u0648\u0644\u064a\u062f\u0648\u0646- \u0641\u064a\u0646\u064a\u0644 \u0623\u0633\u064a\u062a\u0627\u062a \u0643\u0648\u0628\u0648\u0644\u064a\u0645\u0631\u060c \u0646\u0634\u0627 \u0628\u0631\u064a\u062c\u064a\u0644\u0627\u062a\u064a\u0646\u064a\u060c \u0631\u0648\u062a\u064a\u0646\u060c \u0645\u0633\u062a\u062e\u0644\u0635 \u0641\u0627\u0643\u0647\u0629 \u062b\u0645\u0631 \u0627\u0644\u0648\u0631\u062f\u060c \u0623\u0645\u0644\u0627\u062d \u0627\u0644\u0645\u063a\u0646\u064a\u0633\u064a\u0648\u0645 \u0645\u0646 \u0627\u0644\u0623\u062d\u0645\u0627\u0636 \u0627\u0644\u062f\u0647\u0646\u064a\u0629\u060c \u062b\u0627\u0646\u064a \u0623\u0643\u0633\u064a\u062f \u0627\u0644\u0633\u064a\u0644\u064a\u0643\u0648\u0646<\/li><\/ul><p><strong>\u062a\u0639\u0644\u064a\u0645\u0627\u062a \u0627\u0644\u0627\u0633\u062a\u062e\u062f\u0627\u0645:<\/strong><\/p><ul><li>\u064a\u0648\u0635\u0649 \u0628\u062a\u0646\u0627\u0648\u0644 \u0642\u0631\u0635 \u0648\u0627\u062d\u062f \u064a\u0648\u0645\u064a\u0627\u064b.<\/li><li>\u0645\u0646\u0627\u0633\u0628 \u0644\u0644\u0627\u0633\u062a\u062e\u062f\u0627\u0645 \u0645\u0646 \u0642\u0628\u0644 \u0627\u0644\u0628\u0627\u0644\u063a\u064a\u0646 \u0645\u0646 \u0639\u0645\u0631 11 \u0639\u0627\u0645\u0627\u064b \u0641\u0623\u0643\u062b\u0631.<\/li><\/ul><p><strong>\u0638\u0631\u0648\u0641 \u0627\u0644\u062a\u062e\u0632\u064a\u0646:<\/strong><\/p><ul><li>\u064a\u064f\u062d\u0641\u0638 \u0641\u064a \u0623\u0645\u0627\u0643\u0646 \u0628\u0627\u0631\u062f\u0629 \u0648\u062c\u0627\u0641\u0629 \u0628\u062f\u0631\u062c\u0629 \u062d\u0631\u0627\u0631\u0629 \u0623\u0642\u0644 \u0645\u0646 25 \u062f\u0631\u062c\u0629 \u0645\u0626\u0648\u064a\u0629.<\/li><\/ul><p><strong>\u0627\u0644\u0625\u0639\u0644\u0627\u0646\u0627\u062a \u0627\u0644\u0635\u062d\u064a\u0629:<\/strong><\/p><ul><li>\u064a\u0633\u0627\u0647\u0645 \u0641\u064a\u062a\u0627\u0645\u064a\u0646 C \u0641\u064a \u0627\u0644\u062d\u0641\u0627\u0638 \u0639\u0644\u0649 \u0627\u0644\u0648\u0638\u064a\u0641\u0629 \u0627\u0644\u0637\u0628\u064a\u0639\u064a\u0629 \u0644\u0644\u062c\u0647\u0627\u0632 \u0627\u0644\u0645\u0646\u0627\u0639\u064a \u0623\u062b\u0646\u0627\u0621 \u0648\u0628\u0639\u062f \u0627\u0644\u062a\u0645\u0627\u0631\u064a\u0646 \u0627\u0644\u0628\u062f\u0646\u064a\u0629 \u0627\u0644\u0645\u0643\u062b\u0641\u0629.<\/li><li>\u064a\u0633\u0627\u0647\u0645 \u0641\u064a\u062a\u0627\u0645\u064a\u0646 C \u0641\u064a \u0627\u0644\u062a\u0643\u0648\u064a\u0646 \u0627\u0644\u0637\u0628\u064a\u0639\u064a \u0644\u0644\u0643\u0648\u0644\u0627\u062c\u064a\u0646\u060c \u0648\u0647\u0648 \u0623\u0645\u0631 \u0636\u0631\u0648\u0631\u064a \u0644\u0644\u0648\u0638\u064a\u0641\u0629 \u0627\u0644\u0637\u0628\u064a\u0639\u064a\u0629 \u0644\u0644\u0623\u0648\u0639\u064a\u0629 \u0627\u0644\u062f\u0645\u0648\u064a\u0629.<\/li><li>\u064a\u0633\u0627\u0647\u0645 \u0641\u064a\u062a\u0627\u0645\u064a\u0646 C \u0641\u064a \u0627\u0644\u062a\u0643\u0648\u064a\u0646 \u0627\u0644\u0637\u0628\u064a\u0639\u064a \u0644\u0644\u0643\u0648\u0644\u0627\u062c\u064a\u0646\u060c \u0648\u0647\u0648 \u0623\u0645\u0631 \u0636\u0631\u0648\u0631\u064a \u0644\u0644\u0648\u0638\u064a\u0641\u0629 \u0627\u0644\u0637\u0628\u064a\u0639\u064a\u0629 \u0644\u0644\u0639\u0638\u0627\u0645.<\/li><li>\u064a\u0633\u0627\u0647\u0645 \u0641\u064a\u062a\u0627\u0645\u064a\u0646 C \u0641\u064a \u0627\u0644\u062a\u0643\u0648\u064a\u0646 \u0627\u0644\u0637\u0628\u064a\u0639\u064a \u0644\u0644\u0643\u0648\u0644\u0627\u062c\u064a\u0646\u060c \u0648\u0647\u0648 \u0623\u0645\u0631 \u0636\u0631\u0648\u0631\u064a \u0644\u0644\u0648\u0638\u064a\u0641\u0629 \u0627\u0644\u0637\u0628\u064a\u0639\u064a\u0629 \u0644\u0644\u063a\u0636\u0627\u0631\u064a\u0641.<\/li><li>\u064a\u0633\u0627\u0647\u0645 \u0641\u064a\u062a\u0627\u0645\u064a\u0646 C \u0641\u064a \u0627\u0644\u062a\u0643\u0648\u064a\u0646 \u0627\u0644\u0637\u0628\u064a\u0639\u064a \u0644\u0644\u0643\u0648\u0644\u0627\u062c\u064a\u0646\u060c \u0648\u0647\u0648 \u0623\u0645\u0631 \u0636\u0631\u0648\u0631\u064a \u0644\u0644\u0648\u0638\u064a\u0641\u0629 \u0627\u0644\u0637\u0628\u064a\u0639\u064a\u0629 \u0644\u0644\u062b\u0629.<\/li><li>\u064a\u0633\u0627\u0647\u0645 \u0641\u064a\u062a\u0627\u0645\u064a\u0646 C \u0641\u064a \u0627\u0644\u062a\u0643\u0648\u064a\u0646 \u0627\u0644\u0637\u0628\u064a\u0639\u064a \u0644\u0644\u0643\u0648\u0644\u0627\u062c\u064a\u0646\u060c \u0648\u0647\u0648 \u0623\u0645\u0631 \u0636\u0631\u0648\u0631\u064a \u0644\u0644\u0648\u0638\u064a\u0641\u0629 \u0627\u0644\u0637\u0628\u064a\u0639\u064a\u0629 \u0644\u0644\u0628\u0634\u0631\u0629.<\/li><li>\u064a\u0633\u0627\u0647\u0645 \u0641\u064a\u062a\u0627\u0645\u064a\u0646 C \u0641\u064a \u0627\u0644\u062a\u0643\u0648\u064a\u0646 \u0627\u0644\u0637\u0628\u064a\u0639\u064a \u0644\u0644\u0643\u0648\u0644\u0627\u062c\u064a\u0646\u060c \u0648\u0647\u0648 \u0623\u0645\u0631 \u0636\u0631\u0648\u0631\u064a \u0644\u0644\u0648\u0638\u064a\u0641\u0629 \u0627\u0644\u0637\u0628\u064a\u0639\u064a\u0629 \u0644\u0644\u0623\u0633\u0646\u0627\u0646.<\/li><li>\u064a\u0633\u0627\u0647\u0645 \u0641\u064a\u062a\u0627\u0645\u064a\u0646 C \u0641\u064a \u0627\u0644\u062a\u0645\u062b\u064a\u0644 \u0627\u0644\u063a\u0630\u0627\u0626\u064a \u0627\u0644\u0637\u0628\u064a\u0639\u064a \u0644\u062a\u0643\u0648\u064a\u0646 \u0627\u0644\u0637\u0627\u0642\u0629.<\/li><li>\u064a\u0633\u0627\u0647\u0645 \u0641\u064a\u062a\u0627\u0645\u064a\u0646 C \u0641\u064a \u0627\u0644\u0623\u062f\u0627\u0621 \u0627\u0644\u0637\u0628\u064a\u0639\u064a \u0644\u0644\u062c\u0647\u0627\u0632 \u0627\u0644\u0639\u0635\u0628\u064a.<\/li><li>\u064a\u0633\u0627\u0647\u0645 \u0641\u064a\u062a\u0627\u0645\u064a\u0646 C \u0641\u064a \u0627\u0644\u0648\u0638\u064a\u0641\u0629 \u0627\u0644\u0637\u0628\u064a\u0639\u064a\u0629 \u0644\u0644\u062c\u0647\u0627\u0632 \u0627\u0644\u0645\u0646\u0627\u0639\u064a.<\/li><li>\u064a\u0633\u0627\u0647\u0645 \u0641\u064a\u062a\u0627\u0645\u064a\u0646 C \u0641\u064a \u062d\u0645\u0627\u064a\u0629 \u0627\u0644\u062e\u0644\u0627\u064a\u0627 \u0645\u0646 \u0627\u0644\u0625\u062c\u0647\u0627\u062f \u0627\u0644\u062a\u0623\u0643\u0633\u062f\u064a.<\/li><li>\u064a\u0633\u0627\u0647\u0645 \u0641\u064a\u062a\u0627\u0645\u064a\u0646 C \u0641\u064a \u0627\u0644\u062d\u062f \u0645\u0646 \u0627\u0644\u062a\u0639\u0628 \u0648\u0627\u0644\u0625\u0631\u0647\u0627\u0642.<\/li><li>\u064a\u0633\u0627\u0647\u0645 \u0641\u064a\u062a\u0627\u0645\u064a\u0646 \u062c \u0641\u064a \u062a\u062c\u062f\u064a\u062f \u0627\u0644\u0634\u0643\u0644 \u0627\u0644\u0645\u062e\u062a\u0632\u0644 \u0644\u0641\u064a\u062a\u0627\u0645\u064a\u0646 \u0647\u0640.<\/li><li>\u064a\u0632\u064a\u062f \u0641\u064a\u062a\u0627\u0645\u064a\u0646 C \u0645\u0646 \u0627\u0645\u062a\u0635\u0627\u0635 \u0627\u0644\u062d\u062f\u064a\u062f.<\/li><\/ul><p>* \u0644\u0627\u0626\u062d\u0629 \u0627\u0633\u062a\u062e\u062f\u0627\u0645 \u0627\u0644\u0625\u0639\u0644\u0627\u0646 \u0627\u0644\u0635\u062d\u064a \u0641\u064a \u0627\u0644\u0623\u063a\u0630\u064a\u0629 \u0648\u0627\u0644\u0645\u0643\u0645\u0644\u0627\u062a \u0627\u0644\u063a\u0630\u0627\u0626\u064a\u0629 (\u0627\u0644\u062c\u0631\u064a\u062f\u0629 \u0627\u0644\u0631\u0633\u0645\u064a\u0629 \u0631\u0642\u0645 32169 \/ \u0628\u062a\u0627\u0631\u064a\u062e 20.04.2023)<\/p>\t\t\t\t\t\t\t\t<\/div>\n\t\t\t\t<\/div>\n\t\t\t\t\t<\/div>\n\t\t<\/div>\n\t\t\t\t\t<\/div>\n\t\t<\/section>\n\t\t\t\t<section class=\"elementor-section elementor-top-section elementor-element elementor-element-5f9f4ec elementor-section-full_width elementor-section-stretched elementor-section-height-default elementor-section-height-default\" data-id=\"5f9f4ec\" data-element_type=\"section\" data-settings=\"{&quot;stretch_section&quot;:&quot;section-stretched&quot;}\">\n\t\t\t\t\t\t<div class=\"elementor-container elementor-column-gap-default\">\n\t\t\t\t\t<div class=\"elementor-column elementor-col-100 elementor-top-column elementor-element elementor-element-67cb7ac\" data-id=\"67cb7ac\" data-element_type=\"column\">\n\t\t\t<div class=\"elementor-widget-wrap elementor-element-populated\">\n\t\t\t\t\t\t<div class=\"elementor-element elementor-element-c7da1df elementor-widget elementor-widget-ube-divider\" data-id=\"c7da1df\" data-element_type=\"widget\" data-widget_type=\"ube-divider.default\">\n\t\t\t\t<div class=\"elementor-widget-container\">\n\t\t\t\t\t<div class=\"ube-divider ube-divider-style-solid\">\n\t<div class=\"ube-divider-separator\">\n\t\t\t<\/div>\n<\/div>\n\t\t\t\t<\/div>\n\t\t\t\t<\/div>\n\t\t\t\t<div class=\"elementor-element elementor-element-54ac35e elementor-widget elementor-widget-spacer\" data-id=\"54ac35e\" data-element_type=\"widget\" data-widget_type=\"spacer.default\">\n\t\t\t\t<div class=\"elementor-widget-container\">\n\t\t\t\t\t\t\t<div class=\"elementor-spacer\">\n\t\t\t<div class=\"elementor-spacer-inner\"><\/div>\n\t\t<\/div>\n\t\t\t\t\t\t<\/div>\n\t\t\t\t<\/div>\n\t\t\t\t\t<\/div>\n\t\t<\/div>\n\t\t\t\t\t<\/div>\n\t\t<\/section>\n\t\t\t\t<section class=\"elementor-section elementor-top-section elementor-element elementor-element-c0eb903 elementor-section-boxed elementor-section-height-default elementor-section-height-default\" data-id=\"c0eb903\" data-element_type=\"section\">\n\t\t\t\t\t\t<div class=\"elementor-container elementor-column-gap-default\">\n\t\t\t\t\t<div class=\"elementor-column elementor-col-100 elementor-top-column elementor-element elementor-element-ffe59d6\" data-id=\"ffe59d6\" data-element_type=\"column\">\n\t\t\t<div class=\"elementor-widget-wrap elementor-element-populated\">\n\t\t\t\t\t\t<div class=\"elementor-element elementor-element-091ff86 elementor-widget elementor-widget-heading\" data-id=\"091ff86\" data-element_type=\"widget\" data-widget_type=\"heading.default\">\n\t\t\t\t<div class=\"elementor-widget-container\">\n\t\t\t\t\t<h2 class=\"elementor-heading-title elementor-size-default\">\u0645\u0646\u0634\u0648\u0631\u0627\u062a \u0630\u0627\u062a \u0635\u0644\u0629<\/h2>\t\t\t\t<\/div>\n\t\t\t\t<\/div>\n\t\t\t\t<div class=\"elementor-element elementor-element-3384838 elementor-widget elementor-widget-ube-post-grid\" data-id=\"3384838\" data-element_type=\"widget\" data-widget_type=\"ube-post-grid.default\">\n\t\t\t\t<div class=\"elementor-widget-container\">\n\t\t\t\t\t\n\n<div id=\"ube-post-list-3384838\" class=\"ube-posts ube-post-grid ube-post-appender row\">\n\t<div class=\"ube-post-grid-item col-auto col-md-auto col-lg-4\">\n    <article class=\"card ube-post-item ube-post-grid-layout-01\">\n\t\t            <a class=\"ube-entry-post-thumb card-img-top\" href=\"https:\/\/qubtiva.com\/ar\/%d9%85%d8%b2%d9%8a%d8%ac-%d9%82%d9%88%d9%8a-%d9%85%d9%86-%d9%85%d8%b6%d8%a7%d8%af%d8%a7%d8%aa-%d8%a7%d9%84%d8%a3%d9%83%d8%b3%d8%af%d8%a9-%d8%a7%d9%84%d9%82%d9%88%d9%8a%d8%a9-%d8%a7%d9%84%d9%85%d8%aa\/\"\n               style=\"background-image: url('https:\/\/qubtiva.com\/wp-content\/uploads\/2025\/07\/wsi-imageoptim-iStock-993119894-20201205-185635.jpg');--ube-post-grid-ratio:75%;\">\n            <\/a>\n\t\t        <div class=\"card-body\">\n\t\t\t            <header class=\"ube-entry-header\">\n\t\t\t\t                    <h2 class=\"ube-entry-title card-title\">\n                        <a class=\"ube-post-link\" href=\"https:\/\/qubtiva.com\/ar\/%d9%85%d8%b2%d9%8a%d8%ac-%d9%82%d9%88%d9%8a-%d9%85%d9%86-%d9%85%d8%b6%d8%a7%d8%af%d8%a7%d8%aa-%d8%a7%d9%84%d8%a3%d9%83%d8%b3%d8%af%d8%a9-%d8%a7%d9%84%d9%82%d9%88%d9%8a%d8%a9-%d8%a7%d9%84%d9%85%d8%aa\/\"\n                           title=\"\u0645\u0632\u064a\u062c \u0642\u0648\u064a \u0645\u0646 \u0645\u0636\u0627\u062f\u0627\u062a \u0627\u0644\u0623\u0643\u0633\u062f\u0629: \u0627\u0644\u062a\u0622\u0632\u0631 \u0628\u064a\u0646 \u0627\u0644\u0634\u0643\u0644 \u0627\u0644\u0645\u062d\u0627\u064a\u062f \u0644\u0641\u064a\u062a\u0627\u0645\u064a\u0646 C \u0648\u0627\u0644\u0628\u064a\u0648\u0641\u0644\u0627\u0641\u0648\u0646\u0648\u064a\u062f\u0627\u062a \u0627\u0644\u062d\u064a\u0648\u064a\u0629\">\n\t\t\t\t\t\t\t\u0645\u0632\u064a\u062c \u0642\u0648\u064a \u0645\u0646 \u0645\u0636\u0627\u062f\u0627\u062a \u0627\u0644\u0623\u0643\u0633\u062f\u0629: \u0627\u0644\u062a\u0622\u0632\u0631 \u0628\u064a\u0646 \u0627\u0644\u0634\u0643\u0644 \u0627\u0644\u0645\u062d\u0627\u064a\u062f \u0644\u0641\u064a\u062a\u0627\u0645\u064a\u0646 C \u0648\u0627\u0644\u0628\u064a\u0648\u0641\u0644\u0627\u0641\u0648\u0646\u0648\u064a\u062f\u0627\u062a \u0627\u0644\u062d\u064a\u0648\u064a\u0629                        <\/a>\n                    <\/h2>\n\t\t\t\t\t\t\t\t            <\/header>\n\t\t\t        <\/div>\n    <\/article>\n<\/div>\n\n\t\t\t<div class=\"ube-post-grid-item col-auto col-md-auto col-lg-4\">\n    <article class=\"card ube-post-item ube-post-grid-layout-01\">\n\t\t            <a class=\"ube-entry-post-thumb card-img-top\" href=\"https:\/\/qubtiva.com\/ar\/%d9%81%d9%8a%d8%aa%d8%a7%d9%85%d9%8a%d9%86-%d8%ac-%d8%a3%d8%b3%d9%83%d9%88%d8%b1%d8%a8%d8%a7%d8%aa-%d8%a7%d9%84%d9%83%d8%a7%d9%84%d8%b3%d9%8a%d9%88%d9%85-%d8%a3%d8%b3%d9%83%d9%88%d8%b1%d8%a8%d8%a7\/\"\n               style=\"background-image: url('https:\/\/qubtiva.com\/wp-content\/uploads\/2025\/05\/vitamin-c.jpg');--ube-post-grid-ratio:75%;\">\n            <\/a>\n\t\t        <div class=\"card-body\">\n\t\t\t            <header class=\"ube-entry-header\">\n\t\t\t\t                    <h2 class=\"ube-entry-title card-title\">\n                        <a class=\"ube-post-link\" href=\"https:\/\/qubtiva.com\/ar\/%d9%81%d9%8a%d8%aa%d8%a7%d9%85%d9%8a%d9%86-%d8%ac-%d8%a3%d8%b3%d9%83%d9%88%d8%b1%d8%a8%d8%a7%d8%aa-%d8%a7%d9%84%d9%83%d8%a7%d9%84%d8%b3%d9%8a%d9%88%d9%85-%d8%a3%d8%b3%d9%83%d9%88%d8%b1%d8%a8%d8%a7\/\"\n                           title=\"\u0641\u064a\u062a\u0627\u0645\u064a\u0646 C (\u0623\u0633\u0643\u0648\u0631\u0628\u0627\u062a \u0627\u0644\u0643\u0627\u0644\u0633\u064a\u0648\u0645) \u0648\u0628\u064a\u0648\u0641\u0644\u0627\u0641\u0648\u0646\u0648\u064a\u062f\u0627\u062a \u0627\u0644\u062d\u0645\u0636\u064a\u0627\u062a\">\n\t\t\t\t\t\t\t\u0641\u064a\u062a\u0627\u0645\u064a\u0646 \u062c (\u0623\u0633\u0643\u0648\u0631\u0628\u0627\u062a \u0627\u0644\u0643\u0627\u0644\u0633\u064a\u0648\u0645) \u0648\u0628\u064a\u0648\u0641\u0644\u0627\u0641\u0648\u0646\u0648\u064a\u062f\u0627\u062a \u0627\u0644\u062d\u0645\u0636\u064a\u0627\u062a                        <\/a>\n                    <\/h2>\n\t\t\t\t\t\t\t\t            <\/header>\n\t\t\t        <\/div>\n    <\/article>\n<\/div>\n\n\t\t\t<\/div>\n\n<div class=\"ube-post-list-paging\">\n\t<\/div>\n\t\t\t\t<\/div>\n\t\t\t\t<\/div>\n\t\t\t\t\t<\/div>\n\t\t<\/div>\n\t\t\t\t\t<\/div>\n\t\t<\/section>\n\t\t\t\t<\/div>","protected":false},"excerpt":{"rendered":"<p>\u064a\u0648\u0641\u0631 \u0641\u064a\u062a\u0627\u0645\u064a\u0646 \u0633\u064a \u0639\u0644\u0649 \u0634\u0643\u0644 \u0643\u0627\u0644\u0633\u064a\u0648\u0645 \u0625\u0644-\u0623\u0633\u0643\u0648\u0631\u0628\u0627\u062a \u0627\u0644\u0643\u0627\u0644\u0633\u064a\u0648\u0645 \u0644\u0644\u062c\u0633\u0645 \u0645\u0635\u062f\u0631\u0627\u064b \u0644\u0641\u064a\u062a\u0627\u0645\u064a\u0646 \u0633\u064a \u0633\u0647\u0644 \u0627\u0644\u0627\u0645\u062a\u0635\u0627\u0635 \u0648\u063a\u064a\u0631 \u0645\u0647\u064a\u062c \u0648\u064a\u062f\u0648\u0645 \u0637\u0648\u064a\u0644\u0627\u064b.<\/p>","protected":false},"featured_media":9042,"comment_status":"open","ping_status":"closed","template":"","meta":[],"product_brand":[],"product_cat":[157],"product_tag":[],"class_list":{"0":"post-5444","1":"product","2":"type-product","3":"status-publish","4":"has-post-thumbnail","6":"product_cat-vitaminler","8":"first","9":"instock","10":"shipping-taxable","11":"purchasable","12":"product-type-simple"},"_links":{"self":[{"href":"https:\/\/qubtiva.com\/ar\/wp-json\/wp\/v2\/product\/5444","targetHints":{"allow":["GET"]}}],"collection":[{"href":"https:\/\/qubtiva.com\/ar\/wp-json\/wp\/v2\/product"}],"about":[{"href":"https:\/\/qubtiva.com\/ar\/wp-json\/wp\/v2\/types\/product"}],"replies":[{"embeddable":true,"href":"https:\/\/qubtiva.com\/ar\/wp-json\/wp\/v2\/comments?post=5444"}],"version-history":[{"count":13,"href":"https:\/\/qubtiva.com\/ar\/wp-json\/wp\/v2\/product\/5444\/revisions"}],"predecessor-version":[{"id":9332,"href":"https:\/\/qubtiva.com\/ar\/wp-json\/wp\/v2\/product\/5444\/revisions\/9332"}],"wp:featuredmedia":[{"embeddable":true,"href":"https:\/\/qubtiva.com\/ar\/wp-json\/wp\/v2\/media\/9042"}],"wp:attachment":[{"href":"https:\/\/qubtiva.com\/ar\/wp-json\/wp\/v2\/media?parent=5444"}],"wp:term":[{"taxonomy":"product_brand","embeddable":true,"href":"https:\/\/qubtiva.com\/ar\/wp-json\/wp\/v2\/product_brand?post=5444"},{"taxonomy":"product_cat","embeddable":true,"href":"https:\/\/qubtiva.com\/ar\/wp-json\/wp\/v2\/product_cat?post=5444"},{"taxonomy":"product_tag","embeddable":true,"href":"https:\/\/qubtiva.com\/ar\/wp-json\/wp\/v2\/product_tag?post=5444"}],"curies":[{"name":"wp","href":"https:\/\/api.w.org\/{rel}","templated":true}]}}