{"id":5946,"date":"2025-05-14T23:09:50","date_gmt":"2025-05-14T20:09:50","guid":{"rendered":"https:\/\/qubtiva.com\/?page_id=5946"},"modified":"2025-05-30T15:40:39","modified_gmt":"2025-05-30T12:40:39","slug":"register","status":"publish","type":"page","link":"https:\/\/qubtiva.com\/en\/register\/","title":{"rendered":"Become Member"},"content":{"rendered":"<div data-elementor-type=\"wp-page\" data-elementor-id=\"5946\" class=\"elementor elementor-5946\">\n\t\t\t\t\t\t<section class=\"elementor-section elementor-top-section elementor-element elementor-element-3944749d elementor-section-boxed elementor-section-height-default elementor-section-height-default\" data-id=\"3944749d\" data-element_type=\"section\">\n\t\t\t\t\t\t<div class=\"elementor-container elementor-column-gap-default\">\n\t\t\t\t\t<div class=\"elementor-column elementor-col-100 elementor-top-column elementor-element elementor-element-7eeaeda3\" data-id=\"7eeaeda3\" data-element_type=\"column\">\n\t\t\t<div class=\"elementor-widget-wrap elementor-element-populated\">\n\t\t\t\t\t\t<div class=\"elementor-element elementor-element-c2df53f elementor-widget elementor-widget-shortcode\" data-id=\"c2df53f\" data-element_type=\"widget\" data-widget_type=\"shortcode.default\">\n\t\t\t\t<div class=\"elementor-widget-container\">\n\t\t\t\t\t\t\t<div class=\"elementor-shortcode\">    <div class=\"cr-form-container\">\n        \n        <form action=\"\" method=\"post\" id=\"cr_registration_form\" class=\"cr-form\" data-trp-original-action=\"\">\n            <div class=\"cr-form-group\">\n                <label for=\"cr_username\">Kullan\u0131c\u0131 Ad\u0131 <span class=\"required\">*<\/span><\/label>\n                <input type=\"text\" name=\"cr_username\" id=\"cr_username\" required>\n            <\/div>\n\n            <div class=\"cr-form-group\">\n                <label for=\"cr_email\">Email Address <span class=\"required\">*<\/span><\/label>\n                <input type=\"email\" name=\"cr_email\" id=\"cr_email\" required>\n            <\/div>\n\n            <div class=\"cr-form-group\">\n                <label for=\"cr_firstname\">\u0130sim <span class=\"required\">*<\/span><\/label>\n                <input type=\"text\" name=\"cr_firstname\" id=\"cr_firstname\" required>\n            <\/div>\n\n            <div class=\"cr-form-group\">\n                <label for=\"cr_lastname\">Soyisim <span class=\"required\">*<\/span><\/label>\n                <input type=\"text\" name=\"cr_lastname\" id=\"cr_lastname\" required>\n            <\/div>\n\n            <div class=\"cr-form-group\">\n                <label for=\"cr_password\">\u015eifre <span class=\"required\">*<\/span><\/label>\n                <input type=\"password\" name=\"cr_password\" id=\"cr_password\" required>\n            <\/div>\n\n            <div class=\"cr-form-group\">\n                <label for=\"cr_confirm_password\">\u015eifre Tekrar\u0131 <span class=\"required\">*<\/span><\/label>\n                <input type=\"password\" name=\"cr_confirm_password\" id=\"cr_confirm_password\" required>\n            <\/div>\n            \n            <div class=\"cr-form-group\">\n                <label for=\"cr_phone\">Telephone Number<\/label>\n                <input type=\"tel\" name=\"cr_phone\" id=\"cr_phone\" placeholder=\"05xx xxx xx xx\" maxlength=\"20\">\n                <small style=\"color: #666; font-size: 12px;\">T\u00fcrk telefon numaras\u0131 format\u0131nda giriniz<\/small>\n            <\/div>\n            \n            <!-- Birth Date Field (Optional) -->\n            <div class=\"cr-form-group\">\n                <label for=\"cr_birthdate\">Do\u011fum Tarihi<\/label>\n                <input type=\"date\" name=\"cr_birthdate\" id=\"cr_birthdate\">\n            <\/div>\n            \n            <!-- Gender Field (Optional) -->\n            <div class=\"cr-form-group\">\n                <label for=\"cr_gender\">Cinsiyet<\/label>\n                <select name=\"cr_gender\" id=\"cr_gender\">\n                    <option value=\"\">Se\u00e7iniz<\/option>\n                    <option value=\"female\">Kad\u0131n<\/option>\n                    <option value=\"male\">Erkek<\/option>\n                    \n                <\/select>\n            <\/div>\n            \n            <!-- Agreement Checkboxes (Required) -->\n\t\t\t\t\n\n\t\t\t   <div class=\"cr-form-group cr-agreement\">\n\t\t\t<input type=\"checkbox\" name=\"cr_agreement_terms\" id=\"cr_agreement_terms\" required>\n\t\t\t<label for=\"cr_agreement_terms\">\n\t\t\t\t<a href=\"https:\/\/qubtiva.com\/en\/membership-agreement\/\" target=\"_blank\" class=\"cr-agreement-link\">\u00dcyelik S\u00f6zle\u015fmesini<\/a> okudum ve kabul ediyorum. <span class=\"required\">*<\/span>\n\t\t\t<\/label>\n\t\t<\/div>\n\n\t\t<div class=\"cr-form-group cr-agreement\">\n\t\t\t<input type=\"checkbox\" name=\"cr_agreement_privacy\" id=\"cr_agreement_privacy\" required>\n\t\t\t<label for=\"cr_agreement_privacy\">\n\t\t\t\t<a href=\"https:\/\/qubtiva.com\/en\/privacy-policy\/\" target=\"_blank\" class=\"cr-agreement-link\">Gizlilik Politikas\u0131n\u0131<\/a> okudum ve kabul ediyorum. <span class=\"required\">*<\/span>\n\t\t\t<\/label>\n\t\t<\/div>\n\n            <input type=\"hidden\" id=\"cr_register_nonce_field\" name=\"cr_register_nonce_field\" value=\"47b6e677c6\" \/><input type=\"hidden\" name=\"_wp_http_referer\" value=\"\/en\/wp-json\/wp\/v2\/pages\/5946\" \/>\n            <div class=\"cr-form-group\">\n                <input type=\"submit\" name=\"cr_submit\" value=\"Kay\u0131t Ol\" class=\"cr-submit-button\">\n            <\/div>\n        <input type=\"hidden\" name=\"trp-form-language\" value=\"en\"\/><\/form>\n    <\/div>\n\n    <\/div>\n\t\t\t\t\t\t<\/div>\n\t\t\t\t<\/div>\n\t\t\t\t\t<\/div>\n\t\t<\/div>\n\t\t\t\t\t<\/div>\n\t\t<\/section>\n\t\t\t\t<\/div>","protected":false},"excerpt":{"rendered":"","protected":false},"author":1,"featured_media":0,"parent":0,"menu_order":0,"comment_status":"closed","ping_status":"closed","template":"","meta":{"footnotes":""},"class_list":["post-5946","page","type-page","status-publish","hentry"],"_links":{"self":[{"href":"https:\/\/qubtiva.com\/en\/wp-json\/wp\/v2\/pages\/5946","targetHints":{"allow":["GET"]}}],"collection":[{"href":"https:\/\/qubtiva.com\/en\/wp-json\/wp\/v2\/pages"}],"about":[{"href":"https:\/\/qubtiva.com\/en\/wp-json\/wp\/v2\/types\/page"}],"author":[{"embeddable":true,"href":"https:\/\/qubtiva.com\/en\/wp-json\/wp\/v2\/users\/1"}],"replies":[{"embeddable":true,"href":"https:\/\/qubtiva.com\/en\/wp-json\/wp\/v2\/comments?post=5946"}],"version-history":[{"count":11,"href":"https:\/\/qubtiva.com\/en\/wp-json\/wp\/v2\/pages\/5946\/revisions"}],"predecessor-version":[{"id":6285,"href":"https:\/\/qubtiva.com\/en\/wp-json\/wp\/v2\/pages\/5946\/revisions\/6285"}],"wp:attachment":[{"href":"https:\/\/qubtiva.com\/en\/wp-json\/wp\/v2\/media?parent=5946"}],"curies":[{"name":"wp","href":"https:\/\/api.w.org\/{rel}","templated":true}]}}