{"id":122,"date":"2021-10-01T09:33:46","date_gmt":"2021-10-01T09:33:46","guid":{"rendered":"https:\/\/glowing.g5plus.net\/elementor\/?post_type=product&#038;p=122"},"modified":"2026-02-19T14:50:49","modified_gmt":"2026-02-19T11:50:49","slug":"vitamin-b6-b12","status":"publish","type":"product","link":"https:\/\/qubtiva.com\/en\/product\/vitamin-b6-b12\/","title":{"rendered":"Vitamin B6, B12"},"content":{"rendered":"<div data-elementor-type=\"wp-post\" data-elementor-id=\"122\" class=\"elementor elementor-122\">\n\t\t\t\t\t\t<section class=\"elementor-section elementor-top-section elementor-element elementor-element-59c777a3 elementor-section-boxed elementor-section-height-default elementor-section-height-default\" data-id=\"59c777a3\" data-element_type=\"section\">\n\t\t\t\t\t\t<div class=\"elementor-container elementor-column-gap-default\">\n\t\t\t\t\t<div class=\"elementor-column elementor-col-100 elementor-top-column elementor-element elementor-element-4a10a878\" data-id=\"4a10a878\" data-element_type=\"column\">\n\t\t\t<div class=\"elementor-widget-wrap elementor-element-populated\">\n\t\t\t\t\t\t<div class=\"elementor-element elementor-element-68b8ce77 elementor-widget elementor-widget-text-editor\" data-id=\"68b8ce77\" data-element_type=\"widget\" data-widget_type=\"text-editor.default\">\n\t\t\t\t<div class=\"elementor-widget-container\">\n\t\t\t\t\t\t\t\t\t<p>Flavored with apple cider vinegar, this special shot form offers practical support for an energetic and balanced start to the day. Its 14-shot packaging provides convenience for regular use.<\/p><ul><li>Yo\u011fun i\u015f temposu ve artan enerji ihtiyac\u0131n\u0131n oldu\u011fu d\u00f6nemlerde enerji<br \/>metabolizmas\u0131n\u0131n ve sinir sistemi fonksiyonlar\u0131n\u0131n normal i\u015fleyi\u015fini desteklemek<br \/>amac\u0131yla kullan\u0131labilir.<\/li><li>G\u00fcn i\u00e7erisinde artan enerji ihtiyac\u0131n\u0131n kar\u015f\u0131lanmas\u0131na ve normal sinir sistemi<br \/>fonksiyonlar\u0131n\u0131n desteklenmesine yard\u0131mc\u0131 olmak amac\u0131yla pratik kullan\u0131m i\u00e7in<br \/>geli\u015ftirilmi\u015ftir.<\/li><\/ul><p><strong>Nutrient Table:<\/strong><\/p><table width=\"0\"><tbody><tr><td><strong>Active Ingredient<\/strong><\/td><td><strong>Quantity (1 vial)<\/strong><\/td><td><strong>BRD %<\/strong><\/td><\/tr><tr><td><strong>Vitamin B6 (Pyridoxal 5' Phosphate)<br \/>Vitamin B12 (Methylcobalamin)<\/strong><\/td><td><strong>0.3 mg<br \/>2.5 \u00b5g<\/strong><\/td><td><strong>21,4<br \/>100<\/strong><\/td><\/tr><\/tbody><\/table><p><em>BRD Nutrition Reference Value<\/em><\/p><p><strong>Contents:<\/strong><\/p><ul><li><strong>Deionized Water, Apple Cider Vinegar, Vitamin B6, Orange Flavor, Vitamin B12<\/strong><\/li><\/ul><p><strong>Instructions for Use:<\/strong><\/p><ul><li>Adults aged 11 years and over are recommended to consume 1 vial directly or added to 1 glass of water in the morning.<\/li><li>Suitable for vegans\/vegetarians.<\/li><li><p>Consult your doctor during pregnancy and breastfeeding and in case of illness or medication.<\/p><\/li><\/ul><p><strong>Storage Conditions:<\/strong><\/p><ul><li>Store in a cool and dry place below 25\u00b0C.<\/li><\/ul><p><strong>Health Declarations:<\/strong><\/p><ul><li>Vitamin B12 contributes to normal energy formation metabolism.<\/li><li>Vitamin B12 contributes to the normal functioning of the nervous system.<\/li><li>Vitamin B12 contributes to normal homocysteine metabolism.<\/li><li>Vitamin B12 contributes to normal red blood cell formation.<\/li><li>Vitamin B12 contributes to the normal function of the immune system.<\/li><li>Vitamin B12 contributes to the reduction of fatigue and exhaustion.<\/li><li>Vitamin B12 is involved in cell division.<\/li><li>Vitamin B6 contributes to normal cysteine synthesis.<\/li><li>Vitamin B6 contributes to normal energy formation metabolism.<\/li><li>Vitamin B6 contributes to the normal functioning of the nervous system.<\/li><li>Vitamin B6 contributes to normal homocysteine metabolism.<\/li><li>Vitamin B6 contributes to normal protein and glycogen metabolism.<\/li><li>Vitamin B6 contributes to the normal formation of red blood cells.<\/li><li>Vitamin B6 contributes to the normal function of the immune system.<\/li><li>Vitamin B6 contributes to the reduction of fatigue and exhaustion.<\/li><li>Vitamin B6 contributes to the regulation of hormonal activity.<\/li><\/ul><p>* Regulation on the Use of Health Declaration in Food and Food Supplements (Official Gazette No. 32169 \/ dated 20.04.2023)<\/p>\t\t\t\t\t\t\t\t<\/div>\n\t\t\t\t<\/div>\n\t\t\t\t\t<\/div>\n\t\t<\/div>\n\t\t\t\t\t<\/div>\n\t\t<\/section>\n\t\t\t\t<section class=\"elementor-section elementor-top-section elementor-element elementor-element-b1b6fd1 elementor-section-full_width elementor-section-stretched elementor-section-height-default elementor-section-height-default\" data-id=\"b1b6fd1\" data-element_type=\"section\" data-settings=\"{&quot;stretch_section&quot;:&quot;section-stretched&quot;}\">\n\t\t\t\t\t\t<div class=\"elementor-container elementor-column-gap-default\">\n\t\t\t\t\t<div class=\"elementor-column elementor-col-100 elementor-top-column elementor-element elementor-element-dd8ea4e\" data-id=\"dd8ea4e\" data-element_type=\"column\">\n\t\t\t<div class=\"elementor-widget-wrap elementor-element-populated\">\n\t\t\t\t\t\t<div class=\"elementor-element elementor-element-32f0feb elementor-widget elementor-widget-ube-divider\" data-id=\"32f0feb\" data-element_type=\"widget\" data-widget_type=\"ube-divider.default\">\n\t\t\t\t<div class=\"elementor-widget-container\">\n\t\t\t\t\t<div class=\"ube-divider ube-divider-style-solid\">\n\t<div class=\"ube-divider-separator\">\n\t\t\t<\/div>\n<\/div>\n\t\t\t\t<\/div>\n\t\t\t\t<\/div>\n\t\t\t\t<div class=\"elementor-element elementor-element-b9b53ea elementor-widget elementor-widget-spacer\" data-id=\"b9b53ea\" data-element_type=\"widget\" data-widget_type=\"spacer.default\">\n\t\t\t\t<div class=\"elementor-widget-container\">\n\t\t\t\t\t\t\t<div class=\"elementor-spacer\">\n\t\t\t<div class=\"elementor-spacer-inner\"><\/div>\n\t\t<\/div>\n\t\t\t\t\t\t<\/div>\n\t\t\t\t<\/div>\n\t\t\t\t\t<\/div>\n\t\t<\/div>\n\t\t\t\t\t<\/div>\n\t\t<\/section>\n\t\t\t\t<section class=\"elementor-section elementor-top-section elementor-element elementor-element-e64852e elementor-section-boxed elementor-section-height-default elementor-section-height-default\" data-id=\"e64852e\" data-element_type=\"section\">\n\t\t\t\t\t\t<div class=\"elementor-container elementor-column-gap-default\">\n\t\t\t\t\t<div class=\"elementor-column elementor-col-100 elementor-top-column elementor-element elementor-element-b282e8f\" data-id=\"b282e8f\" data-element_type=\"column\">\n\t\t\t<div class=\"elementor-widget-wrap elementor-element-populated\">\n\t\t\t\t\t\t<div class=\"elementor-element elementor-element-ce05a33 elementor-widget elementor-widget-heading\" data-id=\"ce05a33\" data-element_type=\"widget\" data-widget_type=\"heading.default\">\n\t\t\t\t<div class=\"elementor-widget-container\">\n\t\t\t\t\t<h2 class=\"elementor-heading-title elementor-size-default\">Related Posts<\/h2>\t\t\t\t<\/div>\n\t\t\t\t<\/div>\n\t\t\t\t<div class=\"elementor-element elementor-element-847187f elementor-widget elementor-widget-ube-post-grid\" data-id=\"847187f\" data-element_type=\"widget\" data-widget_type=\"ube-post-grid.default\">\n\t\t\t\t<div class=\"elementor-widget-container\">\n\t\t\t\t\t\n\n<div id=\"ube-post-list-847187f\" class=\"ube-posts ube-post-grid ube-post-appender row\">\n\t<div class=\"ube-post-grid-item col-auto col-md-auto col-lg-4\">\n    <article class=\"card ube-post-item ube-post-grid-layout-01\">\n\t\t            <a class=\"ube-entry-post-thumb card-img-top\" href=\"https:\/\/qubtiva.com\/en\/balancing-homocysteine-levels-with-b6-b12-and-folic-acid\/\"\n               style=\"background-image: url('https:\/\/qubtiva.com\/wp-content\/uploads\/2025\/07\/5fd4023965c1b0b9d59b2d5d22f39124.jpg');--ube-post-grid-ratio:75%;\">\n            <\/a>\n\t\t        <div class=\"card-body\">\n\t\t\t            <header class=\"ube-entry-header\">\n\t\t\t\t                    <h2 class=\"ube-entry-title card-title\">\n                        <a class=\"ube-post-link\" href=\"https:\/\/qubtiva.com\/en\/balancing-homocysteine-levels-with-b6-b12-and-folic-acid\/\"\n                           title=\"Balancing Homocysteine Levels with the B6, B12 and Folic Acid Triad\">\n\t\t\t\t\t\t\tBalancing Homocysteine Levels with the B6, B12 and Folic Acid Triad                        <\/a>\n                    <\/h2>\n\t\t\t\t\t\t\t\t            <\/header>\n\t\t\t        <\/div>\n    <\/article>\n<\/div>\n\n\t\t\t<div class=\"ube-post-grid-item col-auto col-md-auto col-lg-4\">\n    <article class=\"card ube-post-item ube-post-grid-layout-01\">\n\t\t            <a class=\"ube-entry-post-thumb card-img-top\" href=\"https:\/\/qubtiva.com\/en\/effects-of-vitamins-b6-and-b12-on-the-nervous-system-and-energy\/\"\n               style=\"background-image: url('https:\/\/qubtiva.com\/wp-content\/uploads\/2025\/07\/pk0jgod8_vitamin-b12_625x300_08_May_24.jpg');--ube-post-grid-ratio:75%;\">\n            <\/a>\n\t\t        <div class=\"card-body\">\n\t\t\t            <header class=\"ube-entry-header\">\n\t\t\t\t                    <h2 class=\"ube-entry-title card-title\">\n                        <a class=\"ube-post-link\" href=\"https:\/\/qubtiva.com\/en\/effects-of-vitamins-b6-and-b12-on-the-nervous-system-and-energy\/\"\n                           title=\"Effects of Vitamins B6 and B12 on the Nervous System and Energy\">\n\t\t\t\t\t\t\tEffects of Vitamins B6 and B12 on the Nervous System and Energy                        <\/a>\n                    <\/h2>\n\t\t\t\t\t\t\t\t            <\/header>\n\t\t\t        <\/div>\n    <\/article>\n<\/div>\n\n\t\t\t<div class=\"ube-post-grid-item col-auto col-md-auto col-lg-4\">\n    <article class=\"card ube-post-item ube-post-grid-layout-01\">\n\t\t            <a class=\"ube-entry-post-thumb card-img-top\" href=\"https:\/\/qubtiva.com\/en\/how-apple-cider-vinegar-b6-and-b12-supplements-change-your-body\/\"\n               style=\"background-image: url('https:\/\/qubtiva.com\/wp-content\/uploads\/2025\/05\/elma-sirkesi.jpg');--ube-post-grid-ratio:75%;\">\n            <\/a>\n\t\t        <div class=\"card-body\">\n\t\t\t            <header class=\"ube-entry-header\">\n\t\t\t\t                    <h2 class=\"ube-entry-title card-title\">\n                        <a class=\"ube-post-link\" href=\"https:\/\/qubtiva.com\/en\/how-apple-cider-vinegar-b6-and-b12-supplements-change-your-body\/\"\n                           title=\"How Apple Cider Vinegar, B6 and B12 Supplements Change Your Body\">\n\t\t\t\t\t\t\tHow Apple Cider Vinegar, B6 and B12 Supplements Change Your Body                        <\/a>\n                    <\/h2>\n\t\t\t\t\t\t\t\t            <\/header>\n\t\t\t        <\/div>\n    <\/article>\n<\/div>\n\n\t\t\t<\/div>\n\n<div class=\"ube-post-list-paging\">\n\t\n\t\t<nav class=\"ube-post-pagination\">\n    <ul class=\"pagination\">\n        <li class=\"page-item ube-page-item disabled prev\" data-args=\"orderby=date&order=desc&ignore_sticky_posts=1&post_status=publish&posts_per_page=3&offset=0&post_type=post&tax_query%5B0%5D%5Btaxonomy%5D=post_tag&tax_query%5B0%5D%5Bfield%5D=term_id&tax_query%5B0%5D%5Bterms%5D%5B0%5D=130&tax_query%5Brelation%5D=AND\"\n            data-settings=\"id=847187f&show_image=yes&show_title=yes&show_excerpt=&show_meta=&excerpt_length=10&show_read_more_button=yes&read_more_button_text=Read+More&show_read_more_button_prefix_style=no&read_more_button_text_suffix%5Bvalue%5D=&read_more_button_text_suffix%5Blibrary%5D=&show_load_more_text=Load+More&excerpt_expansion_indicator=...&orderby=date&show_category=&category_length=&show_category_icon=yes&show_author=&show_author_icon=yes&show_avatar=yes&author_text_prefix=Post+By&show_date=&show_date_icon=yes&date_text_prefix=Post+On&show_comment_count=&show_comment_icon=yes&comment_text_suffix=comments&paging=pagination&show_filter_category=no&post_layout=post-grid-layout-01&load_more_button_type=&load_more_button_shape=rounded&load_more_button_size=md&load_more_button_scheme=accent&button_class=btn+ube-load-more-button+btn-md+btn-rounded+btn-accent&next_text=Sonraki&next_icon%5Bvalue%5D=&next_icon%5Blibrary%5D=&prev_text=%C3%96nceki&prev_icon%5Bvalue%5D=&prev_icon%5Blibrary%5D=&column_class=ube-post-grid-item+col-auto+col-md-auto+col-lg-4&image_size_mode=75&image_size_width=1&image_size_height=1&read_more_class=btn+btn-md+btn-rounded+btn-primary&post_style=grid\"\n            data-page=\"0\" data-total-page=\"2\"\n            data-widget=\"847187f\"\n            data-nonce=\"8bd5d9cec3\"\n        >\n            <a href=\"#\" class=\"page-link ladda-button\" title=\"Previous\" data-ladda=\"true\"\n               data-style=\"zoom-out\" data-spinner-color=\"black\">\n\t\t\t\t                    <span class=\"text\">\n                         Previous                    <\/span>\n\t\t\t\t\t\t\t\t            <\/a>\n        <\/li>\n\t\t            <li class=\"page-item ube-page-item active\" data-args=\"orderby=date&order=desc&ignore_sticky_posts=1&post_status=publish&posts_per_page=3&offset=0&post_type=post&tax_query%5B0%5D%5Btaxonomy%5D=post_tag&tax_query%5B0%5D%5Bfield%5D=term_id&tax_query%5B0%5D%5Bterms%5D%5B0%5D=130&tax_query%5Brelation%5D=AND\"\n                data-settings=\"id=847187f&show_image=yes&show_title=yes&show_excerpt=&show_meta=&excerpt_length=10&show_read_more_button=yes&read_more_button_text=Read+More&show_read_more_button_prefix_style=no&read_more_button_text_suffix%5Bvalue%5D=&read_more_button_text_suffix%5Blibrary%5D=&show_load_more_text=Load+More&excerpt_expansion_indicator=...&orderby=date&show_category=&category_length=&show_category_icon=yes&show_author=&show_author_icon=yes&show_avatar=yes&author_text_prefix=Post+By&show_date=&show_date_icon=yes&date_text_prefix=Post+On&show_comment_count=&show_comment_icon=yes&comment_text_suffix=comments&paging=pagination&show_filter_category=no&post_layout=post-grid-layout-01&load_more_button_type=&load_more_button_shape=rounded&load_more_button_size=md&load_more_button_scheme=accent&button_class=btn+ube-load-more-button+btn-md+btn-rounded+btn-accent&next_text=Sonraki&next_icon%5Bvalue%5D=&next_icon%5Blibrary%5D=&prev_text=%C3%96nceki&prev_icon%5Bvalue%5D=&prev_icon%5Blibrary%5D=&column_class=ube-post-grid-item+col-auto+col-md-auto+col-lg-4&image_size_mode=75&image_size_width=1&image_size_height=1&read_more_class=btn+btn-md+btn-rounded+btn-primary&post_style=grid\"\n                data-page=\"1\"\n                data-total-page=\"2\"\n                data-widget=\"847187f\"\n                data-nonce=\"8bd5d9cec3\">\n                <a class=\"page-link ladda-button\" href=\"#\" data-ladda=\"true\" data-style=\"zoom-out\"\n                   data-spinner-color=\"black\">1<\/a>\n            <\/li>\n\t\t            <li class=\"page-item ube-page-item\" data-args=\"orderby=date&order=desc&ignore_sticky_posts=1&post_status=publish&posts_per_page=3&offset=0&post_type=post&tax_query%5B0%5D%5Btaxonomy%5D=post_tag&tax_query%5B0%5D%5Bfield%5D=term_id&tax_query%5B0%5D%5Bterms%5D%5B0%5D=130&tax_query%5Brelation%5D=AND\"\n                data-settings=\"id=847187f&show_image=yes&show_title=yes&show_excerpt=&show_meta=&excerpt_length=10&show_read_more_button=yes&read_more_button_text=Read+More&show_read_more_button_prefix_style=no&read_more_button_text_suffix%5Bvalue%5D=&read_more_button_text_suffix%5Blibrary%5D=&show_load_more_text=Load+More&excerpt_expansion_indicator=...&orderby=date&show_category=&category_length=&show_category_icon=yes&show_author=&show_author_icon=yes&show_avatar=yes&author_text_prefix=Post+By&show_date=&show_date_icon=yes&date_text_prefix=Post+On&show_comment_count=&show_comment_icon=yes&comment_text_suffix=comments&paging=pagination&show_filter_category=no&post_layout=post-grid-layout-01&load_more_button_type=&load_more_button_shape=rounded&load_more_button_size=md&load_more_button_scheme=accent&button_class=btn+ube-load-more-button+btn-md+btn-rounded+btn-accent&next_text=Sonraki&next_icon%5Bvalue%5D=&next_icon%5Blibrary%5D=&prev_text=%C3%96nceki&prev_icon%5Bvalue%5D=&prev_icon%5Blibrary%5D=&column_class=ube-post-grid-item+col-auto+col-md-auto+col-lg-4&image_size_mode=75&image_size_width=1&image_size_height=1&read_more_class=btn+btn-md+btn-rounded+btn-primary&post_style=grid\"\n                data-page=\"2\"\n                data-total-page=\"2\"\n                data-widget=\"847187f\"\n                data-nonce=\"8bd5d9cec3\">\n                <a class=\"page-link ladda-button\" href=\"#\" data-ladda=\"true\" data-style=\"zoom-out\"\n                   data-spinner-color=\"black\">2<\/a>\n            <\/li>\n\t\t        <li class=\"page-item ube-page-item next\" data-args=\"orderby=date&order=desc&ignore_sticky_posts=1&post_status=publish&posts_per_page=3&offset=0&post_type=post&tax_query%5B0%5D%5Btaxonomy%5D=post_tag&tax_query%5B0%5D%5Bfield%5D=term_id&tax_query%5B0%5D%5Bterms%5D%5B0%5D=130&tax_query%5Brelation%5D=AND\"\n            data-settings=\"id=847187f&show_image=yes&show_title=yes&show_excerpt=&show_meta=&excerpt_length=10&show_read_more_button=yes&read_more_button_text=Read+More&show_read_more_button_prefix_style=no&read_more_button_text_suffix%5Bvalue%5D=&read_more_button_text_suffix%5Blibrary%5D=&show_load_more_text=Load+More&excerpt_expansion_indicator=...&orderby=date&show_category=&category_length=&show_category_icon=yes&show_author=&show_author_icon=yes&show_avatar=yes&author_text_prefix=Post+By&show_date=&show_date_icon=yes&date_text_prefix=Post+On&show_comment_count=&show_comment_icon=yes&comment_text_suffix=comments&paging=pagination&show_filter_category=no&post_layout=post-grid-layout-01&load_more_button_type=&load_more_button_shape=rounded&load_more_button_size=md&load_more_button_scheme=accent&button_class=btn+ube-load-more-button+btn-md+btn-rounded+btn-accent&next_text=Sonraki&next_icon%5Bvalue%5D=&next_icon%5Blibrary%5D=&prev_text=%C3%96nceki&prev_icon%5Bvalue%5D=&prev_icon%5Blibrary%5D=&column_class=ube-post-grid-item+col-auto+col-md-auto+col-lg-4&image_size_mode=75&image_size_width=1&image_size_height=1&read_more_class=btn+btn-md+btn-rounded+btn-primary&post_style=grid\"\n            data-page=\"2\" data-total-page=\"2\"\n            data-widget=\"847187f\"\n            data-nonce=\"8bd5d9cec3\"\n        >\n            <a href=\"#\" class=\"page-link ladda-button\" title=\"Next\" data-ladda=\"true\"\n               data-style=\"zoom-out\" data-spinner-color=\"black\">\n\t\t\t\t                    <span class=\"text\">\n                         Next                    <\/span>\n\t\t\t\t\t\t\t\t\n            <\/a>\n        <\/li>\n    <\/ul>\n<\/nav>\t<\/div>\n\t\t\t\t<\/div>\n\t\t\t\t<\/div>\n\t\t\t\t\t<\/div>\n\t\t<\/div>\n\t\t\t\t\t<\/div>\n\t\t<\/section>\n\t\t\t\t<\/div>","protected":false},"excerpt":{"rendered":"<p>Containing vitamins B6 and B12, this product is flavored with apple cider vinegar. It offers practical and effective use thanks to its shot form. The vitamins in its content contribute to normal energy formation metabolism and the functioning of the immune system.<\/p>","protected":false},"featured_media":9045,"comment_status":"open","ping_status":"closed","template":"","meta":[],"product_brand":[],"product_cat":[157],"product_tag":[],"class_list":{"0":"post-122","1":"product","2":"type-product","3":"status-publish","4":"has-post-thumbnail","6":"product_cat-vitaminler","8":"first","9":"instock","10":"shipping-taxable","11":"purchasable","12":"product-type-simple"},"_links":{"self":[{"href":"https:\/\/qubtiva.com\/en\/wp-json\/wp\/v2\/product\/122","targetHints":{"allow":["GET"]}}],"collection":[{"href":"https:\/\/qubtiva.com\/en\/wp-json\/wp\/v2\/product"}],"about":[{"href":"https:\/\/qubtiva.com\/en\/wp-json\/wp\/v2\/types\/product"}],"replies":[{"embeddable":true,"href":"https:\/\/qubtiva.com\/en\/wp-json\/wp\/v2\/comments?post=122"}],"version-history":[{"count":22,"href":"https:\/\/qubtiva.com\/en\/wp-json\/wp\/v2\/product\/122\/revisions"}],"predecessor-version":[{"id":9335,"href":"https:\/\/qubtiva.com\/en\/wp-json\/wp\/v2\/product\/122\/revisions\/9335"}],"wp:featuredmedia":[{"embeddable":true,"href":"https:\/\/qubtiva.com\/en\/wp-json\/wp\/v2\/media\/9045"}],"wp:attachment":[{"href":"https:\/\/qubtiva.com\/en\/wp-json\/wp\/v2\/media?parent=122"}],"wp:term":[{"taxonomy":"product_brand","embeddable":true,"href":"https:\/\/qubtiva.com\/en\/wp-json\/wp\/v2\/product_brand?post=122"},{"taxonomy":"product_cat","embeddable":true,"href":"https:\/\/qubtiva.com\/en\/wp-json\/wp\/v2\/product_cat?post=122"},{"taxonomy":"product_tag","embeddable":true,"href":"https:\/\/qubtiva.com\/en\/wp-json\/wp\/v2\/product_tag?post=122"}],"curies":[{"name":"wp","href":"https:\/\/api.w.org\/{rel}","templated":true}]}}