{"id":5418,"date":"2025-05-05T12:38:12","date_gmt":"2025-05-05T09:38:12","guid":{"rendered":"https:\/\/qubtiva.com\/?post_type=product&#038;p=5418"},"modified":"2026-02-19T14:29:29","modified_gmt":"2026-02-19T11:29:29","slug":"maca-extract-and-piperine","status":"publish","type":"product","link":"https:\/\/qubtiva.com\/en\/product\/maca-extract-and-piperine\/","title":{"rendered":"Maca Extract and Piperine"},"content":{"rendered":"<div data-elementor-type=\"wp-post\" data-elementor-id=\"5418\" class=\"elementor elementor-5418\">\n\t\t\t\t\t\t<section class=\"elementor-section elementor-top-section elementor-element elementor-element-4f9f50a4 elementor-section-boxed elementor-section-height-default elementor-section-height-default\" data-id=\"4f9f50a4\" data-element_type=\"section\">\n\t\t\t\t\t\t<div class=\"elementor-container elementor-column-gap-default\">\n\t\t\t\t\t<div class=\"elementor-column elementor-col-100 elementor-top-column elementor-element elementor-element-21537c9e\" data-id=\"21537c9e\" data-element_type=\"column\">\n\t\t\t<div class=\"elementor-widget-wrap elementor-element-populated\">\n\t\t\t\t\t\t<div class=\"elementor-element elementor-element-38e5aabf elementor-widget elementor-widget-text-editor\" data-id=\"38e5aabf\" data-element_type=\"widget\" data-widget_type=\"text-editor.default\">\n\t\t\t\t<div class=\"elementor-widget-container\">\n\t\t\t\t\t\t\t\t\t<p>This special formula combines maca root, known for hundreds of years of traditional use, with piperine, the effective component of black pepper, for a simple and unadulterated ingredient inspired by nature. Rich in polyphenols, anthocyanins, phenolic compounds and alkaloids, maca grows at high altitudes in South America. Piperine is the active ingredient found naturally in black pepper, which gives the plant its distinctive pungent aroma. This product is formulated by combining both ingredients in balanced proportions.<\/p><ul><li>G\u00fcnl\u00fck ya\u015famda enerji ihtiyac\u0131n\u0131n artt\u0131\u011f\u0131 ve performans\u0131n desteklenmek istendi\u011fi<br \/>d\u00f6nemlerde kullan\u0131lmak \u00fczere form\u00fcle edilmi\u015ftir.<\/li><li>G\u00fcnl\u00fck ya\u015famda enerji ihtiyac\u0131n\u0131n ve fiziksel dayan\u0131kl\u0131l\u0131\u011f\u0131n desteklenmesine katk\u0131<br \/>sa\u011flamak amac\u0131yla beslenmeye ek olarak tercih edilebilir.<\/li><\/ul><p><strong>Nutrient Table:<\/strong><\/p><table><tbody><tr><td width=\"170\"><strong>Active Ingredient<\/strong><\/td><td width=\"94\"><strong>1 tablet<\/strong><\/td><\/tr><tr><td width=\"170\"><strong>Lepidium Root Extract<\/strong><\/td><td width=\"94\"><strong>500 mg<\/strong><\/td><\/tr><tr><td width=\"170\"><strong>Piperin<\/strong><\/td><td width=\"94\"><strong>1 mg<\/strong><\/td><\/tr><\/tbody><\/table><p><strong>Contents:<\/strong><\/p><ul><li>Lepidium Root (Maca) Extract, Vegetable Capsule, (Hydroxypropyl Cellulose), Microcrystalline Cellulose, Magnesium Salts of Fatty Acids, Silicon Dioxide, Piperine<\/li><\/ul><p><strong>Instructions for Use:<\/strong><\/p><ul><li>It is recommended to take 1 capsule a day.<\/li><li>Suitable for use by adults aged 11 and over.<\/li><li>Suitable for vegans\/vegetarians.<\/li><li><p>Consult your doctor during pregnancy and breastfeeding and in case of illness or medication.<\/p><\/li><\/ul><p><strong>Storage Conditions:<\/strong><\/p><ul><li>Store in a cool and dry place below 25\u00b0C.<\/li><\/ul>\t\t\t\t\t\t\t\t<\/div>\n\t\t\t\t<\/div>\n\t\t\t\t\t<\/div>\n\t\t<\/div>\n\t\t\t\t\t<\/div>\n\t\t<\/section>\n\t\t\t\t<section class=\"elementor-section elementor-top-section elementor-element elementor-element-87b664f elementor-section-full_width elementor-section-stretched elementor-section-height-default elementor-section-height-default\" data-id=\"87b664f\" data-element_type=\"section\" data-settings=\"{&quot;stretch_section&quot;:&quot;section-stretched&quot;}\">\n\t\t\t\t\t\t<div class=\"elementor-container elementor-column-gap-default\">\n\t\t\t\t\t<div class=\"elementor-column elementor-col-100 elementor-top-column elementor-element elementor-element-86a8f93\" data-id=\"86a8f93\" data-element_type=\"column\">\n\t\t\t<div class=\"elementor-widget-wrap elementor-element-populated\">\n\t\t\t\t\t\t<div class=\"elementor-element elementor-element-2528b84 elementor-widget elementor-widget-ube-divider\" data-id=\"2528b84\" data-element_type=\"widget\" data-widget_type=\"ube-divider.default\">\n\t\t\t\t<div class=\"elementor-widget-container\">\n\t\t\t\t\t<div class=\"ube-divider ube-divider-style-solid\">\n\t<div class=\"ube-divider-separator\">\n\t\t\t<\/div>\n<\/div>\n\t\t\t\t<\/div>\n\t\t\t\t<\/div>\n\t\t\t\t<div class=\"elementor-element elementor-element-8907fa5 elementor-widget elementor-widget-spacer\" data-id=\"8907fa5\" data-element_type=\"widget\" data-widget_type=\"spacer.default\">\n\t\t\t\t<div class=\"elementor-widget-container\">\n\t\t\t\t\t\t\t<div class=\"elementor-spacer\">\n\t\t\t<div class=\"elementor-spacer-inner\"><\/div>\n\t\t<\/div>\n\t\t\t\t\t\t<\/div>\n\t\t\t\t<\/div>\n\t\t\t\t\t<\/div>\n\t\t<\/div>\n\t\t\t\t\t<\/div>\n\t\t<\/section>\n\t\t\t\t<section class=\"elementor-section elementor-top-section elementor-element elementor-element-8e4941d elementor-section-boxed elementor-section-height-default elementor-section-height-default\" data-id=\"8e4941d\" data-element_type=\"section\">\n\t\t\t\t\t\t<div class=\"elementor-container elementor-column-gap-default\">\n\t\t\t\t\t<div class=\"elementor-column elementor-col-100 elementor-top-column elementor-element elementor-element-69ddc61\" data-id=\"69ddc61\" data-element_type=\"column\">\n\t\t\t<div class=\"elementor-widget-wrap elementor-element-populated\">\n\t\t\t\t\t\t<div class=\"elementor-element elementor-element-4226f74 elementor-widget elementor-widget-heading\" data-id=\"4226f74\" data-element_type=\"widget\" data-widget_type=\"heading.default\">\n\t\t\t\t<div class=\"elementor-widget-container\">\n\t\t\t\t\t<h2 class=\"elementor-heading-title elementor-size-default\">Related Posts<\/h2>\t\t\t\t<\/div>\n\t\t\t\t<\/div>\n\t\t\t\t<div class=\"elementor-element elementor-element-a339cd1 elementor-widget elementor-widget-ube-post-grid\" data-id=\"a339cd1\" data-element_type=\"widget\" data-widget_type=\"ube-post-grid.default\">\n\t\t\t\t<div class=\"elementor-widget-container\">\n\t\t\t\t\t\n\n<div id=\"ube-post-list-a339cd1\" class=\"ube-posts ube-post-grid ube-post-appender row\">\n\t<div class=\"ube-post-grid-item col-auto col-md-auto col-lg-4\">\n    <article class=\"card ube-post-item ube-post-grid-layout-01\">\n\t\t            <a class=\"ube-entry-post-thumb card-img-top\" href=\"https:\/\/qubtiva.com\/en\/a-comprehensive-scientific-review-of-lepidum-odor-maca-lepidium-meyenii-walp\/\"\n               style=\"background-image: url('https:\/\/qubtiva.com\/wp-content\/uploads\/2025\/06\/maca-koku-tozu-kullanimi.webp');--ube-post-grid-ratio:75%;\">\n            <\/a>\n\t\t        <div class=\"card-body\">\n\t\t\t            <header class=\"ube-entry-header\">\n\t\t\t\t                    <h2 class=\"ube-entry-title card-title\">\n                        <a class=\"ube-post-link\" href=\"https:\/\/qubtiva.com\/en\/a-comprehensive-scientific-review-of-lepidum-odor-maca-lepidium-meyenii-walp\/\"\n                           title=\"Lepidum Root (Maca - Lepidium meyenii Walp.): A Comprehensive Scientific Review\">\n\t\t\t\t\t\t\tLepidum Root (Maca - Lepidium meyenii Walp.): A Comprehensive Scientific Review                        <\/a>\n                    <\/h2>\n\t\t\t\t\t\t\t\t            <\/header>\n\t\t\t        <\/div>\n    <\/article>\n<\/div>\n\n\t\t\t<div class=\"ube-post-grid-item col-auto col-md-auto col-lg-4\">\n    <article class=\"card ube-post-item ube-post-grid-layout-01\">\n\t\t            <a class=\"ube-entry-post-thumb card-img-top\" href=\"https:\/\/qubtiva.com\/en\/how-maca-changes-your-body\/\"\n               style=\"background-image: url('https:\/\/qubtiva.com\/wp-content\/uploads\/2025\/05\/Maca.jpg');--ube-post-grid-ratio:75%;\">\n            <\/a>\n\t\t        <div class=\"card-body\">\n\t\t\t            <header class=\"ube-entry-header\">\n\t\t\t\t                    <h2 class=\"ube-entry-title card-title\">\n                        <a class=\"ube-post-link\" href=\"https:\/\/qubtiva.com\/en\/how-maca-changes-your-body\/\"\n                           title=\"How Maca Changes Your Body\">\n\t\t\t\t\t\t\tHow Maca Changes Your Body                        <\/a>\n                    <\/h2>\n\t\t\t\t\t\t\t\t            <\/header>\n\t\t\t        <\/div>\n    <\/article>\n<\/div>\n\n\t\t\t<\/div>\n\n<div class=\"ube-post-list-paging\">\n\t<\/div>\n\t\t\t\t<\/div>\n\t\t\t\t<\/div>\n\t\t\t\t\t<\/div>\n\t\t<\/div>\n\t\t\t\t\t<\/div>\n\t\t<\/section>\n\t\t\t\t<\/div>","protected":false},"excerpt":{"rendered":"<p>This formulation with maca root and piperine combines two powerful compounds from nature in a pure and unadulterated form, making it versatile.<\/p>","protected":false},"featured_media":9037,"comment_status":"open","ping_status":"closed","template":"","meta":[],"product_brand":[],"product_cat":[100],"product_tag":[],"class_list":{"0":"post-5418","1":"product","2":"type-product","3":"status-publish","4":"has-post-thumbnail","6":"product_cat-bitkisel-destekler","8":"first","9":"instock","10":"shipping-taxable","11":"purchasable","12":"product-type-simple"},"_links":{"self":[{"href":"https:\/\/qubtiva.com\/en\/wp-json\/wp\/v2\/product\/5418","targetHints":{"allow":["GET"]}}],"collection":[{"href":"https:\/\/qubtiva.com\/en\/wp-json\/wp\/v2\/product"}],"about":[{"href":"https:\/\/qubtiva.com\/en\/wp-json\/wp\/v2\/types\/product"}],"replies":[{"embeddable":true,"href":"https:\/\/qubtiva.com\/en\/wp-json\/wp\/v2\/comments?post=5418"}],"version-history":[{"count":16,"href":"https:\/\/qubtiva.com\/en\/wp-json\/wp\/v2\/product\/5418\/revisions"}],"predecessor-version":[{"id":9305,"href":"https:\/\/qubtiva.com\/en\/wp-json\/wp\/v2\/product\/5418\/revisions\/9305"}],"wp:featuredmedia":[{"embeddable":true,"href":"https:\/\/qubtiva.com\/en\/wp-json\/wp\/v2\/media\/9037"}],"wp:attachment":[{"href":"https:\/\/qubtiva.com\/en\/wp-json\/wp\/v2\/media?parent=5418"}],"wp:term":[{"taxonomy":"product_brand","embeddable":true,"href":"https:\/\/qubtiva.com\/en\/wp-json\/wp\/v2\/product_brand?post=5418"},{"taxonomy":"product_cat","embeddable":true,"href":"https:\/\/qubtiva.com\/en\/wp-json\/wp\/v2\/product_cat?post=5418"},{"taxonomy":"product_tag","embeddable":true,"href":"https:\/\/qubtiva.com\/en\/wp-json\/wp\/v2\/product_tag?post=5418"}],"curies":[{"name":"wp","href":"https:\/\/api.w.org\/{rel}","templated":true}]}}