{"id":5422,"date":"2025-05-05T12:48:19","date_gmt":"2025-05-05T09:48:19","guid":{"rendered":"https:\/\/qubtiva.com\/?post_type=product&#038;p=5422"},"modified":"2026-02-19T14:44:37","modified_gmt":"2026-02-19T11:44:37","slug":"black-garlic-extract","status":"publish","type":"product","link":"https:\/\/qubtiva.com\/en\/product\/black-garlic-extract\/","title":{"rendered":"Black Garlic Extract"},"content":{"rendered":"<div data-elementor-type=\"wp-post\" data-elementor-id=\"5422\" class=\"elementor elementor-5422\">\n\t\t\t\t\t\t<section class=\"elementor-section elementor-top-section elementor-element elementor-element-4642d19b elementor-section-boxed elementor-section-height-default elementor-section-height-default\" data-id=\"4642d19b\" data-element_type=\"section\">\n\t\t\t\t\t\t<div class=\"elementor-container elementor-column-gap-default\">\n\t\t\t\t\t<div class=\"elementor-column elementor-col-100 elementor-top-column elementor-element elementor-element-5d41eec1\" data-id=\"5d41eec1\" data-element_type=\"column\">\n\t\t\t<div class=\"elementor-widget-wrap elementor-element-populated\">\n\t\t\t\t\t\t<div class=\"elementor-element elementor-element-4ceed42 elementor-widget elementor-widget-text-editor\" data-id=\"4ceed42\" data-element_type=\"widget\" data-widget_type=\"text-editor.default\">\n\t\t\t\t<div class=\"elementor-widget-container\">\n\t\t\t\t\t\t\t\t\t<p>At the point where thousands of years of traditional wisdom meets modern production techniques, Black Garlic Powder is a special product that stands out with its naturalness and characteristic aroma. This product, which is obtained by fermenting garlic under controlled conditions, takes on a different profile in terms of the components it contains, and offers a rich content especially in S-allyl cysteine (SAC).<\/p><p>Black garlic is obtained by subjecting classic garlic to a natural fermentation process that lasts for weeks at certain temperatures and humidity levels. This process both softens the odor of garlic and transforms some of its compounds. As a result of this transformation, S-allyl cysteine stands out as one of the characteristic components of this product.<\/p><p>After fermenting, black garlic is dried at low temperature and then powdered without any additives. Thanks to this method, the product offers both practical ease of use and allows for different uses with its intense aroma and color.<\/p><ul><li>Antioksidan ihtiyac\u0131n\u0131n artt\u0131\u011f\u0131 d\u00f6nemlerde h\u00fccreleri oksidatif strese kar\u015f\u0131 korumaya<br \/>yard\u0131mc\u0131 olmak amac\u0131yla tercih edilebilir.<\/li><li>Antioksidan i\u00e7eri\u011fiyle h\u00fccresel d\u00fczeyde oksidatif stresle ba\u015fa \u00e7\u0131kmaya yard\u0131mc\u0131 olmak<br \/>amac\u0131yla g\u00fcnl\u00fck kullan\u0131ma uygundur.<\/li><\/ul><p><strong>Nutrient Table:<\/strong><\/p><table><tbody><tr><td width=\"170\"><strong>Active Ingredient<\/strong><\/td><td width=\"95\"><strong>1 Capsule<\/strong><\/td><\/tr><tr><td width=\"170\"><strong>Black Garlic Extract<\/strong><\/td><td width=\"95\"><strong>200 mg<\/strong><\/td><\/tr><tr><td width=\"170\"><strong>Medical Peppermint Oil<\/strong><\/td><td width=\"95\"><strong>8 mg<\/strong><\/td><\/tr><\/tbody><\/table><p><strong>Contents:<\/strong><\/p><ul><li>Black Garlic Extract, Herbal Capsule, Polyvinyl pyrrolidone-Vinyl Acetate Copolymer, Microcrystalline cellulose, Peppermint Oil, Silicon dioxide.<\/li><\/ul><p><strong>Instructions for Use:<\/strong><\/p><ul><li>Adults aged 11 years and over are recommended to consume 1 capsule.<\/li><li>Suitable for vegans\/vegetarians.<\/li><li><p>Consult your doctor during pregnancy and breastfeeding and in case of illness or medication.<\/p><\/li><\/ul><p><strong>Storage Conditions:<\/strong><\/p><ul><li>Store in a cool and dry place below 25\u00b0C.<\/li><\/ul>\t\t\t\t\t\t\t\t<\/div>\n\t\t\t\t<\/div>\n\t\t\t\t\t<\/div>\n\t\t<\/div>\n\t\t\t\t\t<\/div>\n\t\t<\/section>\n\t\t\t\t<section class=\"elementor-section elementor-top-section elementor-element elementor-element-8762abc elementor-section-boxed elementor-section-height-default elementor-section-height-default\" data-id=\"8762abc\" data-element_type=\"section\">\n\t\t\t\t\t\t<div class=\"elementor-container elementor-column-gap-default\">\n\t\t\t\t\t<div class=\"elementor-column elementor-col-100 elementor-top-column elementor-element elementor-element-af4a95b\" data-id=\"af4a95b\" data-element_type=\"column\">\n\t\t\t<div class=\"elementor-widget-wrap elementor-element-populated\">\n\t\t\t\t\t\t<div class=\"elementor-element elementor-element-8bf2d34 elementor-widget elementor-widget-heading\" data-id=\"8bf2d34\" data-element_type=\"widget\" data-widget_type=\"heading.default\">\n\t\t\t\t<div class=\"elementor-widget-container\">\n\t\t\t\t\t<h2 class=\"elementor-heading-title elementor-size-default\">Related Posts<\/h2>\t\t\t\t<\/div>\n\t\t\t\t<\/div>\n\t\t\t\t<div class=\"elementor-element elementor-element-3fe4203 elementor-widget elementor-widget-ube-post-grid\" data-id=\"3fe4203\" data-element_type=\"widget\" data-widget_type=\"ube-post-grid.default\">\n\t\t\t\t<div class=\"elementor-widget-container\">\n\t\t\t\t\t\n\n<div id=\"ube-post-list-3fe4203\" class=\"ube-posts ube-post-grid ube-post-appender row\">\n\t<div class=\"ube-post-grid-item col-auto col-md-auto col-lg-4\">\n    <article class=\"card ube-post-item ube-post-grid-layout-01\">\n\t\t            <a class=\"ube-entry-post-thumb card-img-top\" href=\"https:\/\/qubtiva.com\/en\/a-comprehensive-scientific-review-of-black-garlic\/\"\n               style=\"background-image: url('https:\/\/qubtiva.com\/wp-content\/uploads\/2025\/07\/siyah-sarimsak-nasil-yapilir-18ad.webp');--ube-post-grid-ratio:75%;\">\n            <\/a>\n\t\t        <div class=\"card-body\">\n\t\t\t            <header class=\"ube-entry-header\">\n\t\t\t\t                    <h2 class=\"ube-entry-title card-title\">\n                        <a class=\"ube-post-link\" href=\"https:\/\/qubtiva.com\/en\/a-comprehensive-scientific-review-of-black-garlic\/\"\n                           title=\"Black Garlic: A Comprehensive Scientific Review\">\n\t\t\t\t\t\t\tBlack Garlic: A Comprehensive Scientific Review                        <\/a>\n                    <\/h2>\n\t\t\t\t\t\t\t\t            <\/header>\n\t\t\t        <\/div>\n    <\/article>\n<\/div>\n\n\t\t\t<\/div>\n\n<div class=\"ube-post-list-paging\">\n\t<\/div>\n\t\t\t\t<\/div>\n\t\t\t\t<\/div>\n\t\t\t\t\t<\/div>\n\t\t<\/div>\n\t\t\t\t\t<\/div>\n\t\t<\/section>\n\t\t\t\t<\/div>","protected":false},"excerpt":{"rendered":"<p>Derived from fermented black garlic, this natural product is characterized by its S-allyl cysteine content and intense aroma.<\/p>","protected":false},"featured_media":9034,"comment_status":"open","ping_status":"closed","template":"","meta":[],"product_brand":[],"product_cat":[100],"product_tag":[],"class_list":{"0":"post-5422","1":"product","2":"type-product","3":"status-publish","4":"has-post-thumbnail","6":"product_cat-bitkisel-destekler","8":"first","9":"instock","10":"shipping-taxable","11":"purchasable","12":"product-type-simple"},"_links":{"self":[{"href":"https:\/\/qubtiva.com\/en\/wp-json\/wp\/v2\/product\/5422","targetHints":{"allow":["GET"]}}],"collection":[{"href":"https:\/\/qubtiva.com\/en\/wp-json\/wp\/v2\/product"}],"about":[{"href":"https:\/\/qubtiva.com\/en\/wp-json\/wp\/v2\/types\/product"}],"replies":[{"embeddable":true,"href":"https:\/\/qubtiva.com\/en\/wp-json\/wp\/v2\/comments?post=5422"}],"version-history":[{"count":18,"href":"https:\/\/qubtiva.com\/en\/wp-json\/wp\/v2\/product\/5422\/revisions"}],"predecessor-version":[{"id":9314,"href":"https:\/\/qubtiva.com\/en\/wp-json\/wp\/v2\/product\/5422\/revisions\/9314"}],"wp:featuredmedia":[{"embeddable":true,"href":"https:\/\/qubtiva.com\/en\/wp-json\/wp\/v2\/media\/9034"}],"wp:attachment":[{"href":"https:\/\/qubtiva.com\/en\/wp-json\/wp\/v2\/media?parent=5422"}],"wp:term":[{"taxonomy":"product_brand","embeddable":true,"href":"https:\/\/qubtiva.com\/en\/wp-json\/wp\/v2\/product_brand?post=5422"},{"taxonomy":"product_cat","embeddable":true,"href":"https:\/\/qubtiva.com\/en\/wp-json\/wp\/v2\/product_cat?post=5422"},{"taxonomy":"product_tag","embeddable":true,"href":"https:\/\/qubtiva.com\/en\/wp-json\/wp\/v2\/product_tag?post=5422"}],"curies":[{"name":"wp","href":"https:\/\/api.w.org\/{rel}","templated":true}]}}