{"id":5428,"date":"2025-05-05T13:12:41","date_gmt":"2025-05-05T10:12:41","guid":{"rendered":"https:\/\/qubtiva.com\/?post_type=product&#038;p=5428"},"modified":"2026-02-19T14:46:14","modified_gmt":"2026-02-19T11:46:14","slug":"lyophilized-apilarnil","status":"publish","type":"product","link":"https:\/\/qubtiva.com\/en\/product\/lyophilized-apilarnil\/","title":{"rendered":"Lyophilized Apilarnil"},"content":{"rendered":"<div data-elementor-type=\"wp-post\" data-elementor-id=\"5428\" class=\"elementor elementor-5428\">\n\t\t\t\t\t\t<section class=\"elementor-section elementor-top-section elementor-element elementor-element-3fa2571b elementor-section-boxed elementor-section-height-default elementor-section-height-default\" data-id=\"3fa2571b\" data-element_type=\"section\">\n\t\t\t\t\t\t<div class=\"elementor-container elementor-column-gap-default\">\n\t\t\t\t\t<div class=\"elementor-column elementor-col-100 elementor-top-column elementor-element elementor-element-8257e7f\" data-id=\"8257e7f\" data-element_type=\"column\">\n\t\t\t<div class=\"elementor-widget-wrap elementor-element-populated\">\n\t\t\t\t\t\t<div class=\"elementor-element elementor-element-3f407dc elementor-widget elementor-widget-text-editor\" data-id=\"3f407dc\" data-element_type=\"widget\" data-widget_type=\"text-editor.default\">\n\t\t\t\t<div class=\"elementor-widget-container\">\n\t\t\t\t\t\t\t\t\t<p>Apilarnil has a special place among natural bee products and is a rich and traditional ingredient extracted from drone brood. Collected under controlled conditions during a certain period of bee colonies, this ingredient has a characteristic structure in terms of protein, fat, natural enzymes and biologically active substances.<\/p><p>Apilarnil is characterized by its protein content and contributes to the maintenance and increase of muscle mass. This effect is seen with adequate protein intake as part of a varied and balanced diet and a healthy lifestyle.<\/p><p>Apilarnil is produced using sustainable methods in beekeeping regions. The product is lyophilized in its pure form. This natural ingredient, whose traditional use dates back centuries, can be utilized directly or in different forms in product development processes.<\/p><ul><li>Protein ve do\u011fal besin \u00f6\u011feleri i\u00e7eri\u011fiyle artan besin ihtiyac\u0131n\u0131n kar\u015f\u0131lanmas\u0131na ve<br \/>genel v\u00fccut fonksiyonlar\u0131n\u0131n desteklenmesine katk\u0131 sa\u011flar.<\/li><li>Do\u011fal protein ve besin \u00f6\u011feleri i\u00e7eri\u011fiyle yo\u011fun ya\u015fam temposunda beslenmenin<br \/>desteklenmesine katk\u0131 sa\u011flamak amac\u0131yla tercih edilebilir.<\/li><\/ul><p><strong>Nutrient Table:<\/strong><\/p><table width=\"205\"><tbody><tr><td><strong>Active Ingredient<\/strong><\/td><td><strong>Quantity (1 Tablet)<\/strong><\/td><\/tr><tr><td><strong>Apilarnil<\/strong><\/td><td><strong>50 mg<\/strong><\/td><\/tr><\/tbody><\/table><p><strong>Contents:<\/strong><\/p><ul><li>Mannitol, Lyophilized Apilarnil, Microcrystalline Cellulose, Rice Starch, Orange and Lemon Flavor, Magnesium Salts of Fatty Acids<\/li><\/ul><p><strong>Instructions for Use:<\/strong><\/p><ul><li>It is recommended to take 1 tablet a day.<\/li><li>Suitable for use by adults aged 11 years and over.  Should not be used by those allergic to bee products.<\/li><\/ul><p><strong>Storage Conditions:<\/strong><\/p><ul><li>Store in a cool and dry place below 25\u00b0C.<\/li><\/ul>\t\t\t\t\t\t\t\t<\/div>\n\t\t\t\t<\/div>\n\t\t\t\t\t<\/div>\n\t\t<\/div>\n\t\t\t\t\t<\/div>\n\t\t<\/section>\n\t\t\t\t<section class=\"elementor-section elementor-top-section elementor-element elementor-element-9f29d18 elementor-section-full_width elementor-section-stretched elementor-section-height-default elementor-section-height-default\" data-id=\"9f29d18\" data-element_type=\"section\" data-settings=\"{&quot;stretch_section&quot;:&quot;section-stretched&quot;}\">\n\t\t\t\t\t\t<div class=\"elementor-container elementor-column-gap-default\">\n\t\t\t\t\t<div class=\"elementor-column elementor-col-100 elementor-top-column elementor-element elementor-element-d3b36f8\" data-id=\"d3b36f8\" data-element_type=\"column\">\n\t\t\t<div class=\"elementor-widget-wrap elementor-element-populated\">\n\t\t\t\t\t\t<div class=\"elementor-element elementor-element-c1c0d11 elementor-widget elementor-widget-ube-divider\" data-id=\"c1c0d11\" data-element_type=\"widget\" data-widget_type=\"ube-divider.default\">\n\t\t\t\t<div class=\"elementor-widget-container\">\n\t\t\t\t\t<div class=\"ube-divider ube-divider-style-solid\">\n\t<div class=\"ube-divider-separator\">\n\t\t\t<\/div>\n<\/div>\n\t\t\t\t<\/div>\n\t\t\t\t<\/div>\n\t\t\t\t<div class=\"elementor-element elementor-element-8ea7bf3 elementor-widget elementor-widget-spacer\" data-id=\"8ea7bf3\" data-element_type=\"widget\" data-widget_type=\"spacer.default\">\n\t\t\t\t<div class=\"elementor-widget-container\">\n\t\t\t\t\t\t\t<div class=\"elementor-spacer\">\n\t\t\t<div class=\"elementor-spacer-inner\"><\/div>\n\t\t<\/div>\n\t\t\t\t\t\t<\/div>\n\t\t\t\t<\/div>\n\t\t\t\t\t<\/div>\n\t\t<\/div>\n\t\t\t\t\t<\/div>\n\t\t<\/section>\n\t\t\t\t<section class=\"elementor-section elementor-top-section elementor-element elementor-element-947f29f elementor-section-boxed elementor-section-height-default elementor-section-height-default\" data-id=\"947f29f\" data-element_type=\"section\">\n\t\t\t\t\t\t<div class=\"elementor-container elementor-column-gap-default\">\n\t\t\t\t\t<div class=\"elementor-column elementor-col-100 elementor-top-column elementor-element elementor-element-61a4c82\" data-id=\"61a4c82\" data-element_type=\"column\">\n\t\t\t<div class=\"elementor-widget-wrap elementor-element-populated\">\n\t\t\t\t\t\t<div class=\"elementor-element elementor-element-a41332a elementor-widget elementor-widget-heading\" data-id=\"a41332a\" data-element_type=\"widget\" data-widget_type=\"heading.default\">\n\t\t\t\t<div class=\"elementor-widget-container\">\n\t\t\t\t\t<h2 class=\"elementor-heading-title elementor-size-default\">Related Posts<\/h2>\t\t\t\t<\/div>\n\t\t\t\t<\/div>\n\t\t\t\t<div class=\"elementor-element elementor-element-060dc18 elementor-widget elementor-widget-ube-post-grid\" data-id=\"060dc18\" data-element_type=\"widget\" data-widget_type=\"ube-post-grid.default\">\n\t\t\t\t<div class=\"elementor-widget-container\">\n\t\t\t\t\t\n\n<div id=\"ube-post-list-060dc18\" class=\"ube-posts ube-post-grid ube-post-appender row\">\n\t<div class=\"ube-post-grid-item col-auto col-md-auto col-lg-4\">\n    <article class=\"card ube-post-item ube-post-grid-layout-01\">\n\t\t            <a class=\"ube-entry-post-thumb card-img-top\" href=\"https:\/\/qubtiva.com\/en\/a-comprehensive-scientific-review-of-rice-starch\/\"\n               style=\"background-image: url('https:\/\/qubtiva.com\/wp-content\/uploads\/2025\/07\/Exploring-the-Versatility-and-Value-of-Rice-Starch-in-Various-Industries.jpg');--ube-post-grid-ratio:75%;\">\n            <\/a>\n\t\t        <div class=\"card-body\">\n\t\t\t            <header class=\"ube-entry-header\">\n\t\t\t\t                    <h2 class=\"ube-entry-title card-title\">\n                        <a class=\"ube-post-link\" href=\"https:\/\/qubtiva.com\/en\/a-comprehensive-scientific-review-of-rice-starch\/\"\n                           title=\"Rice Starch: A Comprehensive Scientific Review\">\n\t\t\t\t\t\t\tRice Starch: A Comprehensive Scientific Review                        <\/a>\n                    <\/h2>\n\t\t\t\t\t\t\t\t            <\/header>\n\t\t\t        <\/div>\n    <\/article>\n<\/div>\n\n\t\t\t<div class=\"ube-post-grid-item col-auto col-md-auto col-lg-4\">\n    <article class=\"card ube-post-item ube-post-grid-layout-01\">\n\t\t            <a class=\"ube-entry-post-thumb card-img-top\" href=\"https:\/\/qubtiva.com\/en\/how-apilarnil-changes-your-body\/\"\n               style=\"background-image: url('https:\/\/qubtiva.com\/wp-content\/uploads\/2025\/05\/apilarnil.jpg');--ube-post-grid-ratio:75%;\">\n            <\/a>\n\t\t        <div class=\"card-body\">\n\t\t\t            <header class=\"ube-entry-header\">\n\t\t\t\t                    <h2 class=\"ube-entry-title card-title\">\n                        <a class=\"ube-post-link\" href=\"https:\/\/qubtiva.com\/en\/how-apilarnil-changes-your-body\/\"\n                           title=\"How Apilarnil Changes Your Body\">\n\t\t\t\t\t\t\tHow Apilarnil Changes Your Body                        <\/a>\n                    <\/h2>\n\t\t\t\t\t\t\t\t            <\/header>\n\t\t\t        <\/div>\n    <\/article>\n<\/div>\n\n\t\t\t<\/div>\n\n<div class=\"ube-post-list-paging\">\n\t<\/div>\n\t\t\t\t<\/div>\n\t\t\t\t<\/div>\n\t\t\t\t\t<\/div>\n\t\t<\/div>\n\t\t\t\t\t<\/div>\n\t\t<\/section>\n\t\t\t\t<\/div>","protected":false},"excerpt":{"rendered":"<p>Rich in biologically active ingredients, apilarnil is extracted from the male offspring of bees and remains stable for a long time thanks to its lyophilized form. Thanks to its protein content, it contributes to the maintenance and increase of muscle mass.<\/p>\n<p>&nbsp;<\/p>","protected":false},"featured_media":9026,"comment_status":"open","ping_status":"closed","template":"","meta":[],"product_brand":[],"product_cat":[159],"product_tag":[],"class_list":{"0":"post-5428","1":"product","2":"type-product","3":"status-publish","4":"has-post-thumbnail","6":"product_cat-apiterapi-ari-urunleri","8":"first","9":"instock","10":"shipping-taxable","11":"purchasable","12":"product-type-simple"},"_links":{"self":[{"href":"https:\/\/qubtiva.com\/en\/wp-json\/wp\/v2\/product\/5428","targetHints":{"allow":["GET"]}}],"collection":[{"href":"https:\/\/qubtiva.com\/en\/wp-json\/wp\/v2\/product"}],"about":[{"href":"https:\/\/qubtiva.com\/en\/wp-json\/wp\/v2\/types\/product"}],"replies":[{"embeddable":true,"href":"https:\/\/qubtiva.com\/en\/wp-json\/wp\/v2\/comments?post=5428"}],"version-history":[{"count":21,"href":"https:\/\/qubtiva.com\/en\/wp-json\/wp\/v2\/product\/5428\/revisions"}],"predecessor-version":[{"id":9320,"href":"https:\/\/qubtiva.com\/en\/wp-json\/wp\/v2\/product\/5428\/revisions\/9320"}],"wp:featuredmedia":[{"embeddable":true,"href":"https:\/\/qubtiva.com\/en\/wp-json\/wp\/v2\/media\/9026"}],"wp:attachment":[{"href":"https:\/\/qubtiva.com\/en\/wp-json\/wp\/v2\/media?parent=5428"}],"wp:term":[{"taxonomy":"product_brand","embeddable":true,"href":"https:\/\/qubtiva.com\/en\/wp-json\/wp\/v2\/product_brand?post=5428"},{"taxonomy":"product_cat","embeddable":true,"href":"https:\/\/qubtiva.com\/en\/wp-json\/wp\/v2\/product_cat?post=5428"},{"taxonomy":"product_tag","embeddable":true,"href":"https:\/\/qubtiva.com\/en\/wp-json\/wp\/v2\/product_tag?post=5428"}],"curies":[{"name":"wp","href":"https:\/\/api.w.org\/{rel}","templated":true}]}}