{"id":5430,"date":"2025-05-05T13:15:20","date_gmt":"2025-05-05T10:15:20","guid":{"rendered":"https:\/\/qubtiva.com\/?post_type=product&#038;p=5430"},"modified":"2026-02-19T14:46:53","modified_gmt":"2026-02-19T11:46:53","slug":"royal-jelly-odt-lyophilized-bee-milk","status":"publish","type":"product","link":"https:\/\/qubtiva.com\/en\/product\/royal-jelly-odt-lyophilized-bee-milk\/","title":{"rendered":"Royal Jelly ODT - Lyophilized Royal Jelly"},"content":{"rendered":"<div data-elementor-type=\"wp-post\" data-elementor-id=\"5430\" class=\"elementor elementor-5430\">\n\t\t\t\t\t\t<section class=\"elementor-section elementor-top-section elementor-element elementor-element-6961aeb4 elementor-section-boxed elementor-section-height-default elementor-section-height-default\" data-id=\"6961aeb4\" data-element_type=\"section\">\n\t\t\t\t\t\t<div class=\"elementor-container elementor-column-gap-default\">\n\t\t\t\t\t<div class=\"elementor-column elementor-col-100 elementor-top-column elementor-element elementor-element-4f2b7a51\" data-id=\"4f2b7a51\" data-element_type=\"column\">\n\t\t\t<div class=\"elementor-widget-wrap elementor-element-populated\">\n\t\t\t\t\t\t<div class=\"elementor-element elementor-element-24a28724 elementor-widget elementor-widget-text-editor\" data-id=\"24a28724\" data-element_type=\"widget\" data-widget_type=\"text-editor.default\">\n\t\t\t\t<div class=\"elementor-widget-container\">\n\t\t\t\t\t\t\t\t\t<p>Royal jelly is one of the most valuable products of bee colonies. Produced by worker bees to feed the queen bee, this special secretion stands out with its rich content. Contains royal jelly. In order to preserve its freshness and nutritional value, it is processed with the modern technique of lyophilization (freeze-drying). In this way, royal jelly is preserved in the closest way to its natural structure without heat treatment.<\/p><p>Thanks to its protein content, it contributes to the maintenance of normal bones. This effect is achieved through a varied and balanced diet and adequate protein intake as part of a healthy lifestyle.<\/p><p>Lyophilized royal jelly is transformed into a practical form with extended shelf life while preserving its active ingredients and original structure. It contains no additives, preservatives or artificial ingredients. It is an ideal choice for those looking for a pure and natural alternative. It provides fast absorption thanks to its form that dissolves easily in the mouth.<\/p><p>Thanks to its mouth-dispersible formulation, it provides rapid dissolution and absorption.<\/p><ul><li>Yo\u011fun ya\u015fam temposunda genel v\u00fccut direncinin ve canl\u0131l\u0131k hissinin desteklenmesine<br \/>yard\u0131mc\u0131 olmak amac\u0131yla geli\u015ftirilmi\u015ftir.<\/li><li>Artan fiziksel ve zihinsel yo\u011funluk d\u00f6nemlerinde genel canl\u0131l\u0131k hissinin ve besinsel<br \/>deste\u011fin sa\u011flanmas\u0131na yard\u0131mc\u0131 olur.<\/li><\/ul><p><strong>Nutrient Table:<\/strong><\/p><table width=\"205\"><tbody><tr><td><strong>Active Ingredient<\/strong><\/td><td><strong>Quantity (1 Tablet)<\/strong><\/td><\/tr><tr><td><strong>Royal Jelly<\/strong><\/td><td><strong>25 mg<\/strong><\/td><\/tr><\/tbody><\/table><p><strong>Contents:<\/strong><\/p><ul><li>Mannitol, Microcrystalline Cellulose, Lyophilized Royal Jelly, Rice Starch, Orange and Lemon Flavor, Magnesium Salts of Fatty Acids<\/li><\/ul><p><strong>Instructions for Use:<\/strong><\/p><ul><li>It is recommended to take 1 orally disintegrating tablet per day.<\/li><li>Suitable for use by adults aged 11 years and over.  Should not be used by those allergic to bee products.<\/li><\/ul><p><strong>Storage Conditions:<\/strong><\/p><ul><li>Store in a cool and dry place below 25\u00b0C.<\/li><\/ul>\t\t\t\t\t\t\t\t<\/div>\n\t\t\t\t<\/div>\n\t\t\t\t\t<\/div>\n\t\t<\/div>\n\t\t\t\t\t<\/div>\n\t\t<\/section>\n\t\t\t\t<section class=\"elementor-section elementor-top-section elementor-element elementor-element-7c3d612 elementor-section-full_width elementor-section-stretched elementor-section-height-default elementor-section-height-default\" data-id=\"7c3d612\" data-element_type=\"section\" data-settings=\"{&quot;stretch_section&quot;:&quot;section-stretched&quot;}\">\n\t\t\t\t\t\t<div class=\"elementor-container elementor-column-gap-default\">\n\t\t\t\t\t<div class=\"elementor-column elementor-col-100 elementor-top-column elementor-element elementor-element-4054761\" data-id=\"4054761\" data-element_type=\"column\">\n\t\t\t<div class=\"elementor-widget-wrap elementor-element-populated\">\n\t\t\t\t\t\t<div class=\"elementor-element elementor-element-3df8020 elementor-widget elementor-widget-ube-divider\" data-id=\"3df8020\" data-element_type=\"widget\" data-widget_type=\"ube-divider.default\">\n\t\t\t\t<div class=\"elementor-widget-container\">\n\t\t\t\t\t<div class=\"ube-divider ube-divider-style-solid\">\n\t<div class=\"ube-divider-separator\">\n\t\t\t<\/div>\n<\/div>\n\t\t\t\t<\/div>\n\t\t\t\t<\/div>\n\t\t\t\t<div class=\"elementor-element elementor-element-f3bcc51 elementor-widget elementor-widget-spacer\" data-id=\"f3bcc51\" data-element_type=\"widget\" data-widget_type=\"spacer.default\">\n\t\t\t\t<div class=\"elementor-widget-container\">\n\t\t\t\t\t\t\t<div class=\"elementor-spacer\">\n\t\t\t<div class=\"elementor-spacer-inner\"><\/div>\n\t\t<\/div>\n\t\t\t\t\t\t<\/div>\n\t\t\t\t<\/div>\n\t\t\t\t\t<\/div>\n\t\t<\/div>\n\t\t\t\t\t<\/div>\n\t\t<\/section>\n\t\t\t\t<section class=\"elementor-section elementor-top-section elementor-element elementor-element-56b100d elementor-section-boxed elementor-section-height-default elementor-section-height-default\" data-id=\"56b100d\" data-element_type=\"section\">\n\t\t\t\t\t\t<div class=\"elementor-container elementor-column-gap-default\">\n\t\t\t\t\t<div class=\"elementor-column elementor-col-100 elementor-top-column elementor-element elementor-element-bbe5c24\" data-id=\"bbe5c24\" data-element_type=\"column\">\n\t\t\t<div class=\"elementor-widget-wrap elementor-element-populated\">\n\t\t\t\t\t\t<div class=\"elementor-element elementor-element-be431ca elementor-widget elementor-widget-heading\" data-id=\"be431ca\" data-element_type=\"widget\" data-widget_type=\"heading.default\">\n\t\t\t\t<div class=\"elementor-widget-container\">\n\t\t\t\t\t<h2 class=\"elementor-heading-title elementor-size-default\">Related Posts<\/h2>\t\t\t\t<\/div>\n\t\t\t\t<\/div>\n\t\t\t\t<div class=\"elementor-element elementor-element-796f22f elementor-widget elementor-widget-ube-post-grid\" data-id=\"796f22f\" data-element_type=\"widget\" data-widget_type=\"ube-post-grid.default\">\n\t\t\t\t<div class=\"elementor-widget-container\">\n\t\t\t\t\t\n\n<div id=\"ube-post-list-796f22f\" class=\"ube-posts ube-post-grid ube-post-appender row\">\n\t<div class=\"ube-post-grid-item col-auto col-md-auto col-lg-4\">\n    <article class=\"card ube-post-item ube-post-grid-layout-01\">\n\t\t            <a class=\"ube-entry-post-thumb card-img-top\" href=\"https:\/\/qubtiva.com\/en\/how-royal-jelly-changes-your-body\/\"\n               style=\"background-image: url('https:\/\/qubtiva.com\/wp-content\/uploads\/2025\/05\/royaljelly.jpg');--ube-post-grid-ratio:75%;\">\n            <\/a>\n\t\t        <div class=\"card-body\">\n\t\t\t            <header class=\"ube-entry-header\">\n\t\t\t\t                    <h2 class=\"ube-entry-title card-title\">\n                        <a class=\"ube-post-link\" href=\"https:\/\/qubtiva.com\/en\/how-royal-jelly-changes-your-body\/\"\n                           title=\"How Royal Jelly Changes Your Body\">\n\t\t\t\t\t\t\tHow Royal Jelly Changes Your Body                        <\/a>\n                    <\/h2>\n\t\t\t\t\t\t\t\t            <\/header>\n\t\t\t        <\/div>\n    <\/article>\n<\/div>\n\n\t\t\t<\/div>\n\n<div class=\"ube-post-list-paging\">\n\t<\/div>\n\t\t\t\t<\/div>\n\t\t\t\t<\/div>\n\t\t\t\t\t<\/div>\n\t\t<\/div>\n\t\t\t\t\t<\/div>\n\t\t<\/section>\n\t\t\t\t<\/div>","protected":false},"excerpt":{"rendered":"<p>Freeze-dried royal jelly is a pure and natural bee product without additives, whose content is preserved intact. With its protein content, it contributes to the maintenance of normal bones.<\/p>","protected":false},"featured_media":9023,"comment_status":"open","ping_status":"closed","template":"","meta":[],"product_brand":[],"product_cat":[159],"product_tag":[],"class_list":{"0":"post-5430","1":"product","2":"type-product","3":"status-publish","4":"has-post-thumbnail","6":"product_cat-apiterapi-ari-urunleri","8":"first","9":"instock","10":"shipping-taxable","11":"purchasable","12":"product-type-simple"},"_links":{"self":[{"href":"https:\/\/qubtiva.com\/en\/wp-json\/wp\/v2\/product\/5430","targetHints":{"allow":["GET"]}}],"collection":[{"href":"https:\/\/qubtiva.com\/en\/wp-json\/wp\/v2\/product"}],"about":[{"href":"https:\/\/qubtiva.com\/en\/wp-json\/wp\/v2\/types\/product"}],"replies":[{"embeddable":true,"href":"https:\/\/qubtiva.com\/en\/wp-json\/wp\/v2\/comments?post=5430"}],"version-history":[{"count":18,"href":"https:\/\/qubtiva.com\/en\/wp-json\/wp\/v2\/product\/5430\/revisions"}],"predecessor-version":[{"id":9323,"href":"https:\/\/qubtiva.com\/en\/wp-json\/wp\/v2\/product\/5430\/revisions\/9323"}],"wp:featuredmedia":[{"embeddable":true,"href":"https:\/\/qubtiva.com\/en\/wp-json\/wp\/v2\/media\/9023"}],"wp:attachment":[{"href":"https:\/\/qubtiva.com\/en\/wp-json\/wp\/v2\/media?parent=5430"}],"wp:term":[{"taxonomy":"product_brand","embeddable":true,"href":"https:\/\/qubtiva.com\/en\/wp-json\/wp\/v2\/product_brand?post=5430"},{"taxonomy":"product_cat","embeddable":true,"href":"https:\/\/qubtiva.com\/en\/wp-json\/wp\/v2\/product_cat?post=5430"},{"taxonomy":"product_tag","embeddable":true,"href":"https:\/\/qubtiva.com\/en\/wp-json\/wp\/v2\/product_tag?post=5430"}],"curies":[{"name":"wp","href":"https:\/\/api.w.org\/{rel}","templated":true}]}}