{"id":5432,"date":"2025-05-05T13:17:19","date_gmt":"2025-05-05T10:17:19","guid":{"rendered":"https:\/\/qubtiva.com\/?post_type=product&#038;p=5432"},"modified":"2026-04-07T07:01:23","modified_gmt":"2026-04-07T04:01:23","slug":"core-btri-odt-vitamin-b6-ab12-folic-acid","status":"publish","type":"product","link":"https:\/\/qubtiva.com\/en\/product\/core-btri-odt-vitamin-b6-ab12-folic-acid\/","title":{"rendered":"Core-BTri ODT - Vitamin B6, aB12, Folic Acid"},"content":{"rendered":"<div data-elementor-type=\"wp-post\" data-elementor-id=\"5432\" class=\"elementor elementor-5432\">\n\t\t\t\t\t\t<section class=\"elementor-section elementor-top-section elementor-element elementor-element-4ad1af79 elementor-section-boxed elementor-section-height-default elementor-section-height-default\" data-id=\"4ad1af79\" data-element_type=\"section\">\n\t\t\t\t\t\t<div class=\"elementor-container elementor-column-gap-default\">\n\t\t\t\t\t<div class=\"elementor-column elementor-col-100 elementor-top-column elementor-element elementor-element-41d96c37\" data-id=\"41d96c37\" data-element_type=\"column\">\n\t\t\t<div class=\"elementor-widget-wrap elementor-element-populated\">\n\t\t\t\t\t\t<div class=\"elementor-element elementor-element-7fd61471 elementor-widget elementor-widget-text-editor\" data-id=\"7fd61471\" data-element_type=\"widget\" data-widget_type=\"text-editor.default\">\n\t\t\t\t<div class=\"elementor-widget-container\">\n\t\t\t\t\t\t\t\t\t<p>Core-BTri ODT contains Vitamin B6, B12 and Folic acid, which support the normal function of the immune system. Core-BTri ODT provides the three essential B vitamins - Vitamin B6 (Pyridoxal-5-Phosphate), Vitamin B12 (Methylcobalamin) and Calcium L-Methylfolate - in their active and available forms. Each B vitamin is included in this formula with its specific biochemical role, while the balanced proportions provide a simple and effective alternative for daily use. The mouth-dispersible formulation ensures rapid dissolution and absorption.<\/p><ul><li>Yo\u011fun fiziksel efor, stres, ve d\u00fczensiz ya\u015fam temposunda enerji metabolizmas\u0131n\u0131n ve<br \/>sinir sistemi fonksiyonlar\u0131n\u0131n normal i\u015fleyi\u015fini desteklemek amac\u0131yla form\u00fcle<br \/>edilmi\u015ftir.<\/li><li>G\u00fcnl\u00fck ya\u015famda artan zihinsel y\u00fck ve enerji ihtiyac\u0131n\u0131n oldu\u011fu d\u00f6nemlerde normal<br \/>enerji \u00fcretim s\u00fcre\u00e7lerinin ve sinir sistemi fonksiyonlar\u0131n\u0131n desteklenmesine yard\u0131mc\u0131<br \/>olur.<\/li><\/ul><p><strong>Nutrient Table:<\/strong><\/p><table><tbody><tr><td width=\"141\"><strong>Active Ingredient<\/strong><\/td><td width=\"123\"><strong>1 melt-in-your-mouth tablet<\/strong><\/td><td width=\"123\"><strong>BRD %<\/strong><\/td><\/tr><tr><td width=\"141\"><strong>Vitamin B6<\/strong><\/td><td width=\"123\"><strong>5 mg<\/strong><\/td><td width=\"123\"><strong>357,1<\/strong><\/td><\/tr><tr><td width=\"141\"><strong>Vitamin B12<\/strong><\/td><td width=\"123\"><strong>1000 mcg <\/strong><\/td><td width=\"123\"><strong>40.000<\/strong><\/td><\/tr><tr><td width=\"141\"><strong>Folic Acid <\/strong><\/td><td width=\"123\"><strong>400 mcg<\/strong><\/td><td width=\"123\"><strong>200<\/strong><\/td><\/tr><\/tbody><\/table><p><em>BRD Nutrition Reference Value<\/em><\/p><p><strong>Contents:<\/strong><\/p><ul><li>Mannitol, Microcrystalline Cellulose, Rice Starch, Vitamin B6 (Pyridoxal 5' Phosphate), Orange and Lemon Flavor, Vitamin B12 (Methylcobalamin) and Calcium L-Methylfolate, Magnesium Salts of Fatty Acids<\/li><\/ul><p><strong>Instructions for Use:<\/strong><\/p><ul><li>It is recommended to take 1 orally disintegrating tablet per day.<\/li><li>Suitable for use by adults aged 11 years and over.  Should not be used by those allergic to bee products.<\/li><li>Suitable for vegans\/vegetarians.<\/li><li><p>Consult your doctor during pregnancy and breastfeeding and in case of illness or medication.<\/p><\/li><\/ul><p><strong>Storage Conditions:<\/strong><\/p><ul><li>Store in a cool and dry place below 25\u00b0C.<\/li><\/ul><p><strong>Health Declarations:<\/strong><\/p><ul><li data-start=\"192\" data-end=\"262\"><p data-start=\"194\" data-end=\"262\">Vitamin B12 contributes to normal energy formation metabolism.<\/p><\/li><li data-start=\"192\" data-end=\"262\"><p data-start=\"194\" data-end=\"262\">Vitamin B12 contributes to the normal functioning of the nervous system.<\/p><\/li><li data-start=\"332\" data-end=\"400\"><p data-start=\"334\" data-end=\"400\">Vitamin B12 contributes to normal homocysteine metabolism.<\/p><\/li><li data-start=\"401\" data-end=\"471\"><p data-start=\"403\" data-end=\"471\">Vitamin B12 contributes to normal red blood cell formation.<\/p><\/li><li data-start=\"472\" data-end=\"547\"><p data-start=\"474\" data-end=\"547\">Vitamin B12 contributes to the normal function of the immune system.<\/p><\/li><li data-start=\"548\" data-end=\"617\"><p data-start=\"550\" data-end=\"617\">Vitamin B12 contributes to the reduction of fatigue and exhaustion.<\/p><\/li><li data-start=\"618\" data-end=\"669\"><p data-start=\"620\" data-end=\"669\">Vitamin B12 is involved in cell division.<\/p><\/li><li data-start=\"698\" data-end=\"755\"><p data-start=\"700\" data-end=\"755\">Vitamin B6 contributes to normal cysteine synthesis.<\/p><\/li><li data-start=\"756\" data-end=\"825\"><p data-start=\"758\" data-end=\"825\">Vitamin B6 contributes to normal energy formation metabolism.<\/p><\/li><li data-start=\"826\" data-end=\"934\"><p data-start=\"828\" data-end=\"934\">Vitamin B6 contributes to the normal functioning of the nervous system.<\/p><\/li><li data-start=\"935\" data-end=\"1050\"><p data-start=\"937\" data-end=\"1050\">Vitamin B6 contributes to normal homocysteine metabolism.<\/p><\/li><li data-start=\"935\" data-end=\"1050\"><p data-start=\"937\" data-end=\"1050\">Vitamin B6 contributes to normal protein and glycogen metabolism.<\/p><\/li><li data-start=\"1127\" data-end=\"1198\"><p data-start=\"1129\" data-end=\"1198\">Vitamin B6 contributes to the normal formation of red blood cells.<\/p><\/li><li data-start=\"1199\" data-end=\"1273\"><p data-start=\"1201\" data-end=\"1273\">Vitamin B6 contributes to the normal function of the immune system.<\/p><\/li><li data-start=\"1274\" data-end=\"1342\"><p data-start=\"1276\" data-end=\"1342\">Vitamin B6 contributes to the reduction of fatigue and exhaustion.<\/p><\/li><li data-start=\"1343\" data-end=\"1408\"><p data-start=\"1345\" data-end=\"1408\">Vitamin B6 contributes to the regulation of hormonal activity.<\/p><\/li><li data-start=\"1431\" data-end=\"1508\"><p data-start=\"1433\" data-end=\"1508\">Folate contributes to the development of maternal tissues during pregnancy.<\/p><\/li><li data-start=\"1509\" data-end=\"1563\"><p data-start=\"1511\" data-end=\"1563\">Folate contributes to normal amino acid synthesis.<\/p><\/li><li data-start=\"1564\" data-end=\"1611\"><p data-start=\"1566\" data-end=\"1611\">Folate contributes to normal blood formation.<\/p><\/li><li data-start=\"1612\" data-end=\"1673\"><p data-start=\"1614\" data-end=\"1673\">Folate contributes to normal homocysteine metabolism.<\/p><\/li><li data-start=\"1674\" data-end=\"1742\"><p data-start=\"1676\" data-end=\"1742\">Folate contributes to the normal function of the immune system.<\/p><\/li><li data-start=\"1743\" data-end=\"1805\"><p data-start=\"1745\" data-end=\"1805\">Folate contributes to the reduction of fatigue and exhaustion.<\/p><\/li><li data-start=\"1806\" data-end=\"1849\"><p data-start=\"1808\" data-end=\"1849\">Folate is involved in cell division.<\/p><\/li><\/ul><p>* Regulation on the Use of Health Declaration in Food and Food Supplements (Official Gazette No. 32169 \/ dated 20.04.2023)<\/p>\t\t\t\t\t\t\t\t<\/div>\n\t\t\t\t<\/div>\n\t\t\t\t\t<\/div>\n\t\t<\/div>\n\t\t\t\t\t<\/div>\n\t\t<\/section>\n\t\t\t\t<section class=\"elementor-section elementor-top-section elementor-element elementor-element-c74c773 elementor-section-full_width elementor-section-stretched elementor-section-height-default elementor-section-height-default\" data-id=\"c74c773\" data-element_type=\"section\" data-settings=\"{&quot;stretch_section&quot;:&quot;section-stretched&quot;}\">\n\t\t\t\t\t\t<div class=\"elementor-container elementor-column-gap-default\">\n\t\t\t\t\t<div class=\"elementor-column elementor-col-100 elementor-top-column elementor-element elementor-element-a428915\" data-id=\"a428915\" data-element_type=\"column\">\n\t\t\t<div class=\"elementor-widget-wrap elementor-element-populated\">\n\t\t\t\t\t\t<div class=\"elementor-element elementor-element-30ca3aa elementor-widget elementor-widget-ube-divider\" data-id=\"30ca3aa\" data-element_type=\"widget\" data-widget_type=\"ube-divider.default\">\n\t\t\t\t<div class=\"elementor-widget-container\">\n\t\t\t\t\t<div class=\"ube-divider ube-divider-style-solid\">\n\t<div class=\"ube-divider-separator\">\n\t\t\t<\/div>\n<\/div>\n\t\t\t\t<\/div>\n\t\t\t\t<\/div>\n\t\t\t\t<div class=\"elementor-element elementor-element-a4a9ec6 elementor-widget elementor-widget-spacer\" data-id=\"a4a9ec6\" data-element_type=\"widget\" data-widget_type=\"spacer.default\">\n\t\t\t\t<div class=\"elementor-widget-container\">\n\t\t\t\t\t\t\t<div class=\"elementor-spacer\">\n\t\t\t<div class=\"elementor-spacer-inner\"><\/div>\n\t\t<\/div>\n\t\t\t\t\t\t<\/div>\n\t\t\t\t<\/div>\n\t\t\t\t\t<\/div>\n\t\t<\/div>\n\t\t\t\t\t<\/div>\n\t\t<\/section>\n\t\t\t\t<section class=\"elementor-section elementor-top-section elementor-element elementor-element-0eb5925 elementor-section-boxed elementor-section-height-default elementor-section-height-default\" data-id=\"0eb5925\" data-element_type=\"section\">\n\t\t\t\t\t\t<div class=\"elementor-container elementor-column-gap-default\">\n\t\t\t\t\t<div class=\"elementor-column elementor-col-100 elementor-top-column elementor-element elementor-element-82fa9c1\" data-id=\"82fa9c1\" data-element_type=\"column\">\n\t\t\t<div class=\"elementor-widget-wrap elementor-element-populated\">\n\t\t\t\t\t\t<div class=\"elementor-element elementor-element-b4fdec7 elementor-widget elementor-widget-heading\" data-id=\"b4fdec7\" data-element_type=\"widget\" data-widget_type=\"heading.default\">\n\t\t\t\t<div class=\"elementor-widget-container\">\n\t\t\t\t\t<h2 class=\"elementor-heading-title elementor-size-default\">Related Posts<\/h2>\t\t\t\t<\/div>\n\t\t\t\t<\/div>\n\t\t\t\t<div class=\"elementor-element elementor-element-3f765c1 elementor-widget elementor-widget-ube-post-grid\" data-id=\"3f765c1\" data-element_type=\"widget\" data-widget_type=\"ube-post-grid.default\">\n\t\t\t\t<div class=\"elementor-widget-container\">\n\t\t\t\t\t\n\n<div id=\"ube-post-list-3f765c1\" class=\"ube-posts ube-post-grid ube-post-appender row\">\n\t<div class=\"ube-post-grid-item col-auto col-md-auto col-lg-4\">\n    <article class=\"card ube-post-item ube-post-grid-layout-01\">\n\t\t            <a class=\"ube-entry-post-thumb card-img-top\" href=\"https:\/\/qubtiva.com\/en\/balancing-homocysteine-levels-with-b6-b12-and-folic-acid\/\"\n               style=\"background-image: url('https:\/\/qubtiva.com\/wp-content\/uploads\/2025\/07\/5fd4023965c1b0b9d59b2d5d22f39124.jpg');--ube-post-grid-ratio:75%;\">\n            <\/a>\n\t\t        <div class=\"card-body\">\n\t\t\t            <header class=\"ube-entry-header\">\n\t\t\t\t                    <h2 class=\"ube-entry-title card-title\">\n                        <a class=\"ube-post-link\" href=\"https:\/\/qubtiva.com\/en\/balancing-homocysteine-levels-with-b6-b12-and-folic-acid\/\"\n                           title=\"Balancing Homocysteine Levels with the B6, B12 and Folic Acid Triad\">\n\t\t\t\t\t\t\tBalancing Homocysteine Levels with the B6, B12 and Folic Acid Triad                        <\/a>\n                    <\/h2>\n\t\t\t\t\t\t\t\t            <\/header>\n\t\t\t        <\/div>\n    <\/article>\n<\/div>\n\n\t\t\t<div class=\"ube-post-grid-item col-auto col-md-auto col-lg-4\">\n    <article class=\"card ube-post-item ube-post-grid-layout-01\">\n\t\t            <a class=\"ube-entry-post-thumb card-img-top\" href=\"https:\/\/qubtiva.com\/en\/effects-of-vitamins-b6-and-b12-on-the-nervous-system-and-energy\/\"\n               style=\"background-image: url('https:\/\/qubtiva.com\/wp-content\/uploads\/2025\/07\/pk0jgod8_vitamin-b12_625x300_08_May_24.jpg');--ube-post-grid-ratio:75%;\">\n            <\/a>\n\t\t        <div class=\"card-body\">\n\t\t\t            <header class=\"ube-entry-header\">\n\t\t\t\t                    <h2 class=\"ube-entry-title card-title\">\n                        <a class=\"ube-post-link\" href=\"https:\/\/qubtiva.com\/en\/effects-of-vitamins-b6-and-b12-on-the-nervous-system-and-energy\/\"\n                           title=\"Effects of Vitamins B6 and B12 on the Nervous System and Energy\">\n\t\t\t\t\t\t\tEffects of Vitamins B6 and B12 on the Nervous System and Energy                        <\/a>\n                    <\/h2>\n\t\t\t\t\t\t\t\t            <\/header>\n\t\t\t        <\/div>\n    <\/article>\n<\/div>\n\n\t\t\t<div class=\"ube-post-grid-item col-auto col-md-auto col-lg-4\">\n    <article class=\"card ube-post-item ube-post-grid-layout-01\">\n\t\t            <a class=\"ube-entry-post-thumb card-img-top\" href=\"https:\/\/qubtiva.com\/en\/how-apple-cider-vinegar-b6-and-b12-supplements-change-your-body\/\"\n               style=\"background-image: url('https:\/\/qubtiva.com\/wp-content\/uploads\/2025\/05\/elma-sirkesi.jpg');--ube-post-grid-ratio:75%;\">\n            <\/a>\n\t\t        <div class=\"card-body\">\n\t\t\t            <header class=\"ube-entry-header\">\n\t\t\t\t                    <h2 class=\"ube-entry-title card-title\">\n                        <a class=\"ube-post-link\" href=\"https:\/\/qubtiva.com\/en\/how-apple-cider-vinegar-b6-and-b12-supplements-change-your-body\/\"\n                           title=\"How Apple Cider Vinegar, B6 and B12 Supplements Change Your Body\">\n\t\t\t\t\t\t\tHow Apple Cider Vinegar, B6 and B12 Supplements Change Your Body                        <\/a>\n                    <\/h2>\n\t\t\t\t\t\t\t\t            <\/header>\n\t\t\t        <\/div>\n    <\/article>\n<\/div>\n\n\t\t\t<\/div>\n\n<div class=\"ube-post-list-paging\">\n\t\n\t\t<nav class=\"ube-post-pagination\">\n    <ul class=\"pagination\">\n        <li class=\"page-item ube-page-item disabled prev\" data-args=\"orderby=date&order=desc&ignore_sticky_posts=1&post_status=publish&posts_per_page=3&offset=0&post_type=post&tax_query%5B0%5D%5Btaxonomy%5D=post_tag&tax_query%5B0%5D%5Bfield%5D=term_id&tax_query%5B0%5D%5Bterms%5D%5B0%5D=130&tax_query%5Brelation%5D=AND\"\n            data-settings=\"id=3f765c1&show_image=yes&show_title=yes&show_excerpt=&show_meta=&excerpt_length=10&show_read_more_button=yes&read_more_button_text=Read+More&show_read_more_button_prefix_style=no&read_more_button_text_suffix%5Bvalue%5D=&read_more_button_text_suffix%5Blibrary%5D=&show_load_more_text=Load+More&excerpt_expansion_indicator=...&orderby=date&show_category=&category_length=&show_category_icon=yes&show_author=&show_author_icon=yes&show_avatar=yes&author_text_prefix=Post+By&show_date=&show_date_icon=yes&date_text_prefix=Post+On&show_comment_count=&show_comment_icon=yes&comment_text_suffix=comments&paging=pagination&show_filter_category=no&post_layout=post-grid-layout-01&load_more_button_type=&load_more_button_shape=rounded&load_more_button_size=md&load_more_button_scheme=accent&button_class=btn+ube-load-more-button+btn-md+btn-rounded+btn-accent&next_text=Next&next_icon%5Bvalue%5D=&next_icon%5Blibrary%5D=&prev_text=Prev&prev_icon%5Bvalue%5D=&prev_icon%5Blibrary%5D=&column_class=ube-post-grid-item+col-auto+col-md-auto+col-lg-4&image_size_mode=75&image_size_width=1&image_size_height=1&read_more_class=btn+btn-md+btn-rounded+btn-primary&post_style=grid\"\n            data-page=\"0\" data-total-page=\"2\"\n            data-widget=\"3f765c1\"\n            data-nonce=\"8bd5d9cec3\"\n        >\n            <a href=\"#\" class=\"page-link ladda-button\" title=\"Previous\" data-ladda=\"true\"\n               data-style=\"zoom-out\" data-spinner-color=\"black\">\n\t\t\t\t                    <span class=\"text\">\n                         Prev                    <\/span>\n\t\t\t\t\t\t\t\t            <\/a>\n        <\/li>\n\t\t            <li class=\"page-item ube-page-item active\" data-args=\"orderby=date&order=desc&ignore_sticky_posts=1&post_status=publish&posts_per_page=3&offset=0&post_type=post&tax_query%5B0%5D%5Btaxonomy%5D=post_tag&tax_query%5B0%5D%5Bfield%5D=term_id&tax_query%5B0%5D%5Bterms%5D%5B0%5D=130&tax_query%5Brelation%5D=AND\"\n                data-settings=\"id=3f765c1&show_image=yes&show_title=yes&show_excerpt=&show_meta=&excerpt_length=10&show_read_more_button=yes&read_more_button_text=Read+More&show_read_more_button_prefix_style=no&read_more_button_text_suffix%5Bvalue%5D=&read_more_button_text_suffix%5Blibrary%5D=&show_load_more_text=Load+More&excerpt_expansion_indicator=...&orderby=date&show_category=&category_length=&show_category_icon=yes&show_author=&show_author_icon=yes&show_avatar=yes&author_text_prefix=Post+By&show_date=&show_date_icon=yes&date_text_prefix=Post+On&show_comment_count=&show_comment_icon=yes&comment_text_suffix=comments&paging=pagination&show_filter_category=no&post_layout=post-grid-layout-01&load_more_button_type=&load_more_button_shape=rounded&load_more_button_size=md&load_more_button_scheme=accent&button_class=btn+ube-load-more-button+btn-md+btn-rounded+btn-accent&next_text=Next&next_icon%5Bvalue%5D=&next_icon%5Blibrary%5D=&prev_text=Prev&prev_icon%5Bvalue%5D=&prev_icon%5Blibrary%5D=&column_class=ube-post-grid-item+col-auto+col-md-auto+col-lg-4&image_size_mode=75&image_size_width=1&image_size_height=1&read_more_class=btn+btn-md+btn-rounded+btn-primary&post_style=grid\"\n                data-page=\"1\"\n                data-total-page=\"2\"\n                data-widget=\"3f765c1\"\n                data-nonce=\"8bd5d9cec3\">\n                <a class=\"page-link ladda-button\" href=\"#\" data-ladda=\"true\" data-style=\"zoom-out\"\n                   data-spinner-color=\"black\">1<\/a>\n            <\/li>\n\t\t            <li class=\"page-item ube-page-item\" data-args=\"orderby=date&order=desc&ignore_sticky_posts=1&post_status=publish&posts_per_page=3&offset=0&post_type=post&tax_query%5B0%5D%5Btaxonomy%5D=post_tag&tax_query%5B0%5D%5Bfield%5D=term_id&tax_query%5B0%5D%5Bterms%5D%5B0%5D=130&tax_query%5Brelation%5D=AND\"\n                data-settings=\"id=3f765c1&show_image=yes&show_title=yes&show_excerpt=&show_meta=&excerpt_length=10&show_read_more_button=yes&read_more_button_text=Read+More&show_read_more_button_prefix_style=no&read_more_button_text_suffix%5Bvalue%5D=&read_more_button_text_suffix%5Blibrary%5D=&show_load_more_text=Load+More&excerpt_expansion_indicator=...&orderby=date&show_category=&category_length=&show_category_icon=yes&show_author=&show_author_icon=yes&show_avatar=yes&author_text_prefix=Post+By&show_date=&show_date_icon=yes&date_text_prefix=Post+On&show_comment_count=&show_comment_icon=yes&comment_text_suffix=comments&paging=pagination&show_filter_category=no&post_layout=post-grid-layout-01&load_more_button_type=&load_more_button_shape=rounded&load_more_button_size=md&load_more_button_scheme=accent&button_class=btn+ube-load-more-button+btn-md+btn-rounded+btn-accent&next_text=Next&next_icon%5Bvalue%5D=&next_icon%5Blibrary%5D=&prev_text=Prev&prev_icon%5Bvalue%5D=&prev_icon%5Blibrary%5D=&column_class=ube-post-grid-item+col-auto+col-md-auto+col-lg-4&image_size_mode=75&image_size_width=1&image_size_height=1&read_more_class=btn+btn-md+btn-rounded+btn-primary&post_style=grid\"\n                data-page=\"2\"\n                data-total-page=\"2\"\n                data-widget=\"3f765c1\"\n                data-nonce=\"8bd5d9cec3\">\n                <a class=\"page-link ladda-button\" href=\"#\" data-ladda=\"true\" data-style=\"zoom-out\"\n                   data-spinner-color=\"black\">2<\/a>\n            <\/li>\n\t\t        <li class=\"page-item ube-page-item next\" data-args=\"orderby=date&order=desc&ignore_sticky_posts=1&post_status=publish&posts_per_page=3&offset=0&post_type=post&tax_query%5B0%5D%5Btaxonomy%5D=post_tag&tax_query%5B0%5D%5Bfield%5D=term_id&tax_query%5B0%5D%5Bterms%5D%5B0%5D=130&tax_query%5Brelation%5D=AND\"\n            data-settings=\"id=3f765c1&show_image=yes&show_title=yes&show_excerpt=&show_meta=&excerpt_length=10&show_read_more_button=yes&read_more_button_text=Read+More&show_read_more_button_prefix_style=no&read_more_button_text_suffix%5Bvalue%5D=&read_more_button_text_suffix%5Blibrary%5D=&show_load_more_text=Load+More&excerpt_expansion_indicator=...&orderby=date&show_category=&category_length=&show_category_icon=yes&show_author=&show_author_icon=yes&show_avatar=yes&author_text_prefix=Post+By&show_date=&show_date_icon=yes&date_text_prefix=Post+On&show_comment_count=&show_comment_icon=yes&comment_text_suffix=comments&paging=pagination&show_filter_category=no&post_layout=post-grid-layout-01&load_more_button_type=&load_more_button_shape=rounded&load_more_button_size=md&load_more_button_scheme=accent&button_class=btn+ube-load-more-button+btn-md+btn-rounded+btn-accent&next_text=Next&next_icon%5Bvalue%5D=&next_icon%5Blibrary%5D=&prev_text=Prev&prev_icon%5Bvalue%5D=&prev_icon%5Blibrary%5D=&column_class=ube-post-grid-item+col-auto+col-md-auto+col-lg-4&image_size_mode=75&image_size_width=1&image_size_height=1&read_more_class=btn+btn-md+btn-rounded+btn-primary&post_style=grid\"\n            data-page=\"2\" data-total-page=\"2\"\n            data-widget=\"3f765c1\"\n            data-nonce=\"8bd5d9cec3\"\n        >\n            <a href=\"#\" class=\"page-link ladda-button\" title=\"Next\" data-ladda=\"true\"\n               data-style=\"zoom-out\" data-spinner-color=\"black\">\n\t\t\t\t                    <span class=\"text\">\n                         Next                    <\/span>\n\t\t\t\t\t\t\t\t\n            <\/a>\n        <\/li>\n    <\/ul>\n<\/nav>\t<\/div>\n\t\t\t\t<\/div>\n\t\t\t\t<\/div>\n\t\t\t\t\t<\/div>\n\t\t<\/div>\n\t\t\t\t\t<\/div>\n\t\t<\/section>\n\t\t\t\t<\/div>","protected":false},"excerpt":{"rendered":"<p>This special product provides vitamins B6, B12 and folate in active forms that the body can easily use. The three essential B vitamins support the normal function of the immune system.<\/p>","protected":false},"featured_media":9020,"comment_status":"open","ping_status":"closed","template":"","meta":[],"product_brand":[],"product_cat":[157],"product_tag":[],"class_list":{"0":"post-5432","1":"product","2":"type-product","3":"status-publish","4":"has-post-thumbnail","6":"product_cat-vitaminler","8":"first","9":"instock","10":"shipping-taxable","11":"purchasable","12":"product-type-simple"},"_links":{"self":[{"href":"https:\/\/qubtiva.com\/en\/wp-json\/wp\/v2\/product\/5432","targetHints":{"allow":["GET"]}}],"collection":[{"href":"https:\/\/qubtiva.com\/en\/wp-json\/wp\/v2\/product"}],"about":[{"href":"https:\/\/qubtiva.com\/en\/wp-json\/wp\/v2\/types\/product"}],"replies":[{"embeddable":true,"href":"https:\/\/qubtiva.com\/en\/wp-json\/wp\/v2\/comments?post=5432"}],"version-history":[{"count":16,"href":"https:\/\/qubtiva.com\/en\/wp-json\/wp\/v2\/product\/5432\/revisions"}],"predecessor-version":[{"id":9326,"href":"https:\/\/qubtiva.com\/en\/wp-json\/wp\/v2\/product\/5432\/revisions\/9326"}],"wp:featuredmedia":[{"embeddable":true,"href":"https:\/\/qubtiva.com\/en\/wp-json\/wp\/v2\/media\/9020"}],"wp:attachment":[{"href":"https:\/\/qubtiva.com\/en\/wp-json\/wp\/v2\/media?parent=5432"}],"wp:term":[{"taxonomy":"product_brand","embeddable":true,"href":"https:\/\/qubtiva.com\/en\/wp-json\/wp\/v2\/product_brand?post=5432"},{"taxonomy":"product_cat","embeddable":true,"href":"https:\/\/qubtiva.com\/en\/wp-json\/wp\/v2\/product_cat?post=5432"},{"taxonomy":"product_tag","embeddable":true,"href":"https:\/\/qubtiva.com\/en\/wp-json\/wp\/v2\/product_tag?post=5432"}],"curies":[{"name":"wp","href":"https:\/\/api.w.org\/{rel}","templated":true}]}}