{"id":5436,"date":"2025-05-05T13:23:16","date_gmt":"2025-05-05T10:23:16","guid":{"rendered":"https:\/\/qubtiva.com\/?post_type=product&#038;p=5436"},"modified":"2026-05-09T11:50:35","modified_gmt":"2026-05-09T08:50:35","slug":"berberis-vulgaris","status":"publish","type":"product","link":"https:\/\/qubtiva.com\/en\/product\/berberis-vulgaris\/","title":{"rendered":"Berberis Vulgaris"},"content":{"rendered":"<div data-elementor-type=\"wp-post\" data-elementor-id=\"5436\" class=\"elementor elementor-5436\">\n\t\t\t\t\t\t<section class=\"elementor-section elementor-top-section elementor-element elementor-element-3d092090 elementor-section-boxed elementor-section-height-default elementor-section-height-default\" data-id=\"3d092090\" data-element_type=\"section\">\n\t\t\t\t\t\t<div class=\"elementor-container elementor-column-gap-default\">\n\t\t\t\t\t<div class=\"elementor-column elementor-col-100 elementor-top-column elementor-element elementor-element-698adb42\" data-id=\"698adb42\" data-element_type=\"column\">\n\t\t\t<div class=\"elementor-widget-wrap elementor-element-populated\">\n\t\t\t\t\t\t<div class=\"elementor-element elementor-element-355c5dce elementor-widget elementor-widget-text-editor\" data-id=\"355c5dce\" data-element_type=\"widget\" data-widget_type=\"text-editor.default\">\n\t\t\t\t<div class=\"elementor-widget-container\">\n\t\t\t\t\t\t\t\t\t<p data-start=\"1290\" data-end=\"1344\"><strong data-start=\"1290\" data-end=\"1344\">Berberis Vulgaris Extract (Women's Saltpeter Fruit)<\/strong><\/p><p>Berberis vulgaris is a plant that has been used in herbal traditions for centuries. Its fruits and roots contain natural ingredients. Our product in herbal capsule form contains Berberis vulgaris fruit extract.<\/p><ul><li>Metabolik dengenin korunmas\u0131na ve normal kan \u015fekeri metabolizmas\u0131n\u0131n<br \/>desteklenmesine yard\u0131mc\u0131 olmak amac\u0131yla kullan\u0131labilir.<\/li><li>Metabolik dengeyi desteklemek ve besinlerden al\u0131nan enerjinin kullan\u0131m\u0131na katk\u0131<br \/>sa\u011flamak amac\u0131yla geli\u015ftirilmi\u015ftir.<\/li><\/ul><p><strong>Nutrient Table:<\/strong><\/p><table><tbody><tr><td width=\"170\"><strong>Active Ingredient<\/strong><\/td><td width=\"94\"><strong>2 Capsules<\/strong><\/td><\/tr><tr><td width=\"170\"><strong>Women's Salt Shaker Fruit<\/strong><\/td><td width=\"94\"><strong>500 mg<\/strong><\/td><\/tr><\/tbody><\/table><p><strong>Contents:<\/strong><\/p><ul><li>Female Saline Fruit Extract (Berberis Vulgaris), Herbal Capsule, Microcrystalline Cellulose, Magnesium salts of Fatty Acids<\/li><\/ul><p><strong>Recommendation for Use:<\/strong><\/p><ul><li>It is recommended to take 2 capsules a day.<\/li><li>Suitable for use by adults aged 11 and over.<\/li><li>Suitable for vegans\/vegetarians.<\/li><li><p>Consult your doctor during pregnancy and breastfeeding and in case of illness or medication.<\/p><\/li><\/ul><p><strong>Storage Conditions:<\/strong><\/p><ul><li>Store in a cool and dry place below 25\u00b0C.<\/li><\/ul>\t\t\t\t\t\t\t\t<\/div>\n\t\t\t\t<\/div>\n\t\t\t\t\t<\/div>\n\t\t<\/div>\n\t\t\t\t\t<\/div>\n\t\t<\/section>\n\t\t\t\t<section class=\"elementor-section elementor-top-section elementor-element elementor-element-e16ae81 elementor-section-full_width elementor-section-stretched elementor-section-height-default elementor-section-height-default\" data-id=\"e16ae81\" data-element_type=\"section\" data-settings=\"{&quot;stretch_section&quot;:&quot;section-stretched&quot;}\">\n\t\t\t\t\t\t<div class=\"elementor-container elementor-column-gap-default\">\n\t\t\t\t\t<div class=\"elementor-column elementor-col-100 elementor-top-column elementor-element elementor-element-90eb02b\" data-id=\"90eb02b\" data-element_type=\"column\">\n\t\t\t<div class=\"elementor-widget-wrap elementor-element-populated\">\n\t\t\t\t\t\t<div class=\"elementor-element elementor-element-dd5bf35 elementor-widget elementor-widget-ube-divider\" data-id=\"dd5bf35\" data-element_type=\"widget\" data-widget_type=\"ube-divider.default\">\n\t\t\t\t<div class=\"elementor-widget-container\">\n\t\t\t\t\t<div class=\"ube-divider ube-divider-style-solid\">\n\t<div class=\"ube-divider-separator\">\n\t\t\t<\/div>\n<\/div>\n\t\t\t\t<\/div>\n\t\t\t\t<\/div>\n\t\t\t\t<div class=\"elementor-element elementor-element-55f7363 elementor-widget elementor-widget-spacer\" data-id=\"55f7363\" data-element_type=\"widget\" data-widget_type=\"spacer.default\">\n\t\t\t\t<div class=\"elementor-widget-container\">\n\t\t\t\t\t\t\t<div class=\"elementor-spacer\">\n\t\t\t<div class=\"elementor-spacer-inner\"><\/div>\n\t\t<\/div>\n\t\t\t\t\t\t<\/div>\n\t\t\t\t<\/div>\n\t\t\t\t\t<\/div>\n\t\t<\/div>\n\t\t\t\t\t<\/div>\n\t\t<\/section>\n\t\t\t\t<section class=\"elementor-section elementor-top-section elementor-element elementor-element-806185f elementor-section-boxed elementor-section-height-default elementor-section-height-default\" data-id=\"806185f\" data-element_type=\"section\">\n\t\t\t\t\t\t<div class=\"elementor-container elementor-column-gap-default\">\n\t\t\t\t\t<div class=\"elementor-column elementor-col-100 elementor-top-column elementor-element elementor-element-90e2727\" data-id=\"90e2727\" data-element_type=\"column\">\n\t\t\t<div class=\"elementor-widget-wrap elementor-element-populated\">\n\t\t\t\t\t\t<div class=\"elementor-element elementor-element-697b64f elementor-widget elementor-widget-heading\" data-id=\"697b64f\" data-element_type=\"widget\" data-widget_type=\"heading.default\">\n\t\t\t\t<div class=\"elementor-widget-container\">\n\t\t\t\t\t<h2 class=\"elementor-heading-title elementor-size-default\">Related Posts<\/h2>\t\t\t\t<\/div>\n\t\t\t\t<\/div>\n\t\t\t\t<div class=\"elementor-element elementor-element-fcd7860 elementor-widget elementor-widget-ube-post-grid\" data-id=\"fcd7860\" data-element_type=\"widget\" data-widget_type=\"ube-post-grid.default\">\n\t\t\t\t<div class=\"elementor-widget-container\">\n\t\t\t\t\t\n\n<div id=\"ube-post-list-fcd7860\" class=\"ube-posts ube-post-grid ube-post-appender row\">\n\t<div class=\"ube-post-grid-item col-auto col-md-auto col-lg-4\">\n    <article class=\"card ube-post-item ube-post-grid-layout-01\">\n\t\t            <a class=\"ube-entry-post-thumb card-img-top\" href=\"https:\/\/qubtiva.com\/en\/a-comprehensive-scientific-review-of-the-female-saltfruit-berberis-vulgaris\/\"\n               style=\"background-image: url('https:\/\/qubtiva.com\/wp-content\/uploads\/2025\/06\/kadin-tuzlugu.webp');--ube-post-grid-ratio:75%;\">\n            <\/a>\n\t\t        <div class=\"card-body\">\n\t\t\t            <header class=\"ube-entry-header\">\n\t\t\t\t                    <h2 class=\"ube-entry-title card-title\">\n                        <a class=\"ube-post-link\" href=\"https:\/\/qubtiva.com\/en\/a-comprehensive-scientific-review-of-the-female-saltfruit-berberis-vulgaris\/\"\n                           title=\"Women&#039;s Saltpeter Fruit (Berberis Vulgaris): A Comprehensive Scientific Review\">\n\t\t\t\t\t\t\tWomen's Saltpeter Fruit (Berberis Vulgaris): A Comprehensive Scientific Review                        <\/a>\n                    <\/h2>\n\t\t\t\t\t\t\t\t            <\/header>\n\t\t\t        <\/div>\n    <\/article>\n<\/div>\n\n\t\t\t<div class=\"ube-post-grid-item col-auto col-md-auto col-lg-4\">\n    <article class=\"card ube-post-item ube-post-grid-layout-01\">\n\t\t            <a class=\"ube-entry-post-thumb card-img-top\" href=\"https:\/\/qubtiva.com\/en\/how-the-barber-changes-your-body\/\"\n               style=\"background-image: url('https:\/\/qubtiva.com\/wp-content\/uploads\/2025\/05\/Berberin.jpg');--ube-post-grid-ratio:75%;\">\n            <\/a>\n\t\t        <div class=\"card-body\">\n\t\t\t            <header class=\"ube-entry-header\">\n\t\t\t\t                    <h2 class=\"ube-entry-title card-title\">\n                        <a class=\"ube-post-link\" href=\"https:\/\/qubtiva.com\/en\/how-the-barber-changes-your-body\/\"\n                           title=\"How Does Barbering Change Your Body?\">\n\t\t\t\t\t\t\tHow Does Barbering Change Your Body?                        <\/a>\n                    <\/h2>\n\t\t\t\t\t\t\t\t            <\/header>\n\t\t\t        <\/div>\n    <\/article>\n<\/div>\n\n\t\t\t<\/div>\n\n<div class=\"ube-post-list-paging\">\n\t<\/div>\n\t\t\t\t<\/div>\n\t\t\t\t<\/div>\n\t\t\t\t\t<\/div>\n\t\t<\/div>\n\t\t\t\t\t<\/div>\n\t\t<\/section>\n\t\t\t\t<\/div>","protected":false},"excerpt":{"rendered":"<p>Berberis vulgaris (female saltpeter) is a natural plant extract with a long history of use. Its capsule form, together with its active ingredients, provides regular and easy use.<\/p>","protected":false},"featured_media":9013,"comment_status":"open","ping_status":"closed","template":"","meta":[],"product_brand":[],"product_cat":[100],"product_tag":[],"class_list":{"0":"post-5436","1":"product","2":"type-product","3":"status-publish","4":"has-post-thumbnail","6":"product_cat-bitkisel-destekler","8":"first","9":"instock","10":"shipping-taxable","11":"purchasable","12":"product-type-simple"},"_links":{"self":[{"href":"https:\/\/qubtiva.com\/en\/wp-json\/wp\/v2\/product\/5436","targetHints":{"allow":["GET"]}}],"collection":[{"href":"https:\/\/qubtiva.com\/en\/wp-json\/wp\/v2\/product"}],"about":[{"href":"https:\/\/qubtiva.com\/en\/wp-json\/wp\/v2\/types\/product"}],"replies":[{"embeddable":true,"href":"https:\/\/qubtiva.com\/en\/wp-json\/wp\/v2\/comments?post=5436"}],"version-history":[{"count":19,"href":"https:\/\/qubtiva.com\/en\/wp-json\/wp\/v2\/product\/5436\/revisions"}],"predecessor-version":[{"id":9311,"href":"https:\/\/qubtiva.com\/en\/wp-json\/wp\/v2\/product\/5436\/revisions\/9311"}],"wp:featuredmedia":[{"embeddable":true,"href":"https:\/\/qubtiva.com\/en\/wp-json\/wp\/v2\/media\/9013"}],"wp:attachment":[{"href":"https:\/\/qubtiva.com\/en\/wp-json\/wp\/v2\/media?parent=5436"}],"wp:term":[{"taxonomy":"product_brand","embeddable":true,"href":"https:\/\/qubtiva.com\/en\/wp-json\/wp\/v2\/product_brand?post=5436"},{"taxonomy":"product_cat","embeddable":true,"href":"https:\/\/qubtiva.com\/en\/wp-json\/wp\/v2\/product_cat?post=5436"},{"taxonomy":"product_tag","embeddable":true,"href":"https:\/\/qubtiva.com\/en\/wp-json\/wp\/v2\/product_tag?post=5436"}],"curies":[{"name":"wp","href":"https:\/\/api.w.org\/{rel}","templated":true}]}}