{"id":5438,"date":"2025-05-05T13:42:05","date_gmt":"2025-05-05T10:42:05","guid":{"rendered":"https:\/\/qubtiva.com\/?post_type=product&#038;p=5438"},"modified":"2026-05-09T11:49:01","modified_gmt":"2026-05-09T08:49:01","slug":"bromelain","status":"publish","type":"product","link":"https:\/\/qubtiva.com\/en\/product\/bromelain\/","title":{"rendered":"Bromelain"},"content":{"rendered":"<div data-elementor-type=\"wp-post\" data-elementor-id=\"5438\" class=\"elementor elementor-5438\">\n\t\t\t\t\t\t<section class=\"elementor-section elementor-top-section elementor-element elementor-element-3e911245 elementor-section-boxed elementor-section-height-default elementor-section-height-default\" data-id=\"3e911245\" data-element_type=\"section\">\n\t\t\t\t\t\t<div class=\"elementor-container elementor-column-gap-default\">\n\t\t\t\t\t<div class=\"elementor-column elementor-col-100 elementor-top-column elementor-element elementor-element-6c4597b7\" data-id=\"6c4597b7\" data-element_type=\"column\">\n\t\t\t<div class=\"elementor-widget-wrap elementor-element-populated\">\n\t\t\t\t\t\t<div class=\"elementor-element elementor-element-7e9853dd elementor-widget elementor-widget-text-editor\" data-id=\"7e9853dd\" data-element_type=\"widget\" data-widget_type=\"text-editor.default\">\n\t\t\t\t<div class=\"elementor-widget-container\">\n\t\t\t\t\t\t\t\t\t<p>Bromelain is a natural enzyme complex derived from pineapple fruit and is involved in the digestion of proteins. Formulated with 2400 GDU of enzyme activity, this supplement offers natural support.<\/p><ul><li>Yo\u011fun fiziksel aktivite ve aktif ya\u015fam d\u00f6nemlerinde v\u00fccudun normal inflamatuvar<br \/>yan\u0131t s\u00fcre\u00e7lerini desteklemek amac\u0131yla geli\u015ftirilmi\u015ftir.<\/li><li>Aktif ya\u015fam tarz\u0131 ve fiziksel y\u00fcklenmenin artt\u0131\u011f\u0131 d\u00f6nemlerde v\u00fccudun do\u011fal iyilik<br \/>halinin korunmas\u0131na destek olmak amac\u0131yla kullan\u0131labilir.<\/li><\/ul><p><strong>Nutrient Table:<\/strong><\/p><table><tbody><tr><td width=\"170\"><strong>Active Ingredient<\/strong><\/td><td width=\"94\"><strong>2 Tablets<\/strong><\/td><\/tr><tr><td width=\"170\"><strong>Bromelain 2400 GDU<\/strong><\/td><td width=\"94\"><strong>1000 mg<\/strong><\/td><\/tr><\/tbody><\/table><p><strong>Contents:<\/strong><\/p><ul><li>Bromelain, Microcrystalline Cellulose, Polyvinylpyrrolidone-Vinyl Acetate copolymer Magnesium salts of Fatty Acids, Silicon Dioxide<\/li><\/ul><p><strong>Instructions for Use:<\/strong><\/p><ul><li>It is recommended to take 2 tablets a day.<\/li><li>Suitable for use by adults aged 11 and over.<\/li><li>Suitable for vegans\/vegetarians.<\/li><li><p>Consult your doctor during pregnancy and lactation and in case of illness or medication.<\/p><\/li><\/ul><p><strong>Storage Conditions:<\/strong><\/p><ul><li>Store in a cool and dry place below 25\u00b0C.<\/li><\/ul>\t\t\t\t\t\t\t\t<\/div>\n\t\t\t\t<\/div>\n\t\t\t\t\t<\/div>\n\t\t<\/div>\n\t\t\t\t\t<\/div>\n\t\t<\/section>\n\t\t\t\t<section class=\"elementor-section elementor-top-section elementor-element elementor-element-076a5e2 elementor-section-full_width elementor-section-stretched elementor-section-height-default elementor-section-height-default\" data-id=\"076a5e2\" data-element_type=\"section\" data-settings=\"{&quot;stretch_section&quot;:&quot;section-stretched&quot;}\">\n\t\t\t\t\t\t<div class=\"elementor-container elementor-column-gap-default\">\n\t\t\t\t\t<div class=\"elementor-column elementor-col-100 elementor-top-column elementor-element elementor-element-d97f1fc\" data-id=\"d97f1fc\" data-element_type=\"column\">\n\t\t\t<div class=\"elementor-widget-wrap elementor-element-populated\">\n\t\t\t\t\t\t<div class=\"elementor-element elementor-element-4497db3 elementor-widget elementor-widget-ube-divider\" data-id=\"4497db3\" data-element_type=\"widget\" data-widget_type=\"ube-divider.default\">\n\t\t\t\t<div class=\"elementor-widget-container\">\n\t\t\t\t\t<div class=\"ube-divider ube-divider-style-solid\">\n\t<div class=\"ube-divider-separator\">\n\t\t\t<\/div>\n<\/div>\n\t\t\t\t<\/div>\n\t\t\t\t<\/div>\n\t\t\t\t<div class=\"elementor-element elementor-element-1d66b50 elementor-widget elementor-widget-spacer\" data-id=\"1d66b50\" data-element_type=\"widget\" data-widget_type=\"spacer.default\">\n\t\t\t\t<div class=\"elementor-widget-container\">\n\t\t\t\t\t\t\t<div class=\"elementor-spacer\">\n\t\t\t<div class=\"elementor-spacer-inner\"><\/div>\n\t\t<\/div>\n\t\t\t\t\t\t<\/div>\n\t\t\t\t<\/div>\n\t\t\t\t\t<\/div>\n\t\t<\/div>\n\t\t\t\t\t<\/div>\n\t\t<\/section>\n\t\t\t\t<section class=\"elementor-section elementor-top-section elementor-element elementor-element-5edfd85 elementor-section-boxed elementor-section-height-default elementor-section-height-default\" data-id=\"5edfd85\" data-element_type=\"section\">\n\t\t\t\t\t\t<div class=\"elementor-container elementor-column-gap-default\">\n\t\t\t\t\t<div class=\"elementor-column elementor-col-100 elementor-top-column elementor-element elementor-element-95874f4\" data-id=\"95874f4\" data-element_type=\"column\">\n\t\t\t<div class=\"elementor-widget-wrap elementor-element-populated\">\n\t\t\t\t\t\t<div class=\"elementor-element elementor-element-a78d26d elementor-widget elementor-widget-heading\" data-id=\"a78d26d\" data-element_type=\"widget\" data-widget_type=\"heading.default\">\n\t\t\t\t<div class=\"elementor-widget-container\">\n\t\t\t\t\t<h2 class=\"elementor-heading-title elementor-size-default\">Related Posts<\/h2>\t\t\t\t<\/div>\n\t\t\t\t<\/div>\n\t\t\t\t<div class=\"elementor-element elementor-element-5bc74cd elementor-widget elementor-widget-ube-post-grid\" data-id=\"5bc74cd\" data-element_type=\"widget\" data-widget_type=\"ube-post-grid.default\">\n\t\t\t\t<div class=\"elementor-widget-container\">\n\t\t\t\t\t\n\n<div id=\"ube-post-list-5bc74cd\" class=\"ube-posts ube-post-grid ube-post-appender row\">\n\t<div class=\"ube-post-grid-item col-auto col-md-auto col-lg-4\">\n    <article class=\"card ube-post-item ube-post-grid-layout-01\">\n\t\t            <a class=\"ube-entry-post-thumb card-img-top\" href=\"https:\/\/qubtiva.com\/en\/how-bromelain-changes-your-body\/\"\n               style=\"background-image: url('https:\/\/qubtiva.com\/wp-content\/uploads\/2025\/05\/Bromelain.jpg');--ube-post-grid-ratio:75%;\">\n            <\/a>\n\t\t        <div class=\"card-body\">\n\t\t\t            <header class=\"ube-entry-header\">\n\t\t\t\t                    <h2 class=\"ube-entry-title card-title\">\n                        <a class=\"ube-post-link\" href=\"https:\/\/qubtiva.com\/en\/how-bromelain-changes-your-body\/\"\n                           title=\"How Bromelain Changes Your Body\">\n\t\t\t\t\t\t\tHow Bromelain Changes Your Body                        <\/a>\n                    <\/h2>\n\t\t\t\t\t\t\t\t            <\/header>\n\t\t\t        <\/div>\n    <\/article>\n<\/div>\n\n\t\t\t<\/div>\n\n<div class=\"ube-post-list-paging\">\n\t<\/div>\n\t\t\t\t<\/div>\n\t\t\t\t<\/div>\n\t\t\t\t\t<\/div>\n\t\t<\/div>\n\t\t\t\t\t<\/div>\n\t\t<\/section>\n\t\t\t\t<\/div>","protected":false},"excerpt":{"rendered":"<p>Bromelain is a natural digestive enzyme derived from pineapple fruit. Qubtiva Bromelain contains the 2400 GDU form of Bromelain which supports protein digestion with high enzymatic activity.<\/p>","protected":false},"featured_media":9009,"comment_status":"open","ping_status":"closed","template":"","meta":[],"product_brand":[],"product_cat":[100],"product_tag":[],"class_list":{"0":"post-5438","1":"product","2":"type-product","3":"status-publish","4":"has-post-thumbnail","6":"product_cat-bitkisel-destekler","8":"first","9":"instock","10":"shipping-taxable","11":"purchasable","12":"product-type-simple"},"_links":{"self":[{"href":"https:\/\/qubtiva.com\/en\/wp-json\/wp\/v2\/product\/5438","targetHints":{"allow":["GET"]}}],"collection":[{"href":"https:\/\/qubtiva.com\/en\/wp-json\/wp\/v2\/product"}],"about":[{"href":"https:\/\/qubtiva.com\/en\/wp-json\/wp\/v2\/types\/product"}],"replies":[{"embeddable":true,"href":"https:\/\/qubtiva.com\/en\/wp-json\/wp\/v2\/comments?post=5438"}],"version-history":[{"count":14,"href":"https:\/\/qubtiva.com\/en\/wp-json\/wp\/v2\/product\/5438\/revisions"}],"predecessor-version":[{"id":9308,"href":"https:\/\/qubtiva.com\/en\/wp-json\/wp\/v2\/product\/5438\/revisions\/9308"}],"wp:featuredmedia":[{"embeddable":true,"href":"https:\/\/qubtiva.com\/en\/wp-json\/wp\/v2\/media\/9009"}],"wp:attachment":[{"href":"https:\/\/qubtiva.com\/en\/wp-json\/wp\/v2\/media?parent=5438"}],"wp:term":[{"taxonomy":"product_brand","embeddable":true,"href":"https:\/\/qubtiva.com\/en\/wp-json\/wp\/v2\/product_brand?post=5438"},{"taxonomy":"product_cat","embeddable":true,"href":"https:\/\/qubtiva.com\/en\/wp-json\/wp\/v2\/product_cat?post=5438"},{"taxonomy":"product_tag","embeddable":true,"href":"https:\/\/qubtiva.com\/en\/wp-json\/wp\/v2\/product_tag?post=5438"}],"curies":[{"name":"wp","href":"https:\/\/api.w.org\/{rel}","templated":true}]}}