{"id":5440,"date":"2025-05-05T13:44:57","date_gmt":"2025-05-05T10:44:57","guid":{"rendered":"https:\/\/qubtiva.com\/?post_type=product&#038;p=5440"},"modified":"2026-05-09T11:48:39","modified_gmt":"2026-05-09T08:48:39","slug":"chromium-picolinate","status":"publish","type":"product","link":"https:\/\/qubtiva.com\/en\/product\/chromium-picolinate\/","title":{"rendered":"Chromium Picolinate"},"content":{"rendered":"<div data-elementor-type=\"wp-post\" data-elementor-id=\"5440\" class=\"elementor elementor-5440\">\n\t\t\t\t\t\t<section class=\"elementor-section elementor-top-section elementor-element elementor-element-513ae6c4 elementor-section-boxed elementor-section-height-default elementor-section-height-default\" data-id=\"513ae6c4\" data-element_type=\"section\">\n\t\t\t\t\t\t<div class=\"elementor-container elementor-column-gap-default\">\n\t\t\t\t\t<div class=\"elementor-column elementor-col-100 elementor-top-column elementor-element elementor-element-8b0625b\" data-id=\"8b0625b\" data-element_type=\"column\">\n\t\t\t<div class=\"elementor-widget-wrap elementor-element-populated\">\n\t\t\t\t\t\t<div class=\"elementor-element elementor-element-aa8dd54 elementor-widget elementor-widget-text-editor\" data-id=\"aa8dd54\" data-element_type=\"widget\" data-widget_type=\"text-editor.default\">\n\t\t\t\t<div class=\"elementor-widget-container\">\n\t\t\t\t\t\t\t\t\t<p>Chromium picolinate is a form of chromium that can be highly absorbed and effectively utilized by the body. The pure formula contains no additives, preservatives or colorants.<\/p><ul><li>Dengeli beslenmenin yetersiz kald\u0131\u011f\u0131 durumlarda normal makro besin<br \/>metabolizmas\u0131n\u0131n s\u00fcrd\u00fcr\u00fclmesine destek olmak amac\u0131yla form\u00fcle edilmi\u015ftir.<\/li><li>Karbonhidrat, ya\u011f ve protein metabolizmas\u0131n\u0131n normal i\u015fleyi\u015finin s\u00fcrd\u00fcr\u00fclmesine<br \/>destek olmak amac\u0131yla g\u00fcnl\u00fck beslenmeye ek olarak kullan\u0131labilir.<\/li><\/ul><p><strong>Nutrient table:<\/strong><\/p><table><tbody><tr><td width=\"170\"><strong>Active Ingredient<\/strong><\/td><td width=\"94\"><strong>1 Tablet<\/strong><\/td><td width=\"94\"><strong>BRD %<\/strong><\/td><\/tr><tr><td width=\"170\"><strong>Chromium<\/strong><\/td><td width=\"94\"><strong>200 mcg<\/strong><\/td><td width=\"94\"><strong>500<\/strong><\/td><\/tr><\/tbody><\/table><p><em>BRD Nutrition Reference Value<\/em><\/p><p><strong>\u00a0<\/strong><strong>Contents:<\/strong><\/p><ul><li>Microcrystalline Cellulose, Magnesium salts of Fatty Acids, Silicon Dioxide, Chromium Picolinate<\/li><\/ul><p><strong>Instructions for Use:<\/strong><\/p><ul><li>It is recommended to take 1 tablet a day.<\/li><li>Suitable for use by adults aged 11 and over.<\/li><li>Suitable for vegans\/vegetarians.<\/li><li><p>Consult your doctor during pregnancy and lactation and in case of illness or medication.<\/p><\/li><\/ul><p><strong>Storage Conditions:<\/strong><\/p><ul><li>Store in a cool and dry place below 25\u00b0C.<\/li><\/ul><p><strong>Health Declarations: <\/strong><\/p><ul><li>Normal macronutrient metabolism,<\/li><li>Contributes to maintaining normal blood glucose levels.<\/li><\/ul><p>* Regulation on the Use of Health Declaration in Food and Food Supplements (Official Gazette No. 32169 \/ dated 20.04.2023)<\/p>\t\t\t\t\t\t\t\t<\/div>\n\t\t\t\t<\/div>\n\t\t\t\t\t<\/div>\n\t\t<\/div>\n\t\t\t\t\t<\/div>\n\t\t<\/section>\n\t\t\t\t<section class=\"elementor-section elementor-top-section elementor-element elementor-element-a1a180b elementor-section-full_width elementor-section-stretched elementor-section-height-default elementor-section-height-default\" data-id=\"a1a180b\" data-element_type=\"section\" data-settings=\"{&quot;stretch_section&quot;:&quot;section-stretched&quot;}\">\n\t\t\t\t\t\t<div class=\"elementor-container elementor-column-gap-default\">\n\t\t\t\t\t<div class=\"elementor-column elementor-col-100 elementor-top-column elementor-element elementor-element-5014ecf\" data-id=\"5014ecf\" data-element_type=\"column\">\n\t\t\t<div class=\"elementor-widget-wrap elementor-element-populated\">\n\t\t\t\t\t\t<div class=\"elementor-element elementor-element-ae8090b elementor-widget elementor-widget-ube-divider\" data-id=\"ae8090b\" data-element_type=\"widget\" data-widget_type=\"ube-divider.default\">\n\t\t\t\t<div class=\"elementor-widget-container\">\n\t\t\t\t\t<div class=\"ube-divider ube-divider-style-solid\">\n\t<div class=\"ube-divider-separator\">\n\t\t\t<\/div>\n<\/div>\n\t\t\t\t<\/div>\n\t\t\t\t<\/div>\n\t\t\t\t<div class=\"elementor-element elementor-element-09f507e elementor-widget elementor-widget-spacer\" data-id=\"09f507e\" data-element_type=\"widget\" data-widget_type=\"spacer.default\">\n\t\t\t\t<div class=\"elementor-widget-container\">\n\t\t\t\t\t\t\t<div class=\"elementor-spacer\">\n\t\t\t<div class=\"elementor-spacer-inner\"><\/div>\n\t\t<\/div>\n\t\t\t\t\t\t<\/div>\n\t\t\t\t<\/div>\n\t\t\t\t\t<\/div>\n\t\t<\/div>\n\t\t\t\t\t<\/div>\n\t\t<\/section>\n\t\t\t\t<section class=\"elementor-section elementor-top-section elementor-element elementor-element-98fdc88 elementor-section-boxed elementor-section-height-default elementor-section-height-default\" data-id=\"98fdc88\" data-element_type=\"section\">\n\t\t\t\t\t\t<div class=\"elementor-container elementor-column-gap-default\">\n\t\t\t\t\t<div class=\"elementor-column elementor-col-100 elementor-top-column elementor-element elementor-element-0c775a8\" data-id=\"0c775a8\" data-element_type=\"column\">\n\t\t\t<div class=\"elementor-widget-wrap elementor-element-populated\">\n\t\t\t\t\t\t<div class=\"elementor-element elementor-element-4d10b5b elementor-widget elementor-widget-heading\" data-id=\"4d10b5b\" data-element_type=\"widget\" data-widget_type=\"heading.default\">\n\t\t\t\t<div class=\"elementor-widget-container\">\n\t\t\t\t\t<h2 class=\"elementor-heading-title elementor-size-default\">Related Posts<\/h2>\t\t\t\t<\/div>\n\t\t\t\t<\/div>\n\t\t\t\t<div class=\"elementor-element elementor-element-26ecbac elementor-widget elementor-widget-ube-post-grid\" data-id=\"26ecbac\" data-element_type=\"widget\" data-widget_type=\"ube-post-grid.default\">\n\t\t\t\t<div class=\"elementor-widget-container\">\n\t\t\t\t\t\n\n<div id=\"ube-post-list-26ecbac\" class=\"ube-posts ube-post-grid ube-post-appender row\">\n\t<div class=\"ube-post-grid-item col-auto col-md-auto col-lg-4\">\n    <article class=\"card ube-post-item ube-post-grid-layout-01\">\n\t\t            <a class=\"ube-entry-post-thumb card-img-top\" href=\"https:\/\/qubtiva.com\/en\/chromium-picolinate-for-blood-sugar-and-metabolism-management\/\"\n               style=\"background-image: url('https:\/\/qubtiva.com\/wp-content\/uploads\/2025\/07\/cm.png');--ube-post-grid-ratio:75%;\">\n            <\/a>\n\t\t        <div class=\"card-body\">\n\t\t\t            <header class=\"ube-entry-header\">\n\t\t\t\t                    <h2 class=\"ube-entry-title card-title\">\n                        <a class=\"ube-post-link\" href=\"https:\/\/qubtiva.com\/en\/chromium-picolinate-for-blood-sugar-and-metabolism-management\/\"\n                           title=\"Chromium Picolinate for Blood Sugar and Metabolism Management\">\n\t\t\t\t\t\t\tChromium Picolinate for Blood Sugar and Metabolism Management                        <\/a>\n                    <\/h2>\n\t\t\t\t\t\t\t\t            <\/header>\n\t\t\t        <\/div>\n    <\/article>\n<\/div>\n\n\t\t\t<div class=\"ube-post-grid-item col-auto col-md-auto col-lg-4\">\n    <article class=\"card ube-post-item ube-post-grid-layout-01\">\n\t\t            <a class=\"ube-entry-post-thumb card-img-top\" href=\"https:\/\/qubtiva.com\/en\/a-comprehensive-scientific-review-of-chromium-cr\/\"\n               style=\"background-image: url('https:\/\/qubtiva.com\/wp-content\/uploads\/2025\/06\/krom.jpg');--ube-post-grid-ratio:75%;\">\n            <\/a>\n\t\t        <div class=\"card-body\">\n\t\t\t            <header class=\"ube-entry-header\">\n\t\t\t\t                    <h2 class=\"ube-entry-title card-title\">\n                        <a class=\"ube-post-link\" href=\"https:\/\/qubtiva.com\/en\/a-comprehensive-scientific-review-of-chromium-cr\/\"\n                           title=\"Chromium (Cr): A Comprehensive Scientific Review\">\n\t\t\t\t\t\t\tChromium (Cr): A Comprehensive Scientific Review                        <\/a>\n                    <\/h2>\n\t\t\t\t\t\t\t\t            <\/header>\n\t\t\t        <\/div>\n    <\/article>\n<\/div>\n\n\t\t\t<div class=\"ube-post-grid-item col-auto col-md-auto col-lg-4\">\n    <article class=\"card ube-post-item ube-post-grid-layout-01\">\n\t\t            <a class=\"ube-entry-post-thumb card-img-top\" href=\"https:\/\/qubtiva.com\/en\/how-chromium-picolinate-changes-your-body\/\"\n               style=\"background-image: url('https:\/\/qubtiva.com\/wp-content\/uploads\/2025\/05\/Krom-Pikolinat.jpg');--ube-post-grid-ratio:75%;\">\n            <\/a>\n\t\t        <div class=\"card-body\">\n\t\t\t            <header class=\"ube-entry-header\">\n\t\t\t\t                    <h2 class=\"ube-entry-title card-title\">\n                        <a class=\"ube-post-link\" href=\"https:\/\/qubtiva.com\/en\/how-chromium-picolinate-changes-your-body\/\"\n                           title=\"How Chromium Picolinate Changes Your Body\">\n\t\t\t\t\t\t\tHow Chromium Picolinate Changes Your Body                        <\/a>\n                    <\/h2>\n\t\t\t\t\t\t\t\t            <\/header>\n\t\t\t        <\/div>\n    <\/article>\n<\/div>\n\n\t\t\t<\/div>\n\n<div class=\"ube-post-list-paging\">\n\t<\/div>\n\t\t\t\t<\/div>\n\t\t\t\t<\/div>\n\t\t\t\t\t<\/div>\n\t\t<\/div>\n\t\t\t\t\t<\/div>\n\t\t<\/section>\n\t\t\t\t<\/div>","protected":false},"excerpt":{"rendered":"<p>Chromium picolinate contains an important mineral that supports normal macronutrient metabolism and maintenance of normal blood glucose levels.<\/p>","protected":false},"featured_media":9007,"comment_status":"open","ping_status":"closed","template":"","meta":[],"product_brand":[],"product_cat":[158],"product_tag":[],"class_list":{"0":"post-5440","1":"product","2":"type-product","3":"status-publish","4":"has-post-thumbnail","6":"product_cat-mineraller","8":"first","9":"instock","10":"shipping-taxable","11":"purchasable","12":"product-type-simple"},"_links":{"self":[{"href":"https:\/\/qubtiva.com\/en\/wp-json\/wp\/v2\/product\/5440","targetHints":{"allow":["GET"]}}],"collection":[{"href":"https:\/\/qubtiva.com\/en\/wp-json\/wp\/v2\/product"}],"about":[{"href":"https:\/\/qubtiva.com\/en\/wp-json\/wp\/v2\/types\/product"}],"replies":[{"embeddable":true,"href":"https:\/\/qubtiva.com\/en\/wp-json\/wp\/v2\/comments?post=5440"}],"version-history":[{"count":19,"href":"https:\/\/qubtiva.com\/en\/wp-json\/wp\/v2\/product\/5440\/revisions"}],"predecessor-version":[{"id":9338,"href":"https:\/\/qubtiva.com\/en\/wp-json\/wp\/v2\/product\/5440\/revisions\/9338"}],"wp:featuredmedia":[{"embeddable":true,"href":"https:\/\/qubtiva.com\/en\/wp-json\/wp\/v2\/media\/9007"}],"wp:attachment":[{"href":"https:\/\/qubtiva.com\/en\/wp-json\/wp\/v2\/media?parent=5440"}],"wp:term":[{"taxonomy":"product_brand","embeddable":true,"href":"https:\/\/qubtiva.com\/en\/wp-json\/wp\/v2\/product_brand?post=5440"},{"taxonomy":"product_cat","embeddable":true,"href":"https:\/\/qubtiva.com\/en\/wp-json\/wp\/v2\/product_cat?post=5440"},{"taxonomy":"product_tag","embeddable":true,"href":"https:\/\/qubtiva.com\/en\/wp-json\/wp\/v2\/product_tag?post=5440"}],"curies":[{"name":"wp","href":"https:\/\/api.w.org\/{rel}","templated":true}]}}