{"id":5444,"date":"2021-10-01T13:55:08","date_gmt":"2021-10-01T10:55:08","guid":{"rendered":"https:\/\/qubtiva.com\/?post_type=product&#038;p=5444"},"modified":"2026-02-19T14:50:07","modified_gmt":"2026-02-19T11:50:07","slug":"vitamin-c-calcium-l-ascorbate-citrus-biofla","status":"publish","type":"product","link":"https:\/\/qubtiva.com\/en\/product\/vitamin-c-calcium-l-ascorbate-citrus-biofla\/","title":{"rendered":"Vitamin C - Calcium L-Ascorbate &amp; Citrus Biofla"},"content":{"rendered":"<div data-elementor-type=\"wp-post\" data-elementor-id=\"5444\" class=\"elementor elementor-5444\">\n\t\t\t\t\t\t<section class=\"elementor-section elementor-top-section elementor-element elementor-element-292542ca elementor-section-boxed elementor-section-height-default elementor-section-height-default\" data-id=\"292542ca\" data-element_type=\"section\">\n\t\t\t\t\t\t<div class=\"elementor-container elementor-column-gap-default\">\n\t\t\t\t\t<div class=\"elementor-column elementor-col-100 elementor-top-column elementor-element elementor-element-22046fad\" data-id=\"22046fad\" data-element_type=\"column\">\n\t\t\t<div class=\"elementor-widget-wrap elementor-element-populated\">\n\t\t\t\t\t\t<div class=\"elementor-element elementor-element-57264941 elementor-widget elementor-widget-text-editor\" data-id=\"57264941\" data-element_type=\"widget\" data-widget_type=\"text-editor.default\">\n\t\t\t\t<div class=\"elementor-widget-container\">\n\t\t\t\t\t\t\t\t\t<p>This special formula combines Vitamin C in the form of Calcium L-ascorbate with citrus bioflavonoids, rutin and bird's nose extract to create a synergistic effect. Each ingredient enhances the effect of the other, together providing the support the body needs. Calcium L-ascorbate is easily absorbed into the body thanks to its high bioavailability and provides effectiveness without irritating the stomach. Citrus bioflavonoids and rutin enhance the absorption of vitamin C and provide extra antioxidant support. Rosehip extract completes this synergistic combination and enriches the supplement.<\/p><ul><li>Oksidatif Stresin artt\u0131\u011f\u0131 d\u00f6nemlerde ba\u011f\u0131\u015f\u0131kl\u0131k sisteminin normal fonksiyonlar\u0131n\u0131<br \/>desteklemek ve g\u00fcnl\u00fck C vitamini ihtiyac\u0131n\u0131n kar\u015f\u0131lamaya yard\u0131mc\u0131 olmak amac\u0131yla<br \/>tercih edilebilir.<\/li><li>G\u00fcnl\u00fck ya\u015famda artan \u00e7evresel fakt\u00f6rlere kar\u015f\u0131 antioksidan deste\u011fin sa\u011flanmas\u0131na ve<br \/>ba\u011f\u0131\u015f\u0131kl\u0131k sisteminin normal fonksiyonlar\u0131n\u0131n korunmas\u0131na katk\u0131 sa\u011flar.<\/li><\/ul><p><strong>Nutrient table:<\/strong><\/p><table><tbody><tr><td width=\"141\"><strong>Active Ingredient<\/strong><\/td><td width=\"123\"><strong>1 Tablet<\/strong><\/td><td width=\"123\"><strong>BRD %<\/strong><\/td><\/tr><tr><td width=\"141\"><strong>Vitamin C*<\/strong><\/td><td width=\"123\"><strong>1000 mg<\/strong><\/td><td width=\"123\"><strong>1250<\/strong><\/td><\/tr><tr><td width=\"141\"><strong>Citrus Bioflavonoids<\/strong><\/td><td width=\"123\"><strong>200 mg <\/strong><\/td><td width=\"123\"><strong>&#8211;<\/strong><\/td><\/tr><tr><td width=\"141\"><strong>Routine <\/strong><\/td><td width=\"123\"><strong>25 mg<\/strong><\/td><td width=\"123\"><strong>&#8211;<\/strong><\/td><\/tr><tr><td width=\"141\"><strong>Rosehip Extract<\/strong><\/td><td width=\"123\"><strong>25 mg<\/strong><\/td><td width=\"123\"><strong>&#8211;<\/strong><\/td><\/tr><\/tbody><\/table><p><em>\u00a0BRD Nutrition Reference Value<\/em><br \/><em>*Vitamin C from Calcium L-Ascorbate 1109.9 mg<\/em><\/p><p><strong>Contents:<\/strong><\/p><ul><li>Calcium L- Ascorbate, Microcrystalline Cellulose, Citrus Bioflavonoids), Polyvinylpyrrolidone-Vinyl Acetate Copolymer, Pregelatinized Starch, Rutin, Rosehip Fruit Extract, Magnesium Salts of Fatty Acids, Silicon Dioxide<\/li><\/ul><p><strong>Instructions for Use:<\/strong><\/p><ul><li>It is recommended to take 1 tablet a day.<\/li><li>Suitable for use by adults aged 11 and over.<\/li><\/ul><p><strong>Storage Conditions:<\/strong><\/p><ul><li>Store in a cool and dry place below 25\u00b0C.<\/li><\/ul><p><strong>Health Declarations:<\/strong><\/p><ul><li>Vitamin C contributes to maintaining the normal function of the immune system during and after intense physical exercise.<\/li><li>Vitamin C contributes to the normal formation of collagen, which is essential for the normal function of blood vessels.<\/li><li>Vitamin C contributes to normal collagen formation, which is essential for the normal function of bones.<\/li><li>Vitamin C contributes to normal collagen formation, which is essential for the normal function of cartilage.<\/li><li>Vitamin C contributes to normal collagen formation, which is essential for the normal function of the gums.<\/li><li>Vitamin C contributes to normal collagen formation, which is essential for normal skin function.<\/li><li>Vitamin C contributes to normal collagen formation, which is essential for the normal function of teeth.<\/li><li>Vitamin C contributes to normal energy formation metabolism.<\/li><li>Vitamin C contributes to the normal functioning of the nervous system.<\/li><li>Vitamin C contributes to the normal function of the immune system.<\/li><li>Vitamin C contributes to protecting cells from oxidative stress.<\/li><li>Vitamin C contributes to the reduction of fatigue and exhaustion.<\/li><li>Vitamin C contributes to the regeneration of the reduced form of vitamin E.<\/li><li>Vitamin C increases iron absorption.<\/li><\/ul><p>* Regulation on the Use of Health Declaration in Food and Food Supplements (Official Gazette No. 32169 \/ dated 20.04.2023)<\/p>\t\t\t\t\t\t\t\t<\/div>\n\t\t\t\t<\/div>\n\t\t\t\t\t<\/div>\n\t\t<\/div>\n\t\t\t\t\t<\/div>\n\t\t<\/section>\n\t\t\t\t<section class=\"elementor-section elementor-top-section elementor-element elementor-element-5f9f4ec elementor-section-full_width elementor-section-stretched elementor-section-height-default elementor-section-height-default\" data-id=\"5f9f4ec\" data-element_type=\"section\" data-settings=\"{&quot;stretch_section&quot;:&quot;section-stretched&quot;}\">\n\t\t\t\t\t\t<div class=\"elementor-container elementor-column-gap-default\">\n\t\t\t\t\t<div class=\"elementor-column elementor-col-100 elementor-top-column elementor-element elementor-element-67cb7ac\" data-id=\"67cb7ac\" data-element_type=\"column\">\n\t\t\t<div class=\"elementor-widget-wrap elementor-element-populated\">\n\t\t\t\t\t\t<div class=\"elementor-element elementor-element-c7da1df elementor-widget elementor-widget-ube-divider\" data-id=\"c7da1df\" data-element_type=\"widget\" data-widget_type=\"ube-divider.default\">\n\t\t\t\t<div class=\"elementor-widget-container\">\n\t\t\t\t\t<div class=\"ube-divider ube-divider-style-solid\">\n\t<div class=\"ube-divider-separator\">\n\t\t\t<\/div>\n<\/div>\n\t\t\t\t<\/div>\n\t\t\t\t<\/div>\n\t\t\t\t<div class=\"elementor-element elementor-element-54ac35e elementor-widget elementor-widget-spacer\" data-id=\"54ac35e\" data-element_type=\"widget\" data-widget_type=\"spacer.default\">\n\t\t\t\t<div class=\"elementor-widget-container\">\n\t\t\t\t\t\t\t<div class=\"elementor-spacer\">\n\t\t\t<div class=\"elementor-spacer-inner\"><\/div>\n\t\t<\/div>\n\t\t\t\t\t\t<\/div>\n\t\t\t\t<\/div>\n\t\t\t\t\t<\/div>\n\t\t<\/div>\n\t\t\t\t\t<\/div>\n\t\t<\/section>\n\t\t\t\t<section class=\"elementor-section elementor-top-section elementor-element elementor-element-c0eb903 elementor-section-boxed elementor-section-height-default elementor-section-height-default\" data-id=\"c0eb903\" data-element_type=\"section\">\n\t\t\t\t\t\t<div class=\"elementor-container elementor-column-gap-default\">\n\t\t\t\t\t<div class=\"elementor-column elementor-col-100 elementor-top-column elementor-element elementor-element-ffe59d6\" data-id=\"ffe59d6\" data-element_type=\"column\">\n\t\t\t<div class=\"elementor-widget-wrap elementor-element-populated\">\n\t\t\t\t\t\t<div class=\"elementor-element elementor-element-091ff86 elementor-widget elementor-widget-heading\" data-id=\"091ff86\" data-element_type=\"widget\" data-widget_type=\"heading.default\">\n\t\t\t\t<div class=\"elementor-widget-container\">\n\t\t\t\t\t<h2 class=\"elementor-heading-title elementor-size-default\">Related Posts<\/h2>\t\t\t\t<\/div>\n\t\t\t\t<\/div>\n\t\t\t\t<div class=\"elementor-element elementor-element-3384838 elementor-widget elementor-widget-ube-post-grid\" data-id=\"3384838\" data-element_type=\"widget\" data-widget_type=\"ube-post-grid.default\">\n\t\t\t\t<div class=\"elementor-widget-container\">\n\t\t\t\t\t\n\n<div id=\"ube-post-list-3384838\" class=\"ube-posts ube-post-grid ube-post-appender row\">\n\t<div class=\"ube-post-grid-item col-auto col-md-auto col-lg-4\">\n    <article class=\"card ube-post-item ube-post-grid-layout-01\">\n\t\t            <a class=\"ube-entry-post-thumb card-img-top\" href=\"https:\/\/qubtiva.com\/en\/powerful-antioxidant-combination-synergy-of-notr-form-of-vitamin-c-and-bioflavonoids\/\"\n               style=\"background-image: url('https:\/\/qubtiva.com\/wp-content\/uploads\/2025\/07\/wsi-imageoptim-iStock-993119894-20201205-185635.jpg');--ube-post-grid-ratio:75%;\">\n            <\/a>\n\t\t        <div class=\"card-body\">\n\t\t\t            <header class=\"ube-entry-header\">\n\t\t\t\t                    <h2 class=\"ube-entry-title card-title\">\n                        <a class=\"ube-post-link\" href=\"https:\/\/qubtiva.com\/en\/powerful-antioxidant-combination-synergy-of-notr-form-of-vitamin-c-and-bioflavonoids\/\"\n                           title=\"Powerful Antioxidant Combination: Synergy of Vitamin C Neutral Form and Bioflavonoids\">\n\t\t\t\t\t\t\tPowerful Antioxidant Combination: Synergy of Vitamin C Neutral Form and Bioflavonoids                        <\/a>\n                    <\/h2>\n\t\t\t\t\t\t\t\t            <\/header>\n\t\t\t        <\/div>\n    <\/article>\n<\/div>\n\n\t\t\t<div class=\"ube-post-grid-item col-auto col-md-auto col-lg-4\">\n    <article class=\"card ube-post-item ube-post-grid-layout-01\">\n\t\t            <a class=\"ube-entry-post-thumb card-img-top\" href=\"https:\/\/qubtiva.com\/en\/vitamin-c-calcium-ascorbate-citrus-bioflavonoids\/\"\n               style=\"background-image: url('https:\/\/qubtiva.com\/wp-content\/uploads\/2025\/05\/vitamin-c.jpg');--ube-post-grid-ratio:75%;\">\n            <\/a>\n\t\t        <div class=\"card-body\">\n\t\t\t            <header class=\"ube-entry-header\">\n\t\t\t\t                    <h2 class=\"ube-entry-title card-title\">\n                        <a class=\"ube-post-link\" href=\"https:\/\/qubtiva.com\/en\/vitamin-c-calcium-ascorbate-citrus-bioflavonoids\/\"\n                           title=\"Vitamin C (Calcium Ascorbate) &amp; Citrus Bioflavonoids\">\n\t\t\t\t\t\t\tVitamin C (Calcium Ascorbate) &amp; Citrus Bioflavonoids                        <\/a>\n                    <\/h2>\n\t\t\t\t\t\t\t\t            <\/header>\n\t\t\t        <\/div>\n    <\/article>\n<\/div>\n\n\t\t\t<\/div>\n\n<div class=\"ube-post-list-paging\">\n\t<\/div>\n\t\t\t\t<\/div>\n\t\t\t\t<\/div>\n\t\t\t\t\t<\/div>\n\t\t<\/div>\n\t\t\t\t\t<\/div>\n\t\t<\/section>\n\t\t\t\t<\/div>","protected":false},"excerpt":{"rendered":"<p>Vitamin C in the form of calcium L-ascorbate provides the body with an easily absorbed, non-irritating and long-lasting source of vitamin C.<\/p>","protected":false},"featured_media":9042,"comment_status":"open","ping_status":"closed","template":"","meta":[],"product_brand":[],"product_cat":[157],"product_tag":[],"class_list":{"0":"post-5444","1":"product","2":"type-product","3":"status-publish","4":"has-post-thumbnail","6":"product_cat-vitaminler","8":"first","9":"instock","10":"shipping-taxable","11":"purchasable","12":"product-type-simple"},"_links":{"self":[{"href":"https:\/\/qubtiva.com\/en\/wp-json\/wp\/v2\/product\/5444","targetHints":{"allow":["GET"]}}],"collection":[{"href":"https:\/\/qubtiva.com\/en\/wp-json\/wp\/v2\/product"}],"about":[{"href":"https:\/\/qubtiva.com\/en\/wp-json\/wp\/v2\/types\/product"}],"replies":[{"embeddable":true,"href":"https:\/\/qubtiva.com\/en\/wp-json\/wp\/v2\/comments?post=5444"}],"version-history":[{"count":13,"href":"https:\/\/qubtiva.com\/en\/wp-json\/wp\/v2\/product\/5444\/revisions"}],"predecessor-version":[{"id":9332,"href":"https:\/\/qubtiva.com\/en\/wp-json\/wp\/v2\/product\/5444\/revisions\/9332"}],"wp:featuredmedia":[{"embeddable":true,"href":"https:\/\/qubtiva.com\/en\/wp-json\/wp\/v2\/media\/9042"}],"wp:attachment":[{"href":"https:\/\/qubtiva.com\/en\/wp-json\/wp\/v2\/media?parent=5444"}],"wp:term":[{"taxonomy":"product_brand","embeddable":true,"href":"https:\/\/qubtiva.com\/en\/wp-json\/wp\/v2\/product_brand?post=5444"},{"taxonomy":"product_cat","embeddable":true,"href":"https:\/\/qubtiva.com\/en\/wp-json\/wp\/v2\/product_cat?post=5444"},{"taxonomy":"product_tag","embeddable":true,"href":"https:\/\/qubtiva.com\/en\/wp-json\/wp\/v2\/product_tag?post=5444"}],"curies":[{"name":"wp","href":"https:\/\/api.w.org\/{rel}","templated":true}]}}