{"id":5451,"date":"2021-10-01T14:03:19","date_gmt":"2021-10-01T11:03:19","guid":{"rendered":"https:\/\/qubtiva.com\/?post_type=product&#038;p=5451"},"modified":"2026-02-19T14:53:20","modified_gmt":"2026-02-19T11:53:20","slug":"magnesium-citrate-and-vitamin-b6","status":"publish","type":"product","link":"https:\/\/qubtiva.com\/en\/product\/magnesium-citrate-and-vitamin-b6\/","title":{"rendered":"Magnesium Citrate and Vitamin B6"},"content":{"rendered":"<div data-elementor-type=\"wp-post\" data-elementor-id=\"5451\" class=\"elementor elementor-5451\">\n\t\t\t\t\t\t<section class=\"elementor-section elementor-top-section elementor-element elementor-element-469aa7bb elementor-section-boxed elementor-section-height-default elementor-section-height-default\" data-id=\"469aa7bb\" data-element_type=\"section\">\n\t\t\t\t\t\t<div class=\"elementor-container elementor-column-gap-default\">\n\t\t\t\t\t<div class=\"elementor-column elementor-col-100 elementor-top-column elementor-element elementor-element-761efe8a\" data-id=\"761efe8a\" data-element_type=\"column\">\n\t\t\t<div class=\"elementor-widget-wrap elementor-element-populated\">\n\t\t\t\t\t\t<div class=\"elementor-element elementor-element-2cbb14e7 elementor-widget elementor-widget-text-editor\" data-id=\"2cbb14e7\" data-element_type=\"widget\" data-widget_type=\"text-editor.default\">\n\t\t\t\t<div class=\"elementor-widget-container\">\n\t\t\t\t\t\t\t\t\t<p><strong>Magnesium citrate<\/strong>is a salt form of magnesium with citric acid. This form is considered one of the organic compounds of magnesium that is well absorbed by the body. Magnesium citrate, which can be used as a supplement in powder or capsule form, attracts attention especially with its high water solubility.<\/p><p><strong>Pyridoxal-5-phosphate (P5P)<\/strong> ise B6 vitamininin aktif koenzim formudur. V\u00fccutta bir\u00e7ok enzimin \u00e7al\u0131\u015fmas\u0131nda rol oynayan bu form, klasik B6 vitamini (piridoksin hidroklor\u00fcr) al\u0131m\u0131ndan sonra karaci\u011ferde d\u00f6n\u00fc\u015fmesi gereken formun do\u011frudan aktif hali olmas\u0131 a\u00e7\u0131s\u0131ndan \u00f6ne \u00e7\u0131kar.<\/p><p>Bu iki bile\u015fi\u011fin birlikte kullan\u0131m\u0131, form\u00fclasyonlarda \u00e7e\u015fitli nedenlerle tercih edilebilmektedir. \u00d6zellikle B6 vitamininin aktif formu olan P5P&#8217;nin, magnezyumun baz\u0131 biyolojik yollarla ili\u015fkili s\u00fcre\u00e7lerine ko-fakt\u00f6r olarak katk\u0131 sunabilmesi gibi noktalar form\u00fclasyon a\u00e7\u0131s\u0131ndan dikkate al\u0131n\u0131r.<\/p><p>Magnezyum ve B6 vitamini farkl\u0131 mekanizmalarla v\u00fccutta yer al\u0131rlar, ancak baz\u0131 metabolik yollarda birbirini tamamlay\u0131c\u0131 rolleri olabilir. Bu nedenle bu kombinasyon, \u00e7e\u015fitli g\u0131da takviyesi form\u00fclasyonlar\u0131nda bir arada sunulabilmektedir.<\/p><ul><li>Artan Fiziksel aktivite ve yo\u011fun tempoda magnezyum ihtiyac\u0131n\u0131n kar\u015f\u0131lanmas\u0131na ve<br \/>enerji metabolizmas\u0131na normal fonksiyonlar\u0131n\u0131n desteklenmesine yard\u0131mc\u0131 olur.<\/li><li>Fiziksel aktivitenin artt\u0131\u011f\u0131 ve mineral ihtiyac\u0131n\u0131n y\u00fckseldi\u011fi d\u00f6nemlerde magnezyum<br \/>al\u0131m\u0131n\u0131n desteklenmesine katk\u0131 sa\u011flamak amac\u0131yla form\u00fcle edilmi\u015ftir.<\/li><\/ul><p><strong>Nutrient table:<\/strong><\/p><table><tbody><tr><td width=\"102\"><strong>Active Ingredient<\/strong><\/td><td width=\"74\"><strong>2 Tablets<\/strong><\/td><td width=\"74\"><strong>BRD %<\/strong><\/td><\/tr><tr><td width=\"102\"><strong>Magnesium*<\/strong><\/td><td width=\"74\"><strong>250 mg<\/strong><\/td><td width=\"74\"><strong>66,7<\/strong><\/td><\/tr><\/tbody><\/table><p><em>*1 Kaps\u00fclde 773,3 mg Magnezyum Sitrattan \u2019tan gelen 125 mg Elementel Magnezyum<br \/>BRD Nutrition Reference Value<\/em><\/p><p><strong>Contents:<\/strong><\/p><p>Magnesium Salts of Citric Acid, Microcrystalline Cellulose, Polyvinylpyrrolidone-Vinyl Acetate Copolymer, Magnesium Salts of Fatty Acids, Pyridoxal 5' Phosphate (Vitamin B6)<\/p><p><strong>Instructions for Use:<\/strong><\/p><ul><li>It is recommended to take 2 tablets a day.<\/li><li>Suitable for use by adults aged 11 and over.<\/li><\/ul><p><strong>Storage Conditions:<\/strong><\/p><ul><li>Store in a cool and dry place below 25\u00b0C.<\/li><\/ul><p><strong>Health Declarations:<\/strong><\/p><ul><li>Magnesium contributes to the reduction of fatigue and exhaustion.<\/li><li>Magnesium contributes to electrolyte balance.<\/li><li>Magnesium contributes to normal energy formation metabolism.<\/li><li>Magnesium contributes to the normal functioning of the nervous system.<\/li><li>Magnesium contributes to normal muscle function.<\/li><li>Magnesium contributes to normal protein synthesis.<\/li><li>Magnesium contributes to maintaining normal bones.<\/li><li>Magnesium contributes to the maintenance of normal teeth.<\/li><li>Magnesium has a role in cell division.<\/li><\/ul><p>Regulation on the Use of Health Declaration in Food and Food Supplements (Official Gazette No. 32169 \/ dated 20.04.2023)<\/p>\t\t\t\t\t\t\t\t<\/div>\n\t\t\t\t<\/div>\n\t\t\t\t\t<\/div>\n\t\t<\/div>\n\t\t\t\t\t<\/div>\n\t\t<\/section>\n\t\t\t\t<section class=\"elementor-section elementor-top-section elementor-element elementor-element-35ef5f1 elementor-section-full_width elementor-section-stretched elementor-section-height-default elementor-section-height-default\" data-id=\"35ef5f1\" data-element_type=\"section\" data-settings=\"{&quot;stretch_section&quot;:&quot;section-stretched&quot;}\">\n\t\t\t\t\t\t<div class=\"elementor-container elementor-column-gap-default\">\n\t\t\t\t\t<div class=\"elementor-column elementor-col-100 elementor-top-column elementor-element elementor-element-bc3bdb4\" data-id=\"bc3bdb4\" data-element_type=\"column\">\n\t\t\t<div class=\"elementor-widget-wrap elementor-element-populated\">\n\t\t\t\t\t\t<div class=\"elementor-element elementor-element-35ff7ba elementor-widget elementor-widget-ube-divider\" data-id=\"35ff7ba\" data-element_type=\"widget\" data-widget_type=\"ube-divider.default\">\n\t\t\t\t<div class=\"elementor-widget-container\">\n\t\t\t\t\t<div class=\"ube-divider ube-divider-style-solid\">\n\t<div class=\"ube-divider-separator\">\n\t\t\t<\/div>\n<\/div>\n\t\t\t\t<\/div>\n\t\t\t\t<\/div>\n\t\t\t\t<div class=\"elementor-element elementor-element-172a82f elementor-widget elementor-widget-spacer\" data-id=\"172a82f\" data-element_type=\"widget\" data-widget_type=\"spacer.default\">\n\t\t\t\t<div class=\"elementor-widget-container\">\n\t\t\t\t\t\t\t<div class=\"elementor-spacer\">\n\t\t\t<div class=\"elementor-spacer-inner\"><\/div>\n\t\t<\/div>\n\t\t\t\t\t\t<\/div>\n\t\t\t\t<\/div>\n\t\t\t\t\t<\/div>\n\t\t<\/div>\n\t\t\t\t\t<\/div>\n\t\t<\/section>\n\t\t\t\t<section class=\"elementor-section elementor-top-section elementor-element elementor-element-0bf1198 elementor-section-boxed elementor-section-height-default elementor-section-height-default\" data-id=\"0bf1198\" data-element_type=\"section\">\n\t\t\t\t\t\t<div class=\"elementor-container elementor-column-gap-default\">\n\t\t\t\t\t<div class=\"elementor-column elementor-col-100 elementor-top-column elementor-element elementor-element-4bc43d5\" data-id=\"4bc43d5\" data-element_type=\"column\">\n\t\t\t<div class=\"elementor-widget-wrap elementor-element-populated\">\n\t\t\t\t\t\t<div class=\"elementor-element elementor-element-0ae51f6 elementor-widget elementor-widget-heading\" data-id=\"0ae51f6\" data-element_type=\"widget\" data-widget_type=\"heading.default\">\n\t\t\t\t<div class=\"elementor-widget-container\">\n\t\t\t\t\t<h2 class=\"elementor-heading-title elementor-size-default\">Related Posts<\/h2>\t\t\t\t<\/div>\n\t\t\t\t<\/div>\n\t\t\t\t<div class=\"elementor-element elementor-element-181554b elementor-widget elementor-widget-ube-post-grid\" data-id=\"181554b\" data-element_type=\"widget\" data-widget_type=\"ube-post-grid.default\">\n\t\t\t\t<div class=\"elementor-widget-container\">\n\t\t\t\t\t\n\n<div id=\"ube-post-list-181554b\" class=\"ube-posts ube-post-grid ube-post-appender row\">\n\t<div class=\"ube-post-grid-item col-auto col-md-auto col-lg-4\">\n    <article class=\"card ube-post-item ube-post-grid-layout-01\">\n\t\t            <a class=\"ube-entry-post-thumb card-img-top\" href=\"https:\/\/qubtiva.com\/en\/a-comprehensive-scientific-review-of-magnesium-salts\/\"\n               style=\"background-image: url('https:\/\/qubtiva.com\/wp-content\/uploads\/2025\/07\/Magnezyum-Ilaci.webp');--ube-post-grid-ratio:75%;\">\n            <\/a>\n\t\t        <div class=\"card-body\">\n\t\t\t            <header class=\"ube-entry-header\">\n\t\t\t\t                    <h2 class=\"ube-entry-title card-title\">\n                        <a class=\"ube-post-link\" href=\"https:\/\/qubtiva.com\/en\/a-comprehensive-scientific-review-of-magnesium-salts\/\"\n                           title=\"Magnesium Salts: A Comprehensive Scientific Review\">\n\t\t\t\t\t\t\tMagnesium Salts: A Comprehensive Scientific Review                        <\/a>\n                    <\/h2>\n\t\t\t\t\t\t\t\t            <\/header>\n\t\t\t        <\/div>\n    <\/article>\n<\/div>\n\n\t\t\t<div class=\"ube-post-grid-item col-auto col-md-auto col-lg-4\">\n    <article class=\"card ube-post-item ube-post-grid-layout-01\">\n\t\t            <a class=\"ube-entry-post-thumb card-img-top\" href=\"https:\/\/qubtiva.com\/en\/balancing-homocysteine-levels-with-b6-b12-and-folic-acid\/\"\n               style=\"background-image: url('https:\/\/qubtiva.com\/wp-content\/uploads\/2025\/07\/5fd4023965c1b0b9d59b2d5d22f39124.jpg');--ube-post-grid-ratio:75%;\">\n            <\/a>\n\t\t        <div class=\"card-body\">\n\t\t\t            <header class=\"ube-entry-header\">\n\t\t\t\t                    <h2 class=\"ube-entry-title card-title\">\n                        <a class=\"ube-post-link\" href=\"https:\/\/qubtiva.com\/en\/balancing-homocysteine-levels-with-b6-b12-and-folic-acid\/\"\n                           title=\"Balancing Homocysteine Levels with the B6, B12 and Folic Acid Triad\">\n\t\t\t\t\t\t\tBalancing Homocysteine Levels with the B6, B12 and Folic Acid Triad                        <\/a>\n                    <\/h2>\n\t\t\t\t\t\t\t\t            <\/header>\n\t\t\t        <\/div>\n    <\/article>\n<\/div>\n\n\t\t\t<div class=\"ube-post-grid-item col-auto col-md-auto col-lg-4\">\n    <article class=\"card ube-post-item ube-post-grid-layout-01\">\n\t\t            <a class=\"ube-entry-post-thumb card-img-top\" href=\"https:\/\/qubtiva.com\/en\/effects-of-vitamins-b6-and-b12-on-the-nervous-system-and-energy\/\"\n               style=\"background-image: url('https:\/\/qubtiva.com\/wp-content\/uploads\/2025\/07\/pk0jgod8_vitamin-b12_625x300_08_May_24.jpg');--ube-post-grid-ratio:75%;\">\n            <\/a>\n\t\t        <div class=\"card-body\">\n\t\t\t            <header class=\"ube-entry-header\">\n\t\t\t\t                    <h2 class=\"ube-entry-title card-title\">\n                        <a class=\"ube-post-link\" href=\"https:\/\/qubtiva.com\/en\/effects-of-vitamins-b6-and-b12-on-the-nervous-system-and-energy\/\"\n                           title=\"Effects of Vitamins B6 and B12 on the Nervous System and Energy\">\n\t\t\t\t\t\t\tEffects of Vitamins B6 and B12 on the Nervous System and Energy                        <\/a>\n                    <\/h2>\n\t\t\t\t\t\t\t\t            <\/header>\n\t\t\t        <\/div>\n    <\/article>\n<\/div>\n\n\t\t\t<\/div>\n\n<div class=\"ube-post-list-paging\">\n\t\n\t\t<nav class=\"ube-post-pagination\">\n    <ul class=\"pagination\">\n        <li class=\"page-item ube-page-item disabled prev\" data-args=\"orderby=date&order=desc&ignore_sticky_posts=1&post_status=publish&posts_per_page=3&offset=0&post_type=post&tax_query%5B0%5D%5Btaxonomy%5D=post_tag&tax_query%5B0%5D%5Bfield%5D=term_id&tax_query%5B0%5D%5Bterms%5D%5B0%5D=129&tax_query%5B0%5D%5Bterms%5D%5B1%5D=130&tax_query%5Brelation%5D=AND\"\n            data-settings=\"id=181554b&show_image=yes&show_title=yes&show_excerpt=&show_meta=&excerpt_length=10&show_read_more_button=yes&read_more_button_text=Read+More&show_read_more_button_prefix_style=no&read_more_button_text_suffix%5Bvalue%5D=&read_more_button_text_suffix%5Blibrary%5D=&show_load_more_text=Load+More&excerpt_expansion_indicator=...&orderby=date&show_category=&category_length=&show_category_icon=yes&show_author=&show_author_icon=yes&show_avatar=yes&author_text_prefix=Post+By&show_date=&show_date_icon=yes&date_text_prefix=Post+On&show_comment_count=&show_comment_icon=yes&comment_text_suffix=comments&paging=pagination&show_filter_category=no&post_layout=post-grid-layout-01&load_more_button_type=&load_more_button_shape=rounded&load_more_button_size=md&load_more_button_scheme=accent&button_class=btn+ube-load-more-button+btn-md+btn-rounded+btn-accent&next_text=Next&next_icon%5Bvalue%5D=&next_icon%5Blibrary%5D=&prev_text=Prev&prev_icon%5Bvalue%5D=&prev_icon%5Blibrary%5D=&column_class=ube-post-grid-item+col-auto+col-md-auto+col-lg-4&image_size_mode=75&image_size_width=1&image_size_height=1&read_more_class=btn+btn-md+btn-rounded+btn-primary&post_style=grid\"\n            data-page=\"0\" data-total-page=\"2\"\n            data-widget=\"181554b\"\n            data-nonce=\"8bd5d9cec3\"\n        >\n            <a href=\"#\" class=\"page-link ladda-button\" title=\"Previous\" data-ladda=\"true\"\n               data-style=\"zoom-out\" data-spinner-color=\"black\">\n\t\t\t\t                    <span class=\"text\">\n                         Prev                    <\/span>\n\t\t\t\t\t\t\t\t            <\/a>\n        <\/li>\n\t\t            <li class=\"page-item ube-page-item active\" data-args=\"orderby=date&order=desc&ignore_sticky_posts=1&post_status=publish&posts_per_page=3&offset=0&post_type=post&tax_query%5B0%5D%5Btaxonomy%5D=post_tag&tax_query%5B0%5D%5Bfield%5D=term_id&tax_query%5B0%5D%5Bterms%5D%5B0%5D=129&tax_query%5B0%5D%5Bterms%5D%5B1%5D=130&tax_query%5Brelation%5D=AND\"\n                data-settings=\"id=181554b&show_image=yes&show_title=yes&show_excerpt=&show_meta=&excerpt_length=10&show_read_more_button=yes&read_more_button_text=Read+More&show_read_more_button_prefix_style=no&read_more_button_text_suffix%5Bvalue%5D=&read_more_button_text_suffix%5Blibrary%5D=&show_load_more_text=Load+More&excerpt_expansion_indicator=...&orderby=date&show_category=&category_length=&show_category_icon=yes&show_author=&show_author_icon=yes&show_avatar=yes&author_text_prefix=Post+By&show_date=&show_date_icon=yes&date_text_prefix=Post+On&show_comment_count=&show_comment_icon=yes&comment_text_suffix=comments&paging=pagination&show_filter_category=no&post_layout=post-grid-layout-01&load_more_button_type=&load_more_button_shape=rounded&load_more_button_size=md&load_more_button_scheme=accent&button_class=btn+ube-load-more-button+btn-md+btn-rounded+btn-accent&next_text=Next&next_icon%5Bvalue%5D=&next_icon%5Blibrary%5D=&prev_text=Prev&prev_icon%5Bvalue%5D=&prev_icon%5Blibrary%5D=&column_class=ube-post-grid-item+col-auto+col-md-auto+col-lg-4&image_size_mode=75&image_size_width=1&image_size_height=1&read_more_class=btn+btn-md+btn-rounded+btn-primary&post_style=grid\"\n                data-page=\"1\"\n                data-total-page=\"2\"\n                data-widget=\"181554b\"\n                data-nonce=\"8bd5d9cec3\">\n                <a class=\"page-link ladda-button\" href=\"#\" data-ladda=\"true\" data-style=\"zoom-out\"\n                   data-spinner-color=\"black\">1<\/a>\n            <\/li>\n\t\t            <li class=\"page-item ube-page-item\" data-args=\"orderby=date&order=desc&ignore_sticky_posts=1&post_status=publish&posts_per_page=3&offset=0&post_type=post&tax_query%5B0%5D%5Btaxonomy%5D=post_tag&tax_query%5B0%5D%5Bfield%5D=term_id&tax_query%5B0%5D%5Bterms%5D%5B0%5D=129&tax_query%5B0%5D%5Bterms%5D%5B1%5D=130&tax_query%5Brelation%5D=AND\"\n                data-settings=\"id=181554b&show_image=yes&show_title=yes&show_excerpt=&show_meta=&excerpt_length=10&show_read_more_button=yes&read_more_button_text=Read+More&show_read_more_button_prefix_style=no&read_more_button_text_suffix%5Bvalue%5D=&read_more_button_text_suffix%5Blibrary%5D=&show_load_more_text=Load+More&excerpt_expansion_indicator=...&orderby=date&show_category=&category_length=&show_category_icon=yes&show_author=&show_author_icon=yes&show_avatar=yes&author_text_prefix=Post+By&show_date=&show_date_icon=yes&date_text_prefix=Post+On&show_comment_count=&show_comment_icon=yes&comment_text_suffix=comments&paging=pagination&show_filter_category=no&post_layout=post-grid-layout-01&load_more_button_type=&load_more_button_shape=rounded&load_more_button_size=md&load_more_button_scheme=accent&button_class=btn+ube-load-more-button+btn-md+btn-rounded+btn-accent&next_text=Next&next_icon%5Bvalue%5D=&next_icon%5Blibrary%5D=&prev_text=Prev&prev_icon%5Bvalue%5D=&prev_icon%5Blibrary%5D=&column_class=ube-post-grid-item+col-auto+col-md-auto+col-lg-4&image_size_mode=75&image_size_width=1&image_size_height=1&read_more_class=btn+btn-md+btn-rounded+btn-primary&post_style=grid\"\n                data-page=\"2\"\n                data-total-page=\"2\"\n                data-widget=\"181554b\"\n                data-nonce=\"8bd5d9cec3\">\n                <a class=\"page-link ladda-button\" href=\"#\" data-ladda=\"true\" data-style=\"zoom-out\"\n                   data-spinner-color=\"black\">2<\/a>\n            <\/li>\n\t\t        <li class=\"page-item ube-page-item next\" data-args=\"orderby=date&order=desc&ignore_sticky_posts=1&post_status=publish&posts_per_page=3&offset=0&post_type=post&tax_query%5B0%5D%5Btaxonomy%5D=post_tag&tax_query%5B0%5D%5Bfield%5D=term_id&tax_query%5B0%5D%5Bterms%5D%5B0%5D=129&tax_query%5B0%5D%5Bterms%5D%5B1%5D=130&tax_query%5Brelation%5D=AND\"\n            data-settings=\"id=181554b&show_image=yes&show_title=yes&show_excerpt=&show_meta=&excerpt_length=10&show_read_more_button=yes&read_more_button_text=Read+More&show_read_more_button_prefix_style=no&read_more_button_text_suffix%5Bvalue%5D=&read_more_button_text_suffix%5Blibrary%5D=&show_load_more_text=Load+More&excerpt_expansion_indicator=...&orderby=date&show_category=&category_length=&show_category_icon=yes&show_author=&show_author_icon=yes&show_avatar=yes&author_text_prefix=Post+By&show_date=&show_date_icon=yes&date_text_prefix=Post+On&show_comment_count=&show_comment_icon=yes&comment_text_suffix=comments&paging=pagination&show_filter_category=no&post_layout=post-grid-layout-01&load_more_button_type=&load_more_button_shape=rounded&load_more_button_size=md&load_more_button_scheme=accent&button_class=btn+ube-load-more-button+btn-md+btn-rounded+btn-accent&next_text=Next&next_icon%5Bvalue%5D=&next_icon%5Blibrary%5D=&prev_text=Prev&prev_icon%5Bvalue%5D=&prev_icon%5Blibrary%5D=&column_class=ube-post-grid-item+col-auto+col-md-auto+col-lg-4&image_size_mode=75&image_size_width=1&image_size_height=1&read_more_class=btn+btn-md+btn-rounded+btn-primary&post_style=grid\"\n            data-page=\"2\" data-total-page=\"2\"\n            data-widget=\"181554b\"\n            data-nonce=\"8bd5d9cec3\"\n        >\n            <a href=\"#\" class=\"page-link ladda-button\" title=\"Next\" data-ladda=\"true\"\n               data-style=\"zoom-out\" data-spinner-color=\"black\">\n\t\t\t\t                    <span class=\"text\">\n                         Next                    <\/span>\n\t\t\t\t\t\t\t\t\n            <\/a>\n        <\/li>\n    <\/ul>\n<\/nav>\t<\/div>\n\t\t\t\t<\/div>\n\t\t\t\t<\/div>\n\t\t\t\t\t<\/div>\n\t\t<\/div>\n\t\t\t\t\t<\/div>\n\t\t<\/section>\n\t\t\t\t<\/div>","protected":false},"excerpt":{"rendered":"<p>The combination of magnesium citrate and pyridoxal-5-phosphate (P5P) is an example of a balanced formulation that combines a highly bioavailable form of magnesium and the active form of vitamin B6.<\/p>\n<p>&nbsp;<\/p>","protected":false},"featured_media":9040,"comment_status":"open","ping_status":"closed","template":"","meta":[],"product_brand":[],"product_cat":[158],"product_tag":[],"class_list":{"0":"post-5451","1":"product","2":"type-product","3":"status-publish","4":"has-post-thumbnail","6":"product_cat-mineraller","8":"first","9":"instock","10":"shipping-taxable","11":"purchasable","12":"product-type-simple"},"_links":{"self":[{"href":"https:\/\/qubtiva.com\/en\/wp-json\/wp\/v2\/product\/5451","targetHints":{"allow":["GET"]}}],"collection":[{"href":"https:\/\/qubtiva.com\/en\/wp-json\/wp\/v2\/product"}],"about":[{"href":"https:\/\/qubtiva.com\/en\/wp-json\/wp\/v2\/types\/product"}],"replies":[{"embeddable":true,"href":"https:\/\/qubtiva.com\/en\/wp-json\/wp\/v2\/comments?post=5451"}],"version-history":[{"count":28,"href":"https:\/\/qubtiva.com\/en\/wp-json\/wp\/v2\/product\/5451\/revisions"}],"predecessor-version":[{"id":9344,"href":"https:\/\/qubtiva.com\/en\/wp-json\/wp\/v2\/product\/5451\/revisions\/9344"}],"wp:featuredmedia":[{"embeddable":true,"href":"https:\/\/qubtiva.com\/en\/wp-json\/wp\/v2\/media\/9040"}],"wp:attachment":[{"href":"https:\/\/qubtiva.com\/en\/wp-json\/wp\/v2\/media?parent=5451"}],"wp:term":[{"taxonomy":"product_brand","embeddable":true,"href":"https:\/\/qubtiva.com\/en\/wp-json\/wp\/v2\/product_brand?post=5451"},{"taxonomy":"product_cat","embeddable":true,"href":"https:\/\/qubtiva.com\/en\/wp-json\/wp\/v2\/product_cat?post=5451"},{"taxonomy":"product_tag","embeddable":true,"href":"https:\/\/qubtiva.com\/en\/wp-json\/wp\/v2\/product_tag?post=5451"}],"curies":[{"name":"wp","href":"https:\/\/api.w.org\/{rel}","templated":true}]}}