{"id":9362,"date":"2026-03-02T11:22:50","date_gmt":"2026-03-02T08:22:50","guid":{"rendered":"https:\/\/qubtiva.com\/?page_id=9362"},"modified":"2026-03-02T11:23:15","modified_gmt":"2026-03-02T08:23:15","slug":"medya","status":"publish","type":"page","link":"https:\/\/qubtiva.com\/ru\/medya\/","title":{"rendered":"Medya"},"content":{"rendered":"<div data-elementor-type=\"wp-page\" data-elementor-id=\"9362\" class=\"elementor elementor-9362\">\n\t\t\t\t\t\t<section class=\"elementor-section elementor-top-section elementor-element elementor-element-1c32eb3 elementor-section-boxed elementor-section-height-default elementor-section-height-default\" data-id=\"1c32eb3\" data-element_type=\"section\">\n\t\t\t\t\t\t<div class=\"elementor-container elementor-column-gap-default\">\n\t\t\t\t\t<div class=\"elementor-column elementor-col-100 elementor-top-column elementor-element elementor-element-c4cfe89\" data-id=\"c4cfe89\" data-element_type=\"column\">\n\t\t\t<div class=\"elementor-widget-wrap elementor-element-populated\">\n\t\t\t\t\t\t<section class=\"elementor-section elementor-inner-section elementor-element elementor-element-6b277e8 elementor-section-boxed elementor-section-height-default elementor-section-height-default\" data-id=\"6b277e8\" data-element_type=\"section\">\n\t\t\t\t\t\t<div class=\"elementor-container elementor-column-gap-default\">\n\t\t\t\t\t<div class=\"elementor-column elementor-col-100 elementor-inner-column elementor-element elementor-element-1c6b3e7\" data-id=\"1c6b3e7\" data-element_type=\"column\">\n\t\t\t<div class=\"elementor-widget-wrap elementor-element-populated\">\n\t\t\t\t\t\t<div class=\"elementor-element elementor-element-a7fe2ee elementor-widget elementor-widget-ube-post-grid\" data-id=\"a7fe2ee\" data-element_type=\"widget\" data-widget_type=\"ube-post-grid.default\">\n\t\t\t\t<div class=\"elementor-widget-container\">\n\t\t\t\t\t\n\n<div id=\"ube-post-list-a7fe2ee\" class=\"ube-posts ube-post-grid ube-post-appender row\">\n\t<div class=\"ube-post-grid-item col-auto col-md-auto col-lg-4\">\n    <article class=\"card ube-post-item ube-post-grid-layout-01\">\n\t\t            <a class=\"ube-entry-post-thumb card-img-top\" href=\"https:\/\/qubtiva.com\/ru\/qubtiva-ephesus-ultra-marathonun-ana-sponsoru-oldu\/\"\n               style=\"background-image: url('https:\/\/qubtiva.com\/wp-content\/uploads\/2026\/03\/Qubtiva_ephesusultra-1920x1080px.webp');--ube-post-grid-ratio:75%;\">\n            <\/a>\n\t\t        <div class=\"card-body\">\n\t\t\t            <header class=\"ube-entry-header\">\n\t\t\t\t                    <h2 class=\"ube-entry-title card-title\">\n                        <a class=\"ube-post-link\" href=\"https:\/\/qubtiva.com\/ru\/qubtiva-ephesus-ultra-marathonun-ana-sponsoru-oldu\/\"\n                           title=\"Qubtiva, Ephesus Ultra Marathon\u2019un Ana Sponsoru Oldu\">\n\t\t\t\t\t\t\tQubtiva, Ephesus Ultra Marathon\u2019un Ana Sponsoru Oldu                        <\/a>\n                    <\/h2>\n\t\t\t\t\t\t\t\t            <\/header>\n\t\t\t                <div class=\"ube-entry-content\">\n                    <div class=\"ube-post-excerpt\">\n                        <p class=\"card-text\">Sa\u011fl\u0131k ve performans odakl\u0131 \u00fcr\u00fcnleriyle \u00f6ne \u00e7\u0131kan Qubtiva, T\u00fcrkiye\u2019nin uluslararas\u0131 alanda en dikkat \u00e7eken dayan\u0131kl\u0131l\u0131k sporlar\u0131 organizasyonlar\u0131ndan Ephesus Ultra Marathon\u2019un...<\/p>\n                    <\/div>\n                    <div class=\"read-more-button-wrapper\">\n\t\t\t\t\t\t                    <\/div>\n                <\/div>\n\t\t\t        <\/div>\n    <\/article>\n<\/div>\n\n\t\t\t<div class=\"ube-post-grid-item col-auto col-md-auto col-lg-4\">\n    <article class=\"card ube-post-item ube-post-grid-layout-01\">\n\t\t            <a class=\"ube-entry-post-thumb card-img-top\" href=\"https:\/\/qubtiva.com\/ru\/qubtiva-eczacilar-ile-bulustu\/\"\n               style=\"background-image: url('https:\/\/qubtiva.com\/wp-content\/uploads\/2026\/03\/IMG_1074-scaled.jpg');--ube-post-grid-ratio:75%;\">\n            <\/a>\n\t\t        <div class=\"card-body\">\n\t\t\t            <header class=\"ube-entry-header\">\n\t\t\t\t                    <h2 class=\"ube-entry-title card-title\">\n                        <a class=\"ube-post-link\" href=\"https:\/\/qubtiva.com\/ru\/qubtiva-eczacilar-ile-bulustu\/\"\n                           title=\"Qubtiva, Eczac\u0131lar ile Bulu\u015ftu\">\n\t\t\t\t\t\t\tQubtiva, Eczac\u0131lar ile Bulu\u015ftu                        <\/a>\n                    <\/h2>\n\t\t\t\t\t\t\t\t            <\/header>\n\t\t\t                <div class=\"ube-entry-content\">\n                    <div class=\"ube-post-excerpt\">\n                        <p class=\"card-text\">Qubtiva G\u0131da Takviyeleri, Ege B\u00f6lgesi\u2019ndeki eczac\u0131larla ger\u00e7ekle\u015ftirdi\u011fi profesyonel bulu\u015fmalar kapsam\u0131nda, Ayd\u0131n ve \u0130zmir\u2019de sa\u011fl\u0131k profesyonelleriyle bir araya gelerek markan\u0131n bilimsel...<\/p>\n                    <\/div>\n                    <div class=\"read-more-button-wrapper\">\n\t\t\t\t\t\t                    <\/div>\n                <\/div>\n\t\t\t        <\/div>\n    <\/article>\n<\/div>\n\n\t\t\t<div class=\"ube-post-grid-item col-auto col-md-auto col-lg-4\">\n    <article class=\"card ube-post-item ube-post-grid-layout-01\">\n\t\t            <a class=\"ube-entry-post-thumb card-img-top\" href=\"https:\/\/qubtiva.com\/ru\/beslenme-uzmanlariyla-saglikli-cookie-atolyesi\/\"\n               style=\"background-image: url('https:\/\/qubtiva.com\/wp-content\/uploads\/2026\/03\/IMG_6056-scaled.jpg');--ube-post-grid-ratio:75%;\">\n            <\/a>\n\t\t        <div class=\"card-body\">\n\t\t\t            <header class=\"ube-entry-header\">\n\t\t\t\t                    <h2 class=\"ube-entry-title card-title\">\n                        <a class=\"ube-post-link\" href=\"https:\/\/qubtiva.com\/ru\/beslenme-uzmanlariyla-saglikli-cookie-atolyesi\/\"\n                           title=\"Beslenme Uzmanlar\u0131yla Sa\u011fl\u0131kl\u0131 Cookie At\u00f6lyesi\">\n\t\t\t\t\t\t\tBeslenme Uzmanlar\u0131yla Sa\u011fl\u0131kl\u0131 Cookie At\u00f6lyesi                        <\/a>\n                    <\/h2>\n\t\t\t\t\t\t\t\t            <\/header>\n\t\t\t                <div class=\"ube-entry-content\">\n                    <div class=\"ube-post-excerpt\">\n                        <p class=\"card-text\">Fonksiyonel t\u0131p yakla\u015f\u0131m\u0131yla geli\u015ftirilen besin takviyeleriyle sa\u011fl\u0131k alan\u0131nda yeni bir bak\u0131\u015f a\u00e7\u0131s\u0131 sunan Qubtiva, beslenme uzmanlar\u0131n\u0131n kat\u0131l\u0131m\u0131yla ger\u00e7ekle\u015ftirilen \u00f6zel bir...<\/p>\n                    <\/div>\n                    <div class=\"read-more-button-wrapper\">\n\t\t\t\t\t\t                    <\/div>\n                <\/div>\n\t\t\t        <\/div>\n    <\/article>\n<\/div>\n\n\t\t\t<\/div>\n\n<div class=\"ube-post-list-paging\">\n\t<\/div>\n\t\t\t\t<\/div>\n\t\t\t\t<\/div>\n\t\t\t\t\t<\/div>\n\t\t<\/div>\n\t\t\t\t\t<\/div>\n\t\t<\/section>\n\t\t\t\t\t<\/div>\n\t\t<\/div>\n\t\t\t\t\t<\/div>\n\t\t<\/section>\n\t\t\t\t<\/div>","protected":false},"excerpt":{"rendered":"<p>Beslenme Uzmanlar\u0131yla Sa\u011fl\u0131kl\u0131 Cookie At\u00f6lyesi Fonksiyonel t\u0131p yakla\u015f\u0131m\u0131yla geli\u015ftirilen besin takviyeleriyle sa\u011fl\u0131k alan\u0131nda yeni bir bak\u0131\u015f a\u00e7\u0131s\u0131 sunan Qubtiva, beslenme uzmanlar\u0131n\u0131n kat\u0131l\u0131m\u0131yla ger\u00e7ekle\u015ftirilen \u00f6zel bir&#8230;<\/p>","protected":false},"author":1,"featured_media":0,"parent":0,"menu_order":0,"comment_status":"closed","ping_status":"closed","template":"","meta":{"footnotes":""},"class_list":["post-9362","page","type-page","status-publish","hentry"],"_links":{"self":[{"href":"https:\/\/qubtiva.com\/ru\/wp-json\/wp\/v2\/pages\/9362","targetHints":{"allow":["GET"]}}],"collection":[{"href":"https:\/\/qubtiva.com\/ru\/wp-json\/wp\/v2\/pages"}],"about":[{"href":"https:\/\/qubtiva.com\/ru\/wp-json\/wp\/v2\/types\/page"}],"author":[{"embeddable":true,"href":"https:\/\/qubtiva.com\/ru\/wp-json\/wp\/v2\/users\/1"}],"replies":[{"embeddable":true,"href":"https:\/\/qubtiva.com\/ru\/wp-json\/wp\/v2\/comments?post=9362"}],"version-history":[{"count":4,"href":"https:\/\/qubtiva.com\/ru\/wp-json\/wp\/v2\/pages\/9362\/revisions"}],"predecessor-version":[{"id":9382,"href":"https:\/\/qubtiva.com\/ru\/wp-json\/wp\/v2\/pages\/9362\/revisions\/9382"}],"wp:attachment":[{"href":"https:\/\/qubtiva.com\/ru\/wp-json\/wp\/v2\/media?parent=9362"}],"curies":[{"name":"wp","href":"https:\/\/api.w.org\/{rel}","templated":true}]}}