{"id":5422,"date":"2025-05-05T12:48:19","date_gmt":"2025-05-05T09:48:19","guid":{"rendered":"https:\/\/qubtiva.com\/?post_type=product&#038;p=5422"},"modified":"2026-02-19T14:44:37","modified_gmt":"2026-02-19T11:44:37","slug":"%d1%8d%d0%ba%d1%81%d1%82%d1%80%d0%b0%d0%ba%d1%82-%d1%87%d1%91%d1%80%d0%bd%d0%be%d0%b3%d0%be-%d1%87%d0%b5%d1%81%d0%bd%d0%be%d0%ba%d0%b0","status":"publish","type":"product","link":"https:\/\/qubtiva.com\/ru\/product\/%d1%8d%d0%ba%d1%81%d1%82%d1%80%d0%b0%d0%ba%d1%82-%d1%87%d1%91%d1%80%d0%bd%d0%be%d0%b3%d0%be-%d1%87%d0%b5%d1%81%d0%bd%d0%be%d0%ba%d0%b0\/","title":{"rendered":"\u042d\u043a\u0441\u0442\u0440\u0430\u043a\u0442 \u0447\u0435\u0440\u043d\u043e\u0433\u043e \u0447\u0435\u0441\u043d\u043e\u043a\u0430"},"content":{"rendered":"<div data-elementor-type=\"wp-post\" data-elementor-id=\"5422\" class=\"elementor elementor-5422\">\n\t\t\t\t\t\t<section class=\"elementor-section elementor-top-section elementor-element elementor-element-4642d19b elementor-section-boxed elementor-section-height-default elementor-section-height-default\" data-id=\"4642d19b\" data-element_type=\"section\">\n\t\t\t\t\t\t<div class=\"elementor-container elementor-column-gap-default\">\n\t\t\t\t\t<div class=\"elementor-column elementor-col-100 elementor-top-column elementor-element elementor-element-5d41eec1\" data-id=\"5d41eec1\" data-element_type=\"column\">\n\t\t\t<div class=\"elementor-widget-wrap elementor-element-populated\">\n\t\t\t\t\t\t<div class=\"elementor-element elementor-element-4ceed42 elementor-widget elementor-widget-text-editor\" data-id=\"4ceed42\" data-element_type=\"widget\" data-widget_type=\"text-editor.default\">\n\t\t\t\t<div class=\"elementor-widget-container\">\n\t\t\t\t\t\t\t\t\t<p>\u041f\u043e\u0440\u043e\u0448\u043e\u043a \u0447\u0435\u0440\u043d\u043e\u0433\u043e \u0447\u0435\u0441\u043d\u043e\u043a\u0430, \u043a\u043e\u0442\u043e\u0440\u044b\u0439 \u043d\u0430\u0445\u043e\u0434\u0438\u0442\u0441\u044f \u0432 \u0442\u043e\u0447\u043a\u0435, \u0433\u0434\u0435 \u0442\u044b\u0441\u044f\u0447\u0435\u043b\u0435\u0442\u043d\u044f\u044f \u0442\u0440\u0430\u0434\u0438\u0446\u0438\u043e\u043d\u043d\u0430\u044f \u043c\u0443\u0434\u0440\u043e\u0441\u0442\u044c \u0432\u0441\u0442\u0440\u0435\u0447\u0430\u0435\u0442\u0441\u044f \u0441 \u0441\u043e\u0432\u0440\u0435\u043c\u0435\u043d\u043d\u044b\u043c\u0438 \u0442\u0435\u0445\u043d\u043e\u043b\u043e\u0433\u0438\u044f\u043c\u0438 \u043f\u0440\u043e\u0438\u0437\u0432\u043e\u0434\u0441\u0442\u0432\u0430, - \u044d\u0442\u043e \u043e\u0441\u043e\u0431\u044b\u0439 \u043f\u0440\u043e\u0434\u0443\u043a\u0442, \u043e\u0442\u043b\u0438\u0447\u0430\u044e\u0449\u0438\u0439\u0441\u044f \u0441\u0432\u043e\u0435\u0439 \u043d\u0430\u0442\u0443\u0440\u0430\u043b\u044c\u043d\u043e\u0441\u0442\u044c\u044e \u0438 \u0445\u0430\u0440\u0430\u043a\u0442\u0435\u0440\u043d\u044b\u043c \u0430\u0440\u043e\u043c\u0430\u0442\u043e\u043c. \u042d\u0442\u043e\u0442 \u043f\u0440\u043e\u0434\u0443\u043a\u0442, \u043f\u043e\u043b\u0443\u0447\u0430\u0435\u043c\u044b\u0439 \u043f\u0443\u0442\u0435\u043c \u0444\u0435\u0440\u043c\u0435\u043d\u0442\u0430\u0446\u0438\u0438 \u0447\u0435\u0441\u043d\u043e\u043a\u0430 \u0432 \u043a\u043e\u043d\u0442\u0440\u043e\u043b\u0438\u0440\u0443\u0435\u043c\u044b\u0445 \u0443\u0441\u043b\u043e\u0432\u0438\u044f\u0445, \u043e\u0442\u043b\u0438\u0447\u0430\u0435\u0442\u0441\u044f \u043f\u043e \u0441\u043e\u0434\u0435\u0440\u0436\u0430\u043d\u0438\u044e \u043a\u043e\u043c\u043f\u043e\u043d\u0435\u043d\u0442\u043e\u0432, \u043e\u0441\u043e\u0431\u0435\u043d\u043d\u043e S-\u0430\u043b\u043b\u0438\u043b\u0446\u0438\u0441\u0442\u0435\u0438\u043d\u0430 (SAC).<\/p><p>\u0427\u0435\u0440\u043d\u044b\u0439 \u0447\u0435\u0441\u043d\u043e\u043a \u043f\u043e\u043b\u0443\u0447\u0430\u044e\u0442, \u043f\u043e\u0434\u0432\u0435\u0440\u0433\u0430\u044f \u043a\u043b\u0430\u0441\u0441\u0438\u0447\u0435\u0441\u043a\u0438\u0439 \u0447\u0435\u0441\u043d\u043e\u043a \u0435\u0441\u0442\u0435\u0441\u0442\u0432\u0435\u043d\u043d\u043e\u043c\u0443 \u043f\u0440\u043e\u0446\u0435\u0441\u0441\u0443 \u0444\u0435\u0440\u043c\u0435\u043d\u0442\u0430\u0446\u0438\u0438, \u043a\u043e\u0442\u043e\u0440\u044b\u0439 \u0434\u043b\u0438\u0442\u0441\u044f \u043d\u0435\u0441\u043a\u043e\u043b\u044c\u043a\u043e \u043d\u0435\u0434\u0435\u043b\u044c \u043f\u0440\u0438 \u043e\u043f\u0440\u0435\u0434\u0435\u043b\u0435\u043d\u043d\u044b\u0445 \u0442\u0435\u043c\u043f\u0435\u0440\u0430\u0442\u0443\u0440\u0430\u0445 \u0438 \u0443\u0440\u043e\u0432\u043d\u0435 \u0432\u043b\u0430\u0436\u043d\u043e\u0441\u0442\u0438. \u042d\u0442\u043e\u0442 \u043f\u0440\u043e\u0446\u0435\u0441\u0441 \u043e\u0434\u043d\u043e\u0432\u0440\u0435\u043c\u0435\u043d\u043d\u043e \u0441\u043c\u044f\u0433\u0447\u0430\u0435\u0442 \u0437\u0430\u043f\u0430\u0445 \u0447\u0435\u0441\u043d\u043e\u043a\u0430 \u0438 \u043f\u0440\u0435\u043e\u0431\u0440\u0430\u0437\u0443\u0435\u0442 \u043d\u0435\u043a\u043e\u0442\u043e\u0440\u044b\u0435 \u0435\u0433\u043e \u0441\u043e\u0435\u0434\u0438\u043d\u0435\u043d\u0438\u044f. \u0412 \u0440\u0435\u0437\u0443\u043b\u044c\u0442\u0430\u0442\u0435 \u044d\u0442\u043e\u0439 \u0442\u0440\u0430\u043d\u0441\u0444\u043e\u0440\u043c\u0430\u0446\u0438\u0438 S-\u0430\u043b\u043b\u0438\u043b \u0446\u0438\u0441\u0442\u0435\u0438\u043d \u0432\u044b\u0434\u0435\u043b\u044f\u0435\u0442\u0441\u044f \u043a\u0430\u043a \u043e\u0434\u0438\u043d \u0438\u0437 \u0445\u0430\u0440\u0430\u043a\u0442\u0435\u0440\u043d\u044b\u0445 \u043a\u043e\u043c\u043f\u043e\u043d\u0435\u043d\u0442\u043e\u0432 \u044d\u0442\u043e\u0433\u043e \u043f\u0440\u043e\u0434\u0443\u043a\u0442\u0430.<\/p><p>\u041f\u043e\u0441\u043b\u0435 \u0444\u0435\u0440\u043c\u0435\u043d\u0442\u0430\u0446\u0438\u0438 \u0447\u0435\u0440\u043d\u044b\u0439 \u0447\u0435\u0441\u043d\u043e\u043a \u0441\u0443\u0448\u0430\u0442 \u043f\u0440\u0438 \u043d\u0438\u0437\u043a\u043e\u0439 \u0442\u0435\u043c\u043f\u0435\u0440\u0430\u0442\u0443\u0440\u0435, \u0430 \u0437\u0430\u0442\u0435\u043c \u0438\u0437\u043c\u0435\u043b\u044c\u0447\u0430\u044e\u0442 \u0432 \u043f\u043e\u0440\u043e\u0448\u043e\u043a \u0431\u0435\u0437 \u043a\u0430\u043a\u0438\u0445-\u043b\u0438\u0431\u043e \u0434\u043e\u0431\u0430\u0432\u043e\u043a. \u0411\u043b\u0430\u0433\u043e\u0434\u0430\u0440\u044f \u044d\u0442\u043e\u043c\u0443 \u043c\u0435\u0442\u043e\u0434\u0443 \u043f\u0440\u043e\u0434\u0443\u043a\u0442 \u043e\u0442\u043b\u0438\u0447\u0430\u0435\u0442\u0441\u044f \u043f\u0440\u0430\u043a\u0442\u0438\u0447\u0435\u0441\u043a\u043e\u0439 \u043f\u0440\u043e\u0441\u0442\u043e\u0442\u043e\u0439 \u0438\u0441\u043f\u043e\u043b\u044c\u0437\u043e\u0432\u0430\u043d\u0438\u044f \u0438 \u043f\u043e\u0437\u0432\u043e\u043b\u044f\u0435\u0442 \u043f\u0440\u0438\u043c\u0435\u043d\u044f\u0442\u044c \u0435\u0433\u043e \u0432 \u0440\u0430\u0437\u043b\u0438\u0447\u043d\u044b\u0445 \u043e\u0431\u043b\u0430\u0441\u0442\u044f\u0445 \u0431\u043b\u0430\u0433\u043e\u0434\u0430\u0440\u044f \u043d\u0430\u0441\u044b\u0449\u0435\u043d\u043d\u043e\u043c\u0443 \u0430\u0440\u043e\u043c\u0430\u0442\u0443 \u0438 \u0446\u0432\u0435\u0442\u0443.<\/p><ul><li>Antioksidan ihtiyac\u0131n\u0131n artt\u0131\u011f\u0131 d\u00f6nemlerde h\u00fccreleri oksidatif strese kar\u015f\u0131 korumaya<br \/>yard\u0131mc\u0131 olmak amac\u0131yla tercih edilebilir.<\/li><li>Antioksidan i\u00e7eri\u011fiyle h\u00fccresel d\u00fczeyde oksidatif stresle ba\u015fa \u00e7\u0131kmaya yard\u0131mc\u0131 olmak<br \/>amac\u0131yla g\u00fcnl\u00fck kullan\u0131ma uygundur.<\/li><\/ul><p><strong>\u0422\u0430\u0431\u043b\u0438\u0446\u0430 \u043f\u0438\u0442\u0430\u0442\u0435\u043b\u044c\u043d\u044b\u0445 \u0432\u0435\u0449\u0435\u0441\u0442\u0432:<\/strong><\/p><table><tbody><tr><td width=\"170\"><strong>\u0410\u043a\u0442\u0438\u0432\u043d\u044b\u0439 \u0438\u043d\u0433\u0440\u0435\u0434\u0438\u0435\u043d\u0442<\/strong><\/td><td width=\"95\"><strong>1 \u043a\u0430\u043f\u0441\u0443\u043b\u0430<\/strong><\/td><\/tr><tr><td width=\"170\"><strong>\u042d\u043a\u0441\u0442\u0440\u0430\u043a\u0442 \u0447\u0435\u0440\u043d\u043e\u0433\u043e \u0447\u0435\u0441\u043d\u043e\u043a\u0430<\/strong><\/td><td width=\"95\"><strong>200 \u043c\u0433<\/strong><\/td><\/tr><tr><td width=\"170\"><strong>\u041c\u0430\u0441\u043b\u043e \u043c\u044f\u0442\u044b \u043f\u0435\u0440\u0435\u0447\u043d\u043e\u0439<\/strong><\/td><td width=\"95\"><strong>8 \u043c\u0433<\/strong><\/td><\/tr><\/tbody><\/table><p><strong>\u0421\u043e\u0434\u0435\u0440\u0436\u0430\u043d\u0438\u0435:<\/strong><\/p><ul><li>\u042d\u043a\u0441\u0442\u0440\u0430\u043a\u0442 \u0447\u0435\u0440\u043d\u043e\u0433\u043e \u0447\u0435\u0441\u043d\u043e\u043a\u0430, \u0442\u0440\u0430\u0432\u044f\u043d\u0430\u044f \u043a\u0430\u043f\u0441\u0443\u043b\u0430, \u0441\u043e\u043f\u043e\u043b\u0438\u043c\u0435\u0440 \u043f\u043e\u043b\u0438\u0432\u0438\u043d\u0438\u043b\u043f\u0438\u0440\u0440\u043e\u043b\u0438\u0434\u043e\u043d\u0430 \u0438 \u0432\u0438\u043d\u0438\u043b\u0430\u0446\u0435\u0442\u0430\u0442\u0430, \u043c\u0438\u043a\u0440\u043e\u043a\u0440\u0438\u0441\u0442\u0430\u043b\u043b\u0438\u0447\u0435\u0441\u043a\u0430\u044f \u0446\u0435\u043b\u043b\u044e\u043b\u043e\u0437\u0430, \u043c\u0430\u0441\u043b\u043e \u043f\u0435\u0440\u0435\u0447\u043d\u043e\u0439 \u043c\u044f\u0442\u044b, \u0434\u0438\u043e\u043a\u0441\u0438\u0434 \u043a\u0440\u0435\u043c\u043d\u0438\u044f.<\/li><\/ul><p><strong>\u0418\u043d\u0441\u0442\u0440\u0443\u043a\u0446\u0438\u044f \u043f\u043e \u043f\u0440\u0438\u043c\u0435\u043d\u0435\u043d\u0438\u044e:<\/strong><\/p><ul><li>\u0412\u0437\u0440\u043e\u0441\u043b\u044b\u043c \u0432 \u0432\u043e\u0437\u0440\u0430\u0441\u0442\u0435 \u043e\u0442 11 \u043b\u0435\u0442 \u0438 \u0441\u0442\u0430\u0440\u0448\u0435 \u0440\u0435\u043a\u043e\u043c\u0435\u043d\u0434\u0443\u0435\u0442\u0441\u044f \u0443\u043f\u043e\u0442\u0440\u0435\u0431\u043b\u044f\u0442\u044c \u043f\u043e 1 \u043a\u0430\u043f\u0441\u0443\u043b\u0435.<\/li><li>\u041f\u043e\u0434\u0445\u043e\u0434\u0438\u0442 \u0434\u043b\u044f \u0432\u0435\u0433\u0430\u043d\u043e\u0432\/\u0432\u0435\u0433\u0435\u0442\u0430\u0440\u0438\u0430\u043d\u0446\u0435\u0432.<\/li><li><p>\u041f\u0440\u043e\u043a\u043e\u043d\u0441\u0443\u043b\u044c\u0442\u0438\u0440\u0443\u0439\u0442\u0435\u0441\u044c \u0441 \u0432\u0440\u0430\u0447\u043e\u043c \u0432\u043e \u0432\u0440\u0435\u043c\u044f \u0431\u0435\u0440\u0435\u043c\u0435\u043d\u043d\u043e\u0441\u0442\u0438 \u0438 \u043a\u043e\u0440\u043c\u043b\u0435\u043d\u0438\u044f \u0433\u0440\u0443\u0434\u044c\u044e, \u0430 \u0442\u0430\u043a\u0436\u0435 \u0432 \u0441\u043b\u0443\u0447\u0430\u0435 \u0431\u043e\u043b\u0435\u0437\u043d\u0438 \u0438\u043b\u0438 \u043f\u0440\u0438\u0435\u043c\u0430 \u043b\u0435\u043a\u0430\u0440\u0441\u0442\u0432.<\/p><\/li><\/ul><p><strong>\u0423\u0441\u043b\u043e\u0432\u0438\u044f \u0445\u0440\u0430\u043d\u0435\u043d\u0438\u044f:<\/strong><\/p><ul><li>\u0425\u0440\u0430\u043d\u0438\u0442\u044c \u0432 \u0441\u0443\u0445\u043e\u043c \u0438 \u043f\u0440\u043e\u0445\u043b\u0430\u0434\u043d\u043e\u043c \u043c\u0435\u0441\u0442\u0435 \u043f\u0440\u0438 \u0442\u0435\u043c\u043f\u0435\u0440\u0430\u0442\u0443\u0440\u0435 \u043d\u0438\u0436\u0435 25\u00b0C.<\/li><\/ul>\t\t\t\t\t\t\t\t<\/div>\n\t\t\t\t<\/div>\n\t\t\t\t\t<\/div>\n\t\t<\/div>\n\t\t\t\t\t<\/div>\n\t\t<\/section>\n\t\t\t\t<section class=\"elementor-section elementor-top-section elementor-element elementor-element-8762abc elementor-section-boxed elementor-section-height-default elementor-section-height-default\" data-id=\"8762abc\" data-element_type=\"section\">\n\t\t\t\t\t\t<div class=\"elementor-container elementor-column-gap-default\">\n\t\t\t\t\t<div class=\"elementor-column elementor-col-100 elementor-top-column elementor-element elementor-element-af4a95b\" data-id=\"af4a95b\" data-element_type=\"column\">\n\t\t\t<div class=\"elementor-widget-wrap elementor-element-populated\">\n\t\t\t\t\t\t<div class=\"elementor-element elementor-element-8bf2d34 elementor-widget elementor-widget-heading\" data-id=\"8bf2d34\" data-element_type=\"widget\" data-widget_type=\"heading.default\">\n\t\t\t\t<div class=\"elementor-widget-container\">\n\t\t\t\t\t<h2 class=\"elementor-heading-title elementor-size-default\">\u041f\u043e\u0445\u043e\u0436\u0438\u0435 \u043f\u043e\u0441\u0442\u044b<\/h2>\t\t\t\t<\/div>\n\t\t\t\t<\/div>\n\t\t\t\t<div class=\"elementor-element elementor-element-3fe4203 elementor-widget elementor-widget-ube-post-grid\" data-id=\"3fe4203\" data-element_type=\"widget\" data-widget_type=\"ube-post-grid.default\">\n\t\t\t\t<div class=\"elementor-widget-container\">\n\t\t\t\t\t\n\n<div id=\"ube-post-list-3fe4203\" class=\"ube-posts ube-post-grid ube-post-appender row\">\n\t<div class=\"ube-post-grid-item col-auto col-md-auto col-lg-4\">\n    <article class=\"card ube-post-item ube-post-grid-layout-01\">\n\t\t            <a class=\"ube-entry-post-thumb card-img-top\" href=\"https:\/\/qubtiva.com\/ru\/%d0%b2%d1%81%d0%b5%d1%81%d1%82%d0%be%d1%80%d0%be%d0%bd%d0%bd%d0%b8%d0%b9-%d0%bd%d0%b0%d1%83%d1%87%d0%bd%d1%8b%d0%b9-%d0%be%d0%b1%d0%b7%d0%be%d1%80-%d1%87%d0%b5%d1%80%d0%bd%d0%be%d0%b3%d0%be-%d1%87\/\"\n               style=\"background-image: url('https:\/\/qubtiva.com\/wp-content\/uploads\/2025\/07\/siyah-sarimsak-nasil-yapilir-18ad.webp');--ube-post-grid-ratio:75%;\">\n            <\/a>\n\t\t        <div class=\"card-body\">\n\t\t\t            <header class=\"ube-entry-header\">\n\t\t\t\t                    <h2 class=\"ube-entry-title card-title\">\n                        <a class=\"ube-post-link\" href=\"https:\/\/qubtiva.com\/ru\/%d0%b2%d1%81%d0%b5%d1%81%d1%82%d0%be%d1%80%d0%be%d0%bd%d0%bd%d0%b8%d0%b9-%d0%bd%d0%b0%d1%83%d1%87%d0%bd%d1%8b%d0%b9-%d0%be%d0%b1%d0%b7%d0%be%d1%80-%d1%87%d0%b5%d1%80%d0%bd%d0%be%d0%b3%d0%be-%d1%87\/\"\n                           title=\"\u0427\u0435\u0440\u043d\u044b\u0439 \u0447\u0435\u0441\u043d\u043e\u043a: \u0412\u0441\u0435\u0441\u0442\u043e\u0440\u043e\u043d\u043d\u0438\u0439 \u043d\u0430\u0443\u0447\u043d\u044b\u0439 \u043e\u0431\u0437\u043e\u0440\">\n\t\t\t\t\t\t\t\u0427\u0435\u0440\u043d\u044b\u0439 \u0447\u0435\u0441\u043d\u043e\u043a: \u0412\u0441\u0435\u0441\u0442\u043e\u0440\u043e\u043d\u043d\u0438\u0439 \u043d\u0430\u0443\u0447\u043d\u044b\u0439 \u043e\u0431\u0437\u043e\u0440                        <\/a>\n                    <\/h2>\n\t\t\t\t\t\t\t\t            <\/header>\n\t\t\t        <\/div>\n    <\/article>\n<\/div>\n\n\t\t\t<\/div>\n\n<div class=\"ube-post-list-paging\">\n\t<\/div>\n\t\t\t\t<\/div>\n\t\t\t\t<\/div>\n\t\t\t\t\t<\/div>\n\t\t<\/div>\n\t\t\t\t\t<\/div>\n\t\t<\/section>\n\t\t\t\t<\/div>","protected":false},"excerpt":{"rendered":"<p>\u042d\u0442\u043e\u0442 \u043d\u0430\u0442\u0443\u0440\u0430\u043b\u044c\u043d\u044b\u0439 \u043f\u0440\u043e\u0434\u0443\u043a\u0442 \u0438\u0437 \u0444\u0435\u0440\u043c\u0435\u043d\u0442\u0438\u0440\u043e\u0432\u0430\u043d\u043d\u043e\u0433\u043e \u0447\u0435\u0440\u043d\u043e\u0433\u043e \u0447\u0435\u0441\u043d\u043e\u043a\u0430 \u043e\u0442\u043b\u0438\u0447\u0430\u0435\u0442\u0441\u044f \u0441\u043e\u0434\u0435\u0440\u0436\u0430\u043d\u0438\u0435\u043c S-\u0430\u043b\u043b\u0438\u043b\u0446\u0438\u0441\u0442\u0435\u0438\u043d\u0430 \u0438 \u0438\u043d\u0442\u0435\u043d\u0441\u0438\u0432\u043d\u044b\u043c \u0430\u0440\u043e\u043c\u0430\u0442\u043e\u043c.<\/p>","protected":false},"featured_media":9034,"comment_status":"open","ping_status":"closed","template":"","meta":[],"product_brand":[],"product_cat":[100],"product_tag":[],"class_list":{"0":"post-5422","1":"product","2":"type-product","3":"status-publish","4":"has-post-thumbnail","6":"product_cat-bitkisel-destekler","8":"first","9":"instock","10":"shipping-taxable","11":"purchasable","12":"product-type-simple"},"_links":{"self":[{"href":"https:\/\/qubtiva.com\/ru\/wp-json\/wp\/v2\/product\/5422","targetHints":{"allow":["GET"]}}],"collection":[{"href":"https:\/\/qubtiva.com\/ru\/wp-json\/wp\/v2\/product"}],"about":[{"href":"https:\/\/qubtiva.com\/ru\/wp-json\/wp\/v2\/types\/product"}],"replies":[{"embeddable":true,"href":"https:\/\/qubtiva.com\/ru\/wp-json\/wp\/v2\/comments?post=5422"}],"version-history":[{"count":18,"href":"https:\/\/qubtiva.com\/ru\/wp-json\/wp\/v2\/product\/5422\/revisions"}],"predecessor-version":[{"id":9314,"href":"https:\/\/qubtiva.com\/ru\/wp-json\/wp\/v2\/product\/5422\/revisions\/9314"}],"wp:featuredmedia":[{"embeddable":true,"href":"https:\/\/qubtiva.com\/ru\/wp-json\/wp\/v2\/media\/9034"}],"wp:attachment":[{"href":"https:\/\/qubtiva.com\/ru\/wp-json\/wp\/v2\/media?parent=5422"}],"wp:term":[{"taxonomy":"product_brand","embeddable":true,"href":"https:\/\/qubtiva.com\/ru\/wp-json\/wp\/v2\/product_brand?post=5422"},{"taxonomy":"product_cat","embeddable":true,"href":"https:\/\/qubtiva.com\/ru\/wp-json\/wp\/v2\/product_cat?post=5422"},{"taxonomy":"product_tag","embeddable":true,"href":"https:\/\/qubtiva.com\/ru\/wp-json\/wp\/v2\/product_tag?post=5422"}],"curies":[{"name":"wp","href":"https:\/\/api.w.org\/{rel}","templated":true}]}}