{"id":5430,"date":"2025-05-05T13:15:20","date_gmt":"2025-05-05T10:15:20","guid":{"rendered":"https:\/\/qubtiva.com\/?post_type=product&#038;p=5430"},"modified":"2026-02-19T14:46:53","modified_gmt":"2026-02-19T11:46:53","slug":"%d0%bc%d0%b0%d1%82%d0%be%d1%87%d0%bd%d0%be%d0%b5-%d0%bc%d0%be%d0%bb%d0%be%d1%87%d0%ba%d0%be-%d0%be%d0%b4%d1%82-%d0%bb%d0%b8%d0%be%d1%84%d0%b8%d0%bb%d0%b8%d0%b7%d0%b8%d1%80%d0%be%d0%b2%d0%b0%d0%bd","status":"publish","type":"product","link":"https:\/\/qubtiva.com\/ru\/product\/%d0%bc%d0%b0%d1%82%d0%be%d1%87%d0%bd%d0%be%d0%b5-%d0%bc%d0%be%d0%bb%d0%be%d1%87%d0%ba%d0%be-%d0%be%d0%b4%d1%82-%d0%bb%d0%b8%d0%be%d1%84%d0%b8%d0%bb%d0%b8%d0%b7%d0%b8%d1%80%d0%be%d0%b2%d0%b0%d0%bd\/","title":{"rendered":"\u041a\u043e\u0440\u043e\u043b\u0435\u0432\u0441\u043a\u043e\u0435 \u0436\u0435\u043b\u0435 \u041e\u0414\u0422 - \u043b\u0438\u043e\u0444\u0438\u043b\u0438\u0437\u0438\u0440\u043e\u0432\u0430\u043d\u043d\u043e\u0435 \u043a\u043e\u0440\u043e\u043b\u0435\u0432\u0441\u043a\u043e\u0435 \u0436\u0435\u043b\u0435"},"content":{"rendered":"<div data-elementor-type=\"wp-post\" data-elementor-id=\"5430\" class=\"elementor elementor-5430\">\n\t\t\t\t\t\t<section class=\"elementor-section elementor-top-section elementor-element elementor-element-6961aeb4 elementor-section-boxed elementor-section-height-default elementor-section-height-default\" data-id=\"6961aeb4\" data-element_type=\"section\">\n\t\t\t\t\t\t<div class=\"elementor-container elementor-column-gap-default\">\n\t\t\t\t\t<div class=\"elementor-column elementor-col-100 elementor-top-column elementor-element elementor-element-4f2b7a51\" data-id=\"4f2b7a51\" data-element_type=\"column\">\n\t\t\t<div class=\"elementor-widget-wrap elementor-element-populated\">\n\t\t\t\t\t\t<div class=\"elementor-element elementor-element-24a28724 elementor-widget elementor-widget-text-editor\" data-id=\"24a28724\" data-element_type=\"widget\" data-widget_type=\"text-editor.default\">\n\t\t\t\t<div class=\"elementor-widget-container\">\n\t\t\t\t\t\t\t\t\t<p>\u041c\u0430\u0442\u043e\u0447\u043d\u043e\u0435 \u043c\u043e\u043b\u043e\u0447\u043a\u043e - \u043e\u0434\u0438\u043d \u0438\u0437 \u0441\u0430\u043c\u044b\u0445 \u0446\u0435\u043d\u043d\u044b\u0445 \u043f\u0440\u043e\u0434\u0443\u043a\u0442\u043e\u0432 \u043f\u0447\u0435\u043b\u0438\u043d\u044b\u0445 \u043a\u043e\u043b\u043e\u043d\u0438\u0439. \u042d\u0442\u043e\u0442 \u043e\u0441\u043e\u0431\u044b\u0439 \u0441\u0435\u043a\u0440\u0435\u0442, \u0432\u044b\u0440\u0430\u0431\u0430\u0442\u044b\u0432\u0430\u0435\u043c\u044b\u0439 \u0440\u0430\u0431\u043e\u0447\u0438\u043c\u0438 \u043f\u0447\u0435\u043b\u0430\u043c\u0438 \u0434\u043b\u044f \u043f\u0438\u0442\u0430\u043d\u0438\u044f \u043f\u0447\u0435\u043b\u0438\u043d\u043e\u0439 \u043c\u0430\u0442\u043a\u0438, \u043e\u0442\u043b\u0438\u0447\u0430\u0435\u0442\u0441\u044f \u0431\u043e\u0433\u0430\u0442\u044b\u043c \u0441\u043e\u0434\u0435\u0440\u0436\u0430\u043d\u0438\u0435\u043c. \u0421\u043e\u0434\u0435\u0440\u0436\u0438\u0442 \u043c\u0430\u0442\u043e\u0447\u043d\u043e\u0435 \u043c\u043e\u043b\u043e\u0447\u043a\u043e. \u0427\u0442\u043e\u0431\u044b \u0441\u043e\u0445\u0440\u0430\u043d\u0438\u0442\u044c \u0435\u0433\u043e \u0441\u0432\u0435\u0436\u0435\u0441\u0442\u044c \u0438 \u043f\u0438\u0442\u0430\u0442\u0435\u043b\u044c\u043d\u0443\u044e \u0446\u0435\u043d\u043d\u043e\u0441\u0442\u044c, \u043e\u043d\u043e \u043e\u0431\u0440\u0430\u0431\u0430\u0442\u044b\u0432\u0430\u0435\u0442\u0441\u044f \u0441 \u043f\u043e\u043c\u043e\u0449\u044c\u044e \u0441\u043e\u0432\u0440\u0435\u043c\u0435\u043d\u043d\u043e\u0439 \u0442\u0435\u0445\u043d\u043e\u043b\u043e\u0433\u0438\u0438 \u043b\u0438\u043e\u0444\u0438\u043b\u0438\u0437\u0430\u0446\u0438\u0438 (\u0441\u0443\u0431\u043b\u0438\u043c\u0430\u0446\u0438\u043e\u043d\u043d\u043e\u0439 \u0441\u0443\u0448\u043a\u0438). \u0422\u0430\u043a\u0438\u043c \u043e\u0431\u0440\u0430\u0437\u043e\u043c, \u043c\u0430\u0442\u043e\u0447\u043d\u043e\u0435 \u043c\u043e\u043b\u043e\u0447\u043a\u043e \u0441\u043e\u0445\u0440\u0430\u043d\u044f\u0435\u0442\u0441\u044f \u0432 \u043d\u0430\u0438\u0431\u043e\u043b\u0435\u0435 \u0431\u043b\u0438\u0437\u043a\u043e\u0439 \u043a \u043d\u0430\u0442\u0443\u0440\u0430\u043b\u044c\u043d\u043e\u0439 \u0441\u0442\u0440\u0443\u043a\u0442\u0443\u0440\u0435 \u0431\u0435\u0437 \u0442\u0435\u0440\u043c\u0438\u0447\u0435\u0441\u043a\u043e\u0439 \u043e\u0431\u0440\u0430\u0431\u043e\u0442\u043a\u0438.<\/p><p>\u0411\u043b\u0430\u0433\u043e\u0434\u0430\u0440\u044f \u0441\u043e\u0434\u0435\u0440\u0436\u0430\u043d\u0438\u044e \u0431\u0435\u043b\u043a\u0430 \u043e\u043d \u0441\u043f\u043e\u0441\u043e\u0431\u0441\u0442\u0432\u0443\u0435\u0442 \u043f\u043e\u0434\u0434\u0435\u0440\u0436\u0430\u043d\u0438\u044e \u043d\u043e\u0440\u043c\u0430\u043b\u044c\u043d\u043e\u0433\u043e \u0441\u043e\u0441\u0442\u043e\u044f\u043d\u0438\u044f \u043a\u043e\u0441\u0442\u0435\u0439. \u042d\u0442\u043e\u0442 \u044d\u0444\u0444\u0435\u043a\u0442 \u0434\u043e\u0441\u0442\u0438\u0433\u0430\u0435\u0442\u0441\u044f \u0431\u043b\u0430\u0433\u043e\u0434\u0430\u0440\u044f \u0440\u0430\u0437\u043d\u043e\u043e\u0431\u0440\u0430\u0437\u043d\u043e\u043c\u0443 \u0438 \u0441\u0431\u0430\u043b\u0430\u043d\u0441\u0438\u0440\u043e\u0432\u0430\u043d\u043d\u043e\u043c\u0443 \u043f\u0438\u0442\u0430\u043d\u0438\u044e \u0438 \u0434\u043e\u0441\u0442\u0430\u0442\u043e\u0447\u043d\u043e\u043c\u0443 \u043f\u043e\u0442\u0440\u0435\u0431\u043b\u0435\u043d\u0438\u044e \u0431\u0435\u043b\u043a\u0430 \u0432 \u0440\u0430\u043c\u043a\u0430\u0445 \u0437\u0434\u043e\u0440\u043e\u0432\u043e\u0433\u043e \u043e\u0431\u0440\u0430\u0437\u0430 \u0436\u0438\u0437\u043d\u0438.<\/p><p>\u041b\u0438\u043e\u0444\u0438\u043b\u0438\u0437\u0438\u0440\u043e\u0432\u0430\u043d\u043d\u043e\u0435 \u043c\u0430\u0442\u043e\u0447\u043d\u043e\u0435 \u043c\u043e\u043b\u043e\u0447\u043a\u043e \u043f\u0440\u0435\u0432\u0440\u0430\u0449\u0430\u0435\u0442\u0441\u044f \u0432 \u043f\u0440\u0430\u043a\u0442\u0438\u0447\u043d\u0443\u044e \u0444\u043e\u0440\u043c\u0443 \u0441 \u0434\u043b\u0438\u0442\u0435\u043b\u044c\u043d\u044b\u043c \u0441\u0440\u043e\u043a\u043e\u043c \u0445\u0440\u0430\u043d\u0435\u043d\u0438\u044f, \u0441\u043e\u0445\u0440\u0430\u043d\u044f\u044f \u043f\u0440\u0438 \u044d\u0442\u043e\u043c \u0430\u043a\u0442\u0438\u0432\u043d\u044b\u0435 \u0438\u043d\u0433\u0440\u0435\u0434\u0438\u0435\u043d\u0442\u044b \u0438 \u043f\u0435\u0440\u0432\u043e\u043d\u0430\u0447\u0430\u043b\u044c\u043d\u0443\u044e \u0441\u0442\u0440\u0443\u043a\u0442\u0443\u0440\u0443. \u041e\u043d\u043e \u043d\u0435 \u0441\u043e\u0434\u0435\u0440\u0436\u0438\u0442 \u0434\u043e\u0431\u0430\u0432\u043e\u043a, \u043a\u043e\u043d\u0441\u0435\u0440\u0432\u0430\u043d\u0442\u043e\u0432 \u0438 \u0438\u0441\u043a\u0443\u0441\u0441\u0442\u0432\u0435\u043d\u043d\u044b\u0445 \u0438\u043d\u0433\u0440\u0435\u0434\u0438\u0435\u043d\u0442\u043e\u0432. \u042d\u0442\u043e \u0438\u0434\u0435\u0430\u043b\u044c\u043d\u044b\u0439 \u0432\u044b\u0431\u043e\u0440 \u0434\u043b\u044f \u0442\u0435\u0445, \u043a\u0442\u043e \u0438\u0449\u0435\u0442 \u0447\u0438\u0441\u0442\u0443\u044e \u0438 \u043d\u0430\u0442\u0443\u0440\u0430\u043b\u044c\u043d\u0443\u044e \u0430\u043b\u044c\u0442\u0435\u0440\u043d\u0430\u0442\u0438\u0432\u0443. \u041e\u0431\u0435\u0441\u043f\u0435\u0447\u0438\u0432\u0430\u0435\u0442 \u0431\u044b\u0441\u0442\u0440\u043e\u0435 \u0443\u0441\u0432\u043e\u0435\u043d\u0438\u0435 \u0431\u043b\u0430\u0433\u043e\u0434\u0430\u0440\u044f \u043b\u0435\u0433\u043a\u043e \u0440\u0430\u0441\u0442\u0432\u043e\u0440\u0438\u043c\u043e\u0439 \u0432\u043e \u0440\u0442\u0443 \u0444\u043e\u0440\u043c\u0435.<\/p><p>\u0411\u043b\u0430\u0433\u043e\u0434\u0430\u0440\u044f \u0434\u0438\u0441\u043f\u0435\u0440\u0433\u0438\u0440\u0443\u0435\u043c\u043e\u0439 \u0432\u043e \u0440\u0442\u0443 \u0444\u043e\u0440\u043c\u0443\u043b\u0435 \u043e\u043d \u0431\u044b\u0441\u0442\u0440\u043e \u0440\u0430\u0441\u0442\u0432\u043e\u0440\u044f\u0435\u0442\u0441\u044f \u0438 \u0432\u0441\u0430\u0441\u044b\u0432\u0430\u0435\u0442\u0441\u044f.<\/p><ul><li>Yo\u011fun ya\u015fam temposunda genel v\u00fccut direncinin ve canl\u0131l\u0131k hissinin desteklenmesine<br \/>yard\u0131mc\u0131 olmak amac\u0131yla geli\u015ftirilmi\u015ftir.<\/li><li>Artan fiziksel ve zihinsel yo\u011funluk d\u00f6nemlerinde genel canl\u0131l\u0131k hissinin ve besinsel<br \/>deste\u011fin sa\u011flanmas\u0131na yard\u0131mc\u0131 olur.<\/li><\/ul><p><strong>\u0422\u0430\u0431\u043b\u0438\u0446\u0430 \u043f\u0438\u0442\u0430\u0442\u0435\u043b\u044c\u043d\u044b\u0445 \u0432\u0435\u0449\u0435\u0441\u0442\u0432:<\/strong><\/p><table width=\"205\"><tbody><tr><td><strong>\u0410\u043a\u0442\u0438\u0432\u043d\u044b\u0439 \u0438\u043d\u0433\u0440\u0435\u0434\u0438\u0435\u043d\u0442<\/strong><\/td><td><strong>\u041a\u043e\u043b\u0438\u0447\u0435\u0441\u0442\u0432\u043e (1 \u0442\u0430\u0431\u043b\u0435\u0442\u043a\u0430)<\/strong><\/td><\/tr><tr><td><strong>\u041a\u043e\u0440\u043e\u043b\u0435\u0432\u0441\u043a\u043e\u0435 \u0436\u0435\u043b\u0435<\/strong><\/td><td><strong>25 \u043c\u0433<\/strong><\/td><\/tr><\/tbody><\/table><p><strong>\u0421\u043e\u0434\u0435\u0440\u0436\u0430\u043d\u0438\u0435:<\/strong><\/p><ul><li>\u041c\u0430\u043d\u043d\u0438\u0442\u043e\u043b, \u043c\u0438\u043a\u0440\u043e\u043a\u0440\u0438\u0441\u0442\u0430\u043b\u043b\u0438\u0447\u0435\u0441\u043a\u0430\u044f \u0446\u0435\u043b\u043b\u044e\u043b\u043e\u0437\u0430, \u043b\u0438\u043e\u0444\u0438\u043b\u0438\u0437\u0438\u0440\u043e\u0432\u0430\u043d\u043d\u043e\u0435 \u043a\u043e\u0440\u043e\u043b\u0435\u0432\u0441\u043a\u043e\u0435 \u0436\u0435\u043b\u0435, \u0440\u0438\u0441\u043e\u0432\u044b\u0439 \u043a\u0440\u0430\u0445\u043c\u0430\u043b, \u0430\u0440\u043e\u043c\u0430\u0442\u0438\u0437\u0430\u0442\u043e\u0440 \u0430\u043f\u0435\u043b\u044c\u0441\u0438\u043d\u0430 \u0438 \u043b\u0438\u043c\u043e\u043d\u0430, \u043c\u0430\u0433\u043d\u0438\u0435\u0432\u044b\u0435 \u0441\u043e\u043b\u0438 \u0436\u0438\u0440\u043d\u044b\u0445 \u043a\u0438\u0441\u043b\u043e\u0442<\/li><\/ul><p><strong>\u0418\u043d\u0441\u0442\u0440\u0443\u043a\u0446\u0438\u044f \u043f\u043e \u043f\u0440\u0438\u043c\u0435\u043d\u0435\u043d\u0438\u044e:<\/strong><\/p><ul><li>\u0420\u0435\u043a\u043e\u043c\u0435\u043d\u0434\u0443\u0435\u0442\u0441\u044f \u043f\u0440\u0438\u043d\u0438\u043c\u0430\u0442\u044c \u043f\u043e 1 \u043f\u0435\u0440\u043e\u0440\u0430\u043b\u044c\u043d\u043e\u0439 \u0434\u0435\u0437\u0438\u043d\u0442\u0435\u0433\u0440\u0438\u0440\u0443\u0435\u043c\u043e\u0439 \u0442\u0430\u0431\u043b\u0435\u0442\u043a\u0435 \u0432 \u0434\u0435\u043d\u044c.<\/li><li>\u041f\u043e\u0434\u0445\u043e\u0434\u0438\u0442 \u0434\u043b\u044f \u0438\u0441\u043f\u043e\u043b\u044c\u0437\u043e\u0432\u0430\u043d\u0438\u044f \u0432\u0437\u0440\u043e\u0441\u043b\u044b\u043c\u0438 \u0432 \u0432\u043e\u0437\u0440\u0430\u0441\u0442\u0435 \u043e\u0442 11 \u043b\u0435\u0442 \u0438 \u0441\u0442\u0430\u0440\u0448\u0435.  \u041d\u0435 \u0441\u043b\u0435\u0434\u0443\u0435\u0442 \u0438\u0441\u043f\u043e\u043b\u044c\u0437\u043e\u0432\u0430\u0442\u044c \u043b\u0438\u0446\u0430\u043c, \u0441\u0442\u0440\u0430\u0434\u0430\u044e\u0449\u0438\u043c \u0430\u043b\u043b\u0435\u0440\u0433\u0438\u0435\u0439 \u043d\u0430 \u043f\u0440\u043e\u0434\u0443\u043a\u0442\u044b \u043f\u0447\u0435\u043b\u043e\u0432\u043e\u0434\u0441\u0442\u0432\u0430.<\/li><\/ul><p><strong>\u0423\u0441\u043b\u043e\u0432\u0438\u044f \u0445\u0440\u0430\u043d\u0435\u043d\u0438\u044f:<\/strong><\/p><ul><li>\u0425\u0440\u0430\u043d\u0438\u0442\u044c \u0432 \u0441\u0443\u0445\u043e\u043c \u0438 \u043f\u0440\u043e\u0445\u043b\u0430\u0434\u043d\u043e\u043c \u043c\u0435\u0441\u0442\u0435 \u043f\u0440\u0438 \u0442\u0435\u043c\u043f\u0435\u0440\u0430\u0442\u0443\u0440\u0435 \u043d\u0438\u0436\u0435 25\u00b0C.<\/li><\/ul>\t\t\t\t\t\t\t\t<\/div>\n\t\t\t\t<\/div>\n\t\t\t\t\t<\/div>\n\t\t<\/div>\n\t\t\t\t\t<\/div>\n\t\t<\/section>\n\t\t\t\t<section class=\"elementor-section elementor-top-section elementor-element elementor-element-7c3d612 elementor-section-full_width elementor-section-stretched elementor-section-height-default elementor-section-height-default\" data-id=\"7c3d612\" data-element_type=\"section\" data-settings=\"{&quot;stretch_section&quot;:&quot;section-stretched&quot;}\">\n\t\t\t\t\t\t<div class=\"elementor-container elementor-column-gap-default\">\n\t\t\t\t\t<div class=\"elementor-column elementor-col-100 elementor-top-column elementor-element elementor-element-4054761\" data-id=\"4054761\" data-element_type=\"column\">\n\t\t\t<div class=\"elementor-widget-wrap elementor-element-populated\">\n\t\t\t\t\t\t<div class=\"elementor-element elementor-element-3df8020 elementor-widget elementor-widget-ube-divider\" data-id=\"3df8020\" data-element_type=\"widget\" data-widget_type=\"ube-divider.default\">\n\t\t\t\t<div class=\"elementor-widget-container\">\n\t\t\t\t\t<div class=\"ube-divider ube-divider-style-solid\">\n\t<div class=\"ube-divider-separator\">\n\t\t\t<\/div>\n<\/div>\n\t\t\t\t<\/div>\n\t\t\t\t<\/div>\n\t\t\t\t<div class=\"elementor-element elementor-element-f3bcc51 elementor-widget elementor-widget-spacer\" data-id=\"f3bcc51\" data-element_type=\"widget\" data-widget_type=\"spacer.default\">\n\t\t\t\t<div class=\"elementor-widget-container\">\n\t\t\t\t\t\t\t<div class=\"elementor-spacer\">\n\t\t\t<div class=\"elementor-spacer-inner\"><\/div>\n\t\t<\/div>\n\t\t\t\t\t\t<\/div>\n\t\t\t\t<\/div>\n\t\t\t\t\t<\/div>\n\t\t<\/div>\n\t\t\t\t\t<\/div>\n\t\t<\/section>\n\t\t\t\t<section class=\"elementor-section elementor-top-section elementor-element elementor-element-56b100d elementor-section-boxed elementor-section-height-default elementor-section-height-default\" data-id=\"56b100d\" data-element_type=\"section\">\n\t\t\t\t\t\t<div class=\"elementor-container elementor-column-gap-default\">\n\t\t\t\t\t<div class=\"elementor-column elementor-col-100 elementor-top-column elementor-element elementor-element-bbe5c24\" data-id=\"bbe5c24\" data-element_type=\"column\">\n\t\t\t<div class=\"elementor-widget-wrap elementor-element-populated\">\n\t\t\t\t\t\t<div class=\"elementor-element elementor-element-be431ca elementor-widget elementor-widget-heading\" data-id=\"be431ca\" data-element_type=\"widget\" data-widget_type=\"heading.default\">\n\t\t\t\t<div class=\"elementor-widget-container\">\n\t\t\t\t\t<h2 class=\"elementor-heading-title elementor-size-default\">\u041f\u043e\u0445\u043e\u0436\u0438\u0435 \u043f\u043e\u0441\u0442\u044b<\/h2>\t\t\t\t<\/div>\n\t\t\t\t<\/div>\n\t\t\t\t<div class=\"elementor-element elementor-element-796f22f elementor-widget elementor-widget-ube-post-grid\" data-id=\"796f22f\" data-element_type=\"widget\" data-widget_type=\"ube-post-grid.default\">\n\t\t\t\t<div class=\"elementor-widget-container\">\n\t\t\t\t\t\n\n<div id=\"ube-post-list-796f22f\" class=\"ube-posts ube-post-grid ube-post-appender row\">\n\t<div class=\"ube-post-grid-item col-auto col-md-auto col-lg-4\">\n    <article class=\"card ube-post-item ube-post-grid-layout-01\">\n\t\t            <a class=\"ube-entry-post-thumb card-img-top\" href=\"https:\/\/qubtiva.com\/ru\/%d0%ba%d0%b0%d0%ba-%d0%bc%d0%b0%d1%82%d0%be%d1%87%d0%bd%d0%be%d0%b5-%d0%bc%d0%be%d0%bb%d0%be%d1%87%d0%ba%d0%be-%d0%bc%d0%b5%d0%bd%d1%8f%d0%b5%d1%82-%d0%b2%d0%b0%d1%88%d0%b5-%d1%82%d0%b5%d0%bb%d0%be\/\"\n               style=\"background-image: url('https:\/\/qubtiva.com\/wp-content\/uploads\/2025\/05\/royaljelly.jpg');--ube-post-grid-ratio:75%;\">\n            <\/a>\n\t\t        <div class=\"card-body\">\n\t\t\t            <header class=\"ube-entry-header\">\n\t\t\t\t                    <h2 class=\"ube-entry-title card-title\">\n                        <a class=\"ube-post-link\" href=\"https:\/\/qubtiva.com\/ru\/%d0%ba%d0%b0%d0%ba-%d0%bc%d0%b0%d1%82%d0%be%d1%87%d0%bd%d0%be%d0%b5-%d0%bc%d0%be%d0%bb%d0%be%d1%87%d0%ba%d0%be-%d0%bc%d0%b5%d0%bd%d1%8f%d0%b5%d1%82-%d0%b2%d0%b0%d1%88%d0%b5-%d1%82%d0%b5%d0%bb%d0%be\/\"\n                           title=\"\u041a\u0430\u043a \u043a\u043e\u0440\u043e\u043b\u0435\u0432\u0441\u043a\u043e\u0435 \u0436\u0435\u043b\u0435 \u043c\u0435\u043d\u044f\u0435\u0442 \u0432\u0430\u0448\u0435 \u0442\u0435\u043b\u043e?\">\n\t\t\t\t\t\t\t\u041a\u0430\u043a \u043a\u043e\u0440\u043e\u043b\u0435\u0432\u0441\u043a\u043e\u0435 \u0436\u0435\u043b\u0435 \u043c\u0435\u043d\u044f\u0435\u0442 \u0432\u0430\u0448\u0435 \u0442\u0435\u043b\u043e?                        <\/a>\n                    <\/h2>\n\t\t\t\t\t\t\t\t            <\/header>\n\t\t\t        <\/div>\n    <\/article>\n<\/div>\n\n\t\t\t<\/div>\n\n<div class=\"ube-post-list-paging\">\n\t<\/div>\n\t\t\t\t<\/div>\n\t\t\t\t<\/div>\n\t\t\t\t\t<\/div>\n\t\t<\/div>\n\t\t\t\t\t<\/div>\n\t\t<\/section>\n\t\t\t\t<\/div>","protected":false},"excerpt":{"rendered":"<p>\u0421\u0443\u0431\u043b\u0438\u043c\u0438\u0440\u043e\u0432\u0430\u043d\u043d\u043e\u0435 \u043c\u0430\u0442\u043e\u0447\u043d\u043e\u0435 \u043c\u043e\u043b\u043e\u0447\u043a\u043e - \u044d\u0442\u043e \u0447\u0438\u0441\u0442\u044b\u0439 \u0438 \u043d\u0430\u0442\u0443\u0440\u0430\u043b\u044c\u043d\u044b\u0439 \u043f\u0447\u0435\u043b\u0438\u043d\u044b\u0439 \u043f\u0440\u043e\u0434\u0443\u043a\u0442 \u0431\u0435\u0437 \u0434\u043e\u0431\u0430\u0432\u043e\u043a, \u0441\u043e\u0434\u0435\u0440\u0436\u0430\u043d\u0438\u0435 \u043a\u043e\u0442\u043e\u0440\u043e\u0433\u043e \u0441\u043e\u0445\u0440\u0430\u043d\u044f\u0435\u0442\u0441\u044f \u0432 \u043d\u0435\u0438\u0437\u043c\u0435\u043d\u043d\u043e\u043c \u0432\u0438\u0434\u0435. \u0411\u043b\u0430\u0433\u043e\u0434\u0430\u0440\u044f \u0441\u043e\u0434\u0435\u0440\u0436\u0430\u043d\u0438\u044e \u0431\u0435\u043b\u043a\u0430 \u043e\u043d\u043e \u0441\u043f\u043e\u0441\u043e\u0431\u0441\u0442\u0432\u0443\u0435\u0442 \u043f\u043e\u0434\u0434\u0435\u0440\u0436\u0430\u043d\u0438\u044e \u043d\u043e\u0440\u043c\u0430\u043b\u044c\u043d\u043e\u0433\u043e \u0441\u043e\u0441\u0442\u043e\u044f\u043d\u0438\u044f \u043a\u043e\u0441\u0442\u0435\u0439.<\/p>","protected":false},"featured_media":9023,"comment_status":"open","ping_status":"closed","template":"","meta":[],"product_brand":[],"product_cat":[159],"product_tag":[],"class_list":{"0":"post-5430","1":"product","2":"type-product","3":"status-publish","4":"has-post-thumbnail","6":"product_cat-apiterapi-ari-urunleri","8":"first","9":"instock","10":"shipping-taxable","11":"purchasable","12":"product-type-simple"},"_links":{"self":[{"href":"https:\/\/qubtiva.com\/ru\/wp-json\/wp\/v2\/product\/5430","targetHints":{"allow":["GET"]}}],"collection":[{"href":"https:\/\/qubtiva.com\/ru\/wp-json\/wp\/v2\/product"}],"about":[{"href":"https:\/\/qubtiva.com\/ru\/wp-json\/wp\/v2\/types\/product"}],"replies":[{"embeddable":true,"href":"https:\/\/qubtiva.com\/ru\/wp-json\/wp\/v2\/comments?post=5430"}],"version-history":[{"count":18,"href":"https:\/\/qubtiva.com\/ru\/wp-json\/wp\/v2\/product\/5430\/revisions"}],"predecessor-version":[{"id":9323,"href":"https:\/\/qubtiva.com\/ru\/wp-json\/wp\/v2\/product\/5430\/revisions\/9323"}],"wp:featuredmedia":[{"embeddable":true,"href":"https:\/\/qubtiva.com\/ru\/wp-json\/wp\/v2\/media\/9023"}],"wp:attachment":[{"href":"https:\/\/qubtiva.com\/ru\/wp-json\/wp\/v2\/media?parent=5430"}],"wp:term":[{"taxonomy":"product_brand","embeddable":true,"href":"https:\/\/qubtiva.com\/ru\/wp-json\/wp\/v2\/product_brand?post=5430"},{"taxonomy":"product_cat","embeddable":true,"href":"https:\/\/qubtiva.com\/ru\/wp-json\/wp\/v2\/product_cat?post=5430"},{"taxonomy":"product_tag","embeddable":true,"href":"https:\/\/qubtiva.com\/ru\/wp-json\/wp\/v2\/product_tag?post=5430"}],"curies":[{"name":"wp","href":"https:\/\/api.w.org\/{rel}","templated":true}]}}