{"id":5436,"date":"2025-05-05T13:23:16","date_gmt":"2025-05-05T10:23:16","guid":{"rendered":"https:\/\/qubtiva.com\/?post_type=product&#038;p=5436"},"modified":"2026-05-09T11:50:35","modified_gmt":"2026-05-09T08:50:35","slug":"%d0%b1%d0%b5%d1%80%d0%b1%d0%b5%d1%80%d0%b8%d1%81-%d0%b2%d1%83%d0%bb%d1%8c%d0%b3%d0%b0%d1%80%d0%b8%d1%81","status":"publish","type":"product","link":"https:\/\/qubtiva.com\/ru\/product\/%d0%b1%d0%b5%d1%80%d0%b1%d0%b5%d1%80%d0%b8%d1%81-%d0%b2%d1%83%d0%bb%d1%8c%d0%b3%d0%b0%d1%80%d0%b8%d1%81\/","title":{"rendered":"Berberis Vulgaris"},"content":{"rendered":"<div data-elementor-type=\"wp-post\" data-elementor-id=\"5436\" class=\"elementor elementor-5436\">\n\t\t\t\t\t\t<section class=\"elementor-section elementor-top-section elementor-element elementor-element-3d092090 elementor-section-boxed elementor-section-height-default elementor-section-height-default\" data-id=\"3d092090\" data-element_type=\"section\">\n\t\t\t\t\t\t<div class=\"elementor-container elementor-column-gap-default\">\n\t\t\t\t\t<div class=\"elementor-column elementor-col-100 elementor-top-column elementor-element elementor-element-698adb42\" data-id=\"698adb42\" data-element_type=\"column\">\n\t\t\t<div class=\"elementor-widget-wrap elementor-element-populated\">\n\t\t\t\t\t\t<div class=\"elementor-element elementor-element-355c5dce elementor-widget elementor-widget-text-editor\" data-id=\"355c5dce\" data-element_type=\"widget\" data-widget_type=\"text-editor.default\">\n\t\t\t\t<div class=\"elementor-widget-container\">\n\t\t\t\t\t\t\t\t\t<p data-start=\"1290\" data-end=\"1344\"><strong data-start=\"1290\" data-end=\"1344\">\u042d\u043a\u0441\u0442\u0440\u0430\u043a\u0442 Berberis Vulgaris (\u043f\u043b\u043e\u0434\u044b \u0441\u043e\u043b\u044f\u043d\u043a\u0438 \u0436\u0435\u043d\u0441\u043a\u043e\u0439)<\/strong><\/p><p>Berberis vulgaris - \u0440\u0430\u0441\u0442\u0435\u043d\u0438\u0435, \u043a\u043e\u0442\u043e\u0440\u043e\u0435 \u0438\u0441\u043f\u043e\u043b\u044c\u0437\u0443\u0435\u0442\u0441\u044f \u0432 \u0442\u0440\u0430\u0432\u044f\u043d\u044b\u0445 \u0442\u0440\u0430\u0434\u0438\u0446\u0438\u044f\u0445 \u043d\u0430 \u043f\u0440\u043e\u0442\u044f\u0436\u0435\u043d\u0438\u0438 \u043c\u043d\u043e\u0433\u0438\u0445 \u0432\u0435\u043a\u043e\u0432. \u0415\u0433\u043e \u043f\u043b\u043e\u0434\u044b \u0438 \u043a\u043e\u0440\u043d\u0438 \u0441\u043e\u0434\u0435\u0440\u0436\u0430\u0442 \u043d\u0430\u0442\u0443\u0440\u0430\u043b\u044c\u043d\u044b\u0435 \u0438\u043d\u0433\u0440\u0435\u0434\u0438\u0435\u043d\u0442\u044b. \u041d\u0430\u0448 \u043f\u0440\u043e\u0434\u0443\u043a\u0442 \u0432 \u0444\u043e\u0440\u043c\u0435 \u0442\u0440\u0430\u0432\u044f\u043d\u044b\u0445 \u043a\u0430\u043f\u0441\u0443\u043b \u0441\u043e\u0434\u0435\u0440\u0436\u0438\u0442 \u044d\u043a\u0441\u0442\u0440\u0430\u043a\u0442 \u043f\u043b\u043e\u0434\u043e\u0432 Berberis vulgaris.<\/p><ul><li>Metabolik dengenin korunmas\u0131na ve normal kan \u015fekeri metabolizmas\u0131n\u0131n<br \/>desteklenmesine yard\u0131mc\u0131 olmak amac\u0131yla kullan\u0131labilir.<\/li><li>Metabolik dengeyi desteklemek ve besinlerden al\u0131nan enerjinin kullan\u0131m\u0131na katk\u0131<br \/>sa\u011flamak amac\u0131yla geli\u015ftirilmi\u015ftir.<\/li><\/ul><p><strong>\u0422\u0430\u0431\u043b\u0438\u0446\u0430 \u043f\u0438\u0442\u0430\u0442\u0435\u043b\u044c\u043d\u044b\u0445 \u0432\u0435\u0449\u0435\u0441\u0442\u0432:<\/strong><\/p><table><tbody><tr><td width=\"170\"><strong>\u0410\u043a\u0442\u0438\u0432\u043d\u044b\u0439 \u0438\u043d\u0433\u0440\u0435\u0434\u0438\u0435\u043d\u0442<\/strong><\/td><td width=\"94\"><strong>2 \u043a\u0430\u043f\u0441\u0443\u043b\u044b<\/strong><\/td><\/tr><tr><td width=\"170\"><strong>\u0416\u0435\u043d\u0441\u043a\u0430\u044f \u0441\u043e\u043b\u043e\u043d\u0447\u0430\u043a\u043e\u0432\u0430\u044f \u0444\u0440\u0443\u043a\u0442\u043e\u0432\u043d\u0438\u0446\u0430<\/strong><\/td><td width=\"94\"><strong>500 \u043c\u0433<\/strong><\/td><\/tr><\/tbody><\/table><p><strong>\u0421\u043e\u0434\u0435\u0440\u0436\u0430\u043d\u0438\u0435:<\/strong><\/p><ul><li>\u042d\u043a\u0441\u0442\u0440\u0430\u043a\u0442 \u043f\u043b\u043e\u0434\u043e\u0432 (Berberis Vulgaris), \u0442\u0440\u0430\u0432\u044f\u043d\u0430\u044f \u043a\u0430\u043f\u0441\u0443\u043b\u0430, \u043c\u0438\u043a\u0440\u043e\u043a\u0440\u0438\u0441\u0442\u0430\u043b\u043b\u0438\u0447\u0435\u0441\u043a\u0430\u044f \u0446\u0435\u043b\u043b\u044e\u043b\u043e\u0437\u0430, \u043c\u0430\u0433\u043d\u0438\u0435\u0432\u044b\u0435 \u0441\u043e\u043b\u0438 \u0436\u0438\u0440\u043d\u044b\u0445 \u043a\u0438\u0441\u043b\u043e\u0442<\/li><\/ul><p><strong>\u0420\u0435\u043a\u043e\u043c\u0435\u043d\u0434\u0430\u0446\u0438\u0438 \u043f\u043e \u043f\u0440\u0438\u043c\u0435\u043d\u0435\u043d\u0438\u044e:<\/strong><\/p><ul><li>\u0420\u0435\u043a\u043e\u043c\u0435\u043d\u0434\u0443\u0435\u0442\u0441\u044f \u043f\u0440\u0438\u043d\u0438\u043c\u0430\u0442\u044c \u043f\u043e 2 \u043a\u0430\u043f\u0441\u0443\u043b\u044b \u0432 \u0434\u0435\u043d\u044c.<\/li><li>\u041f\u043e\u0434\u0445\u043e\u0434\u0438\u0442 \u0434\u043b\u044f \u0438\u0441\u043f\u043e\u043b\u044c\u0437\u043e\u0432\u0430\u043d\u0438\u044f \u0432\u0437\u0440\u043e\u0441\u043b\u044b\u043c\u0438 \u0432 \u0432\u043e\u0437\u0440\u0430\u0441\u0442\u0435 \u043e\u0442 11 \u043b\u0435\u0442 \u0438 \u0441\u0442\u0430\u0440\u0448\u0435.<\/li><li>\u041f\u043e\u0434\u0445\u043e\u0434\u0438\u0442 \u0434\u043b\u044f \u0432\u0435\u0433\u0430\u043d\u043e\u0432\/\u0432\u0435\u0433\u0435\u0442\u0430\u0440\u0438\u0430\u043d\u0446\u0435\u0432.<\/li><li><p>\u041f\u0440\u043e\u043a\u043e\u043d\u0441\u0443\u043b\u044c\u0442\u0438\u0440\u0443\u0439\u0442\u0435\u0441\u044c \u0441 \u0432\u0440\u0430\u0447\u043e\u043c \u0432\u043e \u0432\u0440\u0435\u043c\u044f \u0431\u0435\u0440\u0435\u043c\u0435\u043d\u043d\u043e\u0441\u0442\u0438 \u0438 \u043a\u043e\u0440\u043c\u043b\u0435\u043d\u0438\u044f \u0433\u0440\u0443\u0434\u044c\u044e, \u0430 \u0442\u0430\u043a\u0436\u0435 \u0432 \u0441\u043b\u0443\u0447\u0430\u0435 \u0431\u043e\u043b\u0435\u0437\u043d\u0438 \u0438\u043b\u0438 \u043f\u0440\u0438\u0435\u043c\u0430 \u043b\u0435\u043a\u0430\u0440\u0441\u0442\u0432.<\/p><\/li><\/ul><p><strong>\u0423\u0441\u043b\u043e\u0432\u0438\u044f \u0445\u0440\u0430\u043d\u0435\u043d\u0438\u044f:<\/strong><\/p><ul><li>\u0425\u0440\u0430\u043d\u0438\u0442\u044c \u0432 \u0441\u0443\u0445\u043e\u043c \u0438 \u043f\u0440\u043e\u0445\u043b\u0430\u0434\u043d\u043e\u043c \u043c\u0435\u0441\u0442\u0435 \u043f\u0440\u0438 \u0442\u0435\u043c\u043f\u0435\u0440\u0430\u0442\u0443\u0440\u0435 \u043d\u0438\u0436\u0435 25\u00b0C.<\/li><\/ul>\t\t\t\t\t\t\t\t<\/div>\n\t\t\t\t<\/div>\n\t\t\t\t\t<\/div>\n\t\t<\/div>\n\t\t\t\t\t<\/div>\n\t\t<\/section>\n\t\t\t\t<section class=\"elementor-section elementor-top-section elementor-element elementor-element-e16ae81 elementor-section-full_width elementor-section-stretched elementor-section-height-default elementor-section-height-default\" data-id=\"e16ae81\" data-element_type=\"section\" data-settings=\"{&quot;stretch_section&quot;:&quot;section-stretched&quot;}\">\n\t\t\t\t\t\t<div class=\"elementor-container elementor-column-gap-default\">\n\t\t\t\t\t<div class=\"elementor-column elementor-col-100 elementor-top-column elementor-element elementor-element-90eb02b\" data-id=\"90eb02b\" data-element_type=\"column\">\n\t\t\t<div class=\"elementor-widget-wrap elementor-element-populated\">\n\t\t\t\t\t\t<div class=\"elementor-element elementor-element-dd5bf35 elementor-widget elementor-widget-ube-divider\" data-id=\"dd5bf35\" data-element_type=\"widget\" data-widget_type=\"ube-divider.default\">\n\t\t\t\t<div class=\"elementor-widget-container\">\n\t\t\t\t\t<div class=\"ube-divider ube-divider-style-solid\">\n\t<div class=\"ube-divider-separator\">\n\t\t\t<\/div>\n<\/div>\n\t\t\t\t<\/div>\n\t\t\t\t<\/div>\n\t\t\t\t<div class=\"elementor-element elementor-element-55f7363 elementor-widget elementor-widget-spacer\" data-id=\"55f7363\" data-element_type=\"widget\" data-widget_type=\"spacer.default\">\n\t\t\t\t<div class=\"elementor-widget-container\">\n\t\t\t\t\t\t\t<div class=\"elementor-spacer\">\n\t\t\t<div class=\"elementor-spacer-inner\"><\/div>\n\t\t<\/div>\n\t\t\t\t\t\t<\/div>\n\t\t\t\t<\/div>\n\t\t\t\t\t<\/div>\n\t\t<\/div>\n\t\t\t\t\t<\/div>\n\t\t<\/section>\n\t\t\t\t<section class=\"elementor-section elementor-top-section elementor-element elementor-element-806185f elementor-section-boxed elementor-section-height-default elementor-section-height-default\" data-id=\"806185f\" data-element_type=\"section\">\n\t\t\t\t\t\t<div class=\"elementor-container elementor-column-gap-default\">\n\t\t\t\t\t<div class=\"elementor-column elementor-col-100 elementor-top-column elementor-element elementor-element-90e2727\" data-id=\"90e2727\" data-element_type=\"column\">\n\t\t\t<div class=\"elementor-widget-wrap elementor-element-populated\">\n\t\t\t\t\t\t<div class=\"elementor-element elementor-element-697b64f elementor-widget elementor-widget-heading\" data-id=\"697b64f\" data-element_type=\"widget\" data-widget_type=\"heading.default\">\n\t\t\t\t<div class=\"elementor-widget-container\">\n\t\t\t\t\t<h2 class=\"elementor-heading-title elementor-size-default\">\u041f\u043e\u0445\u043e\u0436\u0438\u0435 \u043f\u043e\u0441\u0442\u044b<\/h2>\t\t\t\t<\/div>\n\t\t\t\t<\/div>\n\t\t\t\t<div class=\"elementor-element elementor-element-fcd7860 elementor-widget elementor-widget-ube-post-grid\" data-id=\"fcd7860\" data-element_type=\"widget\" data-widget_type=\"ube-post-grid.default\">\n\t\t\t\t<div class=\"elementor-widget-container\">\n\t\t\t\t\t\n\n<div id=\"ube-post-list-fcd7860\" class=\"ube-posts ube-post-grid ube-post-appender row\">\n\t<div class=\"ube-post-grid-item col-auto col-md-auto col-lg-4\">\n    <article class=\"card ube-post-item ube-post-grid-layout-01\">\n\t\t            <a class=\"ube-entry-post-thumb card-img-top\" href=\"https:\/\/qubtiva.com\/ru\/%d0%ba%d0%be%d0%bc%d0%bf%d0%bb%d0%b5%d0%ba%d1%81%d0%bd%d1%8b%d0%b9-%d0%bd%d0%b0%d1%83%d1%87%d0%bd%d1%8b%d0%b9-%d0%be%d0%b1%d0%b7%d0%be%d1%80-%d0%b6%d0%b5%d0%bd%d1%81%d0%ba%d0%be%d0%b9-%d1%81%d0%be\/\"\n               style=\"background-image: url('https:\/\/qubtiva.com\/wp-content\/uploads\/2025\/06\/kadin-tuzlugu.webp');--ube-post-grid-ratio:75%;\">\n            <\/a>\n\t\t        <div class=\"card-body\">\n\t\t\t            <header class=\"ube-entry-header\">\n\t\t\t\t                    <h2 class=\"ube-entry-title card-title\">\n                        <a class=\"ube-post-link\" href=\"https:\/\/qubtiva.com\/ru\/%d0%ba%d0%be%d0%bc%d0%bf%d0%bb%d0%b5%d0%ba%d1%81%d0%bd%d1%8b%d0%b9-%d0%bd%d0%b0%d1%83%d1%87%d0%bd%d1%8b%d0%b9-%d0%be%d0%b1%d0%b7%d0%be%d1%80-%d0%b6%d0%b5%d0%bd%d1%81%d0%ba%d0%be%d0%b9-%d1%81%d0%be\/\"\n                           title=\"\u0421\u043e\u043b\u044f\u043d\u043a\u0430 \u0436\u0435\u043d\u0441\u043a\u0430\u044f (Berberis Vulgaris): \u0412\u0441\u0435\u0441\u0442\u043e\u0440\u043e\u043d\u043d\u0438\u0439 \u043d\u0430\u0443\u0447\u043d\u044b\u0439 \u043e\u0431\u0437\u043e\u0440\">\n\t\t\t\t\t\t\t\u0421\u043e\u043b\u044f\u043d\u043a\u0430 \u0436\u0435\u043d\u0441\u043a\u0430\u044f (Berberis Vulgaris): \u0412\u0441\u0435\u0441\u0442\u043e\u0440\u043e\u043d\u043d\u0438\u0439 \u043d\u0430\u0443\u0447\u043d\u044b\u0439 \u043e\u0431\u0437\u043e\u0440                        <\/a>\n                    <\/h2>\n\t\t\t\t\t\t\t\t            <\/header>\n\t\t\t        <\/div>\n    <\/article>\n<\/div>\n\n\t\t\t<div class=\"ube-post-grid-item col-auto col-md-auto col-lg-4\">\n    <article class=\"card ube-post-item ube-post-grid-layout-01\">\n\t\t            <a class=\"ube-entry-post-thumb card-img-top\" href=\"https:\/\/qubtiva.com\/ru\/%d0%ba%d0%b0%d0%ba-%d0%bf%d0%b0%d1%80%d0%b8%d0%ba%d0%bc%d0%b0%d1%85%d0%b5%d1%80-%d0%bc%d0%b5%d0%bd%d1%8f%d0%b5%d1%82-%d0%b2%d0%b0%d1%88%d0%b5-%d1%82%d0%b5%d0%bb%d0%be\/\"\n               style=\"background-image: url('https:\/\/qubtiva.com\/wp-content\/uploads\/2025\/05\/Berberin.jpg');--ube-post-grid-ratio:75%;\">\n            <\/a>\n\t\t        <div class=\"card-body\">\n\t\t\t            <header class=\"ube-entry-header\">\n\t\t\t\t                    <h2 class=\"ube-entry-title card-title\">\n                        <a class=\"ube-post-link\" href=\"https:\/\/qubtiva.com\/ru\/%d0%ba%d0%b0%d0%ba-%d0%bf%d0%b0%d1%80%d0%b8%d0%ba%d0%bc%d0%b0%d1%85%d0%b5%d1%80-%d0%bc%d0%b5%d0%bd%d1%8f%d0%b5%d1%82-%d0%b2%d0%b0%d1%88%d0%b5-%d1%82%d0%b5%d0%bb%d0%be\/\"\n                           title=\"\u041a\u0430\u043a \u043f\u0430\u0440\u0438\u043a\u043c\u0430\u0445\u0435\u0440\u0441\u043a\u043e\u0435 \u0438\u0441\u043a\u0443\u0441\u0441\u0442\u0432\u043e \u043c\u0435\u043d\u044f\u0435\u0442 \u0432\u0430\u0448\u0435 \u0442\u0435\u043b\u043e?\">\n\t\t\t\t\t\t\t\u041a\u0430\u043a \u043f\u0430\u0440\u0438\u043a\u043c\u0430\u0445\u0435\u0440\u0441\u043a\u043e\u0435 \u0438\u0441\u043a\u0443\u0441\u0441\u0442\u0432\u043e \u043c\u0435\u043d\u044f\u0435\u0442 \u0432\u0430\u0448\u0435 \u0442\u0435\u043b\u043e?                        <\/a>\n                    <\/h2>\n\t\t\t\t\t\t\t\t            <\/header>\n\t\t\t        <\/div>\n    <\/article>\n<\/div>\n\n\t\t\t<\/div>\n\n<div class=\"ube-post-list-paging\">\n\t<\/div>\n\t\t\t\t<\/div>\n\t\t\t\t<\/div>\n\t\t\t\t\t<\/div>\n\t\t<\/div>\n\t\t\t\t\t<\/div>\n\t\t<\/section>\n\t\t\t\t<\/div>","protected":false},"excerpt":{"rendered":"<p>Berberis vulgaris (\u0436\u0435\u043d\u0441\u043a\u0430\u044f \u0441\u0435\u043b\u0438\u0442\u0440\u0430) - \u043d\u0430\u0442\u0443\u0440\u0430\u043b\u044c\u043d\u044b\u0439 \u0440\u0430\u0441\u0442\u0438\u0442\u0435\u043b\u044c\u043d\u044b\u0439 \u044d\u043a\u0441\u0442\u0440\u0430\u043a\u0442 \u0441 \u043c\u043d\u043e\u0433\u043e\u043b\u0435\u0442\u043d\u0435\u0439 \u0438\u0441\u0442\u043e\u0440\u0438\u0435\u0439 \u043f\u0440\u0438\u043c\u0435\u043d\u0435\u043d\u0438\u044f. \u0415\u0433\u043e \u0441\u0442\u0440\u0443\u043a\u0442\u0443\u0440\u0430 \u0432 \u0432\u0438\u0434\u0435 \u043a\u0430\u043f\u0441\u0443\u043b, \u0430 \u0442\u0430\u043a\u0436\u0435 \u0430\u043a\u0442\u0438\u0432\u043d\u044b\u0435 \u0438\u043d\u0433\u0440\u0435\u0434\u0438\u0435\u043d\u0442\u044b, \u0432\u0445\u043e\u0434\u044f\u0449\u0438\u0435 \u0432 \u0435\u0433\u043e \u0441\u043e\u0441\u0442\u0430\u0432, \u043e\u0431\u0435\u0441\u043f\u0435\u0447\u0438\u0432\u0430\u044e\u0442 \u0440\u0435\u0433\u0443\u043b\u044f\u0440\u043d\u043e\u0435 \u0438 \u043b\u0435\u0433\u043a\u043e\u0435 \u043f\u0440\u0438\u043c\u0435\u043d\u0435\u043d\u0438\u0435.<\/p>","protected":false},"featured_media":9013,"comment_status":"open","ping_status":"closed","template":"","meta":[],"product_brand":[],"product_cat":[100],"product_tag":[],"class_list":{"0":"post-5436","1":"product","2":"type-product","3":"status-publish","4":"has-post-thumbnail","6":"product_cat-bitkisel-destekler","8":"first","9":"instock","10":"shipping-taxable","11":"purchasable","12":"product-type-simple"},"_links":{"self":[{"href":"https:\/\/qubtiva.com\/ru\/wp-json\/wp\/v2\/product\/5436","targetHints":{"allow":["GET"]}}],"collection":[{"href":"https:\/\/qubtiva.com\/ru\/wp-json\/wp\/v2\/product"}],"about":[{"href":"https:\/\/qubtiva.com\/ru\/wp-json\/wp\/v2\/types\/product"}],"replies":[{"embeddable":true,"href":"https:\/\/qubtiva.com\/ru\/wp-json\/wp\/v2\/comments?post=5436"}],"version-history":[{"count":19,"href":"https:\/\/qubtiva.com\/ru\/wp-json\/wp\/v2\/product\/5436\/revisions"}],"predecessor-version":[{"id":9311,"href":"https:\/\/qubtiva.com\/ru\/wp-json\/wp\/v2\/product\/5436\/revisions\/9311"}],"wp:featuredmedia":[{"embeddable":true,"href":"https:\/\/qubtiva.com\/ru\/wp-json\/wp\/v2\/media\/9013"}],"wp:attachment":[{"href":"https:\/\/qubtiva.com\/ru\/wp-json\/wp\/v2\/media?parent=5436"}],"wp:term":[{"taxonomy":"product_brand","embeddable":true,"href":"https:\/\/qubtiva.com\/ru\/wp-json\/wp\/v2\/product_brand?post=5436"},{"taxonomy":"product_cat","embeddable":true,"href":"https:\/\/qubtiva.com\/ru\/wp-json\/wp\/v2\/product_cat?post=5436"},{"taxonomy":"product_tag","embeddable":true,"href":"https:\/\/qubtiva.com\/ru\/wp-json\/wp\/v2\/product_tag?post=5436"}],"curies":[{"name":"wp","href":"https:\/\/api.w.org\/{rel}","templated":true}]}}