{"id":5438,"date":"2025-05-05T13:42:05","date_gmt":"2025-05-05T10:42:05","guid":{"rendered":"https:\/\/qubtiva.com\/?post_type=product&#038;p=5438"},"modified":"2026-05-09T11:49:01","modified_gmt":"2026-05-09T08:49:01","slug":"%d0%b1%d1%80%d0%be%d0%bc%d0%b5%d0%bb%d0%b0%d0%b9%d0%bd","status":"publish","type":"product","link":"https:\/\/qubtiva.com\/ru\/product\/%d0%b1%d1%80%d0%be%d0%bc%d0%b5%d0%bb%d0%b0%d0%b9%d0%bd\/","title":{"rendered":"\u0411\u0440\u043e\u043c\u0435\u043b\u0430\u0439\u043d"},"content":{"rendered":"<div data-elementor-type=\"wp-post\" data-elementor-id=\"5438\" class=\"elementor elementor-5438\">\n\t\t\t\t\t\t<section class=\"elementor-section elementor-top-section elementor-element elementor-element-3e911245 elementor-section-boxed elementor-section-height-default elementor-section-height-default\" data-id=\"3e911245\" data-element_type=\"section\">\n\t\t\t\t\t\t<div class=\"elementor-container elementor-column-gap-default\">\n\t\t\t\t\t<div class=\"elementor-column elementor-col-100 elementor-top-column elementor-element elementor-element-6c4597b7\" data-id=\"6c4597b7\" data-element_type=\"column\">\n\t\t\t<div class=\"elementor-widget-wrap elementor-element-populated\">\n\t\t\t\t\t\t<div class=\"elementor-element elementor-element-7e9853dd elementor-widget elementor-widget-text-editor\" data-id=\"7e9853dd\" data-element_type=\"widget\" data-widget_type=\"text-editor.default\">\n\t\t\t\t<div class=\"elementor-widget-container\">\n\t\t\t\t\t\t\t\t\t<p>\u0411\u0440\u043e\u043c\u0435\u043b\u0430\u0439\u043d - \u044d\u0442\u043e \u043d\u0430\u0442\u0443\u0440\u0430\u043b\u044c\u043d\u044b\u0439 \u0444\u0435\u0440\u043c\u0435\u043d\u0442\u043d\u044b\u0439 \u043a\u043e\u043c\u043f\u043b\u0435\u043a\u0441, \u043f\u043e\u043b\u0443\u0447\u0430\u0435\u043c\u044b\u0439 \u0438\u0437 \u043f\u043b\u043e\u0434\u043e\u0432 \u0430\u043d\u0430\u043d\u0430\u0441\u0430 \u0438 \u0443\u0447\u0430\u0441\u0442\u0432\u0443\u044e\u0449\u0438\u0439 \u0432 \u043f\u0435\u0440\u0435\u0432\u0430\u0440\u0438\u0432\u0430\u043d\u0438\u0438 \u0431\u0435\u043b\u043a\u043e\u0432. \u042d\u0442\u0430 \u0434\u043e\u0431\u0430\u0432\u043a\u0430, \u0441\u043e\u0434\u0435\u0440\u0436\u0430\u0449\u0430\u044f 2400 GDU \u044d\u043d\u0437\u0438\u043c\u043e\u0432, \u043e\u0431\u0435\u0441\u043f\u0435\u0447\u0438\u0432\u0430\u0435\u0442 \u0435\u0441\u0442\u0435\u0441\u0442\u0432\u0435\u043d\u043d\u0443\u044e \u043f\u043e\u0434\u0434\u0435\u0440\u0436\u043a\u0443.<\/p><ul><li>Yo\u011fun fiziksel aktivite ve aktif ya\u015fam d\u00f6nemlerinde v\u00fccudun normal inflamatuvar<br \/>yan\u0131t s\u00fcre\u00e7lerini desteklemek amac\u0131yla geli\u015ftirilmi\u015ftir.<\/li><li>Aktif ya\u015fam tarz\u0131 ve fiziksel y\u00fcklenmenin artt\u0131\u011f\u0131 d\u00f6nemlerde v\u00fccudun do\u011fal iyilik<br \/>halinin korunmas\u0131na destek olmak amac\u0131yla kullan\u0131labilir.<\/li><\/ul><p><strong>\u0422\u0430\u0431\u043b\u0438\u0446\u0430 \u043f\u0438\u0442\u0430\u0442\u0435\u043b\u044c\u043d\u044b\u0445 \u0432\u0435\u0449\u0435\u0441\u0442\u0432:<\/strong><\/p><table><tbody><tr><td width=\"170\"><strong>\u0410\u043a\u0442\u0438\u0432\u043d\u044b\u0439 \u0438\u043d\u0433\u0440\u0435\u0434\u0438\u0435\u043d\u0442<\/strong><\/td><td width=\"94\"><strong>2 \u0442\u0430\u0431\u043b\u0435\u0442\u043a\u0438<\/strong><\/td><\/tr><tr><td width=\"170\"><strong>\u0411\u0440\u043e\u043c\u0435\u043b\u0430\u0439\u043d 2400 GDU<\/strong><\/td><td width=\"94\"><strong>1000 \u043c\u0433<\/strong><\/td><\/tr><\/tbody><\/table><p><strong>\u0421\u043e\u0434\u0435\u0440\u0436\u0430\u043d\u0438\u0435:<\/strong><\/p><ul><li>\u0411\u0440\u043e\u043c\u0435\u043b\u0430\u0439\u043d, \u043c\u0438\u043a\u0440\u043e\u043a\u0440\u0438\u0441\u0442\u0430\u043b\u043b\u0438\u0447\u0435\u0441\u043a\u0430\u044f \u0446\u0435\u043b\u043b\u044e\u043b\u043e\u0437\u0430, \u043f\u043e\u043b\u0438\u0432\u0438\u043d\u0438\u043b\u043f\u0438\u0440\u0440\u043e\u043b\u0438\u0434\u043e\u043d-\u0432\u0438\u043d\u0438\u043b\u0430\u0446\u0435\u0442\u0430\u0442 \u0441\u043e\u043f\u043e\u043b\u0438\u043c\u0435\u0440 \u043c\u0430\u0433\u043d\u0438\u0435\u0432\u044b\u0445 \u0441\u043e\u043b\u0435\u0439 \u0436\u0438\u0440\u043d\u044b\u0445 \u043a\u0438\u0441\u043b\u043e\u0442, \u0434\u0438\u043e\u043a\u0441\u0438\u0434 \u043a\u0440\u0435\u043c\u043d\u0438\u044f<\/li><\/ul><p><strong>\u0418\u043d\u0441\u0442\u0440\u0443\u043a\u0446\u0438\u044f \u043f\u043e \u043f\u0440\u0438\u043c\u0435\u043d\u0435\u043d\u0438\u044e:<\/strong><\/p><ul><li>\u0420\u0435\u043a\u043e\u043c\u0435\u043d\u0434\u0443\u0435\u0442\u0441\u044f \u043f\u0440\u0438\u043d\u0438\u043c\u0430\u0442\u044c \u043f\u043e 2 \u0442\u0430\u0431\u043b\u0435\u0442\u043a\u0438 \u0432 \u0434\u0435\u043d\u044c.<\/li><li>\u041f\u043e\u0434\u0445\u043e\u0434\u0438\u0442 \u0434\u043b\u044f \u0438\u0441\u043f\u043e\u043b\u044c\u0437\u043e\u0432\u0430\u043d\u0438\u044f \u0432\u0437\u0440\u043e\u0441\u043b\u044b\u043c\u0438 \u0432 \u0432\u043e\u0437\u0440\u0430\u0441\u0442\u0435 \u043e\u0442 11 \u043b\u0435\u0442 \u0438 \u0441\u0442\u0430\u0440\u0448\u0435.<\/li><li>\u041f\u043e\u0434\u0445\u043e\u0434\u0438\u0442 \u0434\u043b\u044f \u0432\u0435\u0433\u0430\u043d\u043e\u0432\/\u0432\u0435\u0433\u0435\u0442\u0430\u0440\u0438\u0430\u043d\u0446\u0435\u0432.<\/li><li><p>\u041f\u0440\u043e\u043a\u043e\u043d\u0441\u0443\u043b\u044c\u0442\u0438\u0440\u0443\u0439\u0442\u0435\u0441\u044c \u0441 \u0432\u0440\u0430\u0447\u043e\u043c \u0432\u043e \u0432\u0440\u0435\u043c\u044f \u0431\u0435\u0440\u0435\u043c\u0435\u043d\u043d\u043e\u0441\u0442\u0438 \u0438 \u043a\u043e\u0440\u043c\u043b\u0435\u043d\u0438\u044f \u0433\u0440\u0443\u0434\u044c\u044e, \u0430 \u0442\u0430\u043a\u0436\u0435 \u0432 \u0441\u043b\u0443\u0447\u0430\u0435 \u0431\u043e\u043b\u0435\u0437\u043d\u0438 \u0438\u043b\u0438 \u043f\u0440\u0438\u0435\u043c\u0430 \u043b\u0435\u043a\u0430\u0440\u0441\u0442\u0432.<\/p><\/li><\/ul><p><strong>\u0423\u0441\u043b\u043e\u0432\u0438\u044f \u0445\u0440\u0430\u043d\u0435\u043d\u0438\u044f:<\/strong><\/p><ul><li>\u0425\u0440\u0430\u043d\u0438\u0442\u044c \u0432 \u0441\u0443\u0445\u043e\u043c \u0438 \u043f\u0440\u043e\u0445\u043b\u0430\u0434\u043d\u043e\u043c \u043c\u0435\u0441\u0442\u0435 \u043f\u0440\u0438 \u0442\u0435\u043c\u043f\u0435\u0440\u0430\u0442\u0443\u0440\u0435 \u043d\u0438\u0436\u0435 25\u00b0C.<\/li><\/ul>\t\t\t\t\t\t\t\t<\/div>\n\t\t\t\t<\/div>\n\t\t\t\t\t<\/div>\n\t\t<\/div>\n\t\t\t\t\t<\/div>\n\t\t<\/section>\n\t\t\t\t<section class=\"elementor-section elementor-top-section elementor-element elementor-element-076a5e2 elementor-section-full_width elementor-section-stretched elementor-section-height-default elementor-section-height-default\" data-id=\"076a5e2\" data-element_type=\"section\" data-settings=\"{&quot;stretch_section&quot;:&quot;section-stretched&quot;}\">\n\t\t\t\t\t\t<div class=\"elementor-container elementor-column-gap-default\">\n\t\t\t\t\t<div class=\"elementor-column elementor-col-100 elementor-top-column elementor-element elementor-element-d97f1fc\" data-id=\"d97f1fc\" data-element_type=\"column\">\n\t\t\t<div class=\"elementor-widget-wrap elementor-element-populated\">\n\t\t\t\t\t\t<div class=\"elementor-element elementor-element-4497db3 elementor-widget elementor-widget-ube-divider\" data-id=\"4497db3\" data-element_type=\"widget\" data-widget_type=\"ube-divider.default\">\n\t\t\t\t<div class=\"elementor-widget-container\">\n\t\t\t\t\t<div class=\"ube-divider ube-divider-style-solid\">\n\t<div class=\"ube-divider-separator\">\n\t\t\t<\/div>\n<\/div>\n\t\t\t\t<\/div>\n\t\t\t\t<\/div>\n\t\t\t\t<div class=\"elementor-element elementor-element-1d66b50 elementor-widget elementor-widget-spacer\" data-id=\"1d66b50\" data-element_type=\"widget\" data-widget_type=\"spacer.default\">\n\t\t\t\t<div class=\"elementor-widget-container\">\n\t\t\t\t\t\t\t<div class=\"elementor-spacer\">\n\t\t\t<div class=\"elementor-spacer-inner\"><\/div>\n\t\t<\/div>\n\t\t\t\t\t\t<\/div>\n\t\t\t\t<\/div>\n\t\t\t\t\t<\/div>\n\t\t<\/div>\n\t\t\t\t\t<\/div>\n\t\t<\/section>\n\t\t\t\t<section class=\"elementor-section elementor-top-section elementor-element elementor-element-5edfd85 elementor-section-boxed elementor-section-height-default elementor-section-height-default\" data-id=\"5edfd85\" data-element_type=\"section\">\n\t\t\t\t\t\t<div class=\"elementor-container elementor-column-gap-default\">\n\t\t\t\t\t<div class=\"elementor-column elementor-col-100 elementor-top-column elementor-element elementor-element-95874f4\" data-id=\"95874f4\" data-element_type=\"column\">\n\t\t\t<div class=\"elementor-widget-wrap elementor-element-populated\">\n\t\t\t\t\t\t<div class=\"elementor-element elementor-element-a78d26d elementor-widget elementor-widget-heading\" data-id=\"a78d26d\" data-element_type=\"widget\" data-widget_type=\"heading.default\">\n\t\t\t\t<div class=\"elementor-widget-container\">\n\t\t\t\t\t<h2 class=\"elementor-heading-title elementor-size-default\">\u041f\u043e\u0445\u043e\u0436\u0438\u0435 \u043f\u043e\u0441\u0442\u044b<\/h2>\t\t\t\t<\/div>\n\t\t\t\t<\/div>\n\t\t\t\t<div class=\"elementor-element elementor-element-5bc74cd elementor-widget elementor-widget-ube-post-grid\" data-id=\"5bc74cd\" data-element_type=\"widget\" data-widget_type=\"ube-post-grid.default\">\n\t\t\t\t<div class=\"elementor-widget-container\">\n\t\t\t\t\t\n\n<div id=\"ube-post-list-5bc74cd\" class=\"ube-posts ube-post-grid ube-post-appender row\">\n\t<div class=\"ube-post-grid-item col-auto col-md-auto col-lg-4\">\n    <article class=\"card ube-post-item ube-post-grid-layout-01\">\n\t\t            <a class=\"ube-entry-post-thumb card-img-top\" href=\"https:\/\/qubtiva.com\/ru\/%d0%ba%d0%b0%d0%ba-%d0%b1%d1%80%d0%be%d0%bc%d0%b5%d0%bb%d0%b0%d0%b9%d0%bd-%d0%bc%d0%b5%d0%bd%d1%8f%d0%b5%d1%82-%d0%b2%d0%b0%d1%88%d0%b5-%d1%82%d0%b5%d0%bb%d0%be\/\"\n               style=\"background-image: url('https:\/\/qubtiva.com\/wp-content\/uploads\/2025\/05\/Bromelain.jpg');--ube-post-grid-ratio:75%;\">\n            <\/a>\n\t\t        <div class=\"card-body\">\n\t\t\t            <header class=\"ube-entry-header\">\n\t\t\t\t                    <h2 class=\"ube-entry-title card-title\">\n                        <a class=\"ube-post-link\" href=\"https:\/\/qubtiva.com\/ru\/%d0%ba%d0%b0%d0%ba-%d0%b1%d1%80%d0%be%d0%bc%d0%b5%d0%bb%d0%b0%d0%b9%d0%bd-%d0%bc%d0%b5%d0%bd%d1%8f%d0%b5%d1%82-%d0%b2%d0%b0%d1%88%d0%b5-%d1%82%d0%b5%d0%bb%d0%be\/\"\n                           title=\"\u041a\u0430\u043a \u0431\u0440\u043e\u043c\u0435\u043b\u0430\u0439\u043d \u0438\u0437\u043c\u0435\u043d\u044f\u0435\u0442 \u0432\u0430\u0448\u0435 \u0442\u0435\u043b\u043e?\">\n\t\t\t\t\t\t\t\u041a\u0430\u043a \u0431\u0440\u043e\u043c\u0435\u043b\u0430\u0439\u043d \u0438\u0437\u043c\u0435\u043d\u044f\u0435\u0442 \u0432\u0430\u0448\u0435 \u0442\u0435\u043b\u043e?                        <\/a>\n                    <\/h2>\n\t\t\t\t\t\t\t\t            <\/header>\n\t\t\t        <\/div>\n    <\/article>\n<\/div>\n\n\t\t\t<\/div>\n\n<div class=\"ube-post-list-paging\">\n\t<\/div>\n\t\t\t\t<\/div>\n\t\t\t\t<\/div>\n\t\t\t\t\t<\/div>\n\t\t<\/div>\n\t\t\t\t\t<\/div>\n\t\t<\/section>\n\t\t\t\t<\/div>","protected":false},"excerpt":{"rendered":"<p>\u0411\u0440\u043e\u043c\u0435\u043b\u0430\u0439\u043d - \u044d\u0442\u043e \u043d\u0430\u0442\u0443\u0440\u0430\u043b\u044c\u043d\u044b\u0439 \u043f\u0438\u0449\u0435\u0432\u0430\u0440\u0438\u0442\u0435\u043b\u044c\u043d\u044b\u0439 \u0444\u0435\u0440\u043c\u0435\u043d\u0442, \u043f\u043e\u043b\u0443\u0447\u0430\u0435\u043c\u044b\u0439 \u0438\u0437 \u043f\u043b\u043e\u0434\u043e\u0432 \u0430\u043d\u0430\u043d\u0430\u0441\u0430. Qubtiva Bromelain \u0441\u043e\u0434\u0435\u0440\u0436\u0438\u0442 2400 GDU \u0444\u043e\u0440\u043c\u044b \u0431\u0440\u043e\u043c\u0435\u043b\u0430\u0439\u043d\u0430, \u043a\u043e\u0442\u043e\u0440\u044b\u0439 \u043f\u043e\u0434\u0434\u0435\u0440\u0436\u0438\u0432\u0430\u0435\u0442 \u043f\u0435\u0440\u0435\u0432\u0430\u0440\u0438\u0432\u0430\u043d\u0438\u0435 \u0431\u0435\u043b\u043a\u0430 \u0441 \u0432\u044b\u0441\u043e\u043a\u043e\u0439 \u0444\u0435\u0440\u043c\u0435\u043d\u0442\u0430\u0442\u0438\u0432\u043d\u043e\u0439 \u0430\u043a\u0442\u0438\u0432\u043d\u043e\u0441\u0442\u044c\u044e.<\/p>","protected":false},"featured_media":9009,"comment_status":"open","ping_status":"closed","template":"","meta":[],"product_brand":[],"product_cat":[100],"product_tag":[],"class_list":{"0":"post-5438","1":"product","2":"type-product","3":"status-publish","4":"has-post-thumbnail","6":"product_cat-bitkisel-destekler","8":"first","9":"instock","10":"shipping-taxable","11":"purchasable","12":"product-type-simple"},"_links":{"self":[{"href":"https:\/\/qubtiva.com\/ru\/wp-json\/wp\/v2\/product\/5438","targetHints":{"allow":["GET"]}}],"collection":[{"href":"https:\/\/qubtiva.com\/ru\/wp-json\/wp\/v2\/product"}],"about":[{"href":"https:\/\/qubtiva.com\/ru\/wp-json\/wp\/v2\/types\/product"}],"replies":[{"embeddable":true,"href":"https:\/\/qubtiva.com\/ru\/wp-json\/wp\/v2\/comments?post=5438"}],"version-history":[{"count":14,"href":"https:\/\/qubtiva.com\/ru\/wp-json\/wp\/v2\/product\/5438\/revisions"}],"predecessor-version":[{"id":9308,"href":"https:\/\/qubtiva.com\/ru\/wp-json\/wp\/v2\/product\/5438\/revisions\/9308"}],"wp:featuredmedia":[{"embeddable":true,"href":"https:\/\/qubtiva.com\/ru\/wp-json\/wp\/v2\/media\/9009"}],"wp:attachment":[{"href":"https:\/\/qubtiva.com\/ru\/wp-json\/wp\/v2\/media?parent=5438"}],"wp:term":[{"taxonomy":"product_brand","embeddable":true,"href":"https:\/\/qubtiva.com\/ru\/wp-json\/wp\/v2\/product_brand?post=5438"},{"taxonomy":"product_cat","embeddable":true,"href":"https:\/\/qubtiva.com\/ru\/wp-json\/wp\/v2\/product_cat?post=5438"},{"taxonomy":"product_tag","embeddable":true,"href":"https:\/\/qubtiva.com\/ru\/wp-json\/wp\/v2\/product_tag?post=5438"}],"curies":[{"name":"wp","href":"https:\/\/api.w.org\/{rel}","templated":true}]}}