{"id":5440,"date":"2025-05-05T13:44:57","date_gmt":"2025-05-05T10:44:57","guid":{"rendered":"https:\/\/qubtiva.com\/?post_type=product&#038;p=5440"},"modified":"2026-05-09T11:48:39","modified_gmt":"2026-05-09T08:48:39","slug":"%d0%bf%d0%b8%d0%ba%d0%be%d0%bb%d0%b8%d0%bd%d0%b0%d1%82-%d1%85%d1%80%d0%be%d0%bc%d0%b0","status":"publish","type":"product","link":"https:\/\/qubtiva.com\/ru\/product\/%d0%bf%d0%b8%d0%ba%d0%be%d0%bb%d0%b8%d0%bd%d0%b0%d1%82-%d1%85%d1%80%d0%be%d0%bc%d0%b0\/","title":{"rendered":"\u041f\u0438\u043a\u043e\u043b\u0438\u043d\u0430\u0442 \u0445\u0440\u043e\u043c\u0430"},"content":{"rendered":"<div data-elementor-type=\"wp-post\" data-elementor-id=\"5440\" class=\"elementor elementor-5440\">\n\t\t\t\t\t\t<section class=\"elementor-section elementor-top-section elementor-element elementor-element-513ae6c4 elementor-section-boxed elementor-section-height-default elementor-section-height-default\" data-id=\"513ae6c4\" data-element_type=\"section\">\n\t\t\t\t\t\t<div class=\"elementor-container elementor-column-gap-default\">\n\t\t\t\t\t<div class=\"elementor-column elementor-col-100 elementor-top-column elementor-element elementor-element-8b0625b\" data-id=\"8b0625b\" data-element_type=\"column\">\n\t\t\t<div class=\"elementor-widget-wrap elementor-element-populated\">\n\t\t\t\t\t\t<div class=\"elementor-element elementor-element-aa8dd54 elementor-widget elementor-widget-text-editor\" data-id=\"aa8dd54\" data-element_type=\"widget\" data-widget_type=\"text-editor.default\">\n\t\t\t\t<div class=\"elementor-widget-container\">\n\t\t\t\t\t\t\t\t\t<p>\u041f\u0438\u043a\u043e\u043b\u0438\u043d\u0430\u0442 \u0445\u0440\u043e\u043c\u0430 - \u044d\u0442\u043e \u0444\u043e\u0440\u043c\u0430 \u0445\u0440\u043e\u043c\u0430, \u043a\u043e\u0442\u043e\u0440\u0430\u044f \u0445\u043e\u0440\u043e\u0448\u043e \u0443\u0441\u0432\u0430\u0438\u0432\u0430\u0435\u0442\u0441\u044f \u0438 \u044d\u0444\u0444\u0435\u043a\u0442\u0438\u0432\u043d\u043e \u0438\u0441\u043f\u043e\u043b\u044c\u0437\u0443\u0435\u0442\u0441\u044f \u043e\u0440\u0433\u0430\u043d\u0438\u0437\u043c\u043e\u043c. \u0427\u0438\u0441\u0442\u0430\u044f \u0444\u043e\u0440\u043c\u0443\u043b\u0430 \u043d\u0435 \u0441\u043e\u0434\u0435\u0440\u0436\u0438\u0442 \u0434\u043e\u0431\u0430\u0432\u043e\u043a, \u043a\u043e\u043d\u0441\u0435\u0440\u0432\u0430\u043d\u0442\u043e\u0432 \u0438 \u043a\u0440\u0430\u0441\u0438\u0442\u0435\u043b\u0435\u0439.<\/p><ul><li>Dengeli beslenmenin yetersiz kald\u0131\u011f\u0131 durumlarda normal makro besin<br \/>metabolizmas\u0131n\u0131n s\u00fcrd\u00fcr\u00fclmesine destek olmak amac\u0131yla form\u00fcle edilmi\u015ftir.<\/li><li>Karbonhidrat, ya\u011f ve protein metabolizmas\u0131n\u0131n normal i\u015fleyi\u015finin s\u00fcrd\u00fcr\u00fclmesine<br \/>destek olmak amac\u0131yla g\u00fcnl\u00fck beslenmeye ek olarak kullan\u0131labilir.<\/li><\/ul><p><strong>\u0422\u0430\u0431\u043b\u0438\u0446\u0430 \u043f\u0438\u0442\u0430\u0442\u0435\u043b\u044c\u043d\u044b\u0445 \u0432\u0435\u0449\u0435\u0441\u0442\u0432:<\/strong><\/p><table><tbody><tr><td width=\"170\"><strong>\u0410\u043a\u0442\u0438\u0432\u043d\u044b\u0439 \u0438\u043d\u0433\u0440\u0435\u0434\u0438\u0435\u043d\u0442<\/strong><\/td><td width=\"94\"><strong>1 \u0442\u0430\u0431\u043b\u0435\u0442\u043a\u0430<\/strong><\/td><td width=\"94\"><strong>BRD %<\/strong><\/td><\/tr><tr><td width=\"170\"><strong>\u0425\u0440\u043e\u043c<\/strong><\/td><td width=\"94\"><strong>200 \u043c\u043a\u0433<\/strong><\/td><td width=\"94\"><strong>500<\/strong><\/td><\/tr><\/tbody><\/table><p><em>BRD \u042d\u0442\u0430\u043b\u043e\u043d\u043d\u043e\u0435 \u0437\u043d\u0430\u0447\u0435\u043d\u0438\u0435 \u0434\u043b\u044f \u043f\u0438\u0442\u0430\u043d\u0438\u044f<\/em><\/p><p><strong>\u00a0<\/strong><strong>\u0421\u043e\u0434\u0435\u0440\u0436\u0430\u043d\u0438\u0435:<\/strong><\/p><ul><li>\u041c\u0438\u043a\u0440\u043e\u043a\u0440\u0438\u0441\u0442\u0430\u043b\u043b\u0438\u0447\u0435\u0441\u043a\u0430\u044f \u0446\u0435\u043b\u043b\u044e\u043b\u043e\u0437\u0430, \u043c\u0430\u0433\u043d\u0438\u0435\u0432\u044b\u0435 \u0441\u043e\u043b\u0438 \u0436\u0438\u0440\u043d\u044b\u0445 \u043a\u0438\u0441\u043b\u043e\u0442, \u0434\u0438\u043e\u043a\u0441\u0438\u0434 \u043a\u0440\u0435\u043c\u043d\u0438\u044f, \u043f\u0438\u043a\u043e\u043b\u0438\u043d\u0430\u0442 \u0445\u0440\u043e\u043c\u0430<\/li><\/ul><p><strong>\u0418\u043d\u0441\u0442\u0440\u0443\u043a\u0446\u0438\u044f \u043f\u043e \u043f\u0440\u0438\u043c\u0435\u043d\u0435\u043d\u0438\u044e:<\/strong><\/p><ul><li>\u0420\u0435\u043a\u043e\u043c\u0435\u043d\u0434\u0443\u0435\u0442\u0441\u044f \u043f\u0440\u0438\u043d\u0438\u043c\u0430\u0442\u044c \u043f\u043e 1 \u0442\u0430\u0431\u043b\u0435\u0442\u043a\u0435 \u0432 \u0434\u0435\u043d\u044c.<\/li><li>\u041f\u043e\u0434\u0445\u043e\u0434\u0438\u0442 \u0434\u043b\u044f \u0438\u0441\u043f\u043e\u043b\u044c\u0437\u043e\u0432\u0430\u043d\u0438\u044f \u0432\u0437\u0440\u043e\u0441\u043b\u044b\u043c\u0438 \u0432 \u0432\u043e\u0437\u0440\u0430\u0441\u0442\u0435 \u043e\u0442 11 \u043b\u0435\u0442 \u0438 \u0441\u0442\u0430\u0440\u0448\u0435.<\/li><li>\u041f\u043e\u0434\u0445\u043e\u0434\u0438\u0442 \u0434\u043b\u044f \u0432\u0435\u0433\u0430\u043d\u043e\u0432\/\u0432\u0435\u0433\u0435\u0442\u0430\u0440\u0438\u0430\u043d\u0446\u0435\u0432.<\/li><li><p>\u041f\u0440\u043e\u043a\u043e\u043d\u0441\u0443\u043b\u044c\u0442\u0438\u0440\u0443\u0439\u0442\u0435\u0441\u044c \u0441 \u0432\u0440\u0430\u0447\u043e\u043c \u0432\u043e \u0432\u0440\u0435\u043c\u044f \u0431\u0435\u0440\u0435\u043c\u0435\u043d\u043d\u043e\u0441\u0442\u0438 \u0438 \u043a\u043e\u0440\u043c\u043b\u0435\u043d\u0438\u044f \u0433\u0440\u0443\u0434\u044c\u044e, \u0430 \u0442\u0430\u043a\u0436\u0435 \u0432 \u0441\u043b\u0443\u0447\u0430\u0435 \u0431\u043e\u043b\u0435\u0437\u043d\u0438 \u0438\u043b\u0438 \u043f\u0440\u0438\u0435\u043c\u0430 \u043b\u0435\u043a\u0430\u0440\u0441\u0442\u0432.<\/p><\/li><\/ul><p><strong>\u0423\u0441\u043b\u043e\u0432\u0438\u044f \u0445\u0440\u0430\u043d\u0435\u043d\u0438\u044f:<\/strong><\/p><ul><li>\u0425\u0440\u0430\u043d\u0438\u0442\u044c \u0432 \u0441\u0443\u0445\u043e\u043c \u0438 \u043f\u0440\u043e\u0445\u043b\u0430\u0434\u043d\u043e\u043c \u043c\u0435\u0441\u0442\u0435 \u043f\u0440\u0438 \u0442\u0435\u043c\u043f\u0435\u0440\u0430\u0442\u0443\u0440\u0435 \u043d\u0438\u0436\u0435 25\u00b0C.<\/li><\/ul><p><strong>\u0414\u0435\u043a\u043b\u0430\u0440\u0430\u0446\u0438\u0438 \u043e \u0437\u0434\u043e\u0440\u043e\u0432\u044c\u0435: <\/strong><\/p><ul><li>\u041d\u043e\u0440\u043c\u0430\u043b\u044c\u043d\u044b\u0439 \u043e\u0431\u043c\u0435\u043d \u043c\u0430\u043a\u0440\u043e\u044d\u043b\u0435\u043c\u0435\u043d\u0442\u043e\u0432,<\/li><li>\u0421\u043f\u043e\u0441\u043e\u0431\u0441\u0442\u0432\u0443\u0435\u0442 \u043f\u043e\u0434\u0434\u0435\u0440\u0436\u0430\u043d\u0438\u044e \u043d\u043e\u0440\u043c\u0430\u043b\u044c\u043d\u043e\u0433\u043e \u0443\u0440\u043e\u0432\u043d\u044f \u0433\u043b\u044e\u043a\u043e\u0437\u044b \u0432 \u043a\u0440\u043e\u0432\u0438.<\/li><\/ul><p>* \u041f\u043e\u043b\u043e\u0436\u0435\u043d\u0438\u0435 \u043e\u0431 \u0438\u0441\u043f\u043e\u043b\u044c\u0437\u043e\u0432\u0430\u043d\u0438\u0438 \u0434\u0435\u043a\u043b\u0430\u0440\u0430\u0446\u0438\u0438 \u0437\u0434\u043e\u0440\u043e\u0432\u044c\u044f \u0432 \u043f\u0440\u043e\u0434\u0443\u043a\u0442\u0430\u0445 \u043f\u0438\u0442\u0430\u043d\u0438\u044f \u0438 \u043f\u0438\u0449\u0435\u0432\u044b\u0445 \u0434\u043e\u0431\u0430\u0432\u043a\u0430\u0445 (\u041e\u0444\u0438\u0446\u0438\u0430\u043b\u044c\u043d\u044b\u0439 \u0432\u0435\u0441\u0442\u043d\u0438\u043a \u2116 32169 \/ \u043e\u0442 20.04.2023)<\/p>\t\t\t\t\t\t\t\t<\/div>\n\t\t\t\t<\/div>\n\t\t\t\t\t<\/div>\n\t\t<\/div>\n\t\t\t\t\t<\/div>\n\t\t<\/section>\n\t\t\t\t<section class=\"elementor-section elementor-top-section elementor-element elementor-element-a1a180b elementor-section-full_width elementor-section-stretched elementor-section-height-default elementor-section-height-default\" data-id=\"a1a180b\" data-element_type=\"section\" data-settings=\"{&quot;stretch_section&quot;:&quot;section-stretched&quot;}\">\n\t\t\t\t\t\t<div class=\"elementor-container elementor-column-gap-default\">\n\t\t\t\t\t<div class=\"elementor-column elementor-col-100 elementor-top-column elementor-element elementor-element-5014ecf\" data-id=\"5014ecf\" data-element_type=\"column\">\n\t\t\t<div class=\"elementor-widget-wrap elementor-element-populated\">\n\t\t\t\t\t\t<div class=\"elementor-element elementor-element-ae8090b elementor-widget elementor-widget-ube-divider\" data-id=\"ae8090b\" data-element_type=\"widget\" data-widget_type=\"ube-divider.default\">\n\t\t\t\t<div class=\"elementor-widget-container\">\n\t\t\t\t\t<div class=\"ube-divider ube-divider-style-solid\">\n\t<div class=\"ube-divider-separator\">\n\t\t\t<\/div>\n<\/div>\n\t\t\t\t<\/div>\n\t\t\t\t<\/div>\n\t\t\t\t<div class=\"elementor-element elementor-element-09f507e elementor-widget elementor-widget-spacer\" data-id=\"09f507e\" data-element_type=\"widget\" data-widget_type=\"spacer.default\">\n\t\t\t\t<div class=\"elementor-widget-container\">\n\t\t\t\t\t\t\t<div class=\"elementor-spacer\">\n\t\t\t<div class=\"elementor-spacer-inner\"><\/div>\n\t\t<\/div>\n\t\t\t\t\t\t<\/div>\n\t\t\t\t<\/div>\n\t\t\t\t\t<\/div>\n\t\t<\/div>\n\t\t\t\t\t<\/div>\n\t\t<\/section>\n\t\t\t\t<section class=\"elementor-section elementor-top-section elementor-element elementor-element-98fdc88 elementor-section-boxed elementor-section-height-default elementor-section-height-default\" data-id=\"98fdc88\" data-element_type=\"section\">\n\t\t\t\t\t\t<div class=\"elementor-container elementor-column-gap-default\">\n\t\t\t\t\t<div class=\"elementor-column elementor-col-100 elementor-top-column elementor-element elementor-element-0c775a8\" data-id=\"0c775a8\" data-element_type=\"column\">\n\t\t\t<div class=\"elementor-widget-wrap elementor-element-populated\">\n\t\t\t\t\t\t<div class=\"elementor-element elementor-element-4d10b5b elementor-widget elementor-widget-heading\" data-id=\"4d10b5b\" data-element_type=\"widget\" data-widget_type=\"heading.default\">\n\t\t\t\t<div class=\"elementor-widget-container\">\n\t\t\t\t\t<h2 class=\"elementor-heading-title elementor-size-default\">\u041f\u043e\u0445\u043e\u0436\u0438\u0435 \u043f\u043e\u0441\u0442\u044b<\/h2>\t\t\t\t<\/div>\n\t\t\t\t<\/div>\n\t\t\t\t<div class=\"elementor-element elementor-element-26ecbac elementor-widget elementor-widget-ube-post-grid\" data-id=\"26ecbac\" data-element_type=\"widget\" data-widget_type=\"ube-post-grid.default\">\n\t\t\t\t<div class=\"elementor-widget-container\">\n\t\t\t\t\t\n\n<div id=\"ube-post-list-26ecbac\" class=\"ube-posts ube-post-grid ube-post-appender row\">\n\t<div class=\"ube-post-grid-item col-auto col-md-auto col-lg-4\">\n    <article class=\"card ube-post-item ube-post-grid-layout-01\">\n\t\t            <a class=\"ube-entry-post-thumb card-img-top\" href=\"https:\/\/qubtiva.com\/ru\/%d0%bf%d0%b8%d0%ba%d0%be%d0%bb%d0%b8%d0%bd%d0%b0%d1%82-%d1%85%d1%80%d0%be%d0%bc%d0%b0-%d0%b4%d0%bb%d1%8f-%d0%ba%d0%be%d0%bd%d1%82%d1%80%d0%be%d0%bb%d1%8f-%d1%83%d1%80%d0%be%d0%b2%d0%bd%d1%8f-%d1%81\/\"\n               style=\"background-image: url('https:\/\/qubtiva.com\/wp-content\/uploads\/2025\/07\/cm.png');--ube-post-grid-ratio:75%;\">\n            <\/a>\n\t\t        <div class=\"card-body\">\n\t\t\t            <header class=\"ube-entry-header\">\n\t\t\t\t                    <h2 class=\"ube-entry-title card-title\">\n                        <a class=\"ube-post-link\" href=\"https:\/\/qubtiva.com\/ru\/%d0%bf%d0%b8%d0%ba%d0%be%d0%bb%d0%b8%d0%bd%d0%b0%d1%82-%d1%85%d1%80%d0%be%d0%bc%d0%b0-%d0%b4%d0%bb%d1%8f-%d0%ba%d0%be%d0%bd%d1%82%d1%80%d0%be%d0%bb%d1%8f-%d1%83%d1%80%d0%be%d0%b2%d0%bd%d1%8f-%d1%81\/\"\n                           title=\"\u041f\u0438\u043a\u043e\u043b\u0438\u043d\u0430\u0442 \u0445\u0440\u043e\u043c\u0430 \u0434\u043b\u044f \u043a\u043e\u043d\u0442\u0440\u043e\u043b\u044f \u0443\u0440\u043e\u0432\u043d\u044f \u0441\u0430\u0445\u0430\u0440\u0430 \u0432 \u043a\u0440\u043e\u0432\u0438 \u0438 \u043c\u0435\u0442\u0430\u0431\u043e\u043b\u0438\u0437\u043c\u0430\">\n\t\t\t\t\t\t\t\u041f\u0438\u043a\u043e\u043b\u0438\u043d\u0430\u0442 \u0445\u0440\u043e\u043c\u0430 \u0434\u043b\u044f \u043a\u043e\u043d\u0442\u0440\u043e\u043b\u044f \u0443\u0440\u043e\u0432\u043d\u044f \u0441\u0430\u0445\u0430\u0440\u0430 \u0432 \u043a\u0440\u043e\u0432\u0438 \u0438 \u043c\u0435\u0442\u0430\u0431\u043e\u043b\u0438\u0437\u043c\u0430                        <\/a>\n                    <\/h2>\n\t\t\t\t\t\t\t\t            <\/header>\n\t\t\t        <\/div>\n    <\/article>\n<\/div>\n\n\t\t\t<div class=\"ube-post-grid-item col-auto col-md-auto col-lg-4\">\n    <article class=\"card ube-post-item ube-post-grid-layout-01\">\n\t\t            <a class=\"ube-entry-post-thumb card-img-top\" href=\"https:\/\/qubtiva.com\/ru\/%d0%b2%d1%81%d0%b5%d1%81%d1%82%d0%be%d1%80%d0%be%d0%bd%d0%bd%d0%b8%d0%b9-%d0%bd%d0%b0%d1%83%d1%87%d0%bd%d1%8b%d0%b9-%d0%be%d0%b1%d0%b7%d0%be%d1%80-%d1%85%d1%80%d0%be%d0%bc%d0%b0\/\"\n               style=\"background-image: url('https:\/\/qubtiva.com\/wp-content\/uploads\/2025\/06\/krom.jpg');--ube-post-grid-ratio:75%;\">\n            <\/a>\n\t\t        <div class=\"card-body\">\n\t\t\t            <header class=\"ube-entry-header\">\n\t\t\t\t                    <h2 class=\"ube-entry-title card-title\">\n                        <a class=\"ube-post-link\" href=\"https:\/\/qubtiva.com\/ru\/%d0%b2%d1%81%d0%b5%d1%81%d1%82%d0%be%d1%80%d0%be%d0%bd%d0%bd%d0%b8%d0%b9-%d0%bd%d0%b0%d1%83%d1%87%d0%bd%d1%8b%d0%b9-%d0%be%d0%b1%d0%b7%d0%be%d1%80-%d1%85%d1%80%d0%be%d0%bc%d0%b0\/\"\n                           title=\"\u0425\u0440\u043e\u043c (Cr): \u0412\u0441\u0435\u0441\u0442\u043e\u0440\u043e\u043d\u043d\u0438\u0439 \u043d\u0430\u0443\u0447\u043d\u044b\u0439 \u043e\u0431\u0437\u043e\u0440\">\n\t\t\t\t\t\t\t\u0425\u0440\u043e\u043c (Cr): \u0412\u0441\u0435\u0441\u0442\u043e\u0440\u043e\u043d\u043d\u0438\u0439 \u043d\u0430\u0443\u0447\u043d\u044b\u0439 \u043e\u0431\u0437\u043e\u0440                        <\/a>\n                    <\/h2>\n\t\t\t\t\t\t\t\t            <\/header>\n\t\t\t        <\/div>\n    <\/article>\n<\/div>\n\n\t\t\t<div class=\"ube-post-grid-item col-auto col-md-auto col-lg-4\">\n    <article class=\"card ube-post-item ube-post-grid-layout-01\">\n\t\t            <a class=\"ube-entry-post-thumb card-img-top\" href=\"https:\/\/qubtiva.com\/ru\/%d0%ba%d0%b0%d0%ba-%d0%bf%d0%b8%d0%ba%d0%be%d0%bb%d0%b8%d0%bd%d0%b0%d1%82-%d1%85%d1%80%d0%be%d0%bc%d0%b0-%d0%b8%d0%b7%d0%bc%d0%b5%d0%bd%d1%8f%d0%b5%d1%82-%d0%b2%d0%b0%d1%88%d0%b5-%d1%82%d0%b5%d0%bb\/\"\n               style=\"background-image: url('https:\/\/qubtiva.com\/wp-content\/uploads\/2025\/05\/Krom-Pikolinat.jpg');--ube-post-grid-ratio:75%;\">\n            <\/a>\n\t\t        <div class=\"card-body\">\n\t\t\t            <header class=\"ube-entry-header\">\n\t\t\t\t                    <h2 class=\"ube-entry-title card-title\">\n                        <a class=\"ube-post-link\" href=\"https:\/\/qubtiva.com\/ru\/%d0%ba%d0%b0%d0%ba-%d0%bf%d0%b8%d0%ba%d0%be%d0%bb%d0%b8%d0%bd%d0%b0%d1%82-%d1%85%d1%80%d0%be%d0%bc%d0%b0-%d0%b8%d0%b7%d0%bc%d0%b5%d0%bd%d1%8f%d0%b5%d1%82-%d0%b2%d0%b0%d1%88%d0%b5-%d1%82%d0%b5%d0%bb\/\"\n                           title=\"\u041a\u0430\u043a \u043f\u0438\u043a\u043e\u043b\u0438\u043d\u0430\u0442 \u0445\u0440\u043e\u043c\u0430 \u0438\u0437\u043c\u0435\u043d\u044f\u0435\u0442 \u0432\u0430\u0448\u0435 \u0442\u0435\u043b\u043e?\">\n\t\t\t\t\t\t\t\u041a\u0430\u043a \u043f\u0438\u043a\u043e\u043b\u0438\u043d\u0430\u0442 \u0445\u0440\u043e\u043c\u0430 \u0438\u0437\u043c\u0435\u043d\u044f\u0435\u0442 \u0432\u0430\u0448\u0435 \u0442\u0435\u043b\u043e?                        <\/a>\n                    <\/h2>\n\t\t\t\t\t\t\t\t            <\/header>\n\t\t\t        <\/div>\n    <\/article>\n<\/div>\n\n\t\t\t<\/div>\n\n<div class=\"ube-post-list-paging\">\n\t<\/div>\n\t\t\t\t<\/div>\n\t\t\t\t<\/div>\n\t\t\t\t\t<\/div>\n\t\t<\/div>\n\t\t\t\t\t<\/div>\n\t\t<\/section>\n\t\t\t\t<\/div>","protected":false},"excerpt":{"rendered":"<p>\u041f\u0438\u043a\u043e\u043b\u0438\u043d\u0430\u0442 \u0445\u0440\u043e\u043c\u0430 \u0441\u043e\u0434\u0435\u0440\u0436\u0438\u0442 \u0432\u0430\u0436\u043d\u044b\u0439 \u043c\u0438\u043d\u0435\u0440\u0430\u043b, \u043a\u043e\u0442\u043e\u0440\u044b\u0439 \u0441\u043f\u043e\u0441\u043e\u0431\u0441\u0442\u0432\u0443\u0435\u0442 \u043d\u043e\u0440\u043c\u0430\u043b\u044c\u043d\u043e\u043c\u0443 \u043e\u0431\u043c\u0435\u043d\u0443 \u043c\u0430\u043a\u0440\u043e\u044d\u043b\u0435\u043c\u0435\u043d\u0442\u043e\u0432 \u0438 \u043f\u043e\u0434\u0434\u0435\u0440\u0436\u0430\u043d\u0438\u044e \u043d\u043e\u0440\u043c\u0430\u043b\u044c\u043d\u043e\u0433\u043e \u0443\u0440\u043e\u0432\u043d\u044f \u0433\u043b\u044e\u043a\u043e\u0437\u044b \u0432 \u043a\u0440\u043e\u0432\u0438.<\/p>","protected":false},"featured_media":9007,"comment_status":"open","ping_status":"closed","template":"","meta":[],"product_brand":[],"product_cat":[158],"product_tag":[],"class_list":{"0":"post-5440","1":"product","2":"type-product","3":"status-publish","4":"has-post-thumbnail","6":"product_cat-mineraller","8":"first","9":"instock","10":"shipping-taxable","11":"purchasable","12":"product-type-simple"},"_links":{"self":[{"href":"https:\/\/qubtiva.com\/ru\/wp-json\/wp\/v2\/product\/5440","targetHints":{"allow":["GET"]}}],"collection":[{"href":"https:\/\/qubtiva.com\/ru\/wp-json\/wp\/v2\/product"}],"about":[{"href":"https:\/\/qubtiva.com\/ru\/wp-json\/wp\/v2\/types\/product"}],"replies":[{"embeddable":true,"href":"https:\/\/qubtiva.com\/ru\/wp-json\/wp\/v2\/comments?post=5440"}],"version-history":[{"count":19,"href":"https:\/\/qubtiva.com\/ru\/wp-json\/wp\/v2\/product\/5440\/revisions"}],"predecessor-version":[{"id":9338,"href":"https:\/\/qubtiva.com\/ru\/wp-json\/wp\/v2\/product\/5440\/revisions\/9338"}],"wp:featuredmedia":[{"embeddable":true,"href":"https:\/\/qubtiva.com\/ru\/wp-json\/wp\/v2\/media\/9007"}],"wp:attachment":[{"href":"https:\/\/qubtiva.com\/ru\/wp-json\/wp\/v2\/media?parent=5440"}],"wp:term":[{"taxonomy":"product_brand","embeddable":true,"href":"https:\/\/qubtiva.com\/ru\/wp-json\/wp\/v2\/product_brand?post=5440"},{"taxonomy":"product_cat","embeddable":true,"href":"https:\/\/qubtiva.com\/ru\/wp-json\/wp\/v2\/product_cat?post=5440"},{"taxonomy":"product_tag","embeddable":true,"href":"https:\/\/qubtiva.com\/ru\/wp-json\/wp\/v2\/product_tag?post=5440"}],"curies":[{"name":"wp","href":"https:\/\/api.w.org\/{rel}","templated":true}]}}