{"id":5444,"date":"2021-10-01T13:55:08","date_gmt":"2021-10-01T10:55:08","guid":{"rendered":"https:\/\/qubtiva.com\/?post_type=product&#038;p=5444"},"modified":"2026-02-19T14:50:07","modified_gmt":"2026-02-19T11:50:07","slug":"%d0%b2%d0%b8%d1%82%d0%b0%d0%bc%d0%b8%d0%bd-%d1%81-%d0%ba%d0%b0%d0%bb%d1%8c%d1%86%d0%b8%d0%b9-%d0%bb-%d0%b0%d1%81%d0%ba%d0%be%d1%80%d0%b1%d0%b0%d1%82-%d1%86%d0%b8%d1%82%d1%80%d1%83%d1%81%d0%be%d0%b2","status":"publish","type":"product","link":"https:\/\/qubtiva.com\/ru\/product\/%d0%b2%d0%b8%d1%82%d0%b0%d0%bc%d0%b8%d0%bd-%d1%81-%d0%ba%d0%b0%d0%bb%d1%8c%d1%86%d0%b8%d0%b9-%d0%bb-%d0%b0%d1%81%d0%ba%d0%be%d1%80%d0%b1%d0%b0%d1%82-%d1%86%d0%b8%d1%82%d1%80%d1%83%d1%81%d0%be%d0%b2\/","title":{"rendered":"\u0412\u0438\u0442\u0430\u043c\u0438\u043d \u0421 - L-\u0430\u0441\u043a\u043e\u0440\u0431\u0430\u0442 \u043a\u0430\u043b\u044c\u0446\u0438\u044f \u0438 \u0446\u0438\u0442\u0440\u0443\u0441\u043e\u0432\u044b\u0439 \u0431\u0438\u043e\u0444\u043b\u0430"},"content":{"rendered":"<div data-elementor-type=\"wp-post\" data-elementor-id=\"5444\" class=\"elementor elementor-5444\">\n\t\t\t\t\t\t<section class=\"elementor-section elementor-top-section elementor-element elementor-element-292542ca elementor-section-boxed elementor-section-height-default elementor-section-height-default\" data-id=\"292542ca\" data-element_type=\"section\">\n\t\t\t\t\t\t<div class=\"elementor-container elementor-column-gap-default\">\n\t\t\t\t\t<div class=\"elementor-column elementor-col-100 elementor-top-column elementor-element elementor-element-22046fad\" data-id=\"22046fad\" data-element_type=\"column\">\n\t\t\t<div class=\"elementor-widget-wrap elementor-element-populated\">\n\t\t\t\t\t\t<div class=\"elementor-element elementor-element-57264941 elementor-widget elementor-widget-text-editor\" data-id=\"57264941\" data-element_type=\"widget\" data-widget_type=\"text-editor.default\">\n\t\t\t\t<div class=\"elementor-widget-container\">\n\t\t\t\t\t\t\t\t\t<p>\u0412 \u044d\u0442\u043e\u0439 \u0441\u043f\u0435\u0446\u0438\u0430\u043b\u044c\u043d\u043e\u0439 \u0444\u043e\u0440\u043c\u0443\u043b\u0435 \u0432\u0438\u0442\u0430\u043c\u0438\u043d \u0421 \u0432 \u0444\u043e\u0440\u043c\u0435 L-\u0430\u0441\u043a\u043e\u0440\u0431\u0430\u0442\u0430 \u043a\u0430\u043b\u044c\u0446\u0438\u044f \u0441\u043e\u0447\u0435\u0442\u0430\u0435\u0442\u0441\u044f \u0441 \u0446\u0438\u0442\u0440\u0443\u0441\u043e\u0432\u044b\u043c\u0438 \u0431\u0438\u043e\u0444\u043b\u0430\u0432\u043e\u043d\u043e\u0438\u0434\u0430\u043c\u0438, \u0440\u0443\u0442\u0438\u043d\u043e\u043c \u0438 \u044d\u043a\u0441\u0442\u0440\u0430\u043a\u0442\u043e\u043c \u043f\u0442\u0438\u0447\u044c\u0435\u0433\u043e \u043d\u043e\u0441\u0430, \u0441\u043e\u0437\u0434\u0430\u0432\u0430\u044f \u0441\u0438\u043d\u0435\u0440\u0433\u0435\u0442\u0438\u0447\u0435\u0441\u043a\u0438\u0439 \u044d\u0444\u0444\u0435\u043a\u0442. \u041a\u0430\u0436\u0434\u044b\u0439 \u0438\u043d\u0433\u0440\u0435\u0434\u0438\u0435\u043d\u0442 \u0443\u0441\u0438\u043b\u0438\u0432\u0430\u0435\u0442 \u0434\u0435\u0439\u0441\u0442\u0432\u0438\u0435 \u0434\u0440\u0443\u0433\u043e\u0433\u043e, \u043e\u0431\u0435\u0441\u043f\u0435\u0447\u0438\u0432\u0430\u044f \u043d\u0435\u043e\u0431\u0445\u043e\u0434\u0438\u043c\u0443\u044e \u043e\u0440\u0433\u0430\u043d\u0438\u0437\u043c\u0443 \u043f\u043e\u0434\u0434\u0435\u0440\u0436\u043a\u0443. L-\u0430\u0441\u043a\u043e\u0440\u0431\u0430\u0442 \u043a\u0430\u043b\u044c\u0446\u0438\u044f \u043b\u0435\u0433\u043a\u043e \u0432\u0441\u0430\u0441\u044b\u0432\u0430\u0435\u0442\u0441\u044f \u0432 \u043e\u0440\u0433\u0430\u043d\u0438\u0437\u043c \u0431\u043b\u0430\u0433\u043e\u0434\u0430\u0440\u044f \u0432\u044b\u0441\u043e\u043a\u043e\u0439 \u0431\u0438\u043e\u0434\u043e\u0441\u0442\u0443\u043f\u043d\u043e\u0441\u0442\u0438 \u0438 \u043e\u0431\u0435\u0441\u043f\u0435\u0447\u0438\u0432\u0430\u0435\u0442 \u044d\u0444\u0444\u0435\u043a\u0442\u0438\u0432\u043d\u043e\u0441\u0442\u044c, \u043d\u0435 \u0440\u0430\u0437\u0434\u0440\u0430\u0436\u0430\u044f \u0436\u0435\u043b\u0443\u0434\u043e\u043a. \u0426\u0438\u0442\u0440\u0443\u0441\u043e\u0432\u044b\u0435 \u0431\u0438\u043e\u0444\u043b\u0430\u0432\u043e\u043d\u043e\u0438\u0434\u044b \u0438 \u0440\u0443\u0442\u0438\u043d \u0443\u043b\u0443\u0447\u0448\u0430\u044e\u0442 \u0443\u0441\u0432\u043e\u0435\u043d\u0438\u0435 \u0432\u0438\u0442\u0430\u043c\u0438\u043d\u0430 \u0421 \u0438 \u043e\u0431\u0435\u0441\u043f\u0435\u0447\u0438\u0432\u0430\u044e\u0442 \u043e\u0440\u0433\u0430\u043d\u0438\u0437\u043c\u0443 \u0434\u043e\u043f\u043e\u043b\u043d\u0438\u0442\u0435\u043b\u044c\u043d\u0443\u044e \u0430\u043d\u0442\u0438\u043e\u043a\u0441\u0438\u0434\u0430\u043d\u0442\u043d\u0443\u044e \u043f\u043e\u0434\u0434\u0435\u0440\u0436\u043a\u0443. \u042d\u043a\u0441\u0442\u0440\u0430\u043a\u0442 \u0448\u0438\u043f\u043e\u0432\u043d\u0438\u043a\u0430 \u0437\u0430\u0432\u0435\u0440\u0448\u0430\u0435\u0442 \u044d\u0442\u0443 \u0441\u0438\u043d\u0435\u0440\u0433\u0435\u0442\u0438\u0447\u0435\u0441\u043a\u0443\u044e \u043a\u043e\u043c\u0431\u0438\u043d\u0430\u0446\u0438\u044e \u0438 \u043e\u0431\u043e\u0433\u0430\u0449\u0430\u0435\u0442 \u0434\u043e\u0431\u0430\u0432\u043a\u0443.<\/p><ul><li>Oksidatif Stresin artt\u0131\u011f\u0131 d\u00f6nemlerde ba\u011f\u0131\u015f\u0131kl\u0131k sisteminin normal fonksiyonlar\u0131n\u0131<br \/>desteklemek ve g\u00fcnl\u00fck C vitamini ihtiyac\u0131n\u0131n kar\u015f\u0131lamaya yard\u0131mc\u0131 olmak amac\u0131yla<br \/>tercih edilebilir.<\/li><li>G\u00fcnl\u00fck ya\u015famda artan \u00e7evresel fakt\u00f6rlere kar\u015f\u0131 antioksidan deste\u011fin sa\u011flanmas\u0131na ve<br \/>ba\u011f\u0131\u015f\u0131kl\u0131k sisteminin normal fonksiyonlar\u0131n\u0131n korunmas\u0131na katk\u0131 sa\u011flar.<\/li><\/ul><p><strong>\u0422\u0430\u0431\u043b\u0438\u0446\u0430 \u043f\u0438\u0442\u0430\u0442\u0435\u043b\u044c\u043d\u044b\u0445 \u0432\u0435\u0449\u0435\u0441\u0442\u0432:<\/strong><\/p><table><tbody><tr><td width=\"141\"><strong>\u0410\u043a\u0442\u0438\u0432\u043d\u044b\u0439 \u0438\u043d\u0433\u0440\u0435\u0434\u0438\u0435\u043d\u0442<\/strong><\/td><td width=\"123\"><strong>1 \u0442\u0430\u0431\u043b\u0435\u0442\u043a\u0430<\/strong><\/td><td width=\"123\"><strong>BRD %<\/strong><\/td><\/tr><tr><td width=\"141\"><strong>\u0412\u0438\u0442\u0430\u043c\u0438\u043d C*<\/strong><\/td><td width=\"123\"><strong>1000 \u043c\u0433<\/strong><\/td><td width=\"123\"><strong>1250<\/strong><\/td><\/tr><tr><td width=\"141\"><strong>\u0426\u0438\u0442\u0440\u0443\u0441\u043e\u0432\u044b\u0435 \u0431\u0438\u043e\u0444\u043b\u0430\u0432\u043e\u043d\u043e\u0438\u0434\u044b<\/strong><\/td><td width=\"123\"><strong>200 \u043c\u0433 <\/strong><\/td><td width=\"123\"><strong>&#8211;<\/strong><\/td><\/tr><tr><td width=\"141\"><strong>\u0420\u0443\u0442\u0438\u043d\u0430 <\/strong><\/td><td width=\"123\"><strong>25 \u043c\u0433<\/strong><\/td><td width=\"123\"><strong>&#8211;<\/strong><\/td><\/tr><tr><td width=\"141\"><strong>\u042d\u043a\u0441\u0442\u0440\u0430\u043a\u0442 \u0448\u0438\u043f\u043e\u0432\u043d\u0438\u043a\u0430<\/strong><\/td><td width=\"123\"><strong>25 \u043c\u0433<\/strong><\/td><td width=\"123\"><strong>&#8211;<\/strong><\/td><\/tr><\/tbody><\/table><p><em>\u00a0BRD \u042d\u0442\u0430\u043b\u043e\u043d\u043d\u043e\u0435 \u0437\u043d\u0430\u0447\u0435\u043d\u0438\u0435 \u0434\u043b\u044f \u043f\u0438\u0442\u0430\u043d\u0438\u044f<\/em><br \/><em>* \u0412\u0438\u0442\u0430\u043c\u0438\u043d \u0421 \u0438\u0437 L-\u0430\u0441\u043a\u043e\u0440\u0431\u0430\u0442\u0430 \u043a\u0430\u043b\u044c\u0446\u0438\u044f 1109,9 \u043c\u0433<\/em><\/p><p><strong>\u0421\u043e\u0434\u0435\u0440\u0436\u0430\u043d\u0438\u0435:<\/strong><\/p><ul><li>L-\u0430\u0441\u043a\u043e\u0440\u0431\u0430\u0442 \u043a\u0430\u043b\u044c\u0446\u0438\u044f, \u043c\u0438\u043a\u0440\u043e\u043a\u0440\u0438\u0441\u0442\u0430\u043b\u043b\u0438\u0447\u0435\u0441\u043a\u0430\u044f \u0446\u0435\u043b\u043b\u044e\u043b\u043e\u0437\u0430, \u0446\u0438\u0442\u0440\u0443\u0441\u043e\u0432\u044b\u0435 \u0431\u0438\u043e\u0444\u043b\u0430\u0432\u043e\u043d\u043e\u0438\u0434\u044b), \u043f\u043e\u043b\u0438\u0432\u0438\u043d\u0438\u043b\u043f\u0438\u0440\u0440\u043e\u043b\u0438\u0434\u043e\u043d-\u0432\u0438\u043d\u0438\u043b\u0430\u0446\u0435\u0442\u0430\u0442\u043d\u044b\u0439 \u0441\u043e\u043f\u043e\u043b\u0438\u043c\u0435\u0440, \u043f\u0440\u0435\u0436\u0435\u043b\u0430\u0442\u0438\u043d\u0438\u0437\u0438\u0440\u043e\u0432\u0430\u043d\u043d\u044b\u0439 \u043a\u0440\u0430\u0445\u043c\u0430\u043b, \u0440\u0443\u0442\u0438\u043d, \u044d\u043a\u0441\u0442\u0440\u0430\u043a\u0442 \u043f\u043b\u043e\u0434\u043e\u0432 \u0448\u0438\u043f\u043e\u0432\u043d\u0438\u043a\u0430, \u043c\u0430\u0433\u043d\u0438\u0435\u0432\u044b\u0435 \u0441\u043e\u043b\u0438 \u0436\u0438\u0440\u043d\u044b\u0445 \u043a\u0438\u0441\u043b\u043e\u0442, \u0434\u0438\u043e\u043a\u0441\u0438\u0434 \u043a\u0440\u0435\u043c\u043d\u0438\u044f<\/li><\/ul><p><strong>\u0418\u043d\u0441\u0442\u0440\u0443\u043a\u0446\u0438\u044f \u043f\u043e \u043f\u0440\u0438\u043c\u0435\u043d\u0435\u043d\u0438\u044e:<\/strong><\/p><ul><li>\u0420\u0435\u043a\u043e\u043c\u0435\u043d\u0434\u0443\u0435\u0442\u0441\u044f \u043f\u0440\u0438\u043d\u0438\u043c\u0430\u0442\u044c \u043f\u043e 1 \u0442\u0430\u0431\u043b\u0435\u0442\u043a\u0435 \u0432 \u0434\u0435\u043d\u044c.<\/li><li>\u041f\u043e\u0434\u0445\u043e\u0434\u0438\u0442 \u0434\u043b\u044f \u0438\u0441\u043f\u043e\u043b\u044c\u0437\u043e\u0432\u0430\u043d\u0438\u044f \u0432\u0437\u0440\u043e\u0441\u043b\u044b\u043c\u0438 \u0432 \u0432\u043e\u0437\u0440\u0430\u0441\u0442\u0435 \u043e\u0442 11 \u043b\u0435\u0442 \u0438 \u0441\u0442\u0430\u0440\u0448\u0435.<\/li><\/ul><p><strong>\u0423\u0441\u043b\u043e\u0432\u0438\u044f \u0445\u0440\u0430\u043d\u0435\u043d\u0438\u044f:<\/strong><\/p><ul><li>\u0425\u0440\u0430\u043d\u0438\u0442\u044c \u0432 \u0441\u0443\u0445\u043e\u043c \u0438 \u043f\u0440\u043e\u0445\u043b\u0430\u0434\u043d\u043e\u043c \u043c\u0435\u0441\u0442\u0435 \u043f\u0440\u0438 \u0442\u0435\u043c\u043f\u0435\u0440\u0430\u0442\u0443\u0440\u0435 \u043d\u0438\u0436\u0435 25\u00b0C.<\/li><\/ul><p><strong>\u0414\u0435\u043a\u043b\u0430\u0440\u0430\u0446\u0438\u0438 \u043e \u0437\u0434\u043e\u0440\u043e\u0432\u044c\u0435:<\/strong><\/p><ul><li>\u0412\u0438\u0442\u0430\u043c\u0438\u043d \u0421 \u0441\u043f\u043e\u0441\u043e\u0431\u0441\u0442\u0432\u0443\u0435\u0442 \u043f\u043e\u0434\u0434\u0435\u0440\u0436\u0430\u043d\u0438\u044e \u043d\u043e\u0440\u043c\u0430\u043b\u044c\u043d\u043e\u0439 \u0440\u0430\u0431\u043e\u0442\u044b \u0438\u043c\u043c\u0443\u043d\u043d\u043e\u0439 \u0441\u0438\u0441\u0442\u0435\u043c\u044b \u0432\u043e \u0432\u0440\u0435\u043c\u044f \u0438 \u043f\u043e\u0441\u043b\u0435 \u0438\u043d\u0442\u0435\u043d\u0441\u0438\u0432\u043d\u044b\u0445 \u0444\u0438\u0437\u0438\u0447\u0435\u0441\u043a\u0438\u0445 \u043d\u0430\u0433\u0440\u0443\u0437\u043e\u043a.<\/li><li>\u0412\u0438\u0442\u0430\u043c\u0438\u043d \u0421 \u0441\u043f\u043e\u0441\u043e\u0431\u0441\u0442\u0432\u0443\u0435\u0442 \u043d\u043e\u0440\u043c\u0430\u043b\u044c\u043d\u043e\u043c\u0443 \u043e\u0431\u0440\u0430\u0437\u043e\u0432\u0430\u043d\u0438\u044e \u043a\u043e\u043b\u043b\u0430\u0433\u0435\u043d\u0430, \u043a\u043e\u0442\u043e\u0440\u044b\u0439 \u043d\u0435\u043e\u0431\u0445\u043e\u0434\u0438\u043c \u0434\u043b\u044f \u043d\u043e\u0440\u043c\u0430\u043b\u044c\u043d\u043e\u0433\u043e \u0444\u0443\u043d\u043a\u0446\u0438\u043e\u043d\u0438\u0440\u043e\u0432\u0430\u043d\u0438\u044f \u043a\u0440\u043e\u0432\u0435\u043d\u043e\u0441\u043d\u044b\u0445 \u0441\u043e\u0441\u0443\u0434\u043e\u0432.<\/li><li>\u0412\u0438\u0442\u0430\u043c\u0438\u043d \u0421 \u0441\u043f\u043e\u0441\u043e\u0431\u0441\u0442\u0432\u0443\u0435\u0442 \u043d\u043e\u0440\u043c\u0430\u043b\u044c\u043d\u043e\u043c\u0443 \u043e\u0431\u0440\u0430\u0437\u043e\u0432\u0430\u043d\u0438\u044e \u043a\u043e\u043b\u043b\u0430\u0433\u0435\u043d\u0430, \u043a\u043e\u0442\u043e\u0440\u044b\u0439 \u043d\u0435\u043e\u0431\u0445\u043e\u0434\u0438\u043c \u0434\u043b\u044f \u043d\u043e\u0440\u043c\u0430\u043b\u044c\u043d\u043e\u0433\u043e \u0444\u0443\u043d\u043a\u0446\u0438\u043e\u043d\u0438\u0440\u043e\u0432\u0430\u043d\u0438\u044f \u043a\u043e\u0441\u0442\u0435\u0439.<\/li><li>\u0412\u0438\u0442\u0430\u043c\u0438\u043d \u0421 \u0441\u043f\u043e\u0441\u043e\u0431\u0441\u0442\u0432\u0443\u0435\u0442 \u043d\u043e\u0440\u043c\u0430\u043b\u044c\u043d\u043e\u043c\u0443 \u043e\u0431\u0440\u0430\u0437\u043e\u0432\u0430\u043d\u0438\u044e \u043a\u043e\u043b\u043b\u0430\u0433\u0435\u043d\u0430, \u043a\u043e\u0442\u043e\u0440\u044b\u0439 \u043d\u0435\u043e\u0431\u0445\u043e\u0434\u0438\u043c \u0434\u043b\u044f \u043d\u043e\u0440\u043c\u0430\u043b\u044c\u043d\u043e\u0433\u043e \u0444\u0443\u043d\u043a\u0446\u0438\u043e\u043d\u0438\u0440\u043e\u0432\u0430\u043d\u0438\u044f \u0445\u0440\u044f\u0449\u0430.<\/li><li>\u0412\u0438\u0442\u0430\u043c\u0438\u043d \u0421 \u0441\u043f\u043e\u0441\u043e\u0431\u0441\u0442\u0432\u0443\u0435\u0442 \u043d\u043e\u0440\u043c\u0430\u043b\u044c\u043d\u043e\u043c\u0443 \u043e\u0431\u0440\u0430\u0437\u043e\u0432\u0430\u043d\u0438\u044e \u043a\u043e\u043b\u043b\u0430\u0433\u0435\u043d\u0430, \u043a\u043e\u0442\u043e\u0440\u044b\u0439 \u043d\u0435\u043e\u0431\u0445\u043e\u0434\u0438\u043c \u0434\u043b\u044f \u043d\u043e\u0440\u043c\u0430\u043b\u044c\u043d\u043e\u0433\u043e \u0444\u0443\u043d\u043a\u0446\u0438\u043e\u043d\u0438\u0440\u043e\u0432\u0430\u043d\u0438\u044f \u0434\u0435\u0441\u0435\u043d.<\/li><li>\u0412\u0438\u0442\u0430\u043c\u0438\u043d \u0421 \u0441\u043f\u043e\u0441\u043e\u0431\u0441\u0442\u0432\u0443\u0435\u0442 \u043d\u043e\u0440\u043c\u0430\u043b\u044c\u043d\u043e\u043c\u0443 \u043e\u0431\u0440\u0430\u0437\u043e\u0432\u0430\u043d\u0438\u044e \u043a\u043e\u043b\u043b\u0430\u0433\u0435\u043d\u0430, \u043a\u043e\u0442\u043e\u0440\u044b\u0439 \u043d\u0435\u043e\u0431\u0445\u043e\u0434\u0438\u043c \u0434\u043b\u044f \u043d\u043e\u0440\u043c\u0430\u043b\u044c\u043d\u043e\u0433\u043e \u0444\u0443\u043d\u043a\u0446\u0438\u043e\u043d\u0438\u0440\u043e\u0432\u0430\u043d\u0438\u044f \u043a\u043e\u0436\u0438.<\/li><li>\u0412\u0438\u0442\u0430\u043c\u0438\u043d \u0421 \u0441\u043f\u043e\u0441\u043e\u0431\u0441\u0442\u0432\u0443\u0435\u0442 \u043d\u043e\u0440\u043c\u0430\u043b\u044c\u043d\u043e\u043c\u0443 \u043e\u0431\u0440\u0430\u0437\u043e\u0432\u0430\u043d\u0438\u044e \u043a\u043e\u043b\u043b\u0430\u0433\u0435\u043d\u0430, \u043a\u043e\u0442\u043e\u0440\u044b\u0439 \u043d\u0435\u043e\u0431\u0445\u043e\u0434\u0438\u043c \u0434\u043b\u044f \u043d\u043e\u0440\u043c\u0430\u043b\u044c\u043d\u043e\u0433\u043e \u0444\u0443\u043d\u043a\u0446\u0438\u043e\u043d\u0438\u0440\u043e\u0432\u0430\u043d\u0438\u044f \u0437\u0443\u0431\u043e\u0432.<\/li><li>\u0412\u0438\u0442\u0430\u043c\u0438\u043d \u0421 \u0441\u043f\u043e\u0441\u043e\u0431\u0441\u0442\u0432\u0443\u0435\u0442 \u043d\u043e\u0440\u043c\u0430\u043b\u044c\u043d\u043e\u043c\u0443 \u043e\u0431\u043c\u0435\u043d\u0443 \u0432\u0435\u0449\u0435\u0441\u0442\u0432, \u043e\u0431\u0440\u0430\u0437\u0443\u044e\u0449\u0438\u0445 \u044d\u043d\u0435\u0440\u0433\u0438\u044e.<\/li><li>\u0412\u0438\u0442\u0430\u043c\u0438\u043d \u0421 \u0441\u043f\u043e\u0441\u043e\u0431\u0441\u0442\u0432\u0443\u0435\u0442 \u043d\u043e\u0440\u043c\u0430\u043b\u044c\u043d\u043e\u043c\u0443 \u0444\u0443\u043d\u043a\u0446\u0438\u043e\u043d\u0438\u0440\u043e\u0432\u0430\u043d\u0438\u044e \u043d\u0435\u0440\u0432\u043d\u043e\u0439 \u0441\u0438\u0441\u0442\u0435\u043c\u044b.<\/li><li>\u0412\u0438\u0442\u0430\u043c\u0438\u043d \u0421 \u0441\u043f\u043e\u0441\u043e\u0431\u0441\u0442\u0432\u0443\u0435\u0442 \u043d\u043e\u0440\u043c\u0430\u043b\u044c\u043d\u043e\u0439 \u0440\u0430\u0431\u043e\u0442\u0435 \u0438\u043c\u043c\u0443\u043d\u043d\u043e\u0439 \u0441\u0438\u0441\u0442\u0435\u043c\u044b.<\/li><li>\u0412\u0438\u0442\u0430\u043c\u0438\u043d \u0421 \u0441\u043f\u043e\u0441\u043e\u0431\u0441\u0442\u0432\u0443\u0435\u0442 \u0437\u0430\u0449\u0438\u0442\u0435 \u043a\u043b\u0435\u0442\u043e\u043a \u043e\u0442 \u043e\u043a\u0438\u0441\u043b\u0438\u0442\u0435\u043b\u044c\u043d\u043e\u0433\u043e \u0441\u0442\u0440\u0435\u0441\u0441\u0430.<\/li><li>\u0412\u0438\u0442\u0430\u043c\u0438\u043d \u0421 \u0441\u043f\u043e\u0441\u043e\u0431\u0441\u0442\u0432\u0443\u0435\u0442 \u0441\u043d\u0438\u0436\u0435\u043d\u0438\u044e \u0443\u0441\u0442\u0430\u043b\u043e\u0441\u0442\u0438 \u0438 \u0443\u0442\u043e\u043c\u043b\u044f\u0435\u043c\u043e\u0441\u0442\u0438.<\/li><li>\u0412\u0438\u0442\u0430\u043c\u0438\u043d \u0421 \u0441\u043f\u043e\u0441\u043e\u0431\u0441\u0442\u0432\u0443\u0435\u0442 \u0440\u0435\u0433\u0435\u043d\u0435\u0440\u0430\u0446\u0438\u0438 \u0432\u043e\u0441\u0441\u0442\u0430\u043d\u043e\u0432\u043b\u0435\u043d\u043d\u043e\u0439 \u0444\u043e\u0440\u043c\u044b \u0432\u0438\u0442\u0430\u043c\u0438\u043d\u0430 \u0415.<\/li><li>\u0412\u0438\u0442\u0430\u043c\u0438\u043d \u0421 \u043f\u043e\u0432\u044b\u0448\u0430\u0435\u0442 \u0443\u0441\u0432\u043e\u0435\u043d\u0438\u0435 \u0436\u0435\u043b\u0435\u0437\u0430.<\/li><\/ul><p>* \u041f\u043e\u043b\u043e\u0436\u0435\u043d\u0438\u0435 \u043e\u0431 \u0438\u0441\u043f\u043e\u043b\u044c\u0437\u043e\u0432\u0430\u043d\u0438\u0438 \u0434\u0435\u043a\u043b\u0430\u0440\u0430\u0446\u0438\u0438 \u0437\u0434\u043e\u0440\u043e\u0432\u044c\u044f \u0432 \u043f\u0440\u043e\u0434\u0443\u043a\u0442\u0430\u0445 \u043f\u0438\u0442\u0430\u043d\u0438\u044f \u0438 \u043f\u0438\u0449\u0435\u0432\u044b\u0445 \u0434\u043e\u0431\u0430\u0432\u043a\u0430\u0445 (\u041e\u0444\u0438\u0446\u0438\u0430\u043b\u044c\u043d\u044b\u0439 \u0432\u0435\u0441\u0442\u043d\u0438\u043a \u2116 32169 \/ \u043e\u0442 20.04.2023)<\/p>\t\t\t\t\t\t\t\t<\/div>\n\t\t\t\t<\/div>\n\t\t\t\t\t<\/div>\n\t\t<\/div>\n\t\t\t\t\t<\/div>\n\t\t<\/section>\n\t\t\t\t<section class=\"elementor-section elementor-top-section elementor-element elementor-element-5f9f4ec elementor-section-full_width elementor-section-stretched elementor-section-height-default elementor-section-height-default\" data-id=\"5f9f4ec\" data-element_type=\"section\" data-settings=\"{&quot;stretch_section&quot;:&quot;section-stretched&quot;}\">\n\t\t\t\t\t\t<div class=\"elementor-container elementor-column-gap-default\">\n\t\t\t\t\t<div class=\"elementor-column elementor-col-100 elementor-top-column elementor-element elementor-element-67cb7ac\" data-id=\"67cb7ac\" data-element_type=\"column\">\n\t\t\t<div class=\"elementor-widget-wrap elementor-element-populated\">\n\t\t\t\t\t\t<div class=\"elementor-element elementor-element-c7da1df elementor-widget elementor-widget-ube-divider\" data-id=\"c7da1df\" data-element_type=\"widget\" data-widget_type=\"ube-divider.default\">\n\t\t\t\t<div class=\"elementor-widget-container\">\n\t\t\t\t\t<div class=\"ube-divider ube-divider-style-solid\">\n\t<div class=\"ube-divider-separator\">\n\t\t\t<\/div>\n<\/div>\n\t\t\t\t<\/div>\n\t\t\t\t<\/div>\n\t\t\t\t<div class=\"elementor-element elementor-element-54ac35e elementor-widget elementor-widget-spacer\" data-id=\"54ac35e\" data-element_type=\"widget\" data-widget_type=\"spacer.default\">\n\t\t\t\t<div class=\"elementor-widget-container\">\n\t\t\t\t\t\t\t<div class=\"elementor-spacer\">\n\t\t\t<div class=\"elementor-spacer-inner\"><\/div>\n\t\t<\/div>\n\t\t\t\t\t\t<\/div>\n\t\t\t\t<\/div>\n\t\t\t\t\t<\/div>\n\t\t<\/div>\n\t\t\t\t\t<\/div>\n\t\t<\/section>\n\t\t\t\t<section class=\"elementor-section elementor-top-section elementor-element elementor-element-c0eb903 elementor-section-boxed elementor-section-height-default elementor-section-height-default\" data-id=\"c0eb903\" data-element_type=\"section\">\n\t\t\t\t\t\t<div class=\"elementor-container elementor-column-gap-default\">\n\t\t\t\t\t<div class=\"elementor-column elementor-col-100 elementor-top-column elementor-element elementor-element-ffe59d6\" data-id=\"ffe59d6\" data-element_type=\"column\">\n\t\t\t<div class=\"elementor-widget-wrap elementor-element-populated\">\n\t\t\t\t\t\t<div class=\"elementor-element elementor-element-091ff86 elementor-widget elementor-widget-heading\" data-id=\"091ff86\" data-element_type=\"widget\" data-widget_type=\"heading.default\">\n\t\t\t\t<div class=\"elementor-widget-container\">\n\t\t\t\t\t<h2 class=\"elementor-heading-title elementor-size-default\">\u041f\u043e\u0445\u043e\u0436\u0438\u0435 \u043f\u043e\u0441\u0442\u044b<\/h2>\t\t\t\t<\/div>\n\t\t\t\t<\/div>\n\t\t\t\t<div class=\"elementor-element elementor-element-3384838 elementor-widget elementor-widget-ube-post-grid\" data-id=\"3384838\" data-element_type=\"widget\" data-widget_type=\"ube-post-grid.default\">\n\t\t\t\t<div class=\"elementor-widget-container\">\n\t\t\t\t\t\n\n<div id=\"ube-post-list-3384838\" class=\"ube-posts ube-post-grid ube-post-appender row\">\n\t<div class=\"ube-post-grid-item col-auto col-md-auto col-lg-4\">\n    <article class=\"card ube-post-item ube-post-grid-layout-01\">\n\t\t            <a class=\"ube-entry-post-thumb card-img-top\" href=\"https:\/\/qubtiva.com\/ru\/%d0%bc%d0%be%d1%89%d0%bd%d0%b0%d1%8f-%d0%b0%d0%bd%d1%82%d0%b8%d0%be%d0%ba%d1%81%d0%b8%d0%b4%d0%b0%d0%bd%d1%82%d0%bd%d0%b0%d1%8f-%d0%ba%d0%be%d0%bc%d0%b1%d0%b8%d0%bd%d0%b0%d1%86%d0%b8%d1%8f-%d0%be\/\"\n               style=\"background-image: url('https:\/\/qubtiva.com\/wp-content\/uploads\/2025\/07\/wsi-imageoptim-iStock-993119894-20201205-185635.jpg');--ube-post-grid-ratio:75%;\">\n            <\/a>\n\t\t        <div class=\"card-body\">\n\t\t\t            <header class=\"ube-entry-header\">\n\t\t\t\t                    <h2 class=\"ube-entry-title card-title\">\n                        <a class=\"ube-post-link\" href=\"https:\/\/qubtiva.com\/ru\/%d0%bc%d0%be%d1%89%d0%bd%d0%b0%d1%8f-%d0%b0%d0%bd%d1%82%d0%b8%d0%be%d0%ba%d1%81%d0%b8%d0%b4%d0%b0%d0%bd%d1%82%d0%bd%d0%b0%d1%8f-%d0%ba%d0%be%d0%bc%d0%b1%d0%b8%d0%bd%d0%b0%d1%86%d0%b8%d1%8f-%d0%be\/\"\n                           title=\"\u041c\u043e\u0449\u043d\u0430\u044f \u0430\u043d\u0442\u0438\u043e\u043a\u0441\u0438\u0434\u0430\u043d\u0442\u043d\u0430\u044f \u043a\u043e\u043c\u0431\u0438\u043d\u0430\u0446\u0438\u044f: \u0421\u0438\u043d\u0435\u0440\u0433\u0438\u044f \u043d\u0435\u0439\u0442\u0440\u0430\u043b\u044c\u043d\u043e\u0439 \u0444\u043e\u0440\u043c\u044b \u0432\u0438\u0442\u0430\u043c\u0438\u043d\u0430 \u0421 \u0438 \u0431\u0438\u043e\u0444\u043b\u0430\u0432\u043e\u043d\u043e\u0438\u0434\u043e\u0432\">\n\t\t\t\t\t\t\t\u041c\u043e\u0449\u043d\u0430\u044f \u0430\u043d\u0442\u0438\u043e\u043a\u0441\u0438\u0434\u0430\u043d\u0442\u043d\u0430\u044f \u043a\u043e\u043c\u0431\u0438\u043d\u0430\u0446\u0438\u044f: \u0421\u0438\u043d\u0435\u0440\u0433\u0438\u044f \u043d\u0435\u0439\u0442\u0440\u0430\u043b\u044c\u043d\u043e\u0439 \u0444\u043e\u0440\u043c\u044b \u0432\u0438\u0442\u0430\u043c\u0438\u043d\u0430 \u0421 \u0438 \u0431\u0438\u043e\u0444\u043b\u0430\u0432\u043e\u043d\u043e\u0438\u0434\u043e\u0432                        <\/a>\n                    <\/h2>\n\t\t\t\t\t\t\t\t            <\/header>\n\t\t\t        <\/div>\n    <\/article>\n<\/div>\n\n\t\t\t<div class=\"ube-post-grid-item col-auto col-md-auto col-lg-4\">\n    <article class=\"card ube-post-item ube-post-grid-layout-01\">\n\t\t            <a class=\"ube-entry-post-thumb card-img-top\" href=\"https:\/\/qubtiva.com\/ru\/%d0%b2%d0%b8%d1%82%d0%b0%d0%bc%d0%b8%d0%bd-%d1%81-%d0%b0%d1%81%d0%ba%d0%be%d1%80%d0%b1%d0%b0%d1%82-%d0%ba%d0%b0%d0%bb%d1%8c%d1%86%d0%b8%d1%8f-%d1%86%d0%b8%d1%82%d1%80%d1%83%d1%81%d0%be%d0%b2%d1%8b\/\"\n               style=\"background-image: url('https:\/\/qubtiva.com\/wp-content\/uploads\/2025\/05\/vitamin-c.jpg');--ube-post-grid-ratio:75%;\">\n            <\/a>\n\t\t        <div class=\"card-body\">\n\t\t\t            <header class=\"ube-entry-header\">\n\t\t\t\t                    <h2 class=\"ube-entry-title card-title\">\n                        <a class=\"ube-post-link\" href=\"https:\/\/qubtiva.com\/ru\/%d0%b2%d0%b8%d1%82%d0%b0%d0%bc%d0%b8%d0%bd-%d1%81-%d0%b0%d1%81%d0%ba%d0%be%d1%80%d0%b1%d0%b0%d1%82-%d0%ba%d0%b0%d0%bb%d1%8c%d1%86%d0%b8%d1%8f-%d1%86%d0%b8%d1%82%d1%80%d1%83%d1%81%d0%be%d0%b2%d1%8b\/\"\n                           title=\"\u0412\u0438\u0442\u0430\u043c\u0438\u043d \u0421 (\u0430\u0441\u043a\u043e\u0440\u0431\u0430\u0442 \u043a\u0430\u043b\u044c\u0446\u0438\u044f) \u0438 \u0446\u0438\u0442\u0440\u0443\u0441\u043e\u0432\u044b\u0435 \u0431\u0438\u043e\u0444\u043b\u0430\u0432\u043e\u043d\u043e\u0438\u0434\u044b\">\n\t\t\t\t\t\t\t\u0412\u0438\u0442\u0430\u043c\u0438\u043d \u0421 (\u0430\u0441\u043a\u043e\u0440\u0431\u0430\u0442 \u043a\u0430\u043b\u044c\u0446\u0438\u044f) \u0438 \u0446\u0438\u0442\u0440\u0443\u0441\u043e\u0432\u044b\u0435 \u0431\u0438\u043e\u0444\u043b\u0430\u0432\u043e\u043d\u043e\u0438\u0434\u044b                        <\/a>\n                    <\/h2>\n\t\t\t\t\t\t\t\t            <\/header>\n\t\t\t        <\/div>\n    <\/article>\n<\/div>\n\n\t\t\t<\/div>\n\n<div class=\"ube-post-list-paging\">\n\t<\/div>\n\t\t\t\t<\/div>\n\t\t\t\t<\/div>\n\t\t\t\t\t<\/div>\n\t\t<\/div>\n\t\t\t\t\t<\/div>\n\t\t<\/section>\n\t\t\t\t<\/div>","protected":false},"excerpt":{"rendered":"<p>\u0412\u0438\u0442\u0430\u043c\u0438\u043d \u0421 \u0432 \u0444\u043e\u0440\u043c\u0435 L-\u0430\u0441\u043a\u043e\u0440\u0431\u0430\u0442\u0430 \u043a\u0430\u043b\u044c\u0446\u0438\u044f \u043e\u0431\u0435\u0441\u043f\u0435\u0447\u0438\u0432\u0430\u0435\u0442 \u043e\u0440\u0433\u0430\u043d\u0438\u0437\u043c \u043b\u0435\u0433\u043a\u043e \u0443\u0441\u0432\u0430\u0438\u0432\u0430\u0435\u043c\u044b\u043c, \u043d\u0435 \u0432\u044b\u0437\u044b\u0432\u0430\u044e\u0449\u0438\u043c \u0440\u0430\u0437\u0434\u0440\u0430\u0436\u0435\u043d\u0438\u044f \u0438 \u0434\u043b\u0438\u0442\u0435\u043b\u044c\u043d\u043e \u0434\u0435\u0439\u0441\u0442\u0432\u0443\u044e\u0449\u0438\u043c \u0438\u0441\u0442\u043e\u0447\u043d\u0438\u043a\u043e\u043c \u0432\u0438\u0442\u0430\u043c\u0438\u043d\u0430 \u0421.<\/p>","protected":false},"featured_media":9042,"comment_status":"open","ping_status":"closed","template":"","meta":[],"product_brand":[],"product_cat":[157],"product_tag":[],"class_list":{"0":"post-5444","1":"product","2":"type-product","3":"status-publish","4":"has-post-thumbnail","6":"product_cat-vitaminler","8":"first","9":"instock","10":"shipping-taxable","11":"purchasable","12":"product-type-simple"},"_links":{"self":[{"href":"https:\/\/qubtiva.com\/ru\/wp-json\/wp\/v2\/product\/5444","targetHints":{"allow":["GET"]}}],"collection":[{"href":"https:\/\/qubtiva.com\/ru\/wp-json\/wp\/v2\/product"}],"about":[{"href":"https:\/\/qubtiva.com\/ru\/wp-json\/wp\/v2\/types\/product"}],"replies":[{"embeddable":true,"href":"https:\/\/qubtiva.com\/ru\/wp-json\/wp\/v2\/comments?post=5444"}],"version-history":[{"count":13,"href":"https:\/\/qubtiva.com\/ru\/wp-json\/wp\/v2\/product\/5444\/revisions"}],"predecessor-version":[{"id":9332,"href":"https:\/\/qubtiva.com\/ru\/wp-json\/wp\/v2\/product\/5444\/revisions\/9332"}],"wp:featuredmedia":[{"embeddable":true,"href":"https:\/\/qubtiva.com\/ru\/wp-json\/wp\/v2\/media\/9042"}],"wp:attachment":[{"href":"https:\/\/qubtiva.com\/ru\/wp-json\/wp\/v2\/media?parent=5444"}],"wp:term":[{"taxonomy":"product_brand","embeddable":true,"href":"https:\/\/qubtiva.com\/ru\/wp-json\/wp\/v2\/product_brand?post=5444"},{"taxonomy":"product_cat","embeddable":true,"href":"https:\/\/qubtiva.com\/ru\/wp-json\/wp\/v2\/product_cat?post=5444"},{"taxonomy":"product_tag","embeddable":true,"href":"https:\/\/qubtiva.com\/ru\/wp-json\/wp\/v2\/product_tag?post=5444"}],"curies":[{"name":"wp","href":"https:\/\/api.w.org\/{rel}","templated":true}]}}